{"id":340,"date":"2019-03-03T19:54:27","date_gmt":"2019-03-03T18:54:27","guid":{"rendered":"https:\/\/www.konferencje.umed.wroc.pl\/3wsm\/?page_id=340"},"modified":"2019-03-06T16:02:34","modified_gmt":"2019-03-06T15:02:34","slug":"news","status":"publish","type":"page","link":"https:\/\/konferencje.umw.edu.pl\/3wsm\/news\/","title":{"rendered":"NEWS"},"content":{"rendered":"<h5><strong>Conference Awards<\/strong><\/h5>\n<p><span style=\"color: #0000ff\"><strong>The best oral presentations<\/strong><\/span><\/p>\n<p><span style=\"color: #333333\"><strong>I place:<\/strong> <span style=\"text-decoration: underline\">Marta Banaszkiewicz<\/span> \u201c<em>An association between MMP-2, MMP-9, TIMP-4 and stable coronary artery disease, hypertension and diabetes<\/em>\u201d<\/span><\/p>\n<p><span style=\"color: #333333\"><strong>II place:<\/strong>\u00a0<span style=\"text-decoration: underline\">Paulina Komorek<\/span> \u201c<em>Changes In Lysozyme\u2019s II-Structure As A Result Of Its Interaction With A Gold Surface \u2013 Preferred Conditions for Lysozyme\u2019s Aggregates Formation in Neurodegenerative Disease Development<\/em>\u201d<\/span><\/p>\n<p><span style=\"color: #333333\"><strong>III place:\u00a0<\/strong><span style=\"text-decoration: underline\">Magdalena Surman<\/span> \u201c<em>Comparison of surface glycosylation of melanoma cells and melanoma-derived ectosomes<\/em>\u201d<\/span><\/p>\n<p><span style=\"color: #0000ff\"><strong>Distinctive oral presentations:<\/strong><\/span><\/p>\n<p><span style=\"color: #333333\"><span style=\"text-decoration: underline\">Krzysztof Kotowski<\/span> \u201c<em>PFKFB3 inhibition by use of 3PO induce apoptosis and cell cycle arrest in A375 human melanoma cell Line<\/em>\u201d<\/span><\/p>\n<p><span style=\"color: #333333\"><span style=\"text-decoration: underline\">Marta Piksa<\/span> \u201c<em>Photosensitizers as anti-inflammatory agents in the diabetic foot<\/em>\u201d<\/span><\/p>\n<p><span style=\"color: #333333\"><span style=\"text-decoration: underline\">Justyna Kiszkiel<\/span> <em>\u201cSynthesis and amidolytic activity of fragment of lunasin\u201d<\/em><\/span><\/p>\n<p><span style=\"color: #333333\"><span style=\"text-decoration: underline\">Wojciech Szlasa<\/span> \u201c<em>How to predict the secondary from the primary structure of the protein?<\/em>\u201d<\/span><\/p>\n<p><span style=\"color: #333333\"><span style=\"text-decoration: underline\">Dries Van Elst<\/span> \u201c<em>Mechanisms and novel treatment approaches in allergen immunotherapy<\/em>\u201d<\/span><\/p>\n<p>&nbsp;<\/p>\n<p><span style=\"color: #0000ff\"><strong>The best poster presentations<\/strong><\/span><\/p>\n<p><span style=\"color: #333333\"><strong>I place:<\/strong> <span style=\"text-decoration: underline\">Krzysztof Peregrym<\/span><em> &#8222;Design, synthesis, spectroscopic and in silico studies of new Mannich base\u00a0derivatives of pyrrolo[3,4-d]pyridazinone as potential analgesic agents&#8221;<\/em><\/span><\/p>\n<p><span style=\"color: #333333\"><strong>II place:<\/strong> <span style=\"text-decoration: underline\">Tomasz Janiszewski<\/span> <em>&#8222;Visualization of Granzyme B using activity-based probe&#8221;<\/em><\/span><\/p>\n<p><span style=\"color: #333333\"><strong>III place:<\/strong> <span style=\"text-decoration: underline\">Karolina Cierluk<\/span> <em>&#8222;The evaluation of the activity of cepharanthine in human glioma\u00a0multiforme (SNB-19) in vitro&#8221;<\/em><\/span><\/p>\n<p><span style=\"color: #0000ff\"><strong>Distinctive poster presentations:<\/strong><\/span><\/p>\n<p><span style=\"color: #333333\"><span style=\"text-decoration: underline\">Joanna Tunikowska<\/span> <em>&#8222;First application of nano-electrochemotherapy in feline oral malignant\u00a0melanoma treatment&#8221;<\/em><\/span><\/p>\n<p><span style=\"color: #333333\"><span style=\"text-decoration: underline\">Katrzyna Solarska-\u015aciuk<\/span> <em>&#8222;The effect of O-glycosylation on cyanidin interaction with HMEC-1 cells\u00a0\u2013 structure-activity relationships&#8221;<\/em><\/span><\/p>\n<p><span style=\"color: #333333\"><span style=\"text-decoration: underline\">Anna Krzywonos-Zawadzka<\/span> <em>&#8222;Mixture of MMP-2, MLCK and iNOS inhibitors protects from I\/R heart\u00a0injury in isolated rat heart model&#8221;<\/em><\/span><\/p>\n<p><span style=\"color: #333333\"><span style=\"text-decoration: underline\">Piotr Wawryka<\/span> <em>&#8222;In vitro study on the effect of blue light LED-based photodynamic therapy\u00a0on glioblastoma multiforme&#8221;<\/em><\/span><\/p>\n<p><span style=\"color: #333333\"><span style=\"text-decoration: underline\">Wojciech \u017bwiere\u0142\u0142o<\/span> <em>&#8222;Magnetosomes as a new drug delivery system in cancer therapy&#8221;<\/em><\/span><\/p>\n<p>&nbsp;<\/p>\n<p><span style=\"text-decoration: underline;color: #0000ff\"><strong>One-year subscription of TERAPIA Journal for Distinctive poster presentations:<\/strong><\/span><\/p>\n<p><span style=\"color: #333333\"><span style=\"text-decoration: underline\">Sonia Ko\u0142t<\/span> <em>&#8222;Chemical probes to detect Granzyme A activity&#8221;<\/em><\/span><\/p>\n<p><span style=\"color: #333333\"><span style=\"text-decoration: underline\">Aneta Alama<\/span> <em>&#8222;Epigenetic modifications in adipose tissue associated with obesity&#8221;<\/em><\/span><\/p>\n<p><span style=\"color: #333333\"><span style=\"text-decoration: underline\">Anna Gliszczy\u0144ska<\/span> <em>&#8222;Antiproliferative efficacy of lipid nanoparticles prepared\u00a0from anisic\/veratric acid-phospholipid conjugates towards leukemia cells\u00a0line MV4-11&#8221;<\/em><\/span><\/p>\n","protected":false},"excerpt":{"rendered":"<p>Conference Awards The best oral presentations I place: Marta Banaszkiewicz \u201cAn association between MMP-2, MMP-9, TIMP-4 and stable coronary artery disease, hypertension and diabetes\u201d II place:\u00a0Paulina Komorek \u201cChanges In Lysozyme\u2019s II-Structure As A Result Of Its Interaction With A Gold Surface \u2013 Preferred Conditions for Lysozyme\u2019s Aggregates Formation in Neurodegenerative Disease Development\u201d III place:\u00a0Magdalena Surman<\/p>\n<div><a class=\"btn-filled btn\" href=\"https:\/\/konferencje.umw.edu.pl\/3wsm\/news\/\" title=\"NEWS\">Dowiedz si\u0119 wi\u0119cej<\/a><\/div>\n","protected":false},"author":2,"featured_media":0,"parent":0,"menu_order":0,"comment_status":"closed","ping_status":"closed","template":"","meta":{"footnotes":""},"class_list":["post-340","page","type-page","status-publish","hentry"],"_links":{"self":[{"href":"https:\/\/konferencje.umw.edu.pl\/3wsm\/wp-json\/wp\/v2\/pages\/340","targetHints":{"allow":["GET"]}}],"collection":[{"href":"https:\/\/konferencje.umw.edu.pl\/3wsm\/wp-json\/wp\/v2\/pages"}],"about":[{"href":"https:\/\/konferencje.umw.edu.pl\/3wsm\/wp-json\/wp\/v2\/types\/page"}],"author":[{"embeddable":true,"href":"https:\/\/konferencje.umw.edu.pl\/3wsm\/wp-json\/wp\/v2\/users\/2"}],"replies":[{"embeddable":true,"href":"https:\/\/konferencje.umw.edu.pl\/3wsm\/wp-json\/wp\/v2\/comments?post=340"}],"version-history":[{"count":8,"href":"https:\/\/konferencje.umw.edu.pl\/3wsm\/wp-json\/wp\/v2\/pages\/340\/revisions"}],"predecessor-version":[{"id":350,"href":"https:\/\/konferencje.umw.edu.pl\/3wsm\/wp-json\/wp\/v2\/pages\/340\/revisions\/350"}],"wp:attachment":[{"href":"https:\/\/konferencje.umw.edu.pl\/3wsm\/wp-json\/wp\/v2\/media?parent=340"}],"curies":[{"name":"wp","href":"https:\/\/api.w.org\/{rel}","templated":true}]}}