{"id":51,"date":"2018-11-26T09:15:37","date_gmt":"2018-11-26T08:15:37","guid":{"rendered":"https:\/\/www.konferencje.umed.wroc.pl\/3wsm\/?page_id=51"},"modified":"2019-02-28T18:35:10","modified_gmt":"2019-02-28T17:35:10","slug":"commitee","status":"publish","type":"page","link":"https:\/\/konferencje.umw.edu.pl\/3wsm\/commitee\/","title":{"rendered":"COMMITEE &amp; SPONSORS"},"content":{"rendered":"<p><strong>Organizing Committee<\/strong><br \/>\ndr hab. Jolanta Saczko, prof. nadzw.<br \/>\nprof. dr hab. Agnieszka Piwowar<br \/>\nprof. dr hab. Adam Matkowski<br \/>\ndr hab. in\u017c. Julita Kulbacka<br \/>\ndr hab. Ewa M. Kratz<br \/>\ndr in\u017c. Nina Rembia\u0142kowska<br \/>\ndr in\u017c. Dagmara Baczy\u0144ska<br \/>\ndr Agnieszka Chwi\u0142kowska<br \/>\ndr in\u017c. Anna Choroma\u0144ska<br \/>\ndr Helena Moreira<br \/>\ndr Ewa Sawicka<br \/>\ndr in\u017c. Joanna We\u017cgowiec<br \/>\ndr in\u017c. Joanna Rossowska<br \/>\ndr Anna Szewczyk<br \/>\ndr Adriana Kubis-Kubiak<br \/>\ndr Beata Szyma\u0144ska<br \/>\nmgr Olga Michel<br \/>\nmgr Katarzyna Bie\u017cu\u0144ska-Kusiak<br \/>\nKarolina T\u0105del<br \/>\nMarek Kulbacki<\/p>\n<p><a href=\"https:\/\/www.facebook.com\/Astrobiology.ARES\/\">\u00a0\u00a0<\/a><a href=\"https:\/\/www.facebook.com\/Astrobiology.ARES\/\"><img loading=\"lazy\" decoding=\"async\" class=\"alignnone wp-image-52 size-full\" src=\"https:\/\/konferencje.umw.edu.pl\/3wsm\/wp-content\/uploads\/sites\/3\/2018\/11\/1.jpg\" alt=\"\" width=\"150\" height=\"150\" \/><\/a><img loading=\"lazy\" decoding=\"async\" class=\"alignnone wp-image-142 size-thumbnail\" src=\"https:\/\/konferencje.umw.edu.pl\/3wsm\/wp-content\/uploads\/sites\/3\/2018\/11\/logo_ko\u0142a-150x150.jpg\" alt=\"\" width=\"150\" height=\"150\" srcset=\"https:\/\/konferencje.umw.edu.pl\/3wsm\/wp-content\/uploads\/sites\/3\/2018\/11\/logo_ko\u0142a-150x150.jpg 150w, https:\/\/konferencje.umw.edu.pl\/3wsm\/wp-content\/uploads\/sites\/3\/2018\/11\/logo_ko\u0142a-300x298.jpg 300w, https:\/\/konferencje.umw.edu.pl\/3wsm\/wp-content\/uploads\/sites\/3\/2018\/11\/logo_ko\u0142a.jpg 631w\" sizes=\"auto, (max-width: 150px) 100vw, 150px\" \/><a href=\"https:\/\/www.facebook.com\/SKN-Cytometrii-Przep%C5%82ywowej-i-Bada%C5%84-Biomedycznych-693760260997124\/\"><img loading=\"lazy\" decoding=\"async\" class=\"alignnone wp-image-177 size-thumbnail\" src=\"https:\/\/konferencje.umw.edu.pl\/3wsm\/wp-content\/uploads\/sites\/3\/2018\/12\/Logo_FACS-150x150.png\" alt=\"\" width=\"150\" height=\"150\" \/><\/a><\/p>\n<p>&nbsp;<\/p>\n<p><strong>Scientific Committee<\/strong><br \/>\nprof. Janina Kwiatkowska-Korczak (UMED, Poland)<br \/>\nprof. Halina Grajeta\u00a0(UMED, Poland)<br \/>\nprof. dr hab. Izabela Fecka\u00a0(UMED, Poland)<br \/>\nprof. Halina Milnerowicz\u00a0(UMED, Poland)<br \/>\nprof. Bo\u017cena Karolewicz\u00a0(UMED, Poland)<br \/>\nprof. Mounir Tarek (CNRS-Universit\u00e9 de Lorraine, France)<br \/>\nprof. Saulius \u0160atkauskas (VMU, Lithuania)<br \/>\nprof. Marcin Dr\u0105g (WTUST, Poland)<br \/>\nprof. dr hab. Agnieszka Piwowar (UMED, Poland)<br \/>\ndr hab. Jolanta Saczko, prof. nadzw. (UMED, Poland)<br \/>\ndr hab. in\u017c. Julita Kulbacka (UMED, Poland)<br \/>\ndr hab. Iwona Bil-Lula (UMED, Poland)<br \/>\ndr Agnieszka Chwi\u0142kowska (UMED, Poland)<br \/>\ndr Helena Moreira (UMED, Poland)<br \/>\ndr in\u017c. Nina Rembia\u0142kowska (UMED, Poland)<br \/>\ndr in\u017c. Dagmara Baczy\u0144ska (UMED, Poland)<br \/>\ndr in\u017c. Anna Choroma\u0144ska (UMED, Poland)<br \/>\ndr in\u017c. Joanna Rossowska (IITD, Poland)<br \/>\ndr\u00a0 Vitalij Novickij (VGTU, Lithuania)<br \/>\ndr Ma\u0142gorzata Dr\u0105g-Zalesi\u0144ska (UMED, Poland)<\/p>\n<p><strong>\u00a0 \u00a0 \u00a0 \u00a0 \u00a0 \u00a0 \u00a0 \u00a0 \u00a0 \u00a0 \u00a0 \u00a0 \u00a0 \u00a0 \u00a0 \u00a0 \u00a0 \u00a0 \u00a0 \u00a0 \u00a0 \u00a0 \u00a0 \u00a0 \u00a0 \u00a0 \u00a0 \u00a0Sponsors<\/strong><\/p>\n<p><a href=\"https:\/\/www.umed.wroc.pl\/\">\u00a0\u00a0\u00a0\u00a0\u00a0\u00a0\u00a0\u00a0<\/a><a href=\"https:\/\/www.umed.wroc.pl\/\" target=\"_blank\" rel=\"noopener\"><img loading=\"lazy\" decoding=\"async\" class=\"alignnone wp-image-53 size-thumbnail\" src=\"https:\/\/konferencje.umw.edu.pl\/3wsm\/wp-content\/uploads\/sites\/3\/2018\/11\/2-150x150.png\" alt=\"\" width=\"150\" height=\"150\" \/><\/a> <a href=\"http:\/\/www.fundacjaam.pl\/\" target=\"_blank\" rel=\"noopener\"><img loading=\"lazy\" decoding=\"async\" class=\"alignnone wp-image-54\" src=\"https:\/\/konferencje.umw.edu.pl\/3wsm\/wp-content\/uploads\/sites\/3\/2018\/11\/3-235x300.png\" alt=\"\" width=\"110\" height=\"140\" \/><\/a><a href=\"https:\/\/www.umed.wroc.pl\/\">\u00a0\u00a0\u00a0\u00a0\u00a0\u00a0\u00a0\u00a0<\/a><a href=\"https:\/\/wca.wroc.pl\/\" target=\"_blank\" rel=\"noopener\"><img loading=\"lazy\" decoding=\"async\" class=\"alignnone wp-image-240 size-full\" src=\"https:\/\/konferencje.umw.edu.pl\/3wsm\/wp-content\/uploads\/sites\/3\/2019\/02\/img-logo-wca-en.png\" alt=\"\" width=\"278\" height=\"64\" \/><img loading=\"lazy\" decoding=\"async\" class=\"alignnone size-medium wp-image-327\" src=\"https:\/\/konferencje.umw.edu.pl\/3wsm\/wp-content\/uploads\/sites\/3\/2019\/02\/smartcity2-300x82.png\" alt=\"\" width=\"300\" height=\"82\" srcset=\"https:\/\/konferencje.umw.edu.pl\/3wsm\/wp-content\/uploads\/sites\/3\/2019\/02\/smartcity2-300x82.png 300w, https:\/\/konferencje.umw.edu.pl\/3wsm\/wp-content\/uploads\/sites\/3\/2019\/02\/smartcity2.png 532w\" sizes=\"auto, (max-width: 300px) 100vw, 300px\" \/>\u00a0<\/a><a href=\"https:\/\/www.sysmex.pl\/\" target=\"_blank\" rel=\"noopener\"><img loading=\"lazy\" decoding=\"async\" class=\"alignnone wp-image-55 size-full\" src=\"https:\/\/konferencje.umw.edu.pl\/3wsm\/wp-content\/uploads\/sites\/3\/2018\/11\/4.png\" alt=\"\" width=\"300\" height=\"120\" \/><\/a><\/p>\n<p><a href=\"https:\/\/pl.promega.com\/en\/\" target=\"_blank\" rel=\"noopener\">\u00a0<img loading=\"lazy\" decoding=\"async\" class=\"alignnone wp-image-230\" src=\"https:\/\/konferencje.umw.edu.pl\/3wsm\/wp-content\/uploads\/sites\/3\/2019\/01\/promega.png\" alt=\"\" width=\"170\" height=\"120\" \/>\u00a0<\/a>\u00a0<a href=\"https:\/\/edraurban.pl\/\" target=\"_blank\" rel=\"noopener\"><img loading=\"lazy\" decoding=\"async\" class=\"alignnone wp-image-281 size-thumbnail\" src=\"https:\/\/konferencje.umw.edu.pl\/3wsm\/wp-content\/uploads\/sites\/3\/2019\/02\/logoEdra-150x119.jpg\" alt=\"\" width=\"150\" height=\"119\" \/><\/a><a href=\"https:\/\/www.mp.pl\/\" target=\"_blank\" rel=\"noopener\"><img loading=\"lazy\" decoding=\"async\" class=\"alignnone wp-image-280 size-medium\" src=\"https:\/\/konferencje.umw.edu.pl\/3wsm\/wp-content\/uploads\/sites\/3\/2019\/02\/mp_logo_2008-300x55.jpg\" alt=\"\" width=\"300\" height=\"55\" srcset=\"https:\/\/konferencje.umw.edu.pl\/3wsm\/wp-content\/uploads\/sites\/3\/2019\/02\/mp_logo_2008-300x55.jpg 300w, https:\/\/konferencje.umw.edu.pl\/3wsm\/wp-content\/uploads\/sites\/3\/2019\/02\/mp_logo_2008.jpg 760w\" sizes=\"auto, (max-width: 300px) 100vw, 300px\" \/>\u00a0\u00a0<img loading=\"lazy\" decoding=\"async\" class=\"alignnone size-full wp-image-323\" src=\"https:\/\/konferencje.umw.edu.pl\/3wsm\/wp-content\/uploads\/sites\/3\/2019\/02\/image001.jpg\" alt=\"\" width=\"244\" height=\"80\" \/><\/a>\u00a0 \u00a0<img loading=\"lazy\" decoding=\"async\" class=\"alignnone wp-image-296 size-thumbnail\" src=\"https:\/\/konferencje.umw.edu.pl\/3wsm\/wp-content\/uploads\/sites\/3\/2019\/02\/PZWL-150x150.jpg\" alt=\"\" width=\"150\" height=\"150\" \/><img loading=\"lazy\" decoding=\"async\" class=\"alignnone wp-image-307 size-thumbnail\" src=\"https:\/\/konferencje.umw.edu.pl\/3wsm\/wp-content\/uploads\/sites\/3\/2019\/02\/diagmed_logo_recolor_72dpi_WEB-RGB-150x150.png\" alt=\"\" width=\"150\" height=\"150\" srcset=\"https:\/\/konferencje.umw.edu.pl\/3wsm\/wp-content\/uploads\/sites\/3\/2019\/02\/diagmed_logo_recolor_72dpi_WEB-RGB-150x150.png 150w, https:\/\/konferencje.umw.edu.pl\/3wsm\/wp-content\/uploads\/sites\/3\/2019\/02\/diagmed_logo_recolor_72dpi_WEB-RGB.png 284w\" sizes=\"auto, (max-width: 150px) 100vw, 150px\" \/><img loading=\"lazy\" decoding=\"async\" class=\"alignnone wp-image-331 size-thumbnail\" src=\"https:\/\/konferencje.umw.edu.pl\/3wsm\/wp-content\/uploads\/sites\/3\/2019\/02\/logo-Roche-150x150.png\" alt=\"\" width=\"150\" height=\"150\" srcset=\"https:\/\/konferencje.umw.edu.pl\/3wsm\/wp-content\/uploads\/sites\/3\/2019\/02\/logo-Roche-150x150.png 150w, https:\/\/konferencje.umw.edu.pl\/3wsm\/wp-content\/uploads\/sites\/3\/2019\/02\/logo-Roche-300x300.png 300w, https:\/\/konferencje.umw.edu.pl\/3wsm\/wp-content\/uploads\/sites\/3\/2019\/02\/logo-Roche-768x768.png 768w, https:\/\/konferencje.umw.edu.pl\/3wsm\/wp-content\/uploads\/sites\/3\/2019\/02\/logo-Roche.png 1000w\" sizes=\"auto, (max-width: 150px) 100vw, 150px\" \/><\/p>\n<p><img loading=\"lazy\" decoding=\"async\" class=\"alignnone size-medium wp-image-282\" src=\"https:\/\/konferencje.umw.edu.pl\/3wsm\/wp-content\/uploads\/sites\/3\/2019\/02\/biotechnologia-logo-do-internetu-1-300x41.png\" alt=\"\" width=\"300\" height=\"41\" srcset=\"https:\/\/konferencje.umw.edu.pl\/3wsm\/wp-content\/uploads\/sites\/3\/2019\/02\/biotechnologia-logo-do-internetu-1-300x41.png 300w, https:\/\/konferencje.umw.edu.pl\/3wsm\/wp-content\/uploads\/sites\/3\/2019\/02\/biotechnologia-logo-do-internetu-1-768x105.png 768w, https:\/\/konferencje.umw.edu.pl\/3wsm\/wp-content\/uploads\/sites\/3\/2019\/02\/biotechnologia-logo-do-internetu-1-1024x140.png 1024w\" sizes=\"auto, (max-width: 300px) 100vw, 300px\" \/>\u00a0<img loading=\"lazy\" decoding=\"async\" class=\"alignnone wp-image-306\" src=\"https:\/\/konferencje.umw.edu.pl\/3wsm\/wp-content\/uploads\/sites\/3\/2019\/02\/logo_BCLS_Vertical-300x187.png\" alt=\"\" width=\"241\" height=\"150\" srcset=\"https:\/\/konferencje.umw.edu.pl\/3wsm\/wp-content\/uploads\/sites\/3\/2019\/02\/logo_BCLS_Vertical-300x187.png 300w, https:\/\/konferencje.umw.edu.pl\/3wsm\/wp-content\/uploads\/sites\/3\/2019\/02\/logo_BCLS_Vertical-768x478.png 768w, https:\/\/konferencje.umw.edu.pl\/3wsm\/wp-content\/uploads\/sites\/3\/2019\/02\/logo_BCLS_Vertical-1024x637.png 1024w\" sizes=\"auto, (max-width: 241px) 100vw, 241px\" \/><\/p>\n<h6><span style=\"color: #800080\"><strong>During our meeting you will be able to donate oncological foundation, volunteers will wait for you&#8230;\u00a0<\/strong><\/span><\/h6>\n<p><a href=\"https:\/\/naratunek.org\/1-procent\/\">\u00a0 \u00a0 \u00a0 \u00a0 \u00a0 \u00a0 \u00a0 \u00a0 \u00a0 \u00a0 \u00a0 \u00a0 \u00a0 \u00a0 \u00a0 \u00a0 \u00a0 \u00a0 \u00a0 \u00a0 \u00a0 \u00a0 \u00a0 \u00a0 \u00a0 \u00a0\u00a0<img loading=\"lazy\" decoding=\"async\" class=\"size-medium wp-image-288 alignnone\" src=\"https:\/\/konferencje.umw.edu.pl\/3wsm\/wp-content\/uploads\/sites\/3\/2019\/02\/logo_pion_cdr-300x203.jpg\" alt=\"\" width=\"300\" height=\"203\" srcset=\"https:\/\/konferencje.umw.edu.pl\/3wsm\/wp-content\/uploads\/sites\/3\/2019\/02\/logo_pion_cdr-300x203.jpg 300w, https:\/\/konferencje.umw.edu.pl\/3wsm\/wp-content\/uploads\/sites\/3\/2019\/02\/logo_pion_cdr-768x519.jpg 768w, https:\/\/konferencje.umw.edu.pl\/3wsm\/wp-content\/uploads\/sites\/3\/2019\/02\/logo_pion_cdr-1024x692.jpg 1024w, https:\/\/konferencje.umw.edu.pl\/3wsm\/wp-content\/uploads\/sites\/3\/2019\/02\/logo_pion_cdr.jpg 1347w\" sizes=\"auto, (max-width: 300px) 100vw, 300px\" \/><\/a><\/p>\n<p>&nbsp;<\/p>\n","protected":false},"excerpt":{"rendered":"<p>Organizing Committee dr hab. Jolanta Saczko, prof. nadzw. prof. dr hab. Agnieszka Piwowar prof. dr hab. Adam Matkowski dr hab. in\u017c. Julita Kulbacka dr hab. Ewa M. Kratz dr in\u017c. Nina Rembia\u0142kowska dr in\u017c. Dagmara Baczy\u0144ska dr Agnieszka Chwi\u0142kowska dr in\u017c. Anna Choroma\u0144ska dr Helena Moreira dr Ewa Sawicka dr in\u017c. Joanna We\u017cgowiec dr in\u017c.<\/p>\n<div><a class=\"btn-filled btn\" href=\"https:\/\/konferencje.umw.edu.pl\/3wsm\/commitee\/\" title=\"COMMITEE &amp; SPONSORS\">Dowiedz si\u0119 wi\u0119cej<\/a><\/div>\n","protected":false},"author":1,"featured_media":0,"parent":0,"menu_order":0,"comment_status":"closed","ping_status":"closed","template":"","meta":{"footnotes":""},"class_list":["post-51","page","type-page","status-publish","hentry"],"_links":{"self":[{"href":"https:\/\/konferencje.umw.edu.pl\/3wsm\/wp-json\/wp\/v2\/pages\/51","targetHints":{"allow":["GET"]}}],"collection":[{"href":"https:\/\/konferencje.umw.edu.pl\/3wsm\/wp-json\/wp\/v2\/pages"}],"about":[{"href":"https:\/\/konferencje.umw.edu.pl\/3wsm\/wp-json\/wp\/v2\/types\/page"}],"author":[{"embeddable":true,"href":"https:\/\/konferencje.umw.edu.pl\/3wsm\/wp-json\/wp\/v2\/users\/1"}],"replies":[{"embeddable":true,"href":"https:\/\/konferencje.umw.edu.pl\/3wsm\/wp-json\/wp\/v2\/comments?post=51"}],"version-history":[{"count":48,"href":"https:\/\/konferencje.umw.edu.pl\/3wsm\/wp-json\/wp\/v2\/pages\/51\/revisions"}],"predecessor-version":[{"id":125,"href":"https:\/\/konferencje.umw.edu.pl\/3wsm\/wp-json\/wp\/v2\/pages\/51\/revisions\/125"}],"wp:attachment":[{"href":"https:\/\/konferencje.umw.edu.pl\/3wsm\/wp-json\/wp\/v2\/media?parent=51"}],"curies":[{"name":"wp","href":"https:\/\/api.w.org\/{rel}","templated":true}]}}