{"id":64,"date":"2018-11-26T09:18:54","date_gmt":"2018-11-26T08:18:54","guid":{"rendered":"https:\/\/www.konferencje.umed.wroc.pl\/3wsm\/?page_id=64"},"modified":"2019-02-11T10:36:08","modified_gmt":"2019-02-11T09:36:08","slug":"registration","status":"publish","type":"page","link":"https:\/\/konferencje.umw.edu.pl\/3wsm\/registration\/","title":{"rendered":"REGISTRATION"},"content":{"rendered":"<h4 class=\"brazowy\"><strong>Online Registration is <span style=\"color: #ff0000\">CLOSED<\/span><span style=\"color: #ff0000\">!\u00a0<span style=\"color: #000000\">V<\/span><\/span><\/strong>ia EasyChair system\u00a0you can <strong>only update\/revise submitted\u00a0abstracts till\u00a0\u00a0<span style=\"text-decoration: underline;color: #ff0000\">11th of February 2019!<\/span><\/strong><\/h4>\n<h4><span style=\"color: #993300\"><strong>Registration:<\/strong><\/span><\/h4>\n<h4>The conference is <span style=\"color: #993300\">free of charge<\/span> for the<span style=\"text-decoration: underline\"> registered<\/span> Wroclaw Medical University students and researchers<br \/>\nStudents from other universities \u2013<span style=\"color: #993300\"><strong> 50 PLN<\/strong><\/span><br \/>\nPhD students\/young researchers \u2013 <span style=\"color: #993300\"><strong>80 PLN<\/strong><\/span><br \/>\nProfessional researchers \u2013 <span style=\"color: #993300\"><strong>110 PLN<\/strong><\/span><\/h4>\n<h5><strong>Conference fee includes<\/strong>: participation in all conference activities, conference materials, coffee\/beverages and snacks during the coffee breaks, lunches. Conference fee does not include the accommodation.<\/h5>\n<h4><span style=\"text-decoration: underline\">Payment deadline &#8212;&gt; <span style=\"color: #ff0000;text-decoration: underline\">11<\/span><strong><span style=\"color: #ff0000;text-decoration: underline\">.02.2019 !!!<\/span><\/strong><\/span><\/h4>\n<h5><span style=\"text-decoration: underline\"><strong>Details for Wire Transfer<\/strong><\/span><\/h5>\n<h5>Account holder: <strong>Uniwersytet Medyczny im. Piast\u00f3w \u015al\u0105skich we Wroc\u0142awiu<\/strong><br \/>\nAddress: Wybrze\u017ce L. Pasteura 1, 50-367 Wroc\u0142aw<br \/>\nSWIFT: WBKPPLPP<br \/>\nBank: Santander Bank\u00a0Polska\u00a0S.A. 4 Oddzia\u0142 we Wroc\u0142awiu<br \/>\nAccount number: PL35 1500 1793 1217 9000 9997 0000<\/h5>\n<h5><strong>REF<\/strong>: NAME SURNAME + 3WSM2019 Registration<\/h5>\n<h5><strong>Conference participants:<\/strong> replace NAME and SURNAME with your full name<\/h5>\n<h5><strong>Conference sponsors:<\/strong>\u00a0<strong>REF<\/strong>: COMPANY + 3WSM2019 Registration<\/h5>\n<h4><span style=\"color: #993300\"><strong>Invoices<\/strong><\/span><br \/>\nIt is also possible to send invoices to the participants, and some companies may require it. The invoices are then made out by our finance officer. Please send details of your University\/Company with VAT number (NIP) to the following email\u00a0<a href=\"mailto:beata.stasiak@umed.wroc.pl\"><span style=\"color: #0000ff\">beata.stasiak@umed.wroc.pl<\/span><\/a><\/h4>\n<h4><span style=\"color: #993300\"><strong>Requirements for presentations:\u00a0<\/strong><\/span><\/h4>\n<h4>1) The oral presentation should\u00a0<span style=\"text-decoration: underline\">not\u00a0exceed 12 minutes<\/span>, with 2-3 minutes for questions, please upload your presentation before the session starts.<\/h4>\n<h4>2) Posters should have <strong><span style=\"text-decoration: underline\"><span style=\"color: #ff0000;text-decoration: underline\">horizontal<\/span><\/span><\/strong> format and size should\u00a0not\u00a0exceed\u00a0<strong><span style=\"color: #ff0000\">height = 70 cm<\/span><\/strong>, <strong><span style=\"color: #ff0000\">width = 90 cm<\/span><\/strong>.<\/h4>\n<h4><img loading=\"lazy\" decoding=\"async\" class=\"size-medium wp-image-251 alignnone\" src=\"https:\/\/konferencje.umw.edu.pl\/3wsm\/wp-content\/uploads\/sites\/3\/2019\/02\/poster-3rdWSM-300x194.jpg\" alt=\"\" width=\"300\" height=\"194\" srcset=\"https:\/\/konferencje.umw.edu.pl\/3wsm\/wp-content\/uploads\/sites\/3\/2019\/02\/poster-3rdWSM-300x194.jpg 300w, https:\/\/konferencje.umw.edu.pl\/3wsm\/wp-content\/uploads\/sites\/3\/2019\/02\/poster-3rdWSM.jpg 313w\" sizes=\"auto, (max-width: 300px) 100vw, 300px\" \/><\/h4>\n<h4>The previous conference information and abstracts are available here\u00a0<a href=\"https:\/\/konferencje.umw.edu.pl\/2wsm\/\">2nd Wroclaw Scientific Meetings 2018<\/a><\/h4>\n<h4><strong>Paper Submission<\/strong><\/h4>\n<h4><img loading=\"lazy\" decoding=\"async\" class=\"alignnone\" src=\"http:\/\/easychair.org\/images\/logoEC.png\" alt=\"\" width=\"206\" height=\"55\" \/><br \/>\nEach paper should be submitted electronically as a single Word\u00a0 file through EasyChair at\u00a0<a href=\"https:\/\/easychair.org\/conferences\/?conf=3rdwsm2019\">https:\/\/easychair.org\/conferences\/?conf=3rdwsm2019<\/a><\/h4>\n<h4>Maximum two abstracts can be submitted by one person, one assigned for oral presentation and the second for the poster. Abstracts will be available in <span style=\"text-decoration: underline\">printed<\/span> and <span style=\"text-decoration: underline\">online<\/span> versions.<\/h4>\n<h4>Abstracts should be written in English, the abstract\u00a0template can be downloaded here\u00a0<a href=\"https:\/\/konferencje.umw.edu.pl\/3wsm\/wp-content\/uploads\/sites\/3\/2018\/11\/III_WSM_abstract_template.doc\">III_WSM_abstract_template<\/a><br \/>\nOnly personally presented papers can be nominated for the Best Oral and Poster competition.<\/h4>\n<h4><span style=\"color: #993300\"><strong>Flow Cytometry Workshop:\u00a0<\/strong><\/span>is available only for registered participants,<span style=\"text-decoration: underline;color: #ff0000\"> CERTIFICATES\u00a0 guaranteed!<\/span><\/h4>\n<h4>Details are here\u00a0<a href=\"https:\/\/konferencje.umw.edu.pl\/3wsm\/wp-content\/uploads\/sites\/3\/2018\/12\/Flow-Cytometry-Workshops_2019.pdf\"><strong>FCW_2019 INFO<\/strong><\/a><strong>\u00a0!!!<\/strong><\/h4>\n<h4><span style=\"color: #993300\"><strong>Accommodation:<\/strong><\/span><\/h4>\n<h4>There are available special rates\u00a0 here:<\/h4>\n<h4><strong><a href=\"https:\/\/www.facebook.com\/pg\/aparthotel.bikeup\/about\/?ref=page_internal\">Bike\u2019UP Aparthotel<\/a>,<\/strong>\u00a0Ko\u015bciuszki 51B (entrance from\u00a0 Stawowa Street\u00a0 8 &amp; 12)<\/h4>\n<h4 style=\"font-weight: 400\">you can book here:\u00a0<a href=\"mailto:reservation@bikeup.com.pl\">reservation@bikeup.com.pl<\/a>, +48 717570805<\/h4>\n<h4><strong>\u00a0<\/strong><a href=\"https:\/\/empireapart.com\/en\/\"><strong>Empire Apart<\/strong><\/a>, Podwale 83\u00a0 (OVO building)<\/h4>\n<h4 style=\"font-weight: 400\">you can book here::\u00a0<a href=\"mailto:rezerwacja@empireapart.com\">rezerwacja@empireapart.com<\/a>, +48\u00a0222\u00a0111\u00a0222<\/h4>\n<p><img loading=\"lazy\" decoding=\"async\" class=\"alignnone size-full wp-image-227\" src=\"https:\/\/konferencje.umw.edu.pl\/3wsm\/wp-content\/uploads\/sites\/3\/2019\/01\/Bike-Up.png\" alt=\"\" width=\"114\" height=\"99\" \/><img loading=\"lazy\" decoding=\"async\" class=\"alignnone size-full wp-image-228\" src=\"https:\/\/konferencje.umw.edu.pl\/3wsm\/wp-content\/uploads\/sites\/3\/2019\/01\/Empire.jpg\" alt=\"\" width=\"220\" height=\"110\" \/><\/p>\n","protected":false},"excerpt":{"rendered":"<p>Online Registration is CLOSED!\u00a0Via EasyChair system\u00a0you can only update\/revise submitted\u00a0abstracts till\u00a0\u00a011th of February 2019! Registration: The conference is free of charge for the registered Wroclaw Medical University students and researchers Students from other universities \u2013 50 PLN PhD students\/young researchers \u2013 80 PLN Professional researchers \u2013 110 PLN Conference fee includes: participation in all conference<\/p>\n<div><a class=\"btn-filled btn\" href=\"https:\/\/konferencje.umw.edu.pl\/3wsm\/registration\/\" title=\"REGISTRATION\">Dowiedz si\u0119 wi\u0119cej<\/a><\/div>\n","protected":false},"author":1,"featured_media":0,"parent":0,"menu_order":0,"comment_status":"closed","ping_status":"closed","template":"","meta":{"footnotes":""},"class_list":["post-64","page","type-page","status-publish","hentry"],"_links":{"self":[{"href":"https:\/\/konferencje.umw.edu.pl\/3wsm\/wp-json\/wp\/v2\/pages\/64","targetHints":{"allow":["GET"]}}],"collection":[{"href":"https:\/\/konferencje.umw.edu.pl\/3wsm\/wp-json\/wp\/v2\/pages"}],"about":[{"href":"https:\/\/konferencje.umw.edu.pl\/3wsm\/wp-json\/wp\/v2\/types\/page"}],"author":[{"embeddable":true,"href":"https:\/\/konferencje.umw.edu.pl\/3wsm\/wp-json\/wp\/v2\/users\/1"}],"replies":[{"embeddable":true,"href":"https:\/\/konferencje.umw.edu.pl\/3wsm\/wp-json\/wp\/v2\/comments?post=64"}],"version-history":[{"count":61,"href":"https:\/\/konferencje.umw.edu.pl\/3wsm\/wp-json\/wp\/v2\/pages\/64\/revisions"}],"predecessor-version":[{"id":277,"href":"https:\/\/konferencje.umw.edu.pl\/3wsm\/wp-json\/wp\/v2\/pages\/64\/revisions\/277"}],"wp:attachment":[{"href":"https:\/\/konferencje.umw.edu.pl\/3wsm\/wp-json\/wp\/v2\/media?parent=64"}],"curies":[{"name":"wp","href":"https:\/\/api.w.org\/{rel}","templated":true}]}}