{"id":14,"date":"2019-11-07T11:00:21","date_gmt":"2019-11-07T10:00:21","guid":{"rendered":"https:\/\/www.konferencje.umed.wroc.pl\/4iwsm2020\/?page_id=14"},"modified":"2020-10-05T21:33:20","modified_gmt":"2020-10-05T19:33:20","slug":"commitee-sponsors","status":"publish","type":"page","link":"https:\/\/konferencje.umw.edu.pl\/4iwsm2020\/commitee-sponsors\/","title":{"rendered":"Committees &amp; Sponsors"},"content":{"rendered":"<h6><strong>Scientific Committee<\/strong><\/h6>\n<p style=\"text-align: left\"><span style=\"color: #000000\">Dagmara Baczy\u0144ska (UMED, Poland)<br \/>\n<\/span><span style=\"color: #000000\">Urszula Bazyli\u0144ska (WUST, Poland)<\/span><br \/>\n<span style=\"color: #000000\">Iwona Bil-Lula (UMED, Poland)<\/span><br \/>\n<span style=\"color: #000000\">Anna Choroma\u0144ska (UMED, Poland)<\/span><br \/>\n<span style=\"color: #000000\">Agnieszka Chwi\u0142kowska (UMED, Poland)<\/span><br \/>\n<span style=\"color: #000000\">Marcin Dr\u0105g (WTUST, Poland)<\/span><br \/>\n<span style=\"color: #000000\">Ma\u0142gorzata Dr\u0105g-Zalesi\u0144ska (UMED, Poland)<\/span><br \/>\n<span style=\"color: #000000\">Izabela Fecka (UMED, Poland)<\/span><br \/>\n<span style=\"color: #000000\">Halina Grajeta (UMED, Poland)<\/span><br \/>\n<span style=\"color: #000000\">Bo\u017cena Karolewicz\u00a0(UMED, Poland)<\/span><br \/>\n<span style=\"color: #000000\">Marta Kepinska (UMED, Poland)<br \/>\nTabassum Khan (NCP, India)<br \/>\nRene Kizek (UVPSB, Czechia)<\/span><br \/>\n<span style=\"color: #000000\">Ma\u0142gorzata Kotulska (WUST, Poland)<\/span><br \/>\n<span style=\"color: #000000\">Julita Kulbacka (UMED, Poland)<br \/>\nMarek Kulbacki (DIVE IN AI, Poland)<br \/>\n\u0141ukasz Lamch (WUST, Poland)<\/span><br \/>\n<span style=\"color: #000000\">Adam Matkowski (UMED, Poland)<\/span><br \/>\n<span style=\"color: #000000\">Halina Milnerowicz\u00a0(UMED, Poland)<\/span><br \/>\n<span style=\"color: #000000\">Helena Moreira (UMED, Poland)<\/span><br \/>\n<span style=\"color: #000000\">Vitalij Novickij (VGTU, Lithuania)<\/span><br \/>\n<span style=\"color: #000000\">Olga Pakhomova (ODU, USA)<br \/>\nAgnieszka Piwowar (UMED, Poland)<br \/>\n<\/span><span style=\"color: #000000\">Nina Rembia\u0142kowska (UMED, Poland)<\/span><br \/>\n<span style=\"color: #000000\">Joanna Rossowska (IITD, Poland)<\/span><br \/>\n<span style=\"color: #000000\">Jolanta Saczko (UMED, Poland)<br \/>\nMounir Tarek (CNRS-UL, France)<br \/>\nJoanna Tunikowska (WUELS, Poland)<\/span><\/p>\n<p><a href=\"https:\/\/www.facebook.com\/groups\/341809799548073\/about\"><img loading=\"lazy\" decoding=\"async\" class=\"alignnone wp-image-460 \" src=\"https:\/\/konferencje.umw.edu.pl\/4iwsm2020\/wp-content\/uploads\/sites\/7\/2020\/09\/obraz-1-300x298.png\" alt=\"\" width=\"167\" height=\"166\" srcset=\"https:\/\/konferencje.umw.edu.pl\/4iwsm2020\/wp-content\/uploads\/sites\/7\/2020\/09\/obraz-1-300x298.png 300w, https:\/\/konferencje.umw.edu.pl\/4iwsm2020\/wp-content\/uploads\/sites\/7\/2020\/09\/obraz-1-150x150.png 150w, https:\/\/konferencje.umw.edu.pl\/4iwsm2020\/wp-content\/uploads\/sites\/7\/2020\/09\/obraz-1.png 333w\" sizes=\"auto, (max-width: 167px) 100vw, 167px\" \/><\/a><img loading=\"lazy\" decoding=\"async\" class=\"wp-image-142 size-thumbnail alignnone\" src=\"https:\/\/konferencje.umw.edu.pl\/3wsm\/wp-content\/uploads\/sites\/3\/2018\/11\/logo_ko\u0142a-150x150.jpg\" alt=\"\" width=\"150\" height=\"150\" \/><a href=\"https:\/\/www.facebook.com\/SKN-Cytometrii-Przep%C5%82ywowej-i-Bada%C5%84-Biomedycznych-693760260997124\/\"><img loading=\"lazy\" decoding=\"async\" class=\"wp-image-177 size-thumbnail alignnone\" src=\"https:\/\/konferencje.umw.edu.pl\/3wsm\/wp-content\/uploads\/sites\/3\/2018\/12\/Logo_FACS-150x150.png\" alt=\"\" width=\"150\" height=\"150\" \/><\/a><\/p>\n<h6 style=\"text-align: left\"><strong>Organizing Committee<\/strong><\/h6>\n<p style=\"text-align: left\"><span style=\"color: #000000\">Jolanta Saczko<\/span><br \/>\n<span style=\"color: #000000\">Agnieszka Piwowar<\/span><br \/>\n<span style=\"color: #000000\">Adam Matkowski<\/span><br \/>\n<span style=\"color: #000000\">Ma\u0142gorzata Kotulska<\/span><br \/>\n<span style=\"color: #000000\">Julita Kulbacka<\/span><br \/>\n<span style=\"color: #000000\">Ewa M. Kratz<\/span><br \/>\n<span style=\"color: #000000\">Marta Kepinska<\/span><br \/>\n<span style=\"color: #000000\">Anna Bizon<\/span><br \/>\n<span style=\"color: #000000\">Sebastian Kraszewski<\/span><br \/>\n<span style=\"color: #000000\">\u0141ukasz Radosi\u0144ski<\/span><br \/>\n<span style=\"color: #000000\">Nina Rembia\u0142kowska<\/span><br \/>\n<span style=\"color: #000000\">Dagmara Baczy\u0144ska<\/span><br \/>\n<span style=\"color: #000000\">Agnieszka Chwi\u0142kowska<\/span><br \/>\n<span style=\"color: #000000\">Anna Choroma\u0144ska<\/span><br \/>\n<span style=\"color: #000000\">Helena Moreira<\/span><br \/>\n<span style=\"color: #000000\">Ewa Sawicka<\/span><br \/>\n<span style=\"color: #000000\">Joanna We\u017cgowiec<\/span><br \/>\n<span style=\"color: #000000\">Anna Szewczyk<\/span><br \/>\n<span style=\"color: #000000\">Adriana Kubis-Kubiak<\/span><br \/>\n<span style=\"color: #000000\">Beata Szyma\u0144ska<\/span><br \/>\n<span style=\"color: #000000\">Olga Michel<\/span><br \/>\n<span style=\"color: #000000\">Katarzyna Bie\u017cu\u0144ska-Kusiak<\/span><br \/>\n<span style=\"color: #000000\">Edyta Podolan<\/span><br \/>\n<span style=\"color: #000000\">Agata G\u00f3rska<\/span><br \/>\n<span style=\"color: #000000\">Dawid Przystupski<\/span><br \/>\n<span style=\"color: #000000\">Piotr Wawryka<\/span><br \/>\n<span style=\"color: #000000\">Wojciech Szlasa<\/span><br \/>\n<span style=\"color: #000000\">Marek Kulbacki<\/span><br \/>\n<span style=\"color: #000000\">Karolina T\u0105del<\/span><\/p>\n<h5><strong>SPONSORS<\/strong><\/h5>\n<p><a href=\"http:\/\/www.umed.wroc.pl\"><img loading=\"lazy\" decoding=\"async\" class=\"alignnone wp-image-335 size-medium\" src=\"https:\/\/konferencje.umw.edu.pl\/4iwsm2020\/wp-content\/uploads\/sites\/7\/2020\/02\/logo-70-lecie_ENG_logo-300x158.png\" alt=\"\" width=\"300\" height=\"158\" srcset=\"https:\/\/konferencje.umw.edu.pl\/4iwsm2020\/wp-content\/uploads\/sites\/7\/2020\/02\/logo-70-lecie_ENG_logo-300x158.png 300w, https:\/\/konferencje.umw.edu.pl\/4iwsm2020\/wp-content\/uploads\/sites\/7\/2020\/02\/logo-70-lecie_ENG_logo-768x404.png 768w, https:\/\/konferencje.umw.edu.pl\/4iwsm2020\/wp-content\/uploads\/sites\/7\/2020\/02\/logo-70-lecie_ENG_logo.png 848w\" sizes=\"auto, (max-width: 300px) 100vw, 300px\" \/><\/a>\u00a0 \u00a0 <img loading=\"lazy\" decoding=\"async\" class=\"alignnone wp-image-213\" src=\"https:\/\/konferencje.umw.edu.pl\/4iwsm2020\/wp-content\/uploads\/sites\/7\/2019\/12\/WYDZ_FARM.png\" alt=\"\" width=\"147\" height=\"147\" srcset=\"https:\/\/konferencje.umw.edu.pl\/4iwsm2020\/wp-content\/uploads\/sites\/7\/2019\/12\/WYDZ_FARM.png 225w, https:\/\/konferencje.umw.edu.pl\/4iwsm2020\/wp-content\/uploads\/sites\/7\/2019\/12\/WYDZ_FARM-150x150.png 150w\" sizes=\"auto, (max-width: 147px) 100vw, 147px\" \/>\u00a0 \u00a0<img loading=\"lazy\" decoding=\"async\" class=\"alignnone wp-image-167\" src=\"https:\/\/konferencje.umw.edu.pl\/4iwsm2020\/wp-content\/uploads\/sites\/7\/2019\/12\/FUM-235x300.png\" alt=\"\" width=\"120\" height=\"153\" \/> <a href=\"https:\/\/pl.promega.com\/en\/\">\u00a0 \u00a0<\/a><a href=\"http:\/\/www.bioelectrochemical-soc.org\/\"><img loading=\"lazy\" decoding=\"async\" class=\"alignnone size-medium wp-image-306\" src=\"https:\/\/konferencje.umw.edu.pl\/4iwsm2020\/wp-content\/uploads\/sites\/7\/2020\/01\/bes-logo-blue-300x75.jpg\" alt=\"\" width=\"300\" height=\"75\" srcset=\"https:\/\/konferencje.umw.edu.pl\/4iwsm2020\/wp-content\/uploads\/sites\/7\/2020\/01\/bes-logo-blue-300x75.jpg 300w, https:\/\/konferencje.umw.edu.pl\/4iwsm2020\/wp-content\/uploads\/sites\/7\/2020\/01\/bes-logo-blue-768x192.jpg 768w, https:\/\/konferencje.umw.edu.pl\/4iwsm2020\/wp-content\/uploads\/sites\/7\/2020\/01\/bes-logo-blue-1024x256.jpg 1024w\" sizes=\"auto, (max-width: 300px) 100vw, 300px\" \/> <\/a>\u00a0 <a href=\"https:\/\/sygnis.pl\/bio\/\" target=\"_blank\" rel=\"noopener noreferrer\"><img loading=\"lazy\" decoding=\"async\" class=\"alignnone wp-image-421 size-medium\" src=\"https:\/\/konferencje.umw.edu.pl\/4iwsm2020\/wp-content\/uploads\/sites\/7\/2020\/07\/SYGNIS-Bio-Technologies-Logo-1-300x171.png\" alt=\"\" width=\"300\" height=\"171\" srcset=\"https:\/\/konferencje.umw.edu.pl\/4iwsm2020\/wp-content\/uploads\/sites\/7\/2020\/07\/SYGNIS-Bio-Technologies-Logo-1-300x171.png 300w, https:\/\/konferencje.umw.edu.pl\/4iwsm2020\/wp-content\/uploads\/sites\/7\/2020\/07\/SYGNIS-Bio-Technologies-Logo-1.png 700w\" sizes=\"auto, (max-width: 300px) 100vw, 300px\" \/><\/a> \u00a0<img loading=\"lazy\" decoding=\"async\" class=\"alignnone wp-image-380\" src=\"https:\/\/konferencje.umw.edu.pl\/4iwsm2020\/wp-content\/uploads\/sites\/7\/2020\/02\/2017_PromegaLogo_Sol-300x192.png\" alt=\"\" width=\"227\" height=\"145\" srcset=\"https:\/\/konferencje.umw.edu.pl\/4iwsm2020\/wp-content\/uploads\/sites\/7\/2020\/02\/2017_PromegaLogo_Sol-300x192.png 300w, https:\/\/konferencje.umw.edu.pl\/4iwsm2020\/wp-content\/uploads\/sites\/7\/2020\/02\/2017_PromegaLogo_Sol-768x492.png 768w, https:\/\/konferencje.umw.edu.pl\/4iwsm2020\/wp-content\/uploads\/sites\/7\/2020\/02\/2017_PromegaLogo_Sol-1024x656.png 1024w, https:\/\/konferencje.umw.edu.pl\/4iwsm2020\/wp-content\/uploads\/sites\/7\/2020\/02\/2017_PromegaLogo_Sol.png 2048w\" sizes=\"auto, (max-width: 227px) 100vw, 227px\" \/>\u00a0<a href=\"https:\/\/pzwl.pl\/?gclid=Cj0KCQiAs67yBRC7ARIsAF49CdVSW6Uh3SfPtz5_ZsXyzbn-Eycsice9Ts35fU3LATH7Ynbei7_913UaAuJ8EALw_wcB\"><img loading=\"lazy\" decoding=\"async\" class=\"alignnone wp-image-383\" src=\"https:\/\/konferencje.umw.edu.pl\/4iwsm2020\/wp-content\/uploads\/sites\/7\/2020\/02\/75_lat_PZWL_20200114_gradient-247x300.png\" alt=\"\" width=\"145\" height=\"176\" srcset=\"https:\/\/konferencje.umw.edu.pl\/4iwsm2020\/wp-content\/uploads\/sites\/7\/2020\/02\/75_lat_PZWL_20200114_gradient-247x300.png 247w, https:\/\/konferencje.umw.edu.pl\/4iwsm2020\/wp-content\/uploads\/sites\/7\/2020\/02\/75_lat_PZWL_20200114_gradient.png 408w\" sizes=\"auto, (max-width: 145px) 100vw, 145px\" \/><\/a>\u00a0 <a href=\"https:\/\/www.syngen.pl\/\"><img loading=\"lazy\" decoding=\"async\" class=\"alignnone size-full wp-image-488\" src=\"https:\/\/konferencje.umw.edu.pl\/4iwsm2020\/wp-content\/uploads\/sites\/7\/2020\/10\/Syngen.png\" alt=\"\" width=\"210\" height=\"81\" \/><\/a><img loading=\"lazy\" decoding=\"async\" class=\"alignnone size-medium wp-image-475\" src=\"https:\/\/konferencje.umw.edu.pl\/4iwsm2020\/wp-content\/uploads\/sites\/7\/2020\/09\/PL_podstawowy-01-300x38.jpg\" alt=\"\" width=\"300\" height=\"38\" srcset=\"https:\/\/konferencje.umw.edu.pl\/4iwsm2020\/wp-content\/uploads\/sites\/7\/2020\/09\/PL_podstawowy-01-300x38.jpg 300w, https:\/\/konferencje.umw.edu.pl\/4iwsm2020\/wp-content\/uploads\/sites\/7\/2020\/09\/PL_podstawowy-01-1024x130.jpg 1024w, https:\/\/konferencje.umw.edu.pl\/4iwsm2020\/wp-content\/uploads\/sites\/7\/2020\/09\/PL_podstawowy-01-768x98.jpg 768w, https:\/\/konferencje.umw.edu.pl\/4iwsm2020\/wp-content\/uploads\/sites\/7\/2020\/09\/PL_podstawowy-01-1536x196.jpg 1536w, https:\/\/konferencje.umw.edu.pl\/4iwsm2020\/wp-content\/uploads\/sites\/7\/2020\/09\/PL_podstawowy-01-2048x261.jpg 2048w\" sizes=\"auto, (max-width: 300px) 100vw, 300px\" \/> <a href=\"https:\/\/wca.wroc.pl\/en\"><img loading=\"lazy\" decoding=\"async\" class=\"alignnone size-medium wp-image-476\" src=\"https:\/\/konferencje.umw.edu.pl\/4iwsm2020\/wp-content\/uploads\/sites\/7\/2020\/09\/WCA.png\" alt=\"\" width=\"300\" height=\"78\" \/><\/a> \u00a0 \u00a0<a href=\"https:\/\/edraurban.pl\/ng\/index\"><img loading=\"lazy\" decoding=\"async\" class=\"alignnone wp-image-382\" src=\"https:\/\/konferencje.umw.edu.pl\/4iwsm2020\/wp-content\/uploads\/sites\/7\/2020\/02\/edra-logo-300x158.png\" alt=\"\" width=\"215\" height=\"113\" srcset=\"https:\/\/konferencje.umw.edu.pl\/4iwsm2020\/wp-content\/uploads\/sites\/7\/2020\/02\/edra-logo-300x158.png 300w, https:\/\/konferencje.umw.edu.pl\/4iwsm2020\/wp-content\/uploads\/sites\/7\/2020\/02\/edra-logo.png 500w\" sizes=\"auto, (max-width: 215px) 100vw, 215px\" \/><\/a><a href=\"https:\/\/www.sysmex.pl\/\"> \u00a0<img loading=\"lazy\" decoding=\"async\" class=\"alignnone wp-image-168\" src=\"https:\/\/konferencje.umw.edu.pl\/4iwsm2020\/wp-content\/uploads\/sites\/7\/2019\/12\/sysmex-300x120.png\" alt=\"\" width=\"236\" height=\"94\" \/>\u00a0\u00a0<\/a> <img loading=\"lazy\" decoding=\"async\" class=\"alignnone wp-image-312 size-medium\" src=\"https:\/\/konferencje.umw.edu.pl\/4iwsm2020\/wp-content\/uploads\/sites\/7\/2020\/01\/sartorius-logo-300x59.jpg\" alt=\"\" width=\"300\" height=\"59\" srcset=\"https:\/\/konferencje.umw.edu.pl\/4iwsm2020\/wp-content\/uploads\/sites\/7\/2020\/01\/sartorius-logo-300x59.jpg 300w, https:\/\/konferencje.umw.edu.pl\/4iwsm2020\/wp-content\/uploads\/sites\/7\/2020\/01\/sartorius-logo.jpg 757w\" sizes=\"auto, (max-width: 300px) 100vw, 300px\" \/>\u00a0 <a href=\"https:\/\/fundacja.santander.pl\/\"><img loading=\"lazy\" decoding=\"async\" class=\"alignnone size-medium wp-image-458\" src=\"https:\/\/konferencje.umw.edu.pl\/4iwsm2020\/wp-content\/uploads\/sites\/7\/2020\/09\/Santander-300x112.png\" alt=\"\" width=\"300\" height=\"112\" srcset=\"https:\/\/konferencje.umw.edu.pl\/4iwsm2020\/wp-content\/uploads\/sites\/7\/2020\/09\/Santander-300x112.png 300w, https:\/\/konferencje.umw.edu.pl\/4iwsm2020\/wp-content\/uploads\/sites\/7\/2020\/09\/Santander-1024x381.png 1024w, https:\/\/konferencje.umw.edu.pl\/4iwsm2020\/wp-content\/uploads\/sites\/7\/2020\/09\/Santander-768x286.png 768w, https:\/\/konferencje.umw.edu.pl\/4iwsm2020\/wp-content\/uploads\/sites\/7\/2020\/09\/Santander.png 1397w\" sizes=\"auto, (max-width: 300px) 100vw, 300px\" \/><\/a> <img loading=\"lazy\" decoding=\"async\" class=\"alignnone wp-image-341\" src=\"https:\/\/konferencje.umw.edu.pl\/4iwsm2020\/wp-content\/uploads\/sites\/7\/2020\/02\/SHIM-POL-300x185.jpg\" alt=\"\" width=\"212\" height=\"131\" \/> <a href=\"http:\/\/www.technologpark.pl\/\">\u00a0 \u00a0<\/a>\u00a0\u00a0<a href=\"http:\/\/www.farmacja.wroc.pl\/\">\u00a0 \u00a0 <img loading=\"lazy\" decoding=\"async\" class=\"alignnone wp-image-462\" src=\"https:\/\/konferencje.umw.edu.pl\/4iwsm2020\/wp-content\/uploads\/sites\/7\/2020\/09\/pic.png\" alt=\"\" width=\"150\" height=\"132\" \/><\/a><a href=\"https:\/\/medpharm.pl\/\"><img loading=\"lazy\" decoding=\"async\" class=\"alignnone wp-image-397 size-full\" src=\"https:\/\/konferencje.umw.edu.pl\/4iwsm2020\/wp-content\/uploads\/sites\/7\/2020\/03\/MedPharm_WNP_przyciete__-png.png\" alt=\"\" width=\"250\" height=\"52\" \/><\/a><\/p>\n<p><img loading=\"lazy\" decoding=\"async\" class=\" wp-image-384 alignleft\" src=\"https:\/\/konferencje.umw.edu.pl\/4iwsm2020\/wp-content\/uploads\/sites\/7\/2020\/02\/mp_logo_2008-1-300x55.jpg\" alt=\"\" width=\"360\" height=\"66\" srcset=\"https:\/\/konferencje.umw.edu.pl\/4iwsm2020\/wp-content\/uploads\/sites\/7\/2020\/02\/mp_logo_2008-1-300x55.jpg 300w, https:\/\/konferencje.umw.edu.pl\/4iwsm2020\/wp-content\/uploads\/sites\/7\/2020\/02\/mp_logo_2008-1.jpg 760w\" sizes=\"auto, (max-width: 360px) 100vw, 360px\" \/><\/p>\n<p><a href=\"http:\/\/immunomed.pl\/\"><img loading=\"lazy\" decoding=\"async\" class=\"alignnone size-medium wp-image-394\" src=\"https:\/\/konferencje.umw.edu.pl\/4iwsm2020\/wp-content\/uploads\/sites\/7\/2020\/02\/01-300x62.png\" alt=\"\" width=\"300\" height=\"62\" srcset=\"https:\/\/konferencje.umw.edu.pl\/4iwsm2020\/wp-content\/uploads\/sites\/7\/2020\/02\/01-300x62.png 300w, https:\/\/konferencje.umw.edu.pl\/4iwsm2020\/wp-content\/uploads\/sites\/7\/2020\/02\/01.png 408w\" sizes=\"auto, (max-width: 300px) 100vw, 300px\" \/>\u00a0 \u00a0<\/a><\/p>\n<p>&nbsp;<\/p>\n<p>&nbsp;<\/p>\n<p>&nbsp;<\/p>\n<p>&nbsp;<\/p>\n","protected":false},"excerpt":{"rendered":"<p>Scientific Committee Dagmara Baczy\u0144ska (UMED, Poland) Urszula Bazyli\u0144ska (WUST, Poland) Iwona Bil-Lula (UMED, Poland) Anna Choroma\u0144ska (UMED, Poland) Agnieszka Chwi\u0142kowska (UMED, Poland) Marcin Dr\u0105g (WTUST, Poland) Ma\u0142gorzata Dr\u0105g-Zalesi\u0144ska (UMED, Poland) Izabela Fecka (UMED, Poland) Halina Grajeta (UMED, Poland) Bo\u017cena Karolewicz\u00a0(UMED, Poland) Marta Kepinska (UMED, Poland) Tabassum Khan (NCP, India) Rene Kizek (UVPSB, Czechia) Ma\u0142gorzata Kotulska<\/p>\n<div><a class=\"btn-filled btn\" href=\"https:\/\/konferencje.umw.edu.pl\/4iwsm2020\/commitee-sponsors\/\" title=\"Committees &amp; Sponsors\">Dowiedz si\u0119 wi\u0119cej<\/a><\/div>\n","protected":false},"author":2,"featured_media":0,"parent":0,"menu_order":0,"comment_status":"closed","ping_status":"closed","template":"","meta":{"footnotes":""},"class_list":["post-14","page","type-page","status-publish","hentry"],"_links":{"self":[{"href":"https:\/\/konferencje.umw.edu.pl\/4iwsm2020\/wp-json\/wp\/v2\/pages\/14","targetHints":{"allow":["GET"]}}],"collection":[{"href":"https:\/\/konferencje.umw.edu.pl\/4iwsm2020\/wp-json\/wp\/v2\/pages"}],"about":[{"href":"https:\/\/konferencje.umw.edu.pl\/4iwsm2020\/wp-json\/wp\/v2\/types\/page"}],"author":[{"embeddable":true,"href":"https:\/\/konferencje.umw.edu.pl\/4iwsm2020\/wp-json\/wp\/v2\/users\/2"}],"replies":[{"embeddable":true,"href":"https:\/\/konferencje.umw.edu.pl\/4iwsm2020\/wp-json\/wp\/v2\/comments?post=14"}],"version-history":[{"count":65,"href":"https:\/\/konferencje.umw.edu.pl\/4iwsm2020\/wp-json\/wp\/v2\/pages\/14\/revisions"}],"predecessor-version":[{"id":489,"href":"https:\/\/konferencje.umw.edu.pl\/4iwsm2020\/wp-json\/wp\/v2\/pages\/14\/revisions\/489"}],"wp:attachment":[{"href":"https:\/\/konferencje.umw.edu.pl\/4iwsm2020\/wp-json\/wp\/v2\/media?parent=14"}],"curies":[{"name":"wp","href":"https:\/\/api.w.org\/{rel}","templated":true}]}}