{"id":17,"date":"2019-11-07T11:02:23","date_gmt":"2019-11-07T10:02:23","guid":{"rendered":"https:\/\/www.konferencje.umed.wroc.pl\/4iwsm2020\/?page_id=17"},"modified":"2020-02-17T14:06:22","modified_gmt":"2020-02-17T13:06:22","slug":"registration","status":"publish","type":"page","link":"https:\/\/konferencje.umw.edu.pl\/4iwsm2020\/registration\/","title":{"rendered":"Registration"},"content":{"rendered":"<h4><span style=\"color: #ff0000\"><strong>Latest news:<\/strong><\/span><\/h4>\n<h4><span style=\"color: #000000\">Researchers and students from UMED are<\/span>\u00a0<strong><span style=\"color: #ff0000\">exempt from payment, <\/span><\/strong>because of formal reasons.<\/h4>\n<h4>Students <span style=\"color: #000000\">\u2013<span style=\"color: #ff0000\"> <strong>50 PLN<\/strong><\/span><\/span><br \/>\n<span style=\"color: #000000\">PhD students\/doctors\/young researchers \u2013 <span style=\"color: #ff0000\"><strong>150 PLN<\/strong><\/span><\/span><br \/>\n<span style=\"color: #000000\">P<\/span>rofessional researchers \u2013<span style=\"color: #800000\"><span style=\"color: #ff0000\"><strong> 200 PLN <\/strong><\/span><span style=\"color: #000000\">(professors, researchers with habilitation)<\/span><\/span><\/h4>\n<h4>Members of Polish Society of Cell Biology &#8211; <span style=\"color: #ff0000\"><strong>reduced fee 50%<\/strong><\/span><\/h4>\n<h4><span style=\"text-decoration: underline\">Conference fee includes:<\/span> participation in all conference activities, conference materials, workshops, coffee\/beverages and snacks during the coffee breaks, lunches. Conference fee does not include the accommodation.<\/h4>\n<h3><span style=\"color: #993300\"><strong>Schedule:<\/strong><\/span><\/h3>\n<h4>Submission\/registration \u2014&gt; opens <span style=\"color: #ff0000\"><strong>01.12.2019<\/strong><\/span><\/h4>\n<h4>Submission\/registration \u2014&gt; closes <del><span style=\"color: #ff0000\"><span style=\"color: #ff0000\"><strong>17.02.2020\u00a0 \u00a0 <\/strong><\/span><\/span><\/del><strong style=\"color: #ff0000\">20.02.2020!!!!<\/strong><\/h4>\n<h4>Payment deadline \u2014&gt; <span style=\"color: #ff0000\">20<strong><span style=\"color: #ff0000\">.<\/span>02.2020 !!!!<\/strong><\/span><\/h4>\n<h3><span style=\"color: #993300\"><strong>Registration form:<\/strong><\/span><\/h3>\n\n<div class=\"wpcf7 no-js\" id=\"wpcf7-f270-o1\" lang=\"pl-PL\" dir=\"ltr\" data-wpcf7-id=\"270\">\n<div class=\"screen-reader-response\"><p role=\"status\" aria-live=\"polite\" aria-atomic=\"true\"><\/p> <ul><\/ul><\/div>\n<form action=\"\/4iwsm2020\/wp-json\/wp\/v2\/pages\/17#wpcf7-f270-o1\" method=\"post\" class=\"wpcf7-form init\" aria-label=\"Formularz kontaktowy\" novalidate=\"novalidate\" data-status=\"init\">\n<fieldset class=\"hidden-fields-container\"><input type=\"hidden\" name=\"_wpcf7\" value=\"270\" \/><input type=\"hidden\" name=\"_wpcf7_version\" value=\"6.1.5\" \/><input type=\"hidden\" name=\"_wpcf7_locale\" value=\"pl_PL\" \/><input type=\"hidden\" name=\"_wpcf7_unit_tag\" value=\"wpcf7-f270-o1\" \/><input type=\"hidden\" name=\"_wpcf7_container_post\" value=\"0\" \/><input type=\"hidden\" name=\"_wpcf7_posted_data_hash\" value=\"\" \/>\n<\/fieldset>\n<p>Full Name*<br \/>\n<span class=\"wpcf7-form-control-wrap\" data-name=\"your-name\"><input size=\"40\" maxlength=\"400\" class=\"wpcf7-form-control wpcf7-text wpcf7-validates-as-required\" aria-required=\"true\" aria-invalid=\"false\" value=\"\" type=\"text\" name=\"your-name\" \/><\/span>\n<\/p>\n<p>email address*<br \/>\n<span class=\"wpcf7-form-control-wrap\" data-name=\"your-email\"><input size=\"40\" maxlength=\"400\" class=\"wpcf7-form-control wpcf7-email wpcf7-validates-as-required wpcf7-text wpcf7-validates-as-email\" aria-required=\"true\" aria-invalid=\"false\" value=\"\" type=\"email\" name=\"your-email\" \/><\/span>\n<\/p>\n<p>type of registration*<br \/>\n<span class=\"wpcf7-form-control-wrap\" data-name=\"typeofregistration\"><select class=\"wpcf7-form-control wpcf7-select wpcf7-validates-as-required\" aria-required=\"true\" aria-invalid=\"false\" name=\"typeofregistration\"><option value=\"Student\">Student<\/option><option value=\"Young researcher\/PhD st.\">Young researcher\/PhD st.<\/option><option value=\"Professional researcher\">Professional researcher<\/option><\/select><\/span>\n<\/p>\n<p>Member of Polish Society of Cell Biology<br \/>\n<span class=\"wpcf7-form-control-wrap\" data-name=\"Member_PSCB\"><span class=\"wpcf7-form-control wpcf7-radio\"><span class=\"wpcf7-list-item first\"><input type=\"radio\" name=\"Member_PSCB\" value=\"yes\" checked=\"checked\" \/><span class=\"wpcf7-list-item-label\">yes<\/span><\/span><span class=\"wpcf7-list-item last\"><input type=\"radio\" name=\"Member_PSCB\" value=\"no\" \/><span class=\"wpcf7-list-item-label\">no<\/span><\/span><\/span><\/span>\n<\/p>\n<p>Please issue a VAT invoice<br \/>\n<span class=\"wpcf7-form-control-wrap\" data-name=\"invoice\"><span class=\"wpcf7-form-control wpcf7-radio\"><span class=\"wpcf7-list-item first\"><span class=\"wpcf7-list-item-label\">yes<\/span><input type=\"radio\" name=\"invoice\" value=\"yes\" checked=\"checked\" \/><\/span><span class=\"wpcf7-list-item last\"><span class=\"wpcf7-list-item-label\">no<\/span><input type=\"radio\" name=\"invoice\" value=\"no\" \/><\/span><\/span><\/span>\n<\/p>\n<p>Institution\/University<br \/>\n<span class=\"wpcf7-form-control-wrap\" data-name=\"area\"><input size=\"40\" maxlength=\"400\" class=\"wpcf7-form-control wpcf7-text\" aria-invalid=\"false\" value=\"\" type=\"text\" name=\"area\" \/><\/span>\n<\/p>\n<p>address of Institution*<br \/>\n<span class=\"wpcf7-form-control-wrap\" data-name=\"address\"><input size=\"40\" maxlength=\"400\" class=\"wpcf7-form-control wpcf7-text wpcf7-validates-as-required\" aria-required=\"true\" aria-invalid=\"false\" value=\"\" type=\"text\" name=\"address\" \/><\/span>\n<\/p>\n<p>VAT\/NIP Number*<br \/>\n<span class=\"wpcf7-form-control-wrap\" data-name=\"VAT\"><input size=\"40\" maxlength=\"400\" class=\"wpcf7-form-control wpcf7-text wpcf7-validates-as-required\" aria-required=\"true\" aria-invalid=\"false\" value=\"\" type=\"text\" name=\"VAT\" \/><\/span>\n<\/p>\n<p><input class=\"wpcf7-form-control wpcf7-submit has-spinner\" type=\"submit\" value=\"Register\" \/>\n<\/p><div class=\"wpcf7-response-output\" aria-hidden=\"true\"><\/div>\n<\/form>\n<\/div>\n\n<h3><span style=\"color: #993300\"><strong>Payment<\/strong><\/span><\/h3>\n<p>Payments can be made either via bank transfer, details are given below:<\/p>\n<h5>Account holder: <strong>Uniwersytet Medyczny im. Piast\u00f3w \u015al\u0105skich we Wroc\u0142awiu<\/strong><br \/>\nAddress: Wybrze\u017ce L. Pasteura 1, 50-367 Wroc\u0142aw<br \/>\nSWIFT: WBKPPLPP<br \/>\nBank: Santander Bank\u00a0Polska\u00a0S.A. 4 Oddzia\u0142 we Wroc\u0142awiu<br \/>\nAccount number: PL35 1500 1793 1217 9000 9997 0000<\/h5>\n<h5><strong>REF<\/strong>: NAME SURNAME + 4IWSM2020 Registration<\/h5>\n<h5><strong>Conference participants:<\/strong> replace NAME and SURNAME with your full name<\/h5>\n<h5><strong>Conference sponsors:<\/strong>\u00a0<strong>REF<\/strong>: COMPANY + 4IWSM2020 Registration<\/h5>\n<p>The final invoice will be provided to the participants only upon request during registration.<\/p>\n","protected":false},"excerpt":{"rendered":"<p>Latest news: Researchers and students from UMED are\u00a0exempt from payment, because of formal reasons. Students \u2013 50 PLN PhD students\/doctors\/young researchers \u2013 150 PLN Professional researchers \u2013 200 PLN (professors, researchers with habilitation) Members of Polish Society of Cell Biology &#8211; reduced fee 50% Conference fee includes: participation in all conference activities, conference materials, workshops,<\/p>\n<div><a class=\"btn-filled btn\" href=\"https:\/\/konferencje.umw.edu.pl\/4iwsm2020\/registration\/\" title=\"Registration\">Dowiedz si\u0119 wi\u0119cej<\/a><\/div>\n","protected":false},"author":2,"featured_media":0,"parent":0,"menu_order":0,"comment_status":"closed","ping_status":"closed","template":"","meta":{"footnotes":""},"class_list":["post-17","page","type-page","status-publish","hentry"],"_links":{"self":[{"href":"https:\/\/konferencje.umw.edu.pl\/4iwsm2020\/wp-json\/wp\/v2\/pages\/17","targetHints":{"allow":["GET"]}}],"collection":[{"href":"https:\/\/konferencje.umw.edu.pl\/4iwsm2020\/wp-json\/wp\/v2\/pages"}],"about":[{"href":"https:\/\/konferencje.umw.edu.pl\/4iwsm2020\/wp-json\/wp\/v2\/types\/page"}],"author":[{"embeddable":true,"href":"https:\/\/konferencje.umw.edu.pl\/4iwsm2020\/wp-json\/wp\/v2\/users\/2"}],"replies":[{"embeddable":true,"href":"https:\/\/konferencje.umw.edu.pl\/4iwsm2020\/wp-json\/wp\/v2\/comments?post=17"}],"version-history":[{"count":67,"href":"https:\/\/konferencje.umw.edu.pl\/4iwsm2020\/wp-json\/wp\/v2\/pages\/17\/revisions"}],"predecessor-version":[{"id":378,"href":"https:\/\/konferencje.umw.edu.pl\/4iwsm2020\/wp-json\/wp\/v2\/pages\/17\/revisions\/378"}],"wp:attachment":[{"href":"https:\/\/konferencje.umw.edu.pl\/4iwsm2020\/wp-json\/wp\/v2\/media?parent=17"}],"curies":[{"name":"wp","href":"https:\/\/api.w.org\/{rel}","templated":true}]}}