{"id":348,"date":"2023-10-21T21:40:32","date_gmt":"2023-10-21T19:40:32","guid":{"rendered":"https:\/\/konferencje.umw.edu.pl\/5iwsm2023\/?page_id=348"},"modified":"2023-10-21T21:40:32","modified_gmt":"2023-10-21T19:40:32","slug":"awards","status":"publish","type":"page","link":"https:\/\/konferencje.umw.edu.pl\/5iwsm2023\/awards\/","title":{"rendered":"AWARDS"},"content":{"rendered":"<h3><span style=\"color: #993300\">CONGRATULATIONS TO OUR WINNERS!!!<\/span><\/h3>\n<p><span style=\"color: #0000ff\"><strong><u>ORAL PRESENTATIONS<\/u><\/strong><\/span><\/p>\n<p><span style=\"color: #3366ff\"><strong>1<sup>st<\/sup> Olga Michel<\/strong> <\/span>\u201c<em>The effect of calibration technique on the stability of liposomes in formulation against the infection progress ofSARS-CoV-2<\/em>\u201d<\/p>\n<p><span style=\"color: #3366ff\"><strong>2<sup>nd <\/sup>Justyna M\u0105czy\u0144ska<\/strong><\/span> \u201c<em>Fantastic \u03b3\u03b4 Tcells and where (and how) to find them<\/em>\u201d<\/p>\n<p><span style=\"color: #3366ff\"><strong>3<sup>rd<\/sup> Agnes Pholosi<\/strong><\/span> \u201c<em>Decontamination of tetracycline from wastewater using magnetite-silica-polydopamine (Fe<sub>3<\/sub>O<sub>4<\/sub>-SiO<sub>2<\/sub>-PDA) \u00a0nanocomposite<\/em>\u201d<\/p>\n<p><strong>DISTINCTIONS:<\/strong><\/p>\n<p><span style=\"color: #3366ff\"><strong>Dawid Przystupski<\/strong> <\/span>\u201e<em>Reversal of doxorubicin resistance in human colon cancer cells using microbubble-assisted sonoporation<\/em>\u201d<\/p>\n<p><span style=\"color: #3366ff\"><strong>Veronika Maly\u0161ko-Pta\u0161insk\u0117<\/strong> <\/span>\u201c<em>Strategic pre-treatment planning for electroporation-based biomedical applications on superficial tumors<\/em>\u201d<\/p>\n<p><span style=\"color: #3366ff\"><strong>Kamil Rakowski<\/strong><\/span> \u201c<em>Effect of tau protein phosphorylation on the process of its adsorption on the neuronal membrane<\/em>\u201d<\/p>\n<p>&nbsp;<\/p>\n<p><span style=\"color: #0000ff\"><strong><u>POSTER PRESENTATIONS<\/u><\/strong><\/span><\/p>\n<p><span style=\"color: #3366ff\"><strong>1<sup>st<\/sup> Natalia Zar\u0119ba<\/strong><\/span> \u201c<em>Fullerenes as pro-\/antioxidants in breast chemotherapy: in vitro studies<\/em>\u201d<\/p>\n<p><span style=\"color: #3366ff\"><strong>2<sup>nd<\/sup> Anas Wear-Asea<\/strong><\/span> \u201c<em>Influence of microsecond pulsed electric field on exosome production and their immune activity<\/em>\u201d<\/p>\n<p><span style=\"color: #3366ff\"><strong>3<sup>rd<\/sup> Aleksandra \u015amieta\u0144ska<\/strong><\/span> \u201c<em>Evaluation of the expression of folic acid receptors in ovarian cancer after chemotherapy: in vitro research<\/em>\u201d<\/p>\n<p><strong>DISTINCTIONS:<\/strong><\/p>\n<p><strong><span style=\"color: #3366ff\">Oskar Przybyszewsk<\/span>i<\/strong> \u201e<em>MicroRNA in pancreatic cancer<\/em>\u201d<\/p>\n<p><span style=\"color: #3366ff\"><strong>Kajetan Grzelka<\/strong><\/span> \u201e<em>PEF application enables extraction of phytochemicals from Scutellaria baicalensis roots to a DES medium<\/em>\u201d<\/p>\n<p><span style=\"color: #3366ff\"><strong>Agnieszka Bronowicka-Szyde\u0142ko<\/strong><\/span> \u201e<em>The possible outcome of variable saturation on the morphological, inflammatory and biochemical changes of blood parameters of patients with COVID-19 who did not undergo pre-hospitalization oxygen therapy, in context of the incidence of type 2 diabetes\/insulin resistance<\/em>\u201d<\/p>\n<p>&nbsp;<\/p>\n<p>&nbsp;<\/p>\n<p>&nbsp;<\/p>\n<p>&nbsp;<\/p>\n","protected":false},"excerpt":{"rendered":"<p>CONGRATULATIONS TO OUR WINNERS!!! ORAL PRESENTATIONS 1st Olga Michel \u201cThe effect of calibration technique on the stability of liposomes in formulation against the infection progress ofSARS-CoV-2\u201d 2nd Justyna M\u0105czy\u0144ska \u201cFantastic \u03b3\u03b4 Tcells and where (and how) to find them\u201d 3rd Agnes Pholosi \u201cDecontamination of tetracycline from wastewater using magnetite-silica-polydopamine (Fe3O4-SiO2-PDA) \u00a0nanocomposite\u201d DISTINCTIONS: Dawid Przystupski \u201eReversal<\/p>\n<div><a class=\"btn-filled btn\" href=\"https:\/\/konferencje.umw.edu.pl\/5iwsm2023\/awards\/\" title=\"AWARDS\">Dowiedz si\u0119 wi\u0119cej<\/a><\/div>\n","protected":false},"author":11,"featured_media":0,"parent":0,"menu_order":0,"comment_status":"closed","ping_status":"closed","template":"","meta":{"footnotes":""},"class_list":["post-348","page","type-page","status-publish","hentry"],"_links":{"self":[{"href":"https:\/\/konferencje.umw.edu.pl\/5iwsm2023\/wp-json\/wp\/v2\/pages\/348","targetHints":{"allow":["GET"]}}],"collection":[{"href":"https:\/\/konferencje.umw.edu.pl\/5iwsm2023\/wp-json\/wp\/v2\/pages"}],"about":[{"href":"https:\/\/konferencje.umw.edu.pl\/5iwsm2023\/wp-json\/wp\/v2\/types\/page"}],"author":[{"embeddable":true,"href":"https:\/\/konferencje.umw.edu.pl\/5iwsm2023\/wp-json\/wp\/v2\/users\/11"}],"replies":[{"embeddable":true,"href":"https:\/\/konferencje.umw.edu.pl\/5iwsm2023\/wp-json\/wp\/v2\/comments?post=348"}],"version-history":[{"count":1,"href":"https:\/\/konferencje.umw.edu.pl\/5iwsm2023\/wp-json\/wp\/v2\/pages\/348\/revisions"}],"predecessor-version":[{"id":349,"href":"https:\/\/konferencje.umw.edu.pl\/5iwsm2023\/wp-json\/wp\/v2\/pages\/348\/revisions\/349"}],"wp:attachment":[{"href":"https:\/\/konferencje.umw.edu.pl\/5iwsm2023\/wp-json\/wp\/v2\/media?parent=348"}],"curies":[{"name":"wp","href":"https:\/\/api.w.org\/{rel}","templated":true}]}}