{"id":92,"date":"2023-04-27T09:43:49","date_gmt":"2023-04-27T07:43:49","guid":{"rendered":"https:\/\/konferencje.umw.edu.pl\/5iwsm2023\/?page_id=92"},"modified":"2023-08-16T12:20:28","modified_gmt":"2023-08-16T10:20:28","slug":"registration","status":"publish","type":"page","link":"https:\/\/konferencje.umw.edu.pl\/5iwsm2023\/registration\/","title":{"rendered":"REGISTRATION"},"content":{"rendered":"<p>Abstract submission\/registration \u2014&gt; opens <span style=\"color: #ff0000\"><strong>23.06.2023<\/strong><\/span><\/p>\n<p>Abstract submission\/registration \u2014&gt; closes <span style=\"color: #ff0000\"><del><strong>13<\/strong><\/del><strong><del>.08.2023<\/del>\u00a0 \u00a018.08.2023 !!! NEW DEADLINE !!!!<\/strong><\/span><\/p>\n<p><span style=\"color: #800080\"><strong>Payment deadline \u2014&gt;<\/strong><strong> 10.09.2023 !!!!<\/strong><\/span><\/p>\n<p><strong>Educational points for pharmacists, medical doctors and analysts will be awarded for participation in the workshops (2 points per one).<\/strong><\/p>\n<h5><span style=\"color: #bb2649\"><a style=\"color: #bb2649\" href=\"https:\/\/konferencje.umw.edu.pl\/5iwsm2023\/registration-form\/\" target=\"_blank\" rel=\"noopener\">REGISTRATION FORM<\/a><\/span><\/h5>\n<hr \/>\n<p><strong><span style=\"color: #808000\">Fees<\/span> for participation in the Conference are as follows:<\/strong><\/p>\n<ol>\n<li style=\"list-style-type: none\">\n<ol>\n<li>Passive participation \u2013 <span style=\"color: #bb2649\"><strong>PLN 50<\/strong><\/span><\/li>\n<li>Active participation &#8211; <span style=\"color: #bb2649\"><strong>PLN 150\u00a0<\/strong><\/span><\/li>\n<li>Active participation\u00a0 for UMW students and workers &#8211; <span style=\"color: #bb2649\"><strong>PLN 50\u00a0<\/strong><\/span><\/li>\n<li>Participation in workshops &#8211; <span style=\"color: #bb2649\"><strong>PLN 50 per workshop<\/strong> (maximum two available)<\/span><\/li>\n<\/ol>\n<\/li>\n<\/ol>\n<hr \/>\n<p><strong>What is included in the fee?<\/strong><\/p>\n<ul>\n<li>Conference fees include admission to all conference sessions, coffee\/tee\/water breaks,\u00a0 and access to online conference proceedings.<\/li>\n<li>Passive participation \u2013 no poster\/oral presentation\/no possibility to participate in workshops<\/li>\n<li>Active participation \u2013\u00a0 poster\/oral presentation, a possibility to participate in workshops, and competitions for best oral\/poster presentation<\/li>\n<li>Conference fee does not include your accommodation<\/li>\n<\/ul>\n<hr \/>\n<p><strong>Payment<\/strong><br \/>\nPayments can be made either via bank transfer. Details are given below:<\/p>\n<p>Account holder: Uniwersytet Medyczny im. Piast\u00f3w \u015al\u0105skich we Wroc\u0142awiu<br \/>\nAddress: Wybrze\u017ce L. Pasteura 1, 50-367 Wroc\u0142aw<br \/>\nSWIFT: WBKPPLPP<br \/>\nBank: Santander Bank Polska S.A. 4 Oddzia\u0142 we Wroc\u0142awiu<br \/>\nAccount number: PL35 1500 1793 1217 9000 9997 0000<br \/>\n<strong>REF: NAME SURNAME + 5IWSM2023 passive\/active registration\u00a0 (with workshops)<\/strong><br \/>\nConference participants: replace NAME and SURNAME with your full name<br \/>\nConference sponsors: REF: COMPANY + 5IWSM2023 Registration<\/p>\n<p>The final invoice will be provided to the participants only upon request during registration.<\/p>\n<p>&nbsp;<\/p>\n<hr \/>\n<p><a href=\"https:\/\/konferencje.umw.edu.pl\/5iwsm2023\/wp-content\/uploads\/sites\/12\/2023\/08\/Regulamin-5th-International-Wroclaw-Scientific-Meetings_PL.pdf\" target=\"_blank\" rel=\"noopener\">REGULATIONS\u00a0 (PL)<\/a><\/p>\n<p><a href=\"https:\/\/konferencje.umw.edu.pl\/5iwsm2023\/wp-content\/uploads\/sites\/12\/2023\/08\/Regulamin-5th-International-Wroclaw-Scientific-Meetings_ENG.pdf\" target=\"_blank\" rel=\"noopener\">REGULATIONS\u00a0 (EN)<\/a><\/p>\n","protected":false},"excerpt":{"rendered":"<p>Abstract submission\/registration \u2014&gt; opens 23.06.2023 Abstract submission\/registration \u2014&gt; closes 13.08.2023\u00a0 \u00a018.08.2023 !!! NEW DEADLINE !!!! Payment deadline \u2014&gt; 10.09.2023 !!!! Educational points for pharmacists, medical doctors and analysts will be awarded for participation in the workshops (2 points per one). REGISTRATION FORM Fees for participation in the Conference are as follows: Passive participation \u2013 PLN<\/p>\n<div><a class=\"btn-filled btn\" href=\"https:\/\/konferencje.umw.edu.pl\/5iwsm2023\/registration\/\" title=\"REGISTRATION\">Dowiedz si\u0119 wi\u0119cej<\/a><\/div>\n","protected":false},"author":11,"featured_media":0,"parent":0,"menu_order":0,"comment_status":"closed","ping_status":"closed","template":"","meta":{"footnotes":""},"class_list":["post-92","page","type-page","status-publish","hentry"],"_links":{"self":[{"href":"https:\/\/konferencje.umw.edu.pl\/5iwsm2023\/wp-json\/wp\/v2\/pages\/92","targetHints":{"allow":["GET"]}}],"collection":[{"href":"https:\/\/konferencje.umw.edu.pl\/5iwsm2023\/wp-json\/wp\/v2\/pages"}],"about":[{"href":"https:\/\/konferencje.umw.edu.pl\/5iwsm2023\/wp-json\/wp\/v2\/types\/page"}],"author":[{"embeddable":true,"href":"https:\/\/konferencje.umw.edu.pl\/5iwsm2023\/wp-json\/wp\/v2\/users\/11"}],"replies":[{"embeddable":true,"href":"https:\/\/konferencje.umw.edu.pl\/5iwsm2023\/wp-json\/wp\/v2\/comments?post=92"}],"version-history":[{"count":30,"href":"https:\/\/konferencje.umw.edu.pl\/5iwsm2023\/wp-json\/wp\/v2\/pages\/92\/revisions"}],"predecessor-version":[{"id":281,"href":"https:\/\/konferencje.umw.edu.pl\/5iwsm2023\/wp-json\/wp\/v2\/pages\/92\/revisions\/281"}],"wp:attachment":[{"href":"https:\/\/konferencje.umw.edu.pl\/5iwsm2023\/wp-json\/wp\/v2\/media?parent=92"}],"curies":[{"name":"wp","href":"https:\/\/api.w.org\/{rel}","templated":true}]}}