{"id":1377,"date":"2025-09-30T11:54:39","date_gmt":"2025-09-30T09:54:39","guid":{"rendered":"https:\/\/konferencje.umw.edu.pl\/6iwsm2025\/?page_id=1377"},"modified":"2025-09-30T12:00:31","modified_gmt":"2025-09-30T10:00:31","slug":"venue-transportation-details","status":"publish","type":"page","link":"https:\/\/konferencje.umw.edu.pl\/6iwsm2025\/venue-transportation-details\/","title":{"rendered":"IMPORTANT DETAILS"},"content":{"rendered":"\n<p>Dear Participants of the&nbsp;<em>6th&nbsp;International Wroclaw Scientific Meetings<\/em>,<\/p>\n\n\n\n<p>Please note that the venue of our meeting is:\u00a0<strong>Faculty of Pharmacy, Wroclaw Medical University,<\/strong>\u00a0<strong>Borowska 211, Wroclaw, Polan<\/strong>d. The venue is divided into\u00a0<strong>two buildings<\/strong>:\u00a0<strong>Building A<\/strong>\u00a0(Borowska 211) and\u00a0<strong>Building B<\/strong>\u00a0(Borowska 211A). Please note that some workshops will take place in Building B \u2013 maps with directions can be obtained at the Registration Desk.<\/p>\n\n\n\n<p>Workshop facilitators will be waiting for you at the meeting point near the Registration Desk.<\/p>\n\n\n\n<p>Most of the events scheduled in the Conference Programme will be held in&nbsp;<strong>Building A<\/strong>. A floor plan of the building has been attached to this email.<\/p>\n\n\n\n<figure class=\"wp-block-image\"><img decoding=\"async\" src=\"https:\/\/mail.google.com\/mail\/u\/8?ui=2&amp;ik=1bf69b6bd3&amp;attid=0.0.9&amp;permmsgid=msg-a:r-8465674431735529771&amp;th=19999f750086643d&amp;view=fimg&amp;fur=ip&amp;permmsgid=msg-a:r-8465674431735529771&amp;sz=s0-l75-ft&amp;attbid=ANGjdJ-t-v7TdpwrUcAhY3G0od9LEBuhjE4yND_2PFRIFO6HEbN4L2anQvwq0F-9OmXTNKgb2uKxurb9JhvkMXr5_ORtCI38sTeWNo3TOj6kdCi-M0lFa_1hnl8RKN0&amp;disp=emb&amp;realattid=ii_mg6ey89g9&amp;zw\" alt=\"Obraz zawieraj\u0105cy niebo, na wolnym powietrzu, budynek, Budynek komercyjny\n\nZawarto\u015b\u0107 wygenerowana przez AI mo\u017ce by\u0107 niepoprawna.\" \/><\/figure>\n\n\n\n<p><strong>Getting to the conference by public transport.<\/strong><\/p>\n\n\n\n<p>Tickets can be purchased in ticket machines located inside buses (card payment only; the ticket is stored on the card, not printed) or at some stops (card or cash payment; see illustrative photo below).<\/p>\n\n\n\n<figure class=\"wp-block-image\"><img decoding=\"async\" src=\"https:\/\/mail.google.com\/mail\/u\/8?ui=2&amp;ik=1bf69b6bd3&amp;attid=0.0.18&amp;permmsgid=msg-a:r-8465674431735529771&amp;th=19999f750086643d&amp;view=fimg&amp;fur=ip&amp;permmsgid=msg-a:r-8465674431735529771&amp;sz=s0-l75-ft&amp;attbid=ANGjdJ8g7eJa1C6nS_FC-afqMGRoG-_FL-6Wg-UEsFPbkva8T00_puAPyTR8_W2u4e3nU9K_R-VcHDn4CHxi_EBvfwuGJI1d9PLjIpp06DgTaHjL_cSCEmNJZm6cZZA&amp;disp=emb&amp;realattid=ii_mg6f3q6p19&amp;zw\" alt=\"image.png\" \/><\/figure>\n\n\n\n<p><strong>From the Main Railway Station&nbsp;<\/strong><em>(ul. Marsza\u0142ka J\u00f3zefa Pi\u0142sudskiego 105)<\/em><strong>&nbsp;or the Main Bus Station&nbsp;<\/strong><em>(located inside the Wroclavia shopping center, ul.&nbsp;<\/em><em>Sucha 1, 11-400 Wroc\u0142aw)<\/em><strong>:<\/strong><\/p>\n\n\n\n<p><strong>Bus stop:\u00a0<\/strong>Dworzec G\u0142\u00f3wny <a href=\"https:\/\/maps.app.goo.gl\/AHWwJYGj4DdMEbnP7\" target=\"_blank\" rel=\"noreferrer noopener\">https:\/\/maps.app.goo.gl\/AHWwJYGj4DdMEbnP7<\/a><\/p>\n\n\n\n<p>Bus lines:&nbsp;<strong>145<\/strong>&nbsp;(direction: Irwiny rondo),&nbsp;<strong>K&nbsp;<\/strong>(direction: Gaj p\u0119tla),&nbsp;<strong>112<\/strong>&nbsp;(direction: Galeria Dominika\u0144ska),&nbsp;<strong>113<\/strong>&nbsp;(direction: Galeria Dominika\u0144ska).<\/p>\n\n\n\n<p>All of these buses also serve the stop\u00a0<strong>Dworzec Autobusowy<\/strong>\u00a0<a href=\"https:\/\/maps.app.goo.gl\/NFHA3WRKyiSCQsWe8\" target=\"_blank\" rel=\"noreferrer noopener\">https:\/\/maps.app.goo.gl\/NFHA3WRKyiSCQsWe8<\/a><\/p>\n\n\n\n<p><strong>Lines 145 and K&nbsp;<\/strong>depart from&nbsp;<strong>Dworzec G\u0142\u00f3wny bus stop&nbsp;<\/strong>(opposite the&nbsp;<em>Rossmann drugstore;<\/em>&nbsp;<a href=\"https:\/\/maps.app.goo.gl\/AHWwJYGj4DdMEbnP7\" target=\"_blank\" rel=\"noreferrer noopener\">https:\/\/maps.app.goo.gl\/AHWwJYGj4DdMEbnP7<\/a><\/p>\n\n\n\n<p>Please get off at the&nbsp;<strong>Dzia\u0142kowa stop<\/strong>&nbsp;<a href=\"https:\/\/maps.app.goo.gl\/5sjsjUytaeignf777\" target=\"_blank\" rel=\"noreferrer noopener\">https:\/\/maps.app.goo.gl\/5sjsjUytaeignf777<\/a><\/p>\n\n\n\n<p>from which you will see the building of the Faculty of Pharmacy, Wroclaw Medical University.<\/p>\n\n\n\n<figure class=\"wp-block-image\"><img decoding=\"async\" src=\"https:\/\/mail.google.com\/mail\/u\/8?ui=2&amp;ik=1bf69b6bd3&amp;attid=0.0.10&amp;permmsgid=msg-a:r-8465674431735529771&amp;th=19999f750086643d&amp;view=fimg&amp;fur=ip&amp;permmsgid=msg-a:r-8465674431735529771&amp;sz=s0-l75-ft&amp;attbid=ANGjdJ-Qluh-jsRxW-OUyd6Aow-6V2_ZMjWNbEVR2yCgs5gPyYDxq1RNEMCOjXeURl0ZCSM-xLbZn2iY8Mp3CbFz8pIhCpk82EA5fIke_FD95ZG80PNfaYO9BowAK50&amp;disp=emb&amp;realattid=ii_mg6ey8az10&amp;zw\" alt=\"Obraz zawieraj\u0105cy na wolnym powietrzu, Pojazd l\u0105dowy, samoch\u00f3d, pojazd\n\nZawarto\u015b\u0107 wygenerowana przez AI mo\u017ce by\u0107 niepoprawna.\" \/><\/figure>\n\n\n\n<figure class=\"wp-block-image\"><img decoding=\"async\" src=\"https:\/\/mail.google.com\/mail\/u\/8?ui=2&amp;ik=1bf69b6bd3&amp;attid=0.0.11&amp;permmsgid=msg-a:r-8465674431735529771&amp;th=19999f750086643d&amp;view=fimg&amp;fur=ip&amp;permmsgid=msg-a:r-8465674431735529771&amp;sz=s0-l75-ft&amp;attbid=ANGjdJ9VX8am37etQ-XwD7EpVdoA_etECujfi2YhpS80s-wvBrrbS0XvHW0f6IbkFShiQbHwScCT9ijL4rjfjtbL0rWY61FSVPc_syYl8zD3O05ftTj35zKpSfyCuaI&amp;disp=emb&amp;realattid=ii_mg6ey8c311&amp;zw\" alt=\"Obraz zawieraj\u0105cy na wolnym powietrzu, droga, niebo, samoch\u00f3d\n\nZawarto\u015b\u0107 wygenerowana przez AI mo\u017ce by\u0107 niepoprawna.\" \/><\/figure>\n\n\n\n<p><strong>Lines 112 and 113&nbsp;<\/strong>also depart from<strong>&nbsp;Dworzec G\u0142\u00f3wny&nbsp;<\/strong>(opposite the Rossmann drugstore<em>;<\/em>&nbsp;<a href=\"https:\/\/maps.app.goo.gl\/AHWwJYGj4DdMEbnP7\" target=\"_blank\" rel=\"noreferrer noopener\">https:\/\/maps.app.goo.gl\/AHWwJYGj4DdMEbnP7<\/a><em>&nbsp;<\/em>). Please get off at the&nbsp;<strong>Borowska Szpital bus stop<\/strong>&nbsp;and turn to the right.<\/p>\n\n\n\n<figure class=\"wp-block-image\"><img decoding=\"async\" src=\"https:\/\/mail.google.com\/mail\/u\/8?ui=2&amp;ik=1bf69b6bd3&amp;attid=0.0.12&amp;permmsgid=msg-a:r-8465674431735529771&amp;th=19999f750086643d&amp;view=fimg&amp;fur=ip&amp;permmsgid=msg-a:r-8465674431735529771&amp;sz=s0-l75-ft&amp;attbid=ANGjdJ-7Dv1ckwN88q6jGAzTWXiyuFUtW0okoxA0o99DMEI0vQW_R14xb-MSY9nF7KI-U3KeLA6dVAcz2P1DOe0g3-VMzYGYDb94kYIlI__IZFdLeMu338kt3lbuTEk&amp;disp=emb&amp;realattid=ii_mg6ey8do12&amp;zw\" alt=\"Obraz zawieraj\u0105cy na wolnym powietrzu, Pojazd l\u0105dowy, samoch\u00f3d, pojazd\n\nZawarto\u015b\u0107 wygenerowana przez AI mo\u017ce by\u0107 niepoprawna.\" \/><\/figure>\n\n\n\n<figure class=\"wp-block-image\"><img decoding=\"async\" src=\"https:\/\/mail.google.com\/mail\/u\/8?ui=2&amp;ik=1bf69b6bd3&amp;attid=0.0.13&amp;permmsgid=msg-a:r-8465674431735529771&amp;th=19999f750086643d&amp;view=fimg&amp;fur=ip&amp;permmsgid=msg-a:r-8465674431735529771&amp;sz=s0-l75-ft&amp;attbid=ANGjdJ9Q8rCnh5srFNTBbPJoBs0kTM8ZrZchpEQdEQlV-VyGsAYvIPZNslZ_l0Ytcyem7zLAPy6GmyuryUMJ1jvz4-PLrytbX33A1Rd7zA3LwzpkZn5uPyq3tCddI64&amp;disp=emb&amp;realattid=ii_mg6ey8ek13&amp;zw\" alt=\"Obraz zawieraj\u0105cy tekst, na wolnym powietrzu, niebo, samoch\u00f3d\n\nZawarto\u015b\u0107 wygenerowana przez AI mo\u017ce by\u0107 niepoprawna.\" \/><\/figure>\n\n\n\n<p><strong>Alternative transport options<\/strong><\/p>\n\n\n\n<p>You can also reach the venue using ride-hailing apps such as&nbsp;<strong>Uber, Bolt, or FreeNow.<\/strong><\/p>\n\n\n\n<p>We also encourage you to check real-time updates of public transportation via the&nbsp;<strong>Jakdojade app.<\/strong><\/p>\n\n\n\n<p><strong>From Wroclaw Airport&nbsp;<\/strong>(Port Lotniczy Wroc\u0142aw S.A., ul. Graniczna 190, 54-530 Wroc\u0142aw):<\/p>\n\n\n\n<p><a href=\"https:\/\/maps.app.goo.gl\/yUWsiC6v46FacFp9A\">https:\/\/maps.app.goo.gl\/yUWsiC6v46FacFp9A<\/a><\/p>\n\n\n\n<p>You can get to the city center by public transport,&nbsp;<strong>bus line 106<\/strong>&nbsp;(direction: Dworzec G\u0142\u00f3wny \u2013 Dworcowa). Please get off at&nbsp;<strong>Dworzec G\u0142\u00f3wny (Dworcowa) stop<\/strong>. Then turn left towards the Main Railway Station (PKP). Directions from the Main Railway Station are provided above.<\/p>\n\n\n\n<figure class=\"wp-block-image\"><img decoding=\"async\" src=\"https:\/\/mail.google.com\/mail\/u\/8?ui=2&amp;ik=1bf69b6bd3&amp;attid=0.0.14&amp;permmsgid=msg-a:r-8465674431735529771&amp;th=19999f750086643d&amp;view=fimg&amp;fur=ip&amp;permmsgid=msg-a:r-8465674431735529771&amp;sz=s0-l75-ft&amp;attbid=ANGjdJ-yJixGoMGozDJgRgCyR3XmIi2mPv_ouhRNEz3B5NoLfTJcf-jN8p6DAJRSqHokcREwk901lwLVJXQpJHTF0vPtAIna7i1729PsJ0tVCTvHIniKv-rXE338yr8&amp;disp=emb&amp;realattid=ii_mg6ey8fa14&amp;zw\" alt=\"Obraz zawieraj\u0105cy tekst, zrzut ekranu, diagram, linia\n\nZawarto\u015b\u0107 wygenerowana przez AI mo\u017ce by\u0107 niepoprawna.\" \/><\/figure>\n\n\n\n<figure class=\"wp-block-image\"><img decoding=\"async\" src=\"https:\/\/mail.google.com\/mail\/u\/8?ui=2&amp;ik=1bf69b6bd3&amp;attid=0.0.15&amp;permmsgid=msg-a:r-8465674431735529771&amp;th=19999f750086643d&amp;view=fimg&amp;fur=ip&amp;permmsgid=msg-a:r-8465674431735529771&amp;sz=s0-l75-ft&amp;attbid=ANGjdJ858tI50iGyoC3Xm8ZSjxEbpfG4EditpMek20QB9z0kK6XGr6JbJmx9GwFzOAL5vA8pEFGrlfSl9SEgOzReMaYVwLw6vuzmREiZseLAyK8ZijmIk5vQmQImERU&amp;disp=emb&amp;realattid=ii_mg6ey8gv15&amp;zw\" alt=\"Obraz zawieraj\u0105cy chmura, na wolnym powietrzu, niebo, ludzie\n\nZawarto\u015b\u0107 wygenerowana przez AI mo\u017ce by\u0107 niepoprawna.\" \/><\/figure>\n\n\n\n<figure class=\"wp-block-image\"><img decoding=\"async\" src=\"https:\/\/mail.google.com\/mail\/u\/8?ui=2&amp;ik=1bf69b6bd3&amp;attid=0.0.16&amp;permmsgid=msg-a:r-8465674431735529771&amp;th=19999f750086643d&amp;view=fimg&amp;fur=ip&amp;permmsgid=msg-a:r-8465674431735529771&amp;sz=s0-l75-ft&amp;attbid=ANGjdJ-i5B45E98pHVkgGApWTYiWQjRM_QcPeHKUlnotqKT_uPisqGy0wFHdqsVX2oyhcSH5M3GJuqXBcbhWpV3rl3YoDyWod1bV1bW_6tE3heXKLj6MFugl_Ani0tw&amp;disp=emb&amp;realattid=ii_mg6ey8i416&amp;zw\" alt=\"Obraz zawieraj\u0105cy tekst, na wolnym powietrzu, pojazd, Pojazd l\u0105dowy\n\nZawarto\u015b\u0107 wygenerowana przez AI mo\u017ce by\u0107 niepoprawna.\" \/><\/figure>\n\n\n\n<p>Travel from Wroclaw Airport is also possible using\u00a0<strong>Uber, Bolt, or FreeNow<\/strong>.<br>Thank you for joining our event and contributing to the atmosphere of scientific community.<\/p>\n\n\n\n<p>We look forward to seeing you there!<\/p>\n\n\n\n<p>Organizers of the&nbsp;<em>6th International Wroclaw Scientific Meetings<\/em><\/p>\n\n\n\n<p><strong>General map of the Venue:<\/strong><\/p>\n\n\n\n<figure class=\"wp-block-image size-large\"><img loading=\"lazy\" decoding=\"async\" width=\"1024\" height=\"717\" src=\"https:\/\/konferencje.umw.edu.pl\/6iwsm2025\/wp-content\/uploads\/sites\/32\/2025\/09\/6IWSM-General-Map-workshops-in-Building-A-1024x717.png\" alt=\"\" class=\"wp-image-1378\" srcset=\"https:\/\/konferencje.umw.edu.pl\/6iwsm2025\/wp-content\/uploads\/sites\/32\/2025\/09\/6IWSM-General-Map-workshops-in-Building-A-1024x717.png 1024w, https:\/\/konferencje.umw.edu.pl\/6iwsm2025\/wp-content\/uploads\/sites\/32\/2025\/09\/6IWSM-General-Map-workshops-in-Building-A-300x210.png 300w, https:\/\/konferencje.umw.edu.pl\/6iwsm2025\/wp-content\/uploads\/sites\/32\/2025\/09\/6IWSM-General-Map-workshops-in-Building-A-768x538.png 768w, https:\/\/konferencje.umw.edu.pl\/6iwsm2025\/wp-content\/uploads\/sites\/32\/2025\/09\/6IWSM-General-Map-workshops-in-Building-A-1536x1075.png 1536w, https:\/\/konferencje.umw.edu.pl\/6iwsm2025\/wp-content\/uploads\/sites\/32\/2025\/09\/6IWSM-General-Map-workshops-in-Building-A-2048x1434.png 2048w, https:\/\/konferencje.umw.edu.pl\/6iwsm2025\/wp-content\/uploads\/sites\/32\/2025\/09\/6IWSM-General-Map-workshops-in-Building-A-166x116.png 166w\" sizes=\"auto, (max-width: 1024px) 100vw, 1024px\" \/><\/figure>\n","protected":false},"excerpt":{"rendered":"<p>Dear Participants of the&nbsp;6th&nbsp;International Wroclaw Scientific Meetings, Please note that the venue of our meeting is:\u00a0Faculty of Pharmacy, Wroclaw Medical University,\u00a0Borowska 211, Wroclaw, Poland. The venue is divided into\u00a0two buildings:\u00a0Building A\u00a0(Borowska 211) and\u00a0Building B\u00a0(Borowska 211A). Please note that some workshops will take place in Building B \u2013 maps with directions can be obtained at the<\/p>\n<div><a class=\"btn-filled btn\" href=\"https:\/\/konferencje.umw.edu.pl\/6iwsm2025\/venue-transportation-details\/\" title=\"IMPORTANT DETAILS\">Dowiedz si\u0119 wi\u0119cej<\/a><\/div>\n","protected":false},"author":2,"featured_media":0,"parent":0,"menu_order":0,"comment_status":"closed","ping_status":"closed","template":"","meta":{"footnotes":""},"class_list":["post-1377","page","type-page","status-publish","hentry"],"_links":{"self":[{"href":"https:\/\/konferencje.umw.edu.pl\/6iwsm2025\/wp-json\/wp\/v2\/pages\/1377","targetHints":{"allow":["GET"]}}],"collection":[{"href":"https:\/\/konferencje.umw.edu.pl\/6iwsm2025\/wp-json\/wp\/v2\/pages"}],"about":[{"href":"https:\/\/konferencje.umw.edu.pl\/6iwsm2025\/wp-json\/wp\/v2\/types\/page"}],"author":[{"embeddable":true,"href":"https:\/\/konferencje.umw.edu.pl\/6iwsm2025\/wp-json\/wp\/v2\/users\/2"}],"replies":[{"embeddable":true,"href":"https:\/\/konferencje.umw.edu.pl\/6iwsm2025\/wp-json\/wp\/v2\/comments?post=1377"}],"version-history":[{"count":3,"href":"https:\/\/konferencje.umw.edu.pl\/6iwsm2025\/wp-json\/wp\/v2\/pages\/1377\/revisions"}],"predecessor-version":[{"id":1382,"href":"https:\/\/konferencje.umw.edu.pl\/6iwsm2025\/wp-json\/wp\/v2\/pages\/1377\/revisions\/1382"}],"wp:attachment":[{"href":"https:\/\/konferencje.umw.edu.pl\/6iwsm2025\/wp-json\/wp\/v2\/media?parent=1377"}],"curies":[{"name":"wp","href":"https:\/\/api.w.org\/{rel}","templated":true}]}}