{"id":254,"date":"2023-11-17T14:35:07","date_gmt":"2023-11-17T13:35:07","guid":{"rendered":"https:\/\/konferencje.umw.edu.pl\/anatomia2024\/?page_id=254"},"modified":"2024-07-17T08:32:28","modified_gmt":"2024-07-17T06:32:28","slug":"o-konferencji","status":"publish","type":"page","link":"https:\/\/konferencje.umw.edu.pl\/anatomia2024\/o-konferencji\/","title":{"rendered":"O konferencji"},"content":{"rendered":"<p><strong>\u201eWsp\u00f3\u0142czesne wyzwania anatomii\u201d\u00a0 <\/strong><\/p>\n<p>Serdecznie zapraszamy Pa\u0144stwa do udzia\u0142u w konferencji \u201eWsp\u00f3\u0142czesne wyzwania anatomii\u201d, kt\u00f3rej organizatorem s\u0105 pracownicy Katedry Morfologii i Embriologii Cz\u0142owieka Uniwersytetu Medycznego im. Piast\u00f3w \u015al\u0105skich we Wroc\u0142awiu, pod przewodnictwem naukowym prof. dr. hab. Bartosza Kempistego. Konferencja odb\u0119dzie si\u0119 11 pa\u017adziernika 2024 roku w zabytkowej sali wyk\u0142adowej Zak\u0142adu Anatomii Prawid\u0142owej (ul. Cha\u0142ubi\u0144skiego 6a we Wroc\u0142awiu).<\/p>\n<p>Anatomia jest niekwestionowanym fundamentem medycyny. Od wielu lat panuje przekonanie, \u017ce anatomia podobnie, jak j\u0119zyk, kt\u00f3rym si\u0119 pos\u0142uguje \u2013 \u0142acina, jest niezwykle konserwatywna, zar\u00f3wno w uj\u0119ciu naukowym, jaki i dydaktycznym. M\u0142ode pokolenia wchodz\u0105ce do \u015bwiata medycznego chc\u0105 w nim pos\u0142ugiwa\u0107 si\u0119 j\u0119zykiem wsp\u00f3\u0142czesnym, cz\u0119sto cyfrowym, rzucaj\u0105 anatomii zupe\u0142nie nowe wyzwania. Czy sztuczna inteligencja (AI), modele wirtualne lub drukowane w formie 3D zast\u0105pi\u0105 klasyczne nauczanie anatomii w prosektorium, oparte na maksymie \u201ehic mortui docent vivos\u201d? Czy mo\u017cliwe jest kompleksowe poznanie budowy cia\u0142a ludzkiego i p\u00f3\u017aniejsze badanie pacjenta bez wcze\u015bniejszego kontaktu z preparatami ludzkiego cia\u0142a? Jak na nauk\u0119 anatomii i dydaktyk\u0119 anatomiczn\u0105 patrz\u0105 m\u0142odzi adepci kierunk\u00f3w medycznych? Czy anatomia, mo\u017ce inspirowa\u0107 naukowo?<\/p>\n<p>Konferencja jest pr\u00f3b\u0105 wpisania si\u0119 w og\u00f3lnopolsk\u0105 debat\u0119 nad obowi\u0105zuj\u0105cym modelem edukacji medycznej w Polsce tu\u017c po wej\u015bciu w \u017cycie nowych standard\u00f3w kszta\u0142cenia lekarzy. Rodz\u0105ce si\u0119 pytania i w\u0105tpliwo\u015bci s\u0105 wyk\u0142adnikiem wyzwa\u0144, z jakimi przyjdzie mierzy\u0107 si\u0119 \u015brodowisku akademickiemu w najbli\u017cszym czasie. Wsp\u00f3lna debata ma wyrazi\u0107 nasz\u0105 gotowo\u015b\u0107 i przygotowanie do sprostania tym zadaniom.<\/p>\n<p>W trakcie konferencji nast\u0105pi uroczyste otwarcie wystawy prac autorstwa artyst\u00f3w i student\u00f3w Akademii Sztuk Pi\u0119knych we Wroc\u0142awiu, kt\u00f3rzy uczestniczyli w warsztatach rysunkowych zorganizowanych w Zak\u0142adzie Anatomii Prawid\u0142owej. Wystawa jest efektem wsp\u00f3\u0142pracy Katedry Rze\u017aby i Dzia\u0142a\u0144 Przestrzennych ASP i Zak\u0142adu Anatomii Prawid\u0142owej UMW. Na podstawie szkic\u00f3w wybranych struktur anatomicznych wykonano z gliny przeskalowane modele przestrzenne, kt\u00f3re poddano interpretacji w wyniku kt\u00f3rej powsta\u0142y interesuj\u0105ce formy plastyczne.<\/p>\n<p>Adresatami naszej konferencji s\u0105 przedstawiciele \u015brodowiska medycznego, pracownicy uczelni medycznych oraz uczelni z kierunkami pokrewnymi, na kt\u00f3rych anatomia jest jednym z kluczowych przedmiot\u00f3w. Serdecznie zapraszamy tak\u017ce doktorant\u00f3w oraz student\u00f3w kierunk\u00f3w medycznych \u2013 Pa\u0144stwa g\u0142os w dyskusji jest dla nas bardzo wa\u017cny.<\/p>\n<p>W ramach konferencji zostan\u0105 przyznane 4 punkty edukacyjne<\/p>\n<p>Za udzia\u0142 w konferencji b\u0119dzie przyznawana tak\u017ce odznaka+ w systemie cyfrowym Open Badges<\/p>\n","protected":false},"excerpt":{"rendered":"<p>\u201eWsp\u00f3\u0142czesne wyzwania anatomii\u201d\u00a0 Serdecznie zapraszamy Pa\u0144stwa do udzia\u0142u w konferencji \u201eWsp\u00f3\u0142czesne wyzwania anatomii\u201d, kt\u00f3rej organizatorem s\u0105 pracownicy Katedry Morfologii i Embriologii Cz\u0142owieka Uniwersytetu Medycznego im. Piast\u00f3w \u015al\u0105skich we Wroc\u0142awiu, pod przewodnictwem naukowym prof. dr. hab. Bartosza Kempistego. Konferencja odb\u0119dzie si\u0119 11 pa\u017adziernika 2024 roku w zabytkowej sali wyk\u0142adowej Zak\u0142adu Anatomii Prawid\u0142owej (ul. Cha\u0142ubi\u0144skiego 6a we<\/p>\n<div><a class=\"btn-filled btn\" href=\"https:\/\/konferencje.umw.edu.pl\/anatomia2024\/o-konferencji\/\" title=\"O konferencji\">Dowiedz si\u0119 wi\u0119cej<\/a><\/div>\n","protected":false},"author":21,"featured_media":0,"parent":0,"menu_order":0,"comment_status":"closed","ping_status":"closed","template":"","meta":{"footnotes":""},"class_list":["post-254","page","type-page","status-publish","hentry"],"_links":{"self":[{"href":"https:\/\/konferencje.umw.edu.pl\/anatomia2024\/wp-json\/wp\/v2\/pages\/254","targetHints":{"allow":["GET"]}}],"collection":[{"href":"https:\/\/konferencje.umw.edu.pl\/anatomia2024\/wp-json\/wp\/v2\/pages"}],"about":[{"href":"https:\/\/konferencje.umw.edu.pl\/anatomia2024\/wp-json\/wp\/v2\/types\/page"}],"author":[{"embeddable":true,"href":"https:\/\/konferencje.umw.edu.pl\/anatomia2024\/wp-json\/wp\/v2\/users\/21"}],"replies":[{"embeddable":true,"href":"https:\/\/konferencje.umw.edu.pl\/anatomia2024\/wp-json\/wp\/v2\/comments?post=254"}],"version-history":[{"count":7,"href":"https:\/\/konferencje.umw.edu.pl\/anatomia2024\/wp-json\/wp\/v2\/pages\/254\/revisions"}],"predecessor-version":[{"id":373,"href":"https:\/\/konferencje.umw.edu.pl\/anatomia2024\/wp-json\/wp\/v2\/pages\/254\/revisions\/373"}],"wp:attachment":[{"href":"https:\/\/konferencje.umw.edu.pl\/anatomia2024\/wp-json\/wp\/v2\/media?parent=254"}],"curies":[{"name":"wp","href":"https:\/\/api.w.org\/{rel}","templated":true}]}}