{"id":262,"date":"2023-11-17T14:42:10","date_gmt":"2023-11-17T13:42:10","guid":{"rendered":"https:\/\/konferencje.umw.edu.pl\/eksperymentymedyczne\/?page_id=262"},"modified":"2024-01-15T12:08:37","modified_gmt":"2024-01-15T11:08:37","slug":"kontakt","status":"publish","type":"page","link":"https:\/\/konferencje.umw.edu.pl\/eksperymentymedyczne\/kontakt\/","title":{"rendered":"Kontakt"},"content":{"rendered":"<p>Uniwersytet Medyczny we Wroc\u0142awiu<\/p>\n<p>CENTRUM KSZTA\u0141CENIA PODYPLOMOWEGO<\/p>\n<p>ul. J. Mikulicza-Radeckiego 4A, 50-345 Wroc\u0142aw<\/p>\n<p>tel.: 71 784 17 93, 71 784 1989<\/p>\n<p><img loading=\"lazy\" decoding=\"async\" class=\"alignnone size-medium wp-image-290\" src=\"https:\/\/konferencje.umw.edu.pl\/eksperymentymedyczne\/wp-content\/uploads\/sites\/22\/2023\/11\/CKP_02-1-300x158.png\" alt=\"\" width=\"300\" height=\"158\" srcset=\"https:\/\/konferencje.umw.edu.pl\/eksperymentymedyczne\/wp-content\/uploads\/sites\/22\/2023\/11\/CKP_02-1-300x158.png 300w, https:\/\/konferencje.umw.edu.pl\/eksperymentymedyczne\/wp-content\/uploads\/sites\/22\/2023\/11\/CKP_02-1-1024x541.png 1024w, https:\/\/konferencje.umw.edu.pl\/eksperymentymedyczne\/wp-content\/uploads\/sites\/22\/2023\/11\/CKP_02-1-768x406.png 768w, https:\/\/konferencje.umw.edu.pl\/eksperymentymedyczne\/wp-content\/uploads\/sites\/22\/2023\/11\/CKP_02-1-1536x811.png 1536w, https:\/\/konferencje.umw.edu.pl\/eksperymentymedyczne\/wp-content\/uploads\/sites\/22\/2023\/11\/CKP_02-1-220x116.png 220w, https:\/\/konferencje.umw.edu.pl\/eksperymentymedyczne\/wp-content\/uploads\/sites\/22\/2023\/11\/CKP_02-1.png 1600w\" sizes=\"auto, (max-width: 300px) 100vw, 300px\" \/><\/p>\n<p>&nbsp;<\/p>\n<p>&nbsp;<\/p>\n<p>&nbsp;<\/p>\n","protected":false},"excerpt":{"rendered":"<p>Uniwersytet Medyczny we Wroc\u0142awiu CENTRUM KSZTA\u0141CENIA PODYPLOMOWEGO ul. J. Mikulicza-Radeckiego 4A, 50-345 Wroc\u0142aw tel.: 71 784 17 93, 71 784 1989 &nbsp; &nbsp; &nbsp;<\/p>\n","protected":false},"author":21,"featured_media":0,"parent":0,"menu_order":0,"comment_status":"closed","ping_status":"closed","template":"","meta":{"footnotes":""},"class_list":["post-262","page","type-page","status-publish","hentry"],"_links":{"self":[{"href":"https:\/\/konferencje.umw.edu.pl\/eksperymentymedyczne\/wp-json\/wp\/v2\/pages\/262","targetHints":{"allow":["GET"]}}],"collection":[{"href":"https:\/\/konferencje.umw.edu.pl\/eksperymentymedyczne\/wp-json\/wp\/v2\/pages"}],"about":[{"href":"https:\/\/konferencje.umw.edu.pl\/eksperymentymedyczne\/wp-json\/wp\/v2\/types\/page"}],"author":[{"embeddable":true,"href":"https:\/\/konferencje.umw.edu.pl\/eksperymentymedyczne\/wp-json\/wp\/v2\/users\/21"}],"replies":[{"embeddable":true,"href":"https:\/\/konferencje.umw.edu.pl\/eksperymentymedyczne\/wp-json\/wp\/v2\/comments?post=262"}],"version-history":[{"count":6,"href":"https:\/\/konferencje.umw.edu.pl\/eksperymentymedyczne\/wp-json\/wp\/v2\/pages\/262\/revisions"}],"predecessor-version":[{"id":330,"href":"https:\/\/konferencje.umw.edu.pl\/eksperymentymedyczne\/wp-json\/wp\/v2\/pages\/262\/revisions\/330"}],"wp:attachment":[{"href":"https:\/\/konferencje.umw.edu.pl\/eksperymentymedyczne\/wp-json\/wp\/v2\/media?parent=262"}],"curies":[{"name":"wp","href":"https:\/\/api.w.org\/{rel}","templated":true}]}}