{"id":269,"date":"2023-11-17T21:08:28","date_gmt":"2023-11-17T20:08:28","guid":{"rendered":"https:\/\/konferencje.umw.edu.pl\/eksperymentymedyczne\/?page_id=269"},"modified":"2024-05-09T08:18:05","modified_gmt":"2024-05-09T06:18:05","slug":"zapisy","status":"publish","type":"page","link":"https:\/\/konferencje.umw.edu.pl\/eksperymentymedyczne\/zapisy\/","title":{"rendered":"Zg\u0142o\u015b uczestnictwo"},"content":{"rendered":"<p><b>Op\u0142ata konferencyjna:<\/b>\u00a0250 PLN, przekazywana na konto nr<b>\u00a087 1090 2402 0000 0001 5183 2644<\/b> w dniu wys\u0142ania formularza zg\u0142oszeniowego, tytu\u0142em: &#8222;Bioetyka, Imi\u0119, Nazwisko&#8221;. Nie ma mo\u017cliwo\u015bci zwrotu op\u0142aty konferencyjnej.<\/p>\n<p>Pracownicy Uniwersytetu Medycznego we Wroc\u0142awiu, wst\u0119p darmowy (warunek rejestracja przy u\u017cyciu e-maila pracowniczego).<\/p>\n<p>&nbsp;<\/p>\n<p>Zg\u0142oszenie na konferencj\u0119:<\/p>\n<p>1. online pod linkiem: <a href=\"https:\/\/forms.office.com\/e\/vidtDFUw6S?origin=lprLink\">https:\/\/forms.office.com\/e\/vidtDFUw6S<\/a><\/p>\n<p>kod QR do rejestracji:<\/p>\n<p><img loading=\"lazy\" decoding=\"async\" class=\"alignnone size-medium wp-image-362\" src=\"https:\/\/konferencje.umw.edu.pl\/eksperymentymedyczne\/wp-content\/uploads\/sites\/22\/2024\/04\/pobierz-300x300.png\" alt=\"\" width=\"300\" height=\"300\" srcset=\"https:\/\/konferencje.umw.edu.pl\/eksperymentymedyczne\/wp-content\/uploads\/sites\/22\/2024\/04\/pobierz-300x300.png 300w, https:\/\/konferencje.umw.edu.pl\/eksperymentymedyczne\/wp-content\/uploads\/sites\/22\/2024\/04\/pobierz-150x150.png 150w, https:\/\/konferencje.umw.edu.pl\/eksperymentymedyczne\/wp-content\/uploads\/sites\/22\/2024\/04\/pobierz-768x768.png 768w, https:\/\/konferencje.umw.edu.pl\/eksperymentymedyczne\/wp-content\/uploads\/sites\/22\/2024\/04\/pobierz-116x116.png 116w, https:\/\/konferencje.umw.edu.pl\/eksperymentymedyczne\/wp-content\/uploads\/sites\/22\/2024\/04\/pobierz.png 800w\" sizes=\"auto, (max-width: 300px) 100vw, 300px\" \/><\/p>\n","protected":false},"excerpt":{"rendered":"<p>Op\u0142ata konferencyjna:\u00a0250 PLN, przekazywana na konto nr\u00a087 1090 2402 0000 0001 5183 2644 w dniu wys\u0142ania formularza zg\u0142oszeniowego, tytu\u0142em: &#8222;Bioetyka, Imi\u0119, Nazwisko&#8221;. Nie ma mo\u017cliwo\u015bci zwrotu op\u0142aty konferencyjnej. Pracownicy Uniwersytetu Medycznego we Wroc\u0142awiu, wst\u0119p darmowy (warunek rejestracja przy u\u017cyciu e-maila pracowniczego). &nbsp; Zg\u0142oszenie na konferencj\u0119: 1. online pod linkiem: https:\/\/forms.office.com\/e\/vidtDFUw6S kod QR do rejestracji:<\/p>\n","protected":false},"author":21,"featured_media":0,"parent":0,"menu_order":0,"comment_status":"closed","ping_status":"closed","template":"","meta":{"footnotes":""},"class_list":["post-269","page","type-page","status-publish","hentry"],"_links":{"self":[{"href":"https:\/\/konferencje.umw.edu.pl\/eksperymentymedyczne\/wp-json\/wp\/v2\/pages\/269","targetHints":{"allow":["GET"]}}],"collection":[{"href":"https:\/\/konferencje.umw.edu.pl\/eksperymentymedyczne\/wp-json\/wp\/v2\/pages"}],"about":[{"href":"https:\/\/konferencje.umw.edu.pl\/eksperymentymedyczne\/wp-json\/wp\/v2\/types\/page"}],"author":[{"embeddable":true,"href":"https:\/\/konferencje.umw.edu.pl\/eksperymentymedyczne\/wp-json\/wp\/v2\/users\/21"}],"replies":[{"embeddable":true,"href":"https:\/\/konferencje.umw.edu.pl\/eksperymentymedyczne\/wp-json\/wp\/v2\/comments?post=269"}],"version-history":[{"count":9,"href":"https:\/\/konferencje.umw.edu.pl\/eksperymentymedyczne\/wp-json\/wp\/v2\/pages\/269\/revisions"}],"predecessor-version":[{"id":452,"href":"https:\/\/konferencje.umw.edu.pl\/eksperymentymedyczne\/wp-json\/wp\/v2\/pages\/269\/revisions\/452"}],"wp:attachment":[{"href":"https:\/\/konferencje.umw.edu.pl\/eksperymentymedyczne\/wp-json\/wp\/v2\/media?parent=269"}],"curies":[{"name":"wp","href":"https:\/\/api.w.org\/{rel}","templated":true}]}}