{"id":380,"date":"2024-04-22T13:30:14","date_gmt":"2024-04-22T11:30:14","guid":{"rendered":"https:\/\/konferencje.umw.edu.pl\/eksperymentymedyczne\/?page_id=380"},"modified":"2024-05-22T09:31:34","modified_gmt":"2024-05-22T07:31:34","slug":"komitet-naukowy-i-organizacyjny","status":"publish","type":"page","link":"https:\/\/konferencje.umw.edu.pl\/eksperymentymedyczne\/komitet-naukowy-i-organizacyjny\/","title":{"rendered":"Komitet Naukowy i Organizacyjny"},"content":{"rendered":"<p><strong>Komitet naukowy<\/strong><\/p>\n<p>dr hab. Tomasz Jurek, prof. Uczelni UMW<\/p>\n<p>r.pr. Anna Ole\u0144ska<\/p>\n<p>dr hab. Agata Wnukiewicz \u2013 Koz\u0142owska<\/p>\n<p>mgr Iwona Pilarska<\/p>\n<p>&nbsp;<\/p>\n<p><strong>Komitet organizacyjny<\/strong><\/p>\n<p>dr hab. Tomasz Jurek, prof. Uczelni UMW<\/p>\n<p>r.pr. Anna Ole\u0144ska<\/p>\n<p>mgr in\u017c. Agnieszka Wasilewska<\/p>\n<p>dr Rafa\u0142 Nowakowski<\/p>\n<p>Pawe\u0142 Szcze\u015bniak<\/p>\n","protected":false},"excerpt":{"rendered":"<p>Komitet naukowy dr hab. Tomasz Jurek, prof. Uczelni UMW r.pr. Anna Ole\u0144ska dr hab. Agata Wnukiewicz \u2013 Koz\u0142owska mgr Iwona Pilarska &nbsp; Komitet organizacyjny dr hab. Tomasz Jurek, prof. Uczelni UMW r.pr. Anna Ole\u0144ska mgr in\u017c. Agnieszka Wasilewska dr Rafa\u0142 Nowakowski Pawe\u0142 Szcze\u015bniak<\/p>\n","protected":false},"author":21,"featured_media":0,"parent":0,"menu_order":0,"comment_status":"closed","ping_status":"closed","template":"","meta":{"footnotes":""},"class_list":["post-380","page","type-page","status-publish","hentry"],"_links":{"self":[{"href":"https:\/\/konferencje.umw.edu.pl\/eksperymentymedyczne\/wp-json\/wp\/v2\/pages\/380","targetHints":{"allow":["GET"]}}],"collection":[{"href":"https:\/\/konferencje.umw.edu.pl\/eksperymentymedyczne\/wp-json\/wp\/v2\/pages"}],"about":[{"href":"https:\/\/konferencje.umw.edu.pl\/eksperymentymedyczne\/wp-json\/wp\/v2\/types\/page"}],"author":[{"embeddable":true,"href":"https:\/\/konferencje.umw.edu.pl\/eksperymentymedyczne\/wp-json\/wp\/v2\/users\/21"}],"replies":[{"embeddable":true,"href":"https:\/\/konferencje.umw.edu.pl\/eksperymentymedyczne\/wp-json\/wp\/v2\/comments?post=380"}],"version-history":[{"count":2,"href":"https:\/\/konferencje.umw.edu.pl\/eksperymentymedyczne\/wp-json\/wp\/v2\/pages\/380\/revisions"}],"predecessor-version":[{"id":477,"href":"https:\/\/konferencje.umw.edu.pl\/eksperymentymedyczne\/wp-json\/wp\/v2\/pages\/380\/revisions\/477"}],"wp:attachment":[{"href":"https:\/\/konferencje.umw.edu.pl\/eksperymentymedyczne\/wp-json\/wp\/v2\/media?parent=380"}],"curies":[{"name":"wp","href":"https:\/\/api.w.org\/{rel}","templated":true}]}}