{"id":28,"date":"2018-10-13T13:04:37","date_gmt":"2018-10-13T11:04:37","guid":{"rendered":"https:\/\/www.konferencje.umed.wroc.pl\/mentoring\/?page_id=28"},"modified":"2025-10-03T10:27:43","modified_gmt":"2025-10-03T08:27:43","slug":"abstrakt","status":"publish","type":"page","link":"https:\/\/konferencje.umw.edu.pl\/farmed10\/abstrakt\/","title":{"rendered":"Zg\u0142o\u015b abstrakt"},"content":{"rendered":"<h3 style=\"text-align: left;\"><span style=\"font-weight: 400;\">Zg\u0142oszenie uczestnictwa w Konferencji\u00a0<\/span><span style=\"font-weight: 400;\">do <\/span><b>15.11.2025<\/b><span style=\"font-weight: 400;\">, wys\u0142anie abstraktu pracy:<\/span><\/h3>\n<h3 style=\"text-align: center;\"><a href=\"https:\/\/forms.gle\/yL6UXoPw56bQK11b7\"><span style=\"color: #ff0000;\"><strong>Formularz<\/strong> <strong>uczestnictwa<\/strong> <strong>Farmed10<\/strong><\/span><\/a><\/h3>\n<p>&nbsp;<\/p>\n<h3 style=\"text-align: left;\"><strong>WZ\u00d3R ABSTRAKT\u00d3W\u00a0<\/strong><\/h3>\n<h3 style=\"text-align: center;\"><span style=\"color: #ff0000;\"><a style=\"color: #ff0000;\" href=\"https:\/\/konferencje.umw.edu.pl\/farmed10\/wp-content\/uploads\/sites\/39\/2025\/10\/wzor-abstraktow-projekt_2025.docx\"><strong>Wz\u00f3r abstrakt\u00f3w_2025<\/strong><\/a><\/span><\/h3>\n<h3 style=\"text-align: left;\"><\/h3>\n<p>&nbsp;<\/p>\n<h2><strong>UDZIA\u0141 CZYNNY &#8211; WYMAGANIA<\/strong><\/h2>\n<p><span style=\"font-weight: 400;\">POSTER<\/span><\/p>\n<p><span style=\"font-weight: 400;\">Online<\/span><\/p>\n<ul>\n<li style=\"font-weight: 400;\"><span style=\"font-weight: 400;\">Prezentacje posterowe b\u0119d\u0105 odbywa\u0107 si\u0119 w pobocznych kana\u0142ach w zespole Konferencji na MS Teams. Nie okre\u015blili\u015bmy wymaga\u0144 technicznych co do poster\u00f3w, jednak chcemy zasugerowa\u0107 kilka szczeg\u00f3\u0142\u00f3w, kt\u00f3re pomog\u0105 innym uczestnikom jak najlepiej przyswoi\u0107 informacje na posterach Prelegent\u00f3w. Poster powinien by\u0107 zrobiony w programie Power Point, w formacie poziomym A1 (594&#215;841 cm), rozmiar czcionki min. 22. Prosimy r\u00f3wnie\u017c o udost\u0119pnienie pliku z posterem na czacie lub w plikach przypisanego do danego Uczestnika zespo\u0142u.<\/span><\/li>\n<\/ul>\n<p>&nbsp;<\/p>\n<p><span style=\"font-weight: 400;\">PREZENTACJA USTNA<\/span><\/p>\n<ul>\n<li style=\"font-weight: 400;\"><span style=\"font-weight: 400;\">Ka\u017cda prezentacja ustna nie powinna przekracza\u0107 10 minut. Nale\u017cy pami\u0119ta\u0107 o przydzielonym czasie, aby umo\u017cliwi\u0107 p\u0142ynny przep\u0142yw prezentacji podczas ca\u0142ej sesji.<\/span><\/li>\n<li style=\"font-weight: 400;\"><span style=\"font-weight: 400;\">Prezentacje powinny by\u0107 przedstawione w j\u0119zyku polskim lub angielskim.<\/span><\/li>\n<li style=\"font-weight: 400;\"><span style=\"font-weight: 400;\">Aby u\u0142atwi\u0107 p\u0142ynne przej\u015bcie mi\u0119dzy prezentacjami, uprzejmie prosimy o przes\u0142anie prezentacji na dysku do 15.11.2025. Pomo\u017ce nam to unikn\u0105\u0107 problem\u00f3w technicznych.<\/span><\/li>\n<li style=\"font-weight: 400;\"><span style=\"font-weight: 400;\">Dok\u0142adny harmonogram wydarzenia, w tym tytu\u0142y i godziny prezentacji, b\u0119dzie wkr\u00f3tce dost\u0119pny na stronie internetowej konferencji.<\/span><\/li>\n<\/ul>\n<p>&nbsp;<\/p>\n<p>&nbsp;<\/p>\n<h3>ACTIVE PARTICIPATION &#8211; REQUIREMENTS<\/h3>\n<p>POSTER<\/p>\n<p>Online<\/p>\n<ul>\n<li>Poster presentations will take place in dedicated channels within the Conference Team on MS Teams. We haven&#8217;t specified technical requirements for the posters, but we would like to suggest a few details that would help other participants to absorb the information from the presenters&#8217; posters effectively. The poster should be created in PowerPoint, in A1 landscape format (594&#215;841 cm), with a minimum font size of 22. Please also share the poster file in the chat or in the files section assigned to each participant in the team.<\/li>\n<\/ul>\n<p>&nbsp;<\/p>\n<p>ORAL PRESENTATION<\/p>\n<ul>\n<li>Each oral presentation should not exceed 10 minutes. Please adhere to the allocated time to ensure a smooth flow of presentations throughout the entire session.<\/li>\n<li>Presentations should be delivered in either Polish or English.<\/li>\n<li>To facilitate a seamless transition between presentations, we kindly request that presentations be submitted on the drive by November, 15th 2025. This will help us avoid technical issues.<\/li>\n<li>A detailed schedule of the event, including presentation titles and times, will soon be available on the conference website.<\/li>\n<\/ul>\n<p>&nbsp;<\/p>\n","protected":false},"excerpt":{"rendered":"<p>Zg\u0142oszenie uczestnictwa w Konferencji\u00a0do 15.11.2025, wys\u0142anie abstraktu pracy: Formularz uczestnictwa Farmed10 &nbsp; WZ\u00d3R ABSTRAKT\u00d3W\u00a0 Wz\u00f3r abstrakt\u00f3w_2025 &nbsp; UDZIA\u0141 CZYNNY &#8211; WYMAGANIA POSTER Online Prezentacje posterowe b\u0119d\u0105 odbywa\u0107 si\u0119 w pobocznych kana\u0142ach w zespole Konferencji na MS Teams. Nie okre\u015blili\u015bmy wymaga\u0144 technicznych co do poster\u00f3w, jednak chcemy zasugerowa\u0107 kilka szczeg\u00f3\u0142\u00f3w, kt\u00f3re pomog\u0105 innym uczestnikom jak najlepiej<\/p>\n<div><a class=\"btn-filled btn\" href=\"https:\/\/konferencje.umw.edu.pl\/farmed10\/abstrakt\/\" title=\"Zg\u0142o\u015b abstrakt\">Dowiedz si\u0119 wi\u0119cej<\/a><\/div>\n","protected":false},"author":1,"featured_media":0,"parent":0,"menu_order":0,"comment_status":"closed","ping_status":"closed","template":"","meta":{"footnotes":""},"class_list":["post-28","page","type-page","status-publish","hentry"],"_links":{"self":[{"href":"https:\/\/konferencje.umw.edu.pl\/farmed10\/wp-json\/wp\/v2\/pages\/28","targetHints":{"allow":["GET"]}}],"collection":[{"href":"https:\/\/konferencje.umw.edu.pl\/farmed10\/wp-json\/wp\/v2\/pages"}],"about":[{"href":"https:\/\/konferencje.umw.edu.pl\/farmed10\/wp-json\/wp\/v2\/types\/page"}],"author":[{"embeddable":true,"href":"https:\/\/konferencje.umw.edu.pl\/farmed10\/wp-json\/wp\/v2\/users\/1"}],"replies":[{"embeddable":true,"href":"https:\/\/konferencje.umw.edu.pl\/farmed10\/wp-json\/wp\/v2\/comments?post=28"}],"version-history":[{"count":36,"href":"https:\/\/konferencje.umw.edu.pl\/farmed10\/wp-json\/wp\/v2\/pages\/28\/revisions"}],"predecessor-version":[{"id":391,"href":"https:\/\/konferencje.umw.edu.pl\/farmed10\/wp-json\/wp\/v2\/pages\/28\/revisions\/391"}],"wp:attachment":[{"href":"https:\/\/konferencje.umw.edu.pl\/farmed10\/wp-json\/wp\/v2\/media?parent=28"}],"curies":[{"name":"wp","href":"https:\/\/api.w.org\/{rel}","templated":true}]}}