{"id":6,"date":"2018-10-13T12:44:47","date_gmt":"2018-10-13T10:44:47","guid":{"rendered":"https:\/\/www.konferencje.umed.wroc.pl\/mentoring\/?page_id=6"},"modified":"2025-11-26T14:59:18","modified_gmt":"2025-11-26T13:59:18","slug":"aktualnosci","status":"publish","type":"page","link":"https:\/\/konferencje.umw.edu.pl\/farmed10\/aktualnosci\/","title":{"rendered":"Aktualno\u015bci"},"content":{"rendered":"<div class=\"page\" title=\"Page 7\">\n<div class=\"section\">\n<div class=\"layoutArea\">\n<div class=\"column\">\n<h2><\/h2>\n<h3><a href=\"https:\/\/konferencje.umw.edu.pl\/farmed10\/wp-content\/uploads\/sites\/39\/2025\/11\/program-konferencji_2025-2-2.doc\"><strong>Program konferencji Farmed10<\/strong><\/a><\/h3>\n<h2><a href=\"https:\/\/konferencje.umw.edu.pl\/farmed10\/wp-content\/uploads\/sites\/39\/2025\/11\/program-konferencji_2025-2-2.doc\"><strong><img loading=\"lazy\" decoding=\"async\" class=\"alignnone size-medium wp-image-333\" src=\"https:\/\/konferencje.umw.edu.pl\/farmed10\/wp-content\/uploads\/sites\/39\/2024\/10\/Grafika-A4_logo-z-nazwa-212x300.png\" alt=\"\" width=\"212\" height=\"300\" srcset=\"https:\/\/konferencje.umw.edu.pl\/farmed10\/wp-content\/uploads\/sites\/39\/2024\/10\/Grafika-A4_logo-z-nazwa-212x300.png 212w, https:\/\/konferencje.umw.edu.pl\/farmed10\/wp-content\/uploads\/sites\/39\/2024\/10\/Grafika-A4_logo-z-nazwa-724x1024.png 724w, https:\/\/konferencje.umw.edu.pl\/farmed10\/wp-content\/uploads\/sites\/39\/2024\/10\/Grafika-A4_logo-z-nazwa-768x1086.png 768w, https:\/\/konferencje.umw.edu.pl\/farmed10\/wp-content\/uploads\/sites\/39\/2024\/10\/Grafika-A4_logo-z-nazwa-1086x1536.png 1086w, https:\/\/konferencje.umw.edu.pl\/farmed10\/wp-content\/uploads\/sites\/39\/2024\/10\/Grafika-A4_logo-z-nazwa-82x116.png 82w, https:\/\/konferencje.umw.edu.pl\/farmed10\/wp-content\/uploads\/sites\/39\/2024\/10\/Grafika-A4_logo-z-nazwa.png 1414w\" sizes=\"auto, (max-width: 212px) 100vw, 212px\" \/><\/strong><\/a><\/h2>\n<h2><strong>Prelegenci 2023<\/strong><\/h2>\n<ul>\n<li><strong>Dr n. med. Pawe\u0142 Szpot<\/strong><\/li>\n<\/ul>\n<p>Uniwersytet Medyczny we Wroc\u0142awiu<\/p>\n<p><img loading=\"lazy\" decoding=\"async\" class=\" wp-image-276 alignnone\" src=\"https:\/\/konferencje.umw.edu.pl\/farmed10\/wp-content\/uploads\/sites\/39\/2023\/11\/Zrzut-ekranu-2023-11-6-o-10.04.53-222x300.png\" alt=\"\" width=\"123\" height=\"166\" srcset=\"https:\/\/konferencje.umw.edu.pl\/farmed10\/wp-content\/uploads\/sites\/39\/2023\/11\/Zrzut-ekranu-2023-11-6-o-10.04.53-222x300.png 222w, https:\/\/konferencje.umw.edu.pl\/farmed10\/wp-content\/uploads\/sites\/39\/2023\/11\/Zrzut-ekranu-2023-11-6-o-10.04.53-86x116.png 86w, https:\/\/konferencje.umw.edu.pl\/farmed10\/wp-content\/uploads\/sites\/39\/2023\/11\/Zrzut-ekranu-2023-11-6-o-10.04.53.png 246w\" sizes=\"auto, (max-width: 123px) 100vw, 123px\" \/><\/p>\n<p>Dr Pawe\u0142 Szpot to lekarz specjalista toksykologii sa\u0328dowej, adiunkt Katedry i Zak\u0142adu Medycyny Sa\u0328dowej Uniwersytetu Medycznego we Wroc\u0142awiu. Tematem prezentowanego wyk\u0142adu b\u0119dzie\u00a0<span style=\"font-weight: 400;\">&#8222;Zastosowanie nowoczesnej spektrometrii mas medycynie s\u0105dowej&#8221;.<\/span><\/p>\n<\/div>\n<\/div>\n<\/div>\n<\/div>\n<ul>\n<li><strong>Dr hab. n. med. Ernest Kuchar<\/strong><\/li>\n<\/ul>\n<p>Warszawski Uniwersytet Medyczny<\/p>\n<p><img loading=\"lazy\" decoding=\"async\" class=\"alignnone wp-image-279\" src=\"https:\/\/konferencje.umw.edu.pl\/farmed10\/wp-content\/uploads\/sites\/39\/2023\/11\/Zrzut-ekranu-2023-11-6-o-19.03.55.png\" alt=\"\" width=\"142\" height=\"135\" srcset=\"https:\/\/konferencje.umw.edu.pl\/farmed10\/wp-content\/uploads\/sites\/39\/2023\/11\/Zrzut-ekranu-2023-11-6-o-19.03.55.png 294w, https:\/\/konferencje.umw.edu.pl\/farmed10\/wp-content\/uploads\/sites\/39\/2023\/11\/Zrzut-ekranu-2023-11-6-o-19.03.55-122x116.png 122w\" sizes=\"auto, (max-width: 142px) 100vw, 142px\" \/><\/p>\n<div class=\"page\" title=\"Page 7\">\n<div class=\"section\">\n<div class=\"layoutArea\">\n<div class=\"column\">\n<p>Dr hab. n. med. Ernest Kuchar to specjalista choro\u0301b zakaz\u0301nych i medycyny sportowej, Kierownik Kliniki Pediatrii z Oddzia\u0142em Obserwacyjnym Warszawskiego Uniwersytetu Medycznego, a takz\u0307e\u00a0Przewodnicza\u0328cy Polskiego Towarzystwa Wakcynologii.<\/p>\n<\/div>\n<\/div>\n<\/div>\n<\/div>\n","protected":false},"excerpt":{"rendered":"<p>Program konferencji Farmed10 Prelegenci 2023 Dr n. med. Pawe\u0142 Szpot Uniwersytet Medyczny we Wroc\u0142awiu Dr Pawe\u0142 Szpot to lekarz specjalista toksykologii sa\u0328dowej, adiunkt Katedry i Zak\u0142adu Medycyny Sa\u0328dowej Uniwersytetu Medycznego we Wroc\u0142awiu. Tematem prezentowanego wyk\u0142adu b\u0119dzie\u00a0&#8222;Zastosowanie nowoczesnej spektrometrii mas medycynie s\u0105dowej&#8221;. Dr hab. n. med. Ernest Kuchar Warszawski Uniwersytet Medyczny Dr hab. n. med. Ernest<\/p>\n<div><a class=\"btn-filled btn\" href=\"https:\/\/konferencje.umw.edu.pl\/farmed10\/aktualnosci\/\" title=\"Aktualno\u015bci\">Dowiedz si\u0119 wi\u0119cej<\/a><\/div>\n","protected":false},"author":1,"featured_media":0,"parent":0,"menu_order":0,"comment_status":"closed","ping_status":"closed","template":"","meta":{"footnotes":""},"class_list":["post-6","page","type-page","status-publish","hentry"],"_links":{"self":[{"href":"https:\/\/konferencje.umw.edu.pl\/farmed10\/wp-json\/wp\/v2\/pages\/6","targetHints":{"allow":["GET"]}}],"collection":[{"href":"https:\/\/konferencje.umw.edu.pl\/farmed10\/wp-json\/wp\/v2\/pages"}],"about":[{"href":"https:\/\/konferencje.umw.edu.pl\/farmed10\/wp-json\/wp\/v2\/types\/page"}],"author":[{"embeddable":true,"href":"https:\/\/konferencje.umw.edu.pl\/farmed10\/wp-json\/wp\/v2\/users\/1"}],"replies":[{"embeddable":true,"href":"https:\/\/konferencje.umw.edu.pl\/farmed10\/wp-json\/wp\/v2\/comments?post=6"}],"version-history":[{"count":26,"href":"https:\/\/konferencje.umw.edu.pl\/farmed10\/wp-json\/wp\/v2\/pages\/6\/revisions"}],"predecessor-version":[{"id":403,"href":"https:\/\/konferencje.umw.edu.pl\/farmed10\/wp-json\/wp\/v2\/pages\/6\/revisions\/403"}],"wp:attachment":[{"href":"https:\/\/konferencje.umw.edu.pl\/farmed10\/wp-json\/wp\/v2\/media?parent=6"}],"curies":[{"name":"wp","href":"https:\/\/api.w.org\/{rel}","templated":true}]}}