{"id":979,"date":"2026-04-22T08:18:20","date_gmt":"2026-04-22T06:18:20","guid":{"rendered":"https:\/\/konferencje.umw.edu.pl\/ikskn\/?page_id=979"},"modified":"2026-04-22T09:27:23","modified_gmt":"2026-04-22T07:27:23","slug":"zglos-uczestnictwo","status":"publish","type":"page","link":"https:\/\/konferencje.umw.edu.pl\/ikskn\/zglos-uczestnictwo\/","title":{"rendered":"Zg\u0142o\u015b uczestnictwo"},"content":{"rendered":"<div class=\"button-container\">\n    <a href=\"https:\/\/docs.google.com\/forms\/d\/e\/1FAIpQLSem4lHHP6DUyuMQ8quSDWIhh03ovwSDcCrYZSboyVTzEA1LgQ\/viewform\" class=\"custom-button primary\">ZG\u0141O\u015a UCZESTNICTWO<\/a><br \/>\n    <a href=\"https:\/\/docs.google.com\/forms\/d\/e\/1FAIpQLSel6nvvcqEV1VlABxclUlAb-i7Vwf8oaKFzIstjQzekZapK8A\/viewform?usp=publish-editor\" class=\"custom-button secondary\">ZG\u0141O\u015a ABSTRAKT<\/a>\n<\/div>\n<style>\n    .button-container {\n        display: flex;\n        gap: 20px;\n        justify-content: center;\n        flex-wrap: wrap;\n        padding: 30px 0;\n    }<\/p>\n<p>    .custom-button {\n        display: inline-block;\n        padding: 15px 30px;\n        text-decoration: none;\n        border-radius: 8px; \/* Zaokr\u0105glone rogi *\/\n        font-family: 'Segoe UI', Roboto, Helvetica, Arial, sans-serif;\n        font-weight: 900;\n        text-transform: uppercase; \/* Bardziej profesjonalny wygl\u0105d *\/\n        font-size: 20px !important;\n        letter-spacing: 0.5px;\n        transition: all 0.2s ease;\n        cursor: pointer;\n        text-align: center;\n    }<\/p>\n<p>    \/* Przycisk G\u0142\u00f3wny - Efekt 3D *\/\n    .primary {\n        background-color: #0073aa;\n        color: #ffffff !important;\n        border: 1px solid #005a87;\n        box-shadow: 0 4px 0 #005a87; \/* Ciemniejszy sp\u00f3d daj\u0105cy efekt grubo\u015bci *\/\n    }<\/p>\n<p>    .primary:hover {\n        background-color: #0085ba;\n        transform: translateY(1px);\n        box-shadow: 0 3px 0 #005a87;\n    }<\/p>\n<p>    .primary:active {\n        transform: translateY(4px); \/* Efekt klikni\u0119cia *\/\n        box-shadow: 0 0px 0 #005a87;\n    }<\/p>\n<p>    \/* Przycisk Drugorz\u0119dny - Efekt obramowania *\/\n    .secondary {\n        background-color: #ffffff;\n        color: #333333 !important;\n        border: 2px solid #333333;\n        box-shadow: 0 4px 0 #333333;\n    }<\/p>\n<p>    .secondary:hover {\n        background-color: #f5f5f5;\n        transform: translateY(1px);\n        box-shadow: 0 3px 0 #333333;\n    }<\/p>\n<p>    .secondary:active {\n        transform: translateY(4px);\n        box-shadow: 0 0px 0 #333333;\n    }\n<\/style>\n","protected":false},"excerpt":{"rendered":"<p>ZG\u0141O\u015a UCZESTNICTWO ZG\u0141O\u015a ABSTRAKT<\/p>\n","protected":false},"author":1,"featured_media":0,"parent":0,"menu_order":0,"comment_status":"closed","ping_status":"closed","template":"","meta":{"footnotes":""},"class_list":["post-979","page","type-page","status-publish","hentry"],"_links":{"self":[{"href":"https:\/\/konferencje.umw.edu.pl\/ikskn\/wp-json\/wp\/v2\/pages\/979","targetHints":{"allow":["GET"]}}],"collection":[{"href":"https:\/\/konferencje.umw.edu.pl\/ikskn\/wp-json\/wp\/v2\/pages"}],"about":[{"href":"https:\/\/konferencje.umw.edu.pl\/ikskn\/wp-json\/wp\/v2\/types\/page"}],"author":[{"embeddable":true,"href":"https:\/\/konferencje.umw.edu.pl\/ikskn\/wp-json\/wp\/v2\/users\/1"}],"replies":[{"embeddable":true,"href":"https:\/\/konferencje.umw.edu.pl\/ikskn\/wp-json\/wp\/v2\/comments?post=979"}],"version-history":[{"count":15,"href":"https:\/\/konferencje.umw.edu.pl\/ikskn\/wp-json\/wp\/v2\/pages\/979\/revisions"}],"predecessor-version":[{"id":1010,"href":"https:\/\/konferencje.umw.edu.pl\/ikskn\/wp-json\/wp\/v2\/pages\/979\/revisions\/1010"}],"wp:attachment":[{"href":"https:\/\/konferencje.umw.edu.pl\/ikskn\/wp-json\/wp\/v2\/media?parent=979"}],"curies":[{"name":"wp","href":"https:\/\/api.w.org\/{rel}","templated":true}]}}