{"id":254,"date":"2023-11-17T14:35:07","date_gmt":"2023-11-17T13:35:07","guid":{"rendered":"https:\/\/konferencje.umw.edu.pl\/influence2025\/?page_id=254"},"modified":"2025-10-15T11:26:10","modified_gmt":"2025-10-15T09:26:10","slug":"o-konferencji","status":"publish","type":"page","link":"https:\/\/konferencje.umw.edu.pl\/influence2025\/o-konferencji\/","title":{"rendered":"O konferencji"},"content":{"rendered":"<p>Influence_Med to pierwsza w Polsce konferencja, kt\u00f3ra \u0142\u0105czy \u015bwiat Internetu, medycznych influencer\u00f3w, badaczy, naukowc\u00f3w, lekarzy praktyk\u00f3w oraz decydent\u00f3w.\u00a0<\/p>\n<p>W obliczu zagro\u017cenia zwi\u0105zanego z szerzeniem w sieci nieprawdziwych informacji zwi\u0105zanych z profilaktyk\u0105 i leczeniem, Uniwersytet Medyczny we Wroc\u0142awiu zaprasza do po\u0142\u0105czenia si\u0142 w obronie przed szkodliwymi <em>fake newsami<\/em> i coraz powszechniejsz\u0105 w przestrzeni publicznej dezinformacj\u0105.<\/p>\n<p>Podczas konferencji spotkasz wielu znanych i cenionych lekarzy, w tym tak\u017ce edukator\u00f3w zdrowotnych, kt\u00f3rych konta w mediach spo\u0142eczno\u015bciowych obserwuj\u0105 obecnie dziesi\u0105tki tysi\u0119cy os\u00f3b. To \u015bwietna okazja, aby pozna\u0107 si\u0119 bli\u017cej i poszerzy\u0107 wiedz\u0119 o zdrowiu!\u00a0<\/p>\n<p>Kiedy?\u00a0<\/p>\n<p><strong>18-19 pa\u017adziernika 2025 r.<\/strong><\/p>\n<p>Gdzie?\u00a0<\/p>\n<p><strong>Wydzia\u0142 Farmaceutyczny Uniwersytetu Medycznego we Wroc\u0142awiu <br \/>ul. Borowska 211, sala W1<\/strong><\/p>\n<p>Dla kogo?\u00a0<\/p>\n<p><strong>Ka\u017cdy zainteresowany tematyk\u0105 zdrowotn\u0105.\u00a0<\/strong><\/p>\n<p>Dlaczego warto?<\/p>\n<ul>\n<li>otrzymasz tylko rzetelne i zweryfikowane informacje,<\/li>\n<li>mo\u017cesz liczy\u0107 na ciekaw\u0105 tematyk\u0119, rzadko poruszan\u0105 w mediach,<\/li>\n<li>poznasz najnowsze badania i nowoczesne metody leczenia,<\/li>\n<li>dowiesz si\u0119 jak b\u0119dzie\u00a0wygl\u0105da\u0142a\u00a0medycyna przysz\u0142o\u015bci.<\/li>\n<\/ul>\n<p>Wst\u0119p wolny (liczba miejsc ograniczona &#8211; obowi\u0105zuje rejestracja)<\/p>\n<p>kontakt: influence@umw.edu.pl<\/p>\n\n\n<figure class=\"wp-block-image size-large\"><img loading=\"lazy\" decoding=\"async\" width=\"1024\" height=\"683\" src=\"https:\/\/konferencje.umw.edu.pl\/influence2025\/wp-content\/uploads\/sites\/38\/2025\/10\/Farmacja-1024x683.jpg\" alt=\"\" class=\"wp-image-676\" srcset=\"https:\/\/konferencje.umw.edu.pl\/influence2025\/wp-content\/uploads\/sites\/38\/2025\/10\/Farmacja-1024x683.jpg 1024w, https:\/\/konferencje.umw.edu.pl\/influence2025\/wp-content\/uploads\/sites\/38\/2025\/10\/Farmacja-300x200.jpg 300w, https:\/\/konferencje.umw.edu.pl\/influence2025\/wp-content\/uploads\/sites\/38\/2025\/10\/Farmacja-768x512.jpg 768w, https:\/\/konferencje.umw.edu.pl\/influence2025\/wp-content\/uploads\/sites\/38\/2025\/10\/Farmacja-1536x1024.jpg 1536w, https:\/\/konferencje.umw.edu.pl\/influence2025\/wp-content\/uploads\/sites\/38\/2025\/10\/Farmacja-174x116.jpg 174w, https:\/\/konferencje.umw.edu.pl\/influence2025\/wp-content\/uploads\/sites\/38\/2025\/10\/Farmacja.jpg 1600w\" sizes=\"auto, (max-width: 1024px) 100vw, 1024px\" \/><\/figure>\n\n<p>&nbsp;<\/p>\n<p>&nbsp;<\/p>\n<p>&nbsp;<\/p>\n\n<figure class=\"wp-block-image size-large\"><img loading=\"lazy\" decoding=\"async\" width=\"1024\" height=\"131\" src=\"https:\/\/konferencje.umw.edu.pl\/influence2025\/wp-content\/uploads\/sites\/38\/2025\/10\/KPO_barwy-RP_NextGenerationEU_poziom_zestawienie_podstawowe_-RGB-1024x131.jpg\" alt=\"\" class=\"wp-image-721\" srcset=\"https:\/\/konferencje.umw.edu.pl\/influence2025\/wp-content\/uploads\/sites\/38\/2025\/10\/KPO_barwy-RP_NextGenerationEU_poziom_zestawienie_podstawowe_-RGB-1024x131.jpg 1024w, https:\/\/konferencje.umw.edu.pl\/influence2025\/wp-content\/uploads\/sites\/38\/2025\/10\/KPO_barwy-RP_NextGenerationEU_poziom_zestawienie_podstawowe_-RGB-300x38.jpg 300w, https:\/\/konferencje.umw.edu.pl\/influence2025\/wp-content\/uploads\/sites\/38\/2025\/10\/KPO_barwy-RP_NextGenerationEU_poziom_zestawienie_podstawowe_-RGB-768x98.jpg 768w, https:\/\/konferencje.umw.edu.pl\/influence2025\/wp-content\/uploads\/sites\/38\/2025\/10\/KPO_barwy-RP_NextGenerationEU_poziom_zestawienie_podstawowe_-RGB-1536x197.jpg 1536w, https:\/\/konferencje.umw.edu.pl\/influence2025\/wp-content\/uploads\/sites\/38\/2025\/10\/KPO_barwy-RP_NextGenerationEU_poziom_zestawienie_podstawowe_-RGB-2048x262.jpg 2048w, https:\/\/konferencje.umw.edu.pl\/influence2025\/wp-content\/uploads\/sites\/38\/2025\/10\/KPO_barwy-RP_NextGenerationEU_poziom_zestawienie_podstawowe_-RGB-228x29.jpg 228w\" sizes=\"auto, (max-width: 1024px) 100vw, 1024px\" \/><\/figure>\n\n\n\n<p class=\"has-small-font-size\">Sfinansowane ze \u015brodk\u00f3w projektu pn. \u201eDoskonalenie potencja\u0142u naukowo badawczego Uniwersyteckiego Centrum Wsparcia Bada\u0144 Klinicznych we Wroc\u0142awiu&#8221; w ramach Krajowego Planu Odbudowy, nr umowy: 2024\/ABM\/7\/KPO nr projektu KPO.07.07-IW.07-334\/24.<\/p>\n\n\n\n<p><\/p>\n","protected":false},"excerpt":{"rendered":"<p>Influence_Med to pierwsza w Polsce konferencja, kt\u00f3ra \u0142\u0105czy \u015bwiat Internetu, medycznych influencer\u00f3w, badaczy, naukowc\u00f3w, lekarzy praktyk\u00f3w oraz decydent\u00f3w.\u00a0 W obliczu zagro\u017cenia zwi\u0105zanego z szerzeniem w sieci nieprawdziwych informacji zwi\u0105zanych z profilaktyk\u0105 i leczeniem, Uniwersytet Medyczny we Wroc\u0142awiu zaprasza do po\u0142\u0105czenia si\u0142 w obronie przed szkodliwymi fake newsami i coraz powszechniejsz\u0105 w przestrzeni publicznej dezinformacj\u0105. Podczas<\/p>\n<div><a class=\"btn-filled btn\" href=\"https:\/\/konferencje.umw.edu.pl\/influence2025\/o-konferencji\/\" title=\"O konferencji\">Dowiedz si\u0119 wi\u0119cej<\/a><\/div>\n","protected":false},"author":21,"featured_media":0,"parent":0,"menu_order":0,"comment_status":"closed","ping_status":"closed","template":"","meta":{"footnotes":""},"class_list":["post-254","page","type-page","status-publish","hentry"],"_links":{"self":[{"href":"https:\/\/konferencje.umw.edu.pl\/influence2025\/wp-json\/wp\/v2\/pages\/254","targetHints":{"allow":["GET"]}}],"collection":[{"href":"https:\/\/konferencje.umw.edu.pl\/influence2025\/wp-json\/wp\/v2\/pages"}],"about":[{"href":"https:\/\/konferencje.umw.edu.pl\/influence2025\/wp-json\/wp\/v2\/types\/page"}],"author":[{"embeddable":true,"href":"https:\/\/konferencje.umw.edu.pl\/influence2025\/wp-json\/wp\/v2\/users\/21"}],"replies":[{"embeddable":true,"href":"https:\/\/konferencje.umw.edu.pl\/influence2025\/wp-json\/wp\/v2\/comments?post=254"}],"version-history":[{"count":14,"href":"https:\/\/konferencje.umw.edu.pl\/influence2025\/wp-json\/wp\/v2\/pages\/254\/revisions"}],"predecessor-version":[{"id":833,"href":"https:\/\/konferencje.umw.edu.pl\/influence2025\/wp-json\/wp\/v2\/pages\/254\/revisions\/833"}],"wp:attachment":[{"href":"https:\/\/konferencje.umw.edu.pl\/influence2025\/wp-json\/wp\/v2\/media?parent=254"}],"curies":[{"name":"wp","href":"https:\/\/api.w.org\/{rel}","templated":true}]}}