{"id":259,"date":"2023-11-17T14:38:41","date_gmt":"2023-11-17T13:38:41","guid":{"rendered":"https:\/\/konferencje.umw.edu.pl\/influence2025\/?page_id=259"},"modified":"2025-10-17T21:31:17","modified_gmt":"2025-10-17T19:31:17","slug":"program","status":"publish","type":"page","link":"https:\/\/konferencje.umw.edu.pl\/influence2025\/program\/","title":{"rendered":"Program"},"content":{"rendered":"<table  class=\" table table-hover\" width=\"621\">\n<tbody>\n<tr>\n<td colspan=\"2\" width=\"621\"><span style=\"color: #808080\">Dzie\u0144 I (18 pa\u017adziernika, sobota)<\/span><\/td>\n<\/tr>\n<tr>\n<td width=\"126\"><span style=\"color: #808080\">8.00 \u2013 9.00<\/span><\/td>\n<td width=\"495\"><span style=\"color: #808080\">Rejestracja uczestnik\u00f3w warsztat\u00f3w<\/span><\/td>\n<\/tr>\n<tr>\n<td width=\"126\"><span style=\"color: #808080\">8.00 \u2013 10.00<\/span><\/td>\n<td width=\"495\"><span style=\"color: #808080\">Rejestracja uczestnik\u00f3w konferencji<\/span><\/td>\n<\/tr>\n<tr>\n<td width=\"126\"><span style=\"color: #808080\">9.00 \u2013 9.45<\/span><\/td>\n<td width=\"495\">\n<p><strong><span style=\"color: #808080\">Warsztaty dla lekarzy i student\u00f3w:<\/span><\/strong><br \/><span style=\"color: #808080\">\u201eKompetencje w Internecie \u2013 jak budowa\u0107 swoj\u0105 mark\u0119 i pozycjonowa\u0107 si\u0119 online?\u201d Korzystanie z EBM i wynik\u00f3w bada\u0144 klinicznych w komunikacji z odbiorcami. (rejestracja <a href=\"https:\/\/app.evenea.pl\/event\/influencemed-warsztaty-1\/\">tutaj<\/a>)<\/span><\/p>\n<p><span style=\"color: #808080\">Prelegenci:<\/span><\/p>\n<ul>\n<li><span style=\"color: #808080\"><strong>dr Iwona Kania<\/strong> (Naczelna Izba Lekarska, p.o. Kierownika Dzia\u0142u Komunikacji, @iwona.kania.official)<\/span><\/li>\n<li><span style=\"color: #808080\"><strong>Monika Kowalska<\/strong> (UMW, Zast\u0119pca Dyrektora Generalnego ds. Komunikacji i PR Uczelni, Rzecznik Prasowy)<\/span><\/li>\n<\/ul>\n<\/td>\n<\/tr>\n<tr>\n<td width=\"126\"><span style=\"color: #808080\">10.00 \u2013 10.20<\/span><\/td>\n<td width=\"495\">\n<p><strong><span style=\"color: #808080\">Oficjalne otwarcie konferencji<\/span><\/strong><\/p>\n<ul>\n<li><strong><span style=\"color: #808080\"><b>Dominika Szachniewicz<\/b><\/span><\/strong><br \/><span style=\"color: #808080\">(Dyrektor Generalny Uniwersytetu Medycznego we Wroc\u0142awiu)<\/span><\/li>\n<li><strong><span style=\"color: #808080\"><b>dr hab. Marcin M\u0105czy\u0144ski, profesor UMW<\/b><\/span><\/strong><br \/><span style=\"color: #808080\">(Dziekan Wydzia\u0142u Farmaceutycznego UMW)<\/span><\/li>\n<li><strong><span style=\"color: #808080\"><b>prof. dr hab. Wojciech Fendler<\/b><\/span><\/strong><br \/><span style=\"color: #808080\">(Prezes Agencji Bada\u0144 Medycznych)<\/span><\/li>\n<\/ul>\n<\/td>\n<\/tr>\n<tr>\n<td width=\"126\"><span style=\"color: #808080\">10.20 \u2013 11.10<\/span><\/td>\n<td width=\"495\">\n<p><strong><span style=\"color: #808080\">PANEL I<\/span><\/strong><br \/><span style=\"color: #808080\">Czy Chat GPT, wyszukiwarka internetowa i media spo\u0142eczno\u015bciowe to dobre narz\u0119dzia do stawiania diagnozy? Dezinformacja w Internecie &#8211; zagro\u017cenia dla zdrowia i \u017cycia Polek i Polak\u00f3w. Wyniki bada\u0144 klinicznych rzetelnym \u017ar\u00f3d\u0142em informacji. W jaki spos\u00f3b szuka\u0107 ich skutecznie?<\/span><\/p>\n<p><span style=\"color: #808080\">Prowadz\u0105cy:<\/span><\/p>\n<p><span style=\"color: #808080\"><strong>Monika Rachtan<\/strong> (Dziennikarka Medyczna, influ med.)<\/span><\/p>\n<p><span style=\"color: #808080\">Paneli\u015bci:<\/span><\/p>\n<ul>\n<li><span style=\"color: #808080\"><strong>dr. in\u017c Aleksandra Nabo\u017cny<\/strong> (Ekspert NLP NASK PIB)<\/span><\/li>\n<li><span style=\"color: #808080\"><strong>dr Piotr Bromber<\/strong> (Uniwersytet Zielonog\u00f3rski, Przewodnicz\u0105cy Rady Nadzorczej G\u0142ogowskiego Szpitala Powiatowego)<\/span><\/li>\n<li><span style=\"color: #808080\"><strong>prof. dr hab. Piotr Donizy<\/strong> (UMW, Kierownik Katedry Patologii Klinicznej i Do\u015bwiadczalnej, specjalista w dziedzinie pediatrii)<\/span><\/li>\n<li><span style=\"color: #808080\"><strong>dr Dorota Sikora<\/strong> (UMW, Dyrektor Biura Ranking\u00f3w Akademickich i Komunikacji)<\/span><\/li>\n<li><span style=\"color: #808080\"><strong>dr hab. \u0141ukasz Rypicz<\/strong> (UMW, Dziekan Wydzia\u0142u Nauk o Zdrowiu)<\/span><\/li>\n<\/ul>\n<\/td>\n<\/tr>\n<tr>\n<td width=\"126\"><span style=\"color: #808080\">11.20 \u2013 12.10<\/span><\/td>\n<td width=\"495\">\n<p><strong><span style=\"color: #808080\">PANEL II<\/span><\/strong><br \/><span style=\"color: #808080\">Zdrowie seksualne Polek i Polak\u00f3w. O czym boimy si\u0119 m\u00f3wi\u0107, a co wstydzimy si\u0119 zapyta\u0107? Dlaczego badania kliniczne i EBM s\u0105 odpowiedzi\u0105 na aktualne problemy?<\/span><\/p>\n<p><span style=\"color: #808080\">Prowadz\u0105cy:<\/span><\/p>\n<p><span style=\"color: #808080\"><b>dr Iwona Kania<\/b><\/span><span style=\"color: #808080\">\u00a0(Naczelna Izba Lekarska, p.o. Kierownika Dzia\u0142u Komunikacji, @iwona.kania.official)<\/span><\/p>\n<p><span style=\"color: #808080\">Paneli\u015bci:<\/span><\/p>\n<ul>\n<li><span style=\"color: #808080\"><strong>prof. dr hab. Krzysztof Nowosielski<\/strong> (SUM, Specjalista w dziedzinie ginekologii i po\u0142o\u017cnictwa, @prof_nowosielski_)<\/span><\/li>\n<li><span style=\"color: #808080\"><strong>prof. dr hab. B\u0142a\u017cej Misiak<\/strong> (UMW, Kierownik Katedry i Kliniki Psychiatrii, specjalista w dziedzinie psychiatrii)<\/span><\/li>\n<li><span style=\"color: #808080\"><strong>Kamila Grabek<\/strong> (Urofizjoterapeutka, @twoja.ulubiona.fizjo)<\/span><\/li>\n<\/ul>\n<\/td>\n<\/tr>\n<tr>\n<td width=\"126\"><span style=\"color: #808080\">12.10 \u2013 12.40<\/span><\/td>\n<td width=\"495\"><span style=\"color: #808080\">Przerwa kawowa<\/span><\/td>\n<\/tr>\n<tr>\n<td width=\"126\"><span style=\"color: #808080\">12.40 \u2013 13.30<\/span><\/td>\n<td width=\"495\">\n<p><strong><span style=\"color: #808080\">PANEL III<\/span><\/strong><br \/><span style=\"color: #808080\">Recepta na d\u0142ugowieczno\u015b\u0107 &#8211; zadbaj by Twoje serce bi\u0142o jak najd\u0142u\u017cej. Podsumowanie najwa\u017cniejszych bada\u0144 klinicznych dowodz\u0105cych skuteczno\u015bci leczenia chor\u00f3b sercowo-naczyniowych.<\/span><\/p>\n<p><span style=\"color: #808080\">Prowadz\u0105cy:<\/span><\/p>\n<p><strong><span style=\"color: #808080\"><b>Pawe\u0142 Go\u0142\u0119bski<\/b>\u00a0<\/span><\/strong><span style=\"color: #808080\">(Dziennikarz radiowy)<\/span><\/p>\n<p><span style=\"color: #808080\">Paneli\u015bci:<\/span><\/p>\n<ul>\n<li><span style=\"color: #808080\"><strong>prof. dr hab. Maciej Banach<\/strong> (Specjalista w dziedzinie kardiologii, Prezes Polskiego Towarzystwa Lipidologicznego @maciej.banach)<\/span><\/li>\n<li><span style=\"color: #808080\"><strong>dr Agnieszka Graczyk-Szuster<\/strong>\u00a0(Specjalista w dziedzinie kardiologii, @doktorodserc)<\/span><\/li>\n<li><span style=\"color: #808080\"><strong>dr hab. Robert Zymli\u0144ski, prof. UMW<\/strong> (Dziekan Wydzia\u0142u Lekarskiego, Kierownik Kliniki Intensywnej Terapii Kardiologicznej, Specjalista w dziedzinie kardiologii)<\/span><\/li>\n<li><span style=\"color: #808080\"><strong>prof. dr hab. Izabella Uchmanowicz<\/strong> (UMW, Dziekan Wydzia\u0142u Piel\u0119gniarstwa i Po\u0142o\u017cnictwa)<\/span><\/li>\n<\/ul>\n<\/td>\n<\/tr>\n<tr>\n<td width=\"126\"><span style=\"color: #808080\">13.40 \u2013 14.30<\/span><\/td>\n<td width=\"495\">\n<p><strong><span style=\"color: #808080\">PANEL IV<\/span><\/strong><br \/><span style=\"color: #808080\">Czego nie m\u00f3wi ci Internet, a dowiesz si\u0119 o tym od lekarza. Realne konsekwencje rezygnacji ze szczepie\u0144 i podsumowanie najwa\u017cniejszych bada\u0144 klinicznych zwi\u0105zanych ze stosowaniem szczepie\u0144.<\/span><\/p>\n<p><span style=\"color: #808080\">Prowadz\u0105cy: <\/span><br \/><strong><span style=\"color: #808080\"><b>Agata Dzikowska<\/b> <\/span><\/strong><span style=\"color: #808080\">(Dyrektor Wydzia\u0142u Komunikacji Spo\u0142ecznej UM we Wroc\u0142awiu)<\/span><\/p>\n<p><span style=\"color: #808080\">Paneli\u015bci:<\/span><\/p>\n<ul>\n<li><span style=\"color: #808080\"><strong>prof. dr hab. Barbara Kr\u00f3lak-Olejnik<\/strong> (UMW, Kierownik Katedry i Kliniki Neonatologii, Specjalista w dziedzinie neonatologii)<\/span><\/li>\n<li><span style=\"color: #808080\"><strong>prof. dr hab. Jerzy Konstantynowicz<\/strong> (UMB, Klinika Pediatrii, Reumatologi, Immunologii i chor\u00f3b metabolicznych ko\u015bci)<\/span><\/li>\n<li><span style=\"color: #808080\"><strong>dr Kamila Ludwikowska<\/strong> (UMW, Katedra i Klinika Pediatrii i Chor\u00f3b Infekcyjnych, Specjalista w dziedzinie pediatrii i chor\u00f3b zaka\u017anych)<\/span><\/li>\n<li><span style=\"color: #808080\"><strong>dr Justyna Tymi\u0144ska<\/strong> (U\u0141, Specjalista w dziedzinie medycyny rodzinnej)<\/span><\/li>\n<li><span style=\"color: #808080\"><strong>Martyna Szaniawska<\/strong> (Farmaceutka)<\/span><\/li>\n<\/ul>\n<\/td>\n<\/tr>\n<tr>\n<td width=\"126\"><span style=\"color: #808080\">14.40 \u2013 15.30<\/span><\/td>\n<td width=\"495\">\n<p><strong><span style=\"color: #808080\">PANEL V<\/span><\/strong><br \/><span style=\"color: #808080\">Mo\u017cesz unikn\u0105\u0107 raka. Co robi\u0107 by skutecznie mu zapobiega\u0107? Badania profilaktyczne, nowoczesna onkologia w obliczu innowacyjnych terapii i bada\u0144 klinicznych.<\/span><\/p>\n<p><span style=\"color: #808080\">Prowadz\u0105cy:<\/span><\/p>\n<p><span style=\"color: #808080\"><strong>dr Jolanta Grzebieluch<\/strong> (UMW, Katedra Zdrowia Publicznego)<\/span><\/p>\n<p><span style=\"color: #808080\">Paneli\u015bci:<\/span><\/p>\n<ul>\n<li><span style=\"color: #808080\"><strong>Izabella D\u0119bicka<\/strong> (UMW, pe\u0142nomocnik rektora UMW oraz pe\u0142nomocnik dyrektora USK ds. onkologii)<\/span><\/li>\n<li><span style=\"color: #808080\"><strong>Kamil Karpowicz<\/strong> (Specjalista w dziedzinie onkologii klinicznej, @onkologbezgranic)<\/span><\/li>\n<li><span style=\"color: #808080\"><strong>prof. dr hab. Dawid Murawa<\/strong> (UZ, Specjalista w dziedzinie chirurgii onkologicznej, @murawa_onkolog)<\/span><\/li>\n<li><span style=\"color: #808080\"><strong>dr hab. Katarzyna Neubauer, prof. UMW <\/strong>(Prodziekan Wydzia\u0142u Lekarskiego, Kierownik Katedry i Kliniki Gastroenterologii, Hepatologii i Chor\u00f3b Wewn\u0119trznych)<\/span><\/li>\n<\/ul>\n<\/td>\n<\/tr>\n<tr>\n<td width=\"126\"><span style=\"color: #808080\">15.30 \u2013 16.30<\/span><\/td>\n<td width=\"495\"><span style=\"color: #808080\">Lunch<\/span><\/td>\n<\/tr>\n<tr>\n<td colspan=\"2\" width=\"621\">\u00a0<\/td>\n<\/tr>\n<tr>\n<td colspan=\"2\" width=\"621\"><span style=\"color: #808080\">Dzie\u0144 II (19 pa\u017adziernika, niedziela)<\/span><\/td>\n<\/tr>\n<tr>\n<td width=\"126\"><span style=\"color: #808080\">8.00 \u2013 9.00<\/span><\/td>\n<td width=\"495\"><span style=\"color: #808080\">Rejestracja uczestnik\u00f3w warsztat\u00f3w<\/span><\/td>\n<\/tr>\n<tr>\n<td width=\"126\"><span style=\"color: #808080\">9.00 \u2013 9.45<\/span><\/td>\n<td width=\"495\">\n<p><strong><span style=\"color: #808080\">Warsztaty dla lekarzy i student\u00f3w:<\/span><\/strong><br \/><span style=\"color: #808080\">\u201eAI narz\u0119dzie w r\u0119kach pracy lekarza.\u201d<\/span><br \/><span style=\"color: #808080\">Jak analizowa\u0107 informacje otrzymane od AI z wykorzystaniem bada\u0144 klinicznych. (rejestracja <a href=\"https:\/\/app.evenea.pl\/event\/influencemed-warsztaty-2\/\">tutaj<\/a>)<\/span><\/p>\n<p><span style=\"color: #808080\">Prelegenci:<\/span><\/p>\n<ul>\n<li><span style=\"color: #808080\"><strong>dr Agnieszka Siennicka<\/strong> (UMW, Prodziekan ds. Rozwoju Wydzia\u0142u Nauk o Zdrowiu)<\/span><\/li>\n<li><span style=\"color: #808080\"><strong>Jakub Sojka<\/strong> (UMW, Dyrektor Centrum Transferu Technologii)<\/span><\/li>\n<li><span style=\"color: #808080\"><strong>dr\u00a0Kamila Ludwikowska<\/strong> (UMW, Katedra i Klinika Pediatrii i Chor\u00f3b Infekcyjnych, specjalista w dziedzinie pediatrii i chor\u00f3b zaka\u017anych)<\/span><\/li>\n<\/ul>\n<\/td>\n<\/tr>\n<tr>\n<td width=\"126\"><span style=\"color: #808080\">10.00 \u2013 10.50<\/span><\/td>\n<td width=\"495\">\n<p><strong><span style=\"color: #808080\">PANEL VI<\/span><\/strong><br \/><span style=\"color: #808080\">Trudne sprawy. Jak rozmawia\u0107 o chorobach rzadkich. Nowe wyniki bada\u0144 klinicznych, nadzieja czy utopia dla choruj\u0105cych?<\/span><\/p>\n<p><span style=\"color: #808080\">Prowadz\u0105cy:<\/span><\/p>\n<p><strong><span style=\"color: #808080\"><b>Maciej Sas<\/b><\/span><\/strong>\u00a0<span style=\"color: #808080\">(Dziennikarz)<\/span><\/p>\n<p><span style=\"color: #808080\">Paneli\u015bci:<\/span><\/p>\n<ul>\n<li><span style=\"color: #808080\"><strong>prof. dr hab. Robert \u015amigiel<\/strong> (UMW, Kierownik Katedry i Kliniki Pediatrii, Endokrynologii, Diabetologii i Chor\u00f3b Metabolicznych, Specjalista w dziedzinie genetyki i pediatrii)<\/span><\/li>\n<li><span style=\"color: #808080\"><strong>dr Tomasz Pytrus, prof. UMW<\/strong> (Kierownik Kliniki Pediatrii, Gastroenterologii i \u017bywienia USK)<\/span><\/li>\n<li><span style=\"color: #808080\"><strong>Monika Rachtan<\/strong> (Dziennikarka Medyczna, mama Matyldy dziewczynki z zespo\u0142em Pitta Hopkinsa, influ med.)<\/span><\/li>\n<li><span style=\"color: #808080\"><strong>dr hab. Rados\u0142aw Tymi\u0144ski<\/strong> (Adwokat)<\/span><\/li>\n<\/ul>\n<\/td>\n<\/tr>\n<tr>\n<td width=\"126\"><span style=\"color: #808080\">11.00 \u2013 11.50<\/span><\/td>\n<td width=\"495\">\n<p><strong><span style=\"color: #808080\">PANEL VII<\/span><\/strong><br \/><span style=\"color: #808080\">Testy na ludziach, czy realny wk\u0142ad w rozw\u00f3j polskiej medycyny? Na czym polegaj\u0105 badania kliniczne?<\/span><\/p>\n<p><span style=\"color: #808080\">Prowadz\u0105cy:<\/span><\/p>\n<p><span style=\"color: #808080\"><strong>Monika Fajge<\/strong> (Gazeta Wroc\u0142awska)<\/span><\/p>\n<p><span style=\"color: #808080\">Paneli\u015bci:<\/span><\/p>\n<ul>\n<li><strong><span style=\"color: #808080\"><b>prof. dr hab. Piotr Rutkowski<\/b><\/span><\/strong><br \/><span style=\"color: #808080\">(Przewodnicz\u0105cy Rady Agencji Bada\u0144 Medycznych) &#8211; nagranie<\/span><\/li>\n<li><span style=\"color: #808080\"><strong>dr \u0141ukasz Durajski<\/strong> (Instytut Zdrowia Dziecka, @dokotorekradzi)<\/span><\/li>\n<li><span style=\"color: #808080\"><strong>Ma\u0142gorzata Krynicka-Duszy\u0144ska<\/strong> (Instytut Immunologii i Terapii Do\u015bwiadczalnej PAN we Wroc\u0142awiu)<\/span><\/li>\n<li><span style=\"color: #808080\"><strong>Maria Wo\u0142kowi\u0144ska<\/strong> (UMW, Uniwersyteckie Centrum Wsparcia Bada\u0144 Klinicznych)<\/span><\/li>\n<li><span style=\"color: #808080\"><strong>prof. dr hab. Anna Czy\u017c<\/strong> (UMW, Katedra i Klinika Hematologii, Terapii Kom\u00f3rkowych i Chor\u00f3b Wewn\u0119trznych)<\/span><\/li>\n<\/ul>\n<\/td>\n<\/tr>\n<tr>\n<td width=\"126\"><span style=\"color: #808080\">11.50 \u2013 12.20<\/span><\/td>\n<td width=\"495\"><span style=\"color: #808080\">Przerwa kawowa<\/span><\/td>\n<\/tr>\n<tr>\n<td width=\"126\"><span style=\"color: #808080\">12.20 \u2013 13.10<\/span><\/td>\n<td width=\"495\">\n<p><span style=\"color: #808080\"><strong>PANEL VIII<\/strong><\/span><br \/><span style=\"color: #808080\">Nasze dzieci tyj\u0105 na pot\u0119g\u0119 &#8211; \u00a0czy mamy tego \u015bwiadomo\u015b\u0107?<\/span><br \/><span style=\"color: #808080\">Kampania NABIERAMY ODWAGI w badaniach klinicznych.<\/span><\/p>\n<p><span style=\"color: #808080\">Prowadz\u0105cy:<\/span><\/p>\n<p><strong><span style=\"color: #808080\"><b> Pawe\u0142 Go\u0142\u0119bski<\/b><\/span>\u00a0<span style=\"color: #808080\">(Dziennikarz radiowy)<\/span><\/strong><\/p>\n<p><span style=\"color: #808080\">Paneli\u015bci:<\/span><\/p>\n<ul>\n<li><span style=\"color: #808080\"><strong>prof. dr hab. Marzena Dominiak<\/strong> (UMW, Prorektor ds. Umi\u0119dzynarodowienia, inicjatorka kampanii #nabieraMYodwagi)<\/span><\/li>\n<li><span style=\"color: #808080\"><strong>dr Iwona Chor\u0105\u017cewska<\/strong> (UMW\u00a0Uniwersyteckie Centrum Fizjoterapii i Rehabilitacji)<\/span><\/li>\n<li><span style=\"color: #808080\"><strong>dr hab. Micha\u0142 Czapla, prof. UMW<\/strong> (Katedra Ratownictwa Medycznego)<\/span><\/li>\n<li><span style=\"color: #808080\"><strong>Katarzyna Lech-Bad\u0142ak<\/strong> (Pediatra, Kierownik Odzia\u0142u Dzieci\u0119cego w Milickim Centrum Medycznym, program STOP oty\u0142o\u015bci, specjalizuje si\u0119 w leczeniu oty\u0142o\u015bci u dzieci, @pediatra.o.otylosci)<\/span><\/li>\n<li><span style=\"color: #808080\"><strong>dr Paulina Ihnatowicz<\/strong> (Dietetyk kliniczny, @dr_paulaihnatowicz)<\/span><\/li>\n<li><strong><span style=\"color: #808080\"><b>dr hab. Monika Raulinajtys-Grzybek prof. SGH<\/b><\/span><\/strong><\/li>\n<\/ul>\n<\/td>\n<\/tr>\n<tr>\n<td width=\"126\"><span style=\"color: #808080\">13.20 \u2013 14.10<\/span><\/td>\n<td width=\"495\">\n<p><strong><span style=\"color: #808080\">PANEL IX<\/span><\/strong><br \/><span style=\"color: #808080\">Centrum Odkry\u0107 Medycznych. Zdrowie w trendach &#8211; prze\u0142omowe sposoby m\u00f3wienia o badaniach i profilaktyce.<\/span><\/p>\n<p><span style=\"color: #808080\">Prowadz\u0105cy:<\/span><\/p>\n<p><span style=\"color: #808080\"><strong>Wioletta Samborska<\/strong> (UMW, Dyrektorka Centrum Odkry\u0107 Medycznych)<\/span><\/p>\n<p><span style=\"color: #808080\">Paneli\u015bci:<\/span><\/p>\n<ul>\n<li><span style=\"color: #808080\"><strong>Jolanta Niezgodzka<\/strong> (Pos\u0142anka na Sejm Rzeczypospolitej Polskiej)<\/span><\/li>\n<li><span style=\"color: #808080\"><strong>Joanna Nyczak<\/strong> (Dyrektorka Wydzia\u0142u Zdrowia Urz\u0119du Miasta Wroc\u0142awia)<\/span><\/li>\n<li><span style=\"color: #808080\"><strong>Marta Soja-Bochenek<\/strong> (Ekspertka influencer marketingu)<\/span><\/li>\n<li><span style=\"color: #808080\"><strong>Adam Pietrzak<\/strong> (Aktor)<\/span><\/li>\n<li><span style=\"color: #808080\"><strong>Zofia Ku\u017anik<\/strong> (Studentka UMW, influencerka, @biophisticated)<\/span><\/li>\n<\/ul>\n<\/td>\n<\/tr>\n<tr>\n<td width=\"126\"><span style=\"color: #808080\">14.20 \u2013 15.20<\/span><\/td>\n<td width=\"495\"><span style=\"color: #808080\">Podsumowanie i zako\u0144czenie konferencji<\/span><\/td>\n<\/tr>\n<tr>\n<td width=\"126\"><span style=\"color: #808080\">15.30 \u2013 16.30<\/span><\/td>\n<td width=\"495\"><span style=\"color: #808080\">Lunch<\/span><\/td>\n<\/tr>\n<\/tbody>\n<\/table>\n<p>&nbsp;<\/p>\n<p>&nbsp;<\/p>\n<p>&nbsp;<\/p>\n\n\n<figure class=\"wp-block-image size-large\"><img loading=\"lazy\" decoding=\"async\" width=\"1024\" height=\"131\" src=\"https:\/\/konferencje.umw.edu.pl\/influence2025\/wp-content\/uploads\/sites\/38\/2025\/10\/KPO_barwy-RP_NextGenerationEU_poziom_zestawienie_podstawowe_-RGB-1024x131.jpg\" alt=\"\" class=\"wp-image-721\" srcset=\"https:\/\/konferencje.umw.edu.pl\/influence2025\/wp-content\/uploads\/sites\/38\/2025\/10\/KPO_barwy-RP_NextGenerationEU_poziom_zestawienie_podstawowe_-RGB-1024x131.jpg 1024w, https:\/\/konferencje.umw.edu.pl\/influence2025\/wp-content\/uploads\/sites\/38\/2025\/10\/KPO_barwy-RP_NextGenerationEU_poziom_zestawienie_podstawowe_-RGB-300x38.jpg 300w, https:\/\/konferencje.umw.edu.pl\/influence2025\/wp-content\/uploads\/sites\/38\/2025\/10\/KPO_barwy-RP_NextGenerationEU_poziom_zestawienie_podstawowe_-RGB-768x98.jpg 768w, https:\/\/konferencje.umw.edu.pl\/influence2025\/wp-content\/uploads\/sites\/38\/2025\/10\/KPO_barwy-RP_NextGenerationEU_poziom_zestawienie_podstawowe_-RGB-1536x197.jpg 1536w, https:\/\/konferencje.umw.edu.pl\/influence2025\/wp-content\/uploads\/sites\/38\/2025\/10\/KPO_barwy-RP_NextGenerationEU_poziom_zestawienie_podstawowe_-RGB-2048x262.jpg 2048w, https:\/\/konferencje.umw.edu.pl\/influence2025\/wp-content\/uploads\/sites\/38\/2025\/10\/KPO_barwy-RP_NextGenerationEU_poziom_zestawienie_podstawowe_-RGB-228x29.jpg 228w\" sizes=\"auto, (max-width: 1024px) 100vw, 1024px\" \/><\/figure>\n\n\n\n<p>Sfinansowane ze \u015brodk\u00f3w projektu pn. \u201eDoskonalenie potencja\u0142u naukowo badawczego Uniwersyteckiego Centrum Wsparcia Bada\u0144 Klinicznych we Wroc\u0142awiu&#8221; w ramach Krajowego Planu Odbudowy, nr umowy: 2024\/ABM\/7\/KPO nr projektu KPO.07.07-IW.07-334\/24.<\/p>\n","protected":false},"excerpt":{"rendered":"<p>Dzie\u0144 I (18 pa\u017adziernika, sobota) 8.00 \u2013 9.00 Rejestracja uczestnik\u00f3w warsztat\u00f3w 8.00 \u2013 10.00 Rejestracja uczestnik\u00f3w konferencji 9.00 \u2013 9.45 Warsztaty dla lekarzy i student\u00f3w:\u201eKompetencje w Internecie \u2013 jak budowa\u0107 swoj\u0105 mark\u0119 i pozycjonowa\u0107 si\u0119 online?\u201d Korzystanie z EBM i wynik\u00f3w bada\u0144 klinicznych w komunikacji z odbiorcami. (rejestracja tutaj) Prelegenci: dr Iwona Kania (Naczelna Izba<\/p>\n<div><a class=\"btn-filled btn\" href=\"https:\/\/konferencje.umw.edu.pl\/influence2025\/program\/\" title=\"Program\">Dowiedz si\u0119 wi\u0119cej<\/a><\/div>\n","protected":false},"author":21,"featured_media":0,"parent":0,"menu_order":0,"comment_status":"closed","ping_status":"closed","template":"","meta":{"footnotes":""},"class_list":["post-259","page","type-page","status-publish","hentry"],"_links":{"self":[{"href":"https:\/\/konferencje.umw.edu.pl\/influence2025\/wp-json\/wp\/v2\/pages\/259","targetHints":{"allow":["GET"]}}],"collection":[{"href":"https:\/\/konferencje.umw.edu.pl\/influence2025\/wp-json\/wp\/v2\/pages"}],"about":[{"href":"https:\/\/konferencje.umw.edu.pl\/influence2025\/wp-json\/wp\/v2\/types\/page"}],"author":[{"embeddable":true,"href":"https:\/\/konferencje.umw.edu.pl\/influence2025\/wp-json\/wp\/v2\/users\/21"}],"replies":[{"embeddable":true,"href":"https:\/\/konferencje.umw.edu.pl\/influence2025\/wp-json\/wp\/v2\/comments?post=259"}],"version-history":[{"count":147,"href":"https:\/\/konferencje.umw.edu.pl\/influence2025\/wp-json\/wp\/v2\/pages\/259\/revisions"}],"predecessor-version":[{"id":890,"href":"https:\/\/konferencje.umw.edu.pl\/influence2025\/wp-json\/wp\/v2\/pages\/259\/revisions\/890"}],"wp:attachment":[{"href":"https:\/\/konferencje.umw.edu.pl\/influence2025\/wp-json\/wp\/v2\/media?parent=259"}],"curies":[{"name":"wp","href":"https:\/\/api.w.org\/{rel}","templated":true}]}}