{"id":278,"date":"2023-11-17T21:23:41","date_gmt":"2023-11-17T20:23:41","guid":{"rendered":"https:\/\/konferencje.umw.edu.pl\/influence2025\/?page_id=278"},"modified":"2025-10-15T11:25:13","modified_gmt":"2025-10-15T09:25:13","slug":"organizatorzy","status":"publish","type":"page","link":"https:\/\/konferencje.umw.edu.pl\/influence2025\/organizatorzy\/","title":{"rendered":"Organizatorzy"},"content":{"rendered":"<p>&nbsp;<\/p>\n<p><img loading=\"lazy\" decoding=\"async\" class=\"alignnone  wp-image-520\" src=\"https:\/\/konferencje.umw.edu.pl\/influence2025\/wp-content\/uploads\/sites\/38\/2025\/07\/logo_UMW_uklad_symetryczny_wersja_POL_dwuwierszowa_wersja_CMYK-300x136.png\" alt=\"\" width=\"399\" height=\"181\" srcset=\"https:\/\/konferencje.umw.edu.pl\/influence2025\/wp-content\/uploads\/sites\/38\/2025\/07\/logo_UMW_uklad_symetryczny_wersja_POL_dwuwierszowa_wersja_CMYK-300x136.png 300w, https:\/\/konferencje.umw.edu.pl\/influence2025\/wp-content\/uploads\/sites\/38\/2025\/07\/logo_UMW_uklad_symetryczny_wersja_POL_dwuwierszowa_wersja_CMYK-1024x464.png 1024w, https:\/\/konferencje.umw.edu.pl\/influence2025\/wp-content\/uploads\/sites\/38\/2025\/07\/logo_UMW_uklad_symetryczny_wersja_POL_dwuwierszowa_wersja_CMYK-768x348.png 768w, https:\/\/konferencje.umw.edu.pl\/influence2025\/wp-content\/uploads\/sites\/38\/2025\/07\/logo_UMW_uklad_symetryczny_wersja_POL_dwuwierszowa_wersja_CMYK-1536x696.png 1536w, https:\/\/konferencje.umw.edu.pl\/influence2025\/wp-content\/uploads\/sites\/38\/2025\/07\/logo_UMW_uklad_symetryczny_wersja_POL_dwuwierszowa_wersja_CMYK-228x103.png 228w, https:\/\/konferencje.umw.edu.pl\/influence2025\/wp-content\/uploads\/sites\/38\/2025\/07\/logo_UMW_uklad_symetryczny_wersja_POL_dwuwierszowa_wersja_CMYK.png 1684w\" sizes=\"auto, (max-width: 399px) 100vw, 399px\" \/><\/p>\n<p><img loading=\"lazy\" decoding=\"async\" class=\"alignnone size-medium wp-image-706\" src=\"https:\/\/konferencje.umw.edu.pl\/influence2025\/wp-content\/uploads\/sites\/38\/2025\/10\/Monika_Rachtansss-300x300.jpg\" alt=\"\" width=\"300\" height=\"300\" srcset=\"https:\/\/konferencje.umw.edu.pl\/influence2025\/wp-content\/uploads\/sites\/38\/2025\/10\/Monika_Rachtansss-300x300.jpg 300w, https:\/\/konferencje.umw.edu.pl\/influence2025\/wp-content\/uploads\/sites\/38\/2025\/10\/Monika_Rachtansss-150x150.jpg 150w, https:\/\/konferencje.umw.edu.pl\/influence2025\/wp-content\/uploads\/sites\/38\/2025\/10\/Monika_Rachtansss-116x116.jpg 116w, https:\/\/konferencje.umw.edu.pl\/influence2025\/wp-content\/uploads\/sites\/38\/2025\/10\/Monika_Rachtansss.jpg 400w\" sizes=\"auto, (max-width: 300px) 100vw, 300px\" \/><img loading=\"lazy\" decoding=\"async\" class=\"alignnone size-medium wp-image-715\" src=\"https:\/\/konferencje.umw.edu.pl\/influence2025\/wp-content\/uploads\/sites\/38\/2025\/10\/logo_ppp_full-300x300.png\" alt=\"\" width=\"300\" height=\"300\" srcset=\"https:\/\/konferencje.umw.edu.pl\/influence2025\/wp-content\/uploads\/sites\/38\/2025\/10\/logo_ppp_full-300x300.png 300w, https:\/\/konferencje.umw.edu.pl\/influence2025\/wp-content\/uploads\/sites\/38\/2025\/10\/logo_ppp_full-150x150.png 150w, https:\/\/konferencje.umw.edu.pl\/influence2025\/wp-content\/uploads\/sites\/38\/2025\/10\/logo_ppp_full-116x116.png 116w, https:\/\/konferencje.umw.edu.pl\/influence2025\/wp-content\/uploads\/sites\/38\/2025\/10\/logo_ppp_full.png 499w\" sizes=\"auto, (max-width: 300px) 100vw, 300px\" \/><\/p>\n\n<p>&nbsp;<\/p>\n<p>&nbsp;<\/p>\n<p>&nbsp;<\/p>\n\n\n<figure class=\"wp-block-image size-large\"><img loading=\"lazy\" decoding=\"async\" width=\"1024\" height=\"131\" src=\"https:\/\/konferencje.umw.edu.pl\/influence2025\/wp-content\/uploads\/sites\/38\/2025\/10\/KPO_barwy-RP_NextGenerationEU_poziom_zestawienie_podstawowe_-RGB-1024x131.jpg\" alt=\"\" class=\"wp-image-721\" srcset=\"https:\/\/konferencje.umw.edu.pl\/influence2025\/wp-content\/uploads\/sites\/38\/2025\/10\/KPO_barwy-RP_NextGenerationEU_poziom_zestawienie_podstawowe_-RGB-1024x131.jpg 1024w, https:\/\/konferencje.umw.edu.pl\/influence2025\/wp-content\/uploads\/sites\/38\/2025\/10\/KPO_barwy-RP_NextGenerationEU_poziom_zestawienie_podstawowe_-RGB-300x38.jpg 300w, https:\/\/konferencje.umw.edu.pl\/influence2025\/wp-content\/uploads\/sites\/38\/2025\/10\/KPO_barwy-RP_NextGenerationEU_poziom_zestawienie_podstawowe_-RGB-768x98.jpg 768w, https:\/\/konferencje.umw.edu.pl\/influence2025\/wp-content\/uploads\/sites\/38\/2025\/10\/KPO_barwy-RP_NextGenerationEU_poziom_zestawienie_podstawowe_-RGB-1536x197.jpg 1536w, https:\/\/konferencje.umw.edu.pl\/influence2025\/wp-content\/uploads\/sites\/38\/2025\/10\/KPO_barwy-RP_NextGenerationEU_poziom_zestawienie_podstawowe_-RGB-2048x262.jpg 2048w, https:\/\/konferencje.umw.edu.pl\/influence2025\/wp-content\/uploads\/sites\/38\/2025\/10\/KPO_barwy-RP_NextGenerationEU_poziom_zestawienie_podstawowe_-RGB-228x29.jpg 228w\" sizes=\"auto, (max-width: 1024px) 100vw, 1024px\" \/><\/figure>\n\n\n\n<p class=\"has-small-font-size\">Sfinansowane ze \u015brodk\u00f3w projektu pn. \u201eDoskonalenie potencja\u0142u naukowo badawczego Uniwersyteckiego Centrum Wsparcia Bada\u0144 Klinicznych we Wroc\u0142awiu&#8221; w ramach Krajowego Planu Odbudowy, nr umowy: 2024\/ABM\/7\/KPO nr projektu KPO.07.07-IW.07-334\/24.<\/p>\n","protected":false},"excerpt":{"rendered":"<p>&nbsp; &nbsp; &nbsp; &nbsp; Sfinansowane ze \u015brodk\u00f3w projektu pn. \u201eDoskonalenie potencja\u0142u naukowo badawczego Uniwersyteckiego Centrum Wsparcia Bada\u0144 Klinicznych we Wroc\u0142awiu&#8221; w ramach Krajowego Planu Odbudowy, nr umowy: 2024\/ABM\/7\/KPO nr projektu KPO.07.07-IW.07-334\/24.<\/p>\n","protected":false},"author":21,"featured_media":0,"parent":0,"menu_order":0,"comment_status":"closed","ping_status":"closed","template":"","meta":{"footnotes":""},"class_list":["post-278","page","type-page","status-publish","hentry"],"_links":{"self":[{"href":"https:\/\/konferencje.umw.edu.pl\/influence2025\/wp-json\/wp\/v2\/pages\/278","targetHints":{"allow":["GET"]}}],"collection":[{"href":"https:\/\/konferencje.umw.edu.pl\/influence2025\/wp-json\/wp\/v2\/pages"}],"about":[{"href":"https:\/\/konferencje.umw.edu.pl\/influence2025\/wp-json\/wp\/v2\/types\/page"}],"author":[{"embeddable":true,"href":"https:\/\/konferencje.umw.edu.pl\/influence2025\/wp-json\/wp\/v2\/users\/21"}],"replies":[{"embeddable":true,"href":"https:\/\/konferencje.umw.edu.pl\/influence2025\/wp-json\/wp\/v2\/comments?post=278"}],"version-history":[{"count":18,"href":"https:\/\/konferencje.umw.edu.pl\/influence2025\/wp-json\/wp\/v2\/pages\/278\/revisions"}],"predecessor-version":[{"id":825,"href":"https:\/\/konferencje.umw.edu.pl\/influence2025\/wp-json\/wp\/v2\/pages\/278\/revisions\/825"}],"wp:attachment":[{"href":"https:\/\/konferencje.umw.edu.pl\/influence2025\/wp-json\/wp\/v2\/media?parent=278"}],"curies":[{"name":"wp","href":"https:\/\/api.w.org\/{rel}","templated":true}]}}