{"id":320,"date":"2024-01-29T10:28:55","date_gmt":"2024-01-29T09:28:55","guid":{"rendered":"https:\/\/konferencje.umw.edu.pl\/influence2025\/?page_id=320"},"modified":"2025-10-15T11:28:13","modified_gmt":"2025-10-15T09:28:13","slug":"reportaz","status":"publish","type":"page","link":"https:\/\/konferencje.umw.edu.pl\/influence2025\/reportaz\/","title":{"rendered":"Komitet naukowy"},"content":{"rendered":"<p><img loading=\"lazy\" decoding=\"async\" class=\"alignnone size-medium wp-image-682\" src=\"https:\/\/konferencje.umw.edu.pl\/influence2025\/wp-content\/uploads\/sites\/38\/2025\/10\/DSC1749_1-wwwsss-300x274.jpg\" alt=\"\" width=\"300\" height=\"274\" srcset=\"https:\/\/konferencje.umw.edu.pl\/influence2025\/wp-content\/uploads\/sites\/38\/2025\/10\/DSC1749_1-wwwsss-300x274.jpg 300w, https:\/\/konferencje.umw.edu.pl\/influence2025\/wp-content\/uploads\/sites\/38\/2025\/10\/DSC1749_1-wwwsss-768x701.jpg 768w, https:\/\/konferencje.umw.edu.pl\/influence2025\/wp-content\/uploads\/sites\/38\/2025\/10\/DSC1749_1-wwwsss-127x116.jpg 127w, https:\/\/konferencje.umw.edu.pl\/influence2025\/wp-content\/uploads\/sites\/38\/2025\/10\/DSC1749_1-wwwsss.jpg 878w\" sizes=\"auto, (max-width: 300px) 100vw, 300px\" \/><\/p>\n<p>Dr hab. \u0141ukasz Rypicz (UMW, Dziekan Wydzia\u0142u Nauk o Zdrowiu)<\/p>\n<p>&nbsp;<\/p>\n<p><img loading=\"lazy\" decoding=\"async\" class=\"alignnone size-medium wp-image-683\" src=\"https:\/\/konferencje.umw.edu.pl\/influence2025\/wp-content\/uploads\/sites\/38\/2025\/10\/DSC8165ssss-300x284.jpg\" alt=\"\" width=\"300\" height=\"284\" srcset=\"https:\/\/konferencje.umw.edu.pl\/influence2025\/wp-content\/uploads\/sites\/38\/2025\/10\/DSC8165ssss-300x284.jpg 300w, https:\/\/konferencje.umw.edu.pl\/influence2025\/wp-content\/uploads\/sites\/38\/2025\/10\/DSC8165ssss-1024x968.jpg 1024w, https:\/\/konferencje.umw.edu.pl\/influence2025\/wp-content\/uploads\/sites\/38\/2025\/10\/DSC8165ssss-768x726.jpg 768w, https:\/\/konferencje.umw.edu.pl\/influence2025\/wp-content\/uploads\/sites\/38\/2025\/10\/DSC8165ssss-1536x1452.jpg 1536w, https:\/\/konferencje.umw.edu.pl\/influence2025\/wp-content\/uploads\/sites\/38\/2025\/10\/DSC8165ssss-123x116.jpg 123w, https:\/\/konferencje.umw.edu.pl\/influence2025\/wp-content\/uploads\/sites\/38\/2025\/10\/DSC8165ssss.jpg 1931w\" sizes=\"auto, (max-width: 300px) 100vw, 300px\" \/><\/p>\n<p>Dr hab. Robert Zymli\u0144ski, prof. UMW (Dziekan Wydzia\u0142u Lekarskiego, Kierownik Kliniki Intesywnej Terapii Kardiologicznej)<\/p>\n<p>&nbsp;<\/p>\n<p><img loading=\"lazy\" decoding=\"async\" class=\"alignnone size-medium wp-image-684\" src=\"https:\/\/konferencje.umw.edu.pl\/influence2025\/wp-content\/uploads\/sites\/38\/2025\/10\/dorota_sikora-300x300.jpg\" alt=\"\" width=\"300\" height=\"300\" srcset=\"https:\/\/konferencje.umw.edu.pl\/influence2025\/wp-content\/uploads\/sites\/38\/2025\/10\/dorota_sikora-300x300.jpg 300w, https:\/\/konferencje.umw.edu.pl\/influence2025\/wp-content\/uploads\/sites\/38\/2025\/10\/dorota_sikora-1024x1024.jpg 1024w, https:\/\/konferencje.umw.edu.pl\/influence2025\/wp-content\/uploads\/sites\/38\/2025\/10\/dorota_sikora-150x150.jpg 150w, https:\/\/konferencje.umw.edu.pl\/influence2025\/wp-content\/uploads\/sites\/38\/2025\/10\/dorota_sikora-768x768.jpg 768w, https:\/\/konferencje.umw.edu.pl\/influence2025\/wp-content\/uploads\/sites\/38\/2025\/10\/dorota_sikora-116x116.jpg 116w, https:\/\/konferencje.umw.edu.pl\/influence2025\/wp-content\/uploads\/sites\/38\/2025\/10\/dorota_sikora.jpg 1200w\" sizes=\"auto, (max-width: 300px) 100vw, 300px\" \/><\/p>\n<p>Dr Dorota Sikora (UMW, Dyrektor Biura Ranking\u00f3w Akademickich i Komunikacji)<\/p>\n<p>&nbsp;<\/p>\n<p>&nbsp;<\/p>\n<p>&nbsp;<\/p>\n\n\n<figure class=\"wp-block-image size-large\"><img loading=\"lazy\" decoding=\"async\" width=\"1024\" height=\"131\" src=\"https:\/\/konferencje.umw.edu.pl\/influence2025\/wp-content\/uploads\/sites\/38\/2025\/10\/KPO_barwy-RP_NextGenerationEU_poziom_zestawienie_podstawowe_-RGB-1024x131.jpg\" alt=\"\" class=\"wp-image-721\" srcset=\"https:\/\/konferencje.umw.edu.pl\/influence2025\/wp-content\/uploads\/sites\/38\/2025\/10\/KPO_barwy-RP_NextGenerationEU_poziom_zestawienie_podstawowe_-RGB-1024x131.jpg 1024w, https:\/\/konferencje.umw.edu.pl\/influence2025\/wp-content\/uploads\/sites\/38\/2025\/10\/KPO_barwy-RP_NextGenerationEU_poziom_zestawienie_podstawowe_-RGB-300x38.jpg 300w, https:\/\/konferencje.umw.edu.pl\/influence2025\/wp-content\/uploads\/sites\/38\/2025\/10\/KPO_barwy-RP_NextGenerationEU_poziom_zestawienie_podstawowe_-RGB-768x98.jpg 768w, https:\/\/konferencje.umw.edu.pl\/influence2025\/wp-content\/uploads\/sites\/38\/2025\/10\/KPO_barwy-RP_NextGenerationEU_poziom_zestawienie_podstawowe_-RGB-1536x197.jpg 1536w, https:\/\/konferencje.umw.edu.pl\/influence2025\/wp-content\/uploads\/sites\/38\/2025\/10\/KPO_barwy-RP_NextGenerationEU_poziom_zestawienie_podstawowe_-RGB-2048x262.jpg 2048w, https:\/\/konferencje.umw.edu.pl\/influence2025\/wp-content\/uploads\/sites\/38\/2025\/10\/KPO_barwy-RP_NextGenerationEU_poziom_zestawienie_podstawowe_-RGB-228x29.jpg 228w\" sizes=\"auto, (max-width: 1024px) 100vw, 1024px\" \/><\/figure>\n\n\n\n<p>Sfinansowane ze \u015brodk\u00f3w projektu pn. \u201eDoskonalenie potencja\u0142u naukowo badawczego Uniwersyteckiego Centrum Wsparcia Bada\u0144 Klinicznych we Wroc\u0142awiu&#8221; w ramach Krajowego Planu Odbudowy, nr umowy: 2024\/ABM\/7\/KPO nr projektu KPO.07.07-IW.07-334\/24.<\/p>\n","protected":false},"excerpt":{"rendered":"<p>Dr hab. \u0141ukasz Rypicz (UMW, Dziekan Wydzia\u0142u Nauk o Zdrowiu) &nbsp; Dr hab. Robert Zymli\u0144ski, prof. UMW (Dziekan Wydzia\u0142u Lekarskiego, Kierownik Kliniki Intesywnej Terapii Kardiologicznej) &nbsp; Dr Dorota Sikora (UMW, Dyrektor Biura Ranking\u00f3w Akademickich i Komunikacji) &nbsp; &nbsp; &nbsp; Sfinansowane ze \u015brodk\u00f3w projektu pn. \u201eDoskonalenie potencja\u0142u naukowo badawczego Uniwersyteckiego Centrum Wsparcia Bada\u0144 Klinicznych we Wroc\u0142awiu&#8221;<\/p>\n<div><a class=\"btn-filled btn\" href=\"https:\/\/konferencje.umw.edu.pl\/influence2025\/reportaz\/\" title=\"Komitet naukowy\">Dowiedz si\u0119 wi\u0119cej<\/a><\/div>\n","protected":false},"author":21,"featured_media":0,"parent":0,"menu_order":0,"comment_status":"closed","ping_status":"closed","template":"","meta":{"footnotes":""},"class_list":["post-320","page","type-page","status-publish","hentry"],"_links":{"self":[{"href":"https:\/\/konferencje.umw.edu.pl\/influence2025\/wp-json\/wp\/v2\/pages\/320","targetHints":{"allow":["GET"]}}],"collection":[{"href":"https:\/\/konferencje.umw.edu.pl\/influence2025\/wp-json\/wp\/v2\/pages"}],"about":[{"href":"https:\/\/konferencje.umw.edu.pl\/influence2025\/wp-json\/wp\/v2\/types\/page"}],"author":[{"embeddable":true,"href":"https:\/\/konferencje.umw.edu.pl\/influence2025\/wp-json\/wp\/v2\/users\/21"}],"replies":[{"embeddable":true,"href":"https:\/\/konferencje.umw.edu.pl\/influence2025\/wp-json\/wp\/v2\/comments?post=320"}],"version-history":[{"count":16,"href":"https:\/\/konferencje.umw.edu.pl\/influence2025\/wp-json\/wp\/v2\/pages\/320\/revisions"}],"predecessor-version":[{"id":829,"href":"https:\/\/konferencje.umw.edu.pl\/influence2025\/wp-json\/wp\/v2\/pages\/320\/revisions\/829"}],"wp:attachment":[{"href":"https:\/\/konferencje.umw.edu.pl\/influence2025\/wp-json\/wp\/v2\/media?parent=320"}],"curies":[{"name":"wp","href":"https:\/\/api.w.org\/{rel}","templated":true}]}}