{"id":525,"date":"2025-07-29T11:17:32","date_gmt":"2025-07-29T09:17:32","guid":{"rendered":"https:\/\/konferencje.umw.edu.pl\/influence2025\/?page_id=525"},"modified":"2025-10-16T10:10:26","modified_gmt":"2025-10-16T08:10:26","slug":"warsztaty","status":"publish","type":"page","link":"https:\/\/konferencje.umw.edu.pl\/influence2025\/warsztaty\/","title":{"rendered":"WARSZTATY"},"content":{"rendered":"<p><strong>Warsztaty dla lekarzy i student\u00f3w: <\/strong>\u201eKompetencje w internecie \u2013 jak budowa\u0107 swoj\u0105 mark\u0119 i pozycjonowa\u0107 si\u0119 online?\u201d Korzystanie z EBM i wynik\u00f3w bada\u0144 klinicznych w komunikacji z odbiorcami. Rejestracja <a href=\"https:\/\/app.evenea.pl\/event\/influencemed-warsztaty-1\/\">tutaj<\/a><\/p>\n<p>Zapraszamy na praktyczne warsztaty po\u015bwi\u0119cone obecno\u015bci lekarzy i student\u00f3w medycyny w \u015bwiecie cyfrowym. Podczas spotkania uczestnicy dowiedz\u0105 si\u0119:<\/p>\n<ul>\n<li>jak w spos\u00f3b etyczny i skuteczny budowa\u0107 swoj\u0105 mark\u0119 osobist\u0105 w internecie i w mediach cyfrowych,<\/li>\n<li>jak pozycjonowa\u0107 si\u0119 jako wiarygodne \u017ar\u00f3d\u0142o wiedzy w mediach spo\u0142eczno\u015bciowych,<\/li>\n<li>jak wykorzystywa\u0107 zasady Evidence-Based Medicine (EBM) i wyniki bada\u0144 klinicznych w komunikacji z pacjentami oraz odbiorcami tre\u015bci online,<\/li>\n<li>jak unika\u0107 najcz\u0119stszych b\u0142\u0119d\u00f3w w komunikacji medycznej i dba\u0107 o zaufanie publiczne. Dla kogo: lekarze, studenci kierunk\u00f3w medycznych oraz osoby zainteresowane profesjonaln\u0105 komunikacj\u0105 medyczn\u0105.<\/li>\n<\/ul>\n<p>&nbsp;<\/p>\n<p><strong>Warsztaty dla lekarzy i student\u00f3w:<\/strong>AI narz\u0119dzie w r\u0119kach pracy lekarza. Jak analizowa\u0107 informacje otrzymane od AI z wykorzystaniem bada\u0144 klinicznych. Rejestracja <a href=\"https:\/\/app.evenea.pl\/event\/influencemed-warsztaty-2\/\">tutaj<\/a><\/p>\n<p>Sztuczna inteligencja w praktyce klinicznej \u2013 jak korzysta\u0107 m\u0105drze i bezpiecznie.<strong><br \/><\/strong>Kr\u00f3tki, interaktywny warsztat dla lekarzy i student\u00f3w medycyny po\u015bwi\u0119cony praktycznemu wykorzystaniu narz\u0119dzi AI w codziennej pracy klinicznej. Prowadz\u0105cy, na konkretnych przyk\u0142adach przypadk\u00f3w medycznych, poka\u017c\u0105, jak rozumie\u0107 dzia\u0142anie modeli sztucznej inteligencji, jak z nich korzysta\u0107 w spos\u00f3b \u015bwiadomy i etyczny, a tak\u017ce jak rozpoznawa\u0107 ich ograniczenia. Uczestnicy naucz\u0105 si\u0119 ocenia\u0107 wiarygodno\u015b\u0107 wynik\u00f3w generowanych przez AI i integrowa\u0107 je z procesem diagnostycznym i decyzyjnym lekarza.<\/p>\n<p>Wst\u0119p wolny (liczba miejsc ograniczona \u2013 obowi\u0105zuje rejestracja)<\/p>\n<p>&nbsp;<\/p>\n<p>&nbsp;<\/p>\n<p>&nbsp;<\/p>\n\n\n<figure class=\"wp-block-image size-large\"><img loading=\"lazy\" decoding=\"async\" width=\"1024\" height=\"131\" src=\"https:\/\/konferencje.umw.edu.pl\/influence2025\/wp-content\/uploads\/sites\/38\/2025\/10\/KPO_barwy-RP_NextGenerationEU_poziom_zestawienie_podstawowe_-RGB-1024x131.jpg\" alt=\"\" class=\"wp-image-721\" srcset=\"https:\/\/konferencje.umw.edu.pl\/influence2025\/wp-content\/uploads\/sites\/38\/2025\/10\/KPO_barwy-RP_NextGenerationEU_poziom_zestawienie_podstawowe_-RGB-1024x131.jpg 1024w, https:\/\/konferencje.umw.edu.pl\/influence2025\/wp-content\/uploads\/sites\/38\/2025\/10\/KPO_barwy-RP_NextGenerationEU_poziom_zestawienie_podstawowe_-RGB-300x38.jpg 300w, https:\/\/konferencje.umw.edu.pl\/influence2025\/wp-content\/uploads\/sites\/38\/2025\/10\/KPO_barwy-RP_NextGenerationEU_poziom_zestawienie_podstawowe_-RGB-768x98.jpg 768w, https:\/\/konferencje.umw.edu.pl\/influence2025\/wp-content\/uploads\/sites\/38\/2025\/10\/KPO_barwy-RP_NextGenerationEU_poziom_zestawienie_podstawowe_-RGB-1536x197.jpg 1536w, https:\/\/konferencje.umw.edu.pl\/influence2025\/wp-content\/uploads\/sites\/38\/2025\/10\/KPO_barwy-RP_NextGenerationEU_poziom_zestawienie_podstawowe_-RGB-2048x262.jpg 2048w, https:\/\/konferencje.umw.edu.pl\/influence2025\/wp-content\/uploads\/sites\/38\/2025\/10\/KPO_barwy-RP_NextGenerationEU_poziom_zestawienie_podstawowe_-RGB-228x29.jpg 228w\" sizes=\"auto, (max-width: 1024px) 100vw, 1024px\" \/><\/figure>\n\n\n\n<p>Sfinansowane ze \u015brodk\u00f3w projektu pn. \u201eDoskonalenie potencja\u0142u naukowo badawczego Uniwersyteckiego Centrum Wsparcia Bada\u0144 Klinicznych we Wroc\u0142awiu&#8221; w ramach Krajowego Planu Odbudowy, nr umowy: 2024\/ABM\/7\/KPO nr projektu KPO.07.07-IW.07-334\/24.<\/p>\n\n\n\n<p><\/p>\n","protected":false},"excerpt":{"rendered":"<p>Warsztaty dla lekarzy i student\u00f3w: \u201eKompetencje w internecie \u2013 jak budowa\u0107 swoj\u0105 mark\u0119 i pozycjonowa\u0107 si\u0119 online?\u201d Korzystanie z EBM i wynik\u00f3w bada\u0144 klinicznych w komunikacji z odbiorcami. Rejestracja tutaj Zapraszamy na praktyczne warsztaty po\u015bwi\u0119cone obecno\u015bci lekarzy i student\u00f3w medycyny w \u015bwiecie cyfrowym. Podczas spotkania uczestnicy dowiedz\u0105 si\u0119: jak w spos\u00f3b etyczny i skuteczny budowa\u0107<\/p>\n<div><a class=\"btn-filled btn\" href=\"https:\/\/konferencje.umw.edu.pl\/influence2025\/warsztaty\/\" title=\"WARSZTATY\">Dowiedz si\u0119 wi\u0119cej<\/a><\/div>\n","protected":false},"author":21,"featured_media":0,"parent":0,"menu_order":0,"comment_status":"closed","ping_status":"closed","template":"","meta":{"footnotes":""},"class_list":["post-525","page","type-page","status-publish","hentry"],"_links":{"self":[{"href":"https:\/\/konferencje.umw.edu.pl\/influence2025\/wp-json\/wp\/v2\/pages\/525","targetHints":{"allow":["GET"]}}],"collection":[{"href":"https:\/\/konferencje.umw.edu.pl\/influence2025\/wp-json\/wp\/v2\/pages"}],"about":[{"href":"https:\/\/konferencje.umw.edu.pl\/influence2025\/wp-json\/wp\/v2\/types\/page"}],"author":[{"embeddable":true,"href":"https:\/\/konferencje.umw.edu.pl\/influence2025\/wp-json\/wp\/v2\/users\/21"}],"replies":[{"embeddable":true,"href":"https:\/\/konferencje.umw.edu.pl\/influence2025\/wp-json\/wp\/v2\/comments?post=525"}],"version-history":[{"count":8,"href":"https:\/\/konferencje.umw.edu.pl\/influence2025\/wp-json\/wp\/v2\/pages\/525\/revisions"}],"predecessor-version":[{"id":866,"href":"https:\/\/konferencje.umw.edu.pl\/influence2025\/wp-json\/wp\/v2\/pages\/525\/revisions\/866"}],"wp:attachment":[{"href":"https:\/\/konferencje.umw.edu.pl\/influence2025\/wp-json\/wp\/v2\/media?parent=525"}],"curies":[{"name":"wp","href":"https:\/\/api.w.org\/{rel}","templated":true}]}}