{"id":1039,"date":"2025-03-18T10:02:45","date_gmt":"2025-03-18T09:02:45","guid":{"rendered":"https:\/\/konferencje.umw.edu.pl\/intimind\/?page_id=1039"},"modified":"2026-04-29T11:54:36","modified_gmt":"2026-04-29T09:54:36","slug":"harmonogram","status":"publish","type":"page","link":"https:\/\/konferencje.umw.edu.pl\/intimind\/harmonogram\/","title":{"rendered":"Harmonogram"},"content":{"rendered":"<h2><\/h2>\n<h2 style=\"text-align: center;\"><a href=\"https:\/\/konferencje.umw.edu.pl\/intimind\/wp-content\/uploads\/sites\/31\/2026\/04\/harmonogram.pdf\"><em>Kliknij, \u017ceby pozna\u0107 szczeg\u00f3\u0142y<\/em><\/a><\/h2>\n<h2 style=\"text-align: center;\"><a href=\"https:\/\/konferencje.umw.edu.pl\/intimind\/wp-content\/uploads\/sites\/31\/2026\/04\/Ksiazka_abstraktow_intimind_2026.pdf\"><em>KSI\u0104\u017bKA ABSTRAKT\u00d3W 2026<\/em><\/a><\/h2>\n<hr \/>\n<p><img loading=\"lazy\" decoding=\"async\" class=\"alignnone wp-image-1585 aligncenter\" src=\"https:\/\/konferencje.umw.edu.pl\/intimind\/wp-content\/uploads\/sites\/31\/2026\/04\/zaslepek.jpg\" alt=\"\" width=\"179\" height=\"187\" srcset=\"https:\/\/konferencje.umw.edu.pl\/intimind\/wp-content\/uploads\/sites\/31\/2026\/04\/zaslepek.jpg 252w, https:\/\/konferencje.umw.edu.pl\/intimind\/wp-content\/uploads\/sites\/31\/2026\/04\/zaslepek-111x116.jpg 111w\" sizes=\"auto, (max-width: 179px) 100vw, 179px\" \/><\/p>\n<h2><img loading=\"lazy\" decoding=\"async\" class=\"size-medium wp-image-1489 aligncenter\" src=\"https:\/\/konferencje.umw.edu.pl\/intimind\/wp-content\/uploads\/sites\/31\/2026\/03\/logo_konferencji_mini-removebg-preview-300x278.png\" alt=\"\" width=\"300\" height=\"278\" srcset=\"https:\/\/konferencje.umw.edu.pl\/intimind\/wp-content\/uploads\/sites\/31\/2026\/03\/logo_konferencji_mini-removebg-preview-300x278.png 300w, https:\/\/konferencje.umw.edu.pl\/intimind\/wp-content\/uploads\/sites\/31\/2026\/03\/logo_konferencji_mini-removebg-preview-125x116.png 125w, https:\/\/konferencje.umw.edu.pl\/intimind\/wp-content\/uploads\/sites\/31\/2026\/03\/logo_konferencji_mini-removebg-preview.png 488w\" sizes=\"auto, (max-width: 300px) 100vw, 300px\" \/><\/h2>\n","protected":false},"excerpt":{"rendered":"<p>Kliknij, \u017ceby pozna\u0107 szczeg\u00f3\u0142y KSI\u0104\u017bKA ABSTRAKT\u00d3W 2026<\/p>\n","protected":false},"author":1,"featured_media":0,"parent":0,"menu_order":0,"comment_status":"closed","ping_status":"closed","template":"","meta":{"footnotes":""},"class_list":["post-1039","page","type-page","status-publish","hentry"],"_links":{"self":[{"href":"https:\/\/konferencje.umw.edu.pl\/intimind\/wp-json\/wp\/v2\/pages\/1039","targetHints":{"allow":["GET"]}}],"collection":[{"href":"https:\/\/konferencje.umw.edu.pl\/intimind\/wp-json\/wp\/v2\/pages"}],"about":[{"href":"https:\/\/konferencje.umw.edu.pl\/intimind\/wp-json\/wp\/v2\/types\/page"}],"author":[{"embeddable":true,"href":"https:\/\/konferencje.umw.edu.pl\/intimind\/wp-json\/wp\/v2\/users\/1"}],"replies":[{"embeddable":true,"href":"https:\/\/konferencje.umw.edu.pl\/intimind\/wp-json\/wp\/v2\/comments?post=1039"}],"version-history":[{"count":74,"href":"https:\/\/konferencje.umw.edu.pl\/intimind\/wp-json\/wp\/v2\/pages\/1039\/revisions"}],"predecessor-version":[{"id":1607,"href":"https:\/\/konferencje.umw.edu.pl\/intimind\/wp-json\/wp\/v2\/pages\/1039\/revisions\/1607"}],"wp:attachment":[{"href":"https:\/\/konferencje.umw.edu.pl\/intimind\/wp-json\/wp\/v2\/media?parent=1039"}],"curies":[{"name":"wp","href":"https:\/\/api.w.org\/{rel}","templated":true}]}}