{"id":106,"date":"2023-01-04T10:39:22","date_gmt":"2023-01-04T09:39:22","guid":{"rendered":"https:\/\/konferencje.umw.edu.pl\/intimind\/?page_id=106"},"modified":"2026-03-12T09:43:20","modified_gmt":"2026-03-12T08:43:20","slug":"program","status":"publish","type":"page","link":"https:\/\/konferencje.umw.edu.pl\/intimind\/program\/","title":{"rendered":"Warsztaty"},"content":{"rendered":"<h4 style=\"text-align: center\">25 kwietnia 2026 r.<br \/>\n(sobota)<\/h4>\n<p><!-- \ud83d\udd3bEmpatia i aktywne s\u0142uchanie: <strong>15:00 - 16:30<\/strong>\n\n<strong>Prowadz\u0105ce<\/strong>: Sara S\u0105gol, Marta Tarasiewicz\n\nJak s\u0142ucha\u0107 pacjenta, tak aby faktycznie zosta\u0142 wys\u0142uchany? Studentki 3 i 4 roku psychologii z Uniwersytetu Wroc\u0142awskiego porusz\u0105 temat pracy z pacjentami w duchu empatii, aktywnego s\u0142uchania i psychologii pozytywnej. Na warsztatach udziel\u0105 wskaz\u00f3wek, kt\u00f3re mo\u017cna stosowa\u0107, aby usprawni\u0107 i polepszy\u0107 komunikacj\u0119 w gabinecie oraz przeprowadz\u0105 praktyczne \u0107wiczenia, kt\u00f3re wspomog\u0105 prac\u0119 nie tylko w zawodach medycznych, ale r\u00f3wnie\u017c ka\u017cdych, w kt\u00f3rych wymagany jest bezpo\u015bredni kontakt z pacjentami.\n\n\ud83d\udd3bMotywacja i wypalenie zawodowe w zawodach medycznych i pokrewnych: <strong>16:30 - 18:00<\/strong>\n\n<strong>Prowadz\u0105ce<\/strong>: Julia Jankowska, Agnieszka Ruszkowska\n\nWarsztat ma na celu zwi\u0119kszenie \u015bwiadomo\u015bci na temat motywacji w\u0142asnej i pacjent\u00f3w, a tak\u017ce zapobiegania wypaleniu zawodowemu w\u015br\u00f3d lekarzy i psychiatr\u00f3w. Uczestnicy poznaj\u0105 mechanizmy motywacji wewn\u0119trznej i zewn\u0119trznej, techniki autoregulacji oraz strategie radzenia sobie ze stresem. Om\u00f3wione zostan\u0105 czynniki wp\u0142ywaj\u0105ce na wypalenie zawodowe i sposoby dbania o zasoby psychiczne. Cz\u0119\u015b\u0107 praktyczna obejmie analiz\u0119 przypadk\u00f3w,\ndyskusje i \u0107wiczenia wspieraj\u0105ce motywacj\u0119 i regeneracj\u0119.\n\n&nbsp; --><\/p>\n<p>&nbsp;<\/p>\n<h4 style=\"text-align: center\">26 kwietnia 2026 r.<br \/>\n(niedziela)<\/h4>\n<p><!-- \ud83d\udd3bKompleksowa opieka w sytuacji przerwania ci\u0105\u017cy, wytyczne PTZSR: <strong>9:00 - 11:00<\/strong>\n\n<strong>Prowadz\u0105cy<\/strong>: Gizela Jagielska, Paulina Ho\u0142ojda, Grzegorz \u0141opi\u0144ski\n\n<strong>Warsztaty dotycz\u0105ce wytycznych dotycz\u0105cych zabiegu przerwania ci\u0105\u017cy <\/strong>Polskiego Towarzystwa Zdrowia Seksualnego i Reprodukcyjnego. Podczas spotkania uczestnicy zapoznaj\u0105 si\u0119 z <strong>aspektami medycznymi procedury<\/strong>, zgodnie z wytycznymi\u00a0<strong>World Health Organization (WHO)<\/strong>\u00a0oraz aktualn\u0105 literatur\u0105 medyczn\u0105. Warsztaty obejm\u0105 zar\u00f3wno\u00a0<strong>cz\u0119\u015b\u0107 teoretyczn\u0105<\/strong>, jak i analiz\u0119\u00a0<strong>przypadk\u00f3w klinicznych<\/strong>, opracowanych przez lekarzy z wieloletnim do\u015bwiadczeniem zawodowym. To wyj\u0105tkowa okazja do zdobycia rzetelnej wiedzy i rozwiania w\u0105tpliwo\u015bci dotycz\u0105cych standard\u00f3w post\u0119powania w zale\u017cno\u015bci od indywidualnych przypadk\u00f3w medycznych z uwzgl\u0119dnieniem polskiego prawa oraz sytuacji spo\u0142ecznej.\n\n\ud83d\udd3bUSG po\u0142o\u017cnicze\n\n<strong>Prowadz\u0105cy:<\/strong> lekarze specjali\u015bci\/rezydenci Uniwersyteckiego Centrum Po\u0142o\u017cnictwa i Ginekologii\n\nPraktyczne szkolenie umo\u017cliwiaj\u0105ce doskonalenie umiej\u0119tno\u015bci w zakresie obrazowej diagnostyki prenatalnej. Warsztaty odbywaj\u0105 si\u0119 w warunkach klinicznych na terenie szpitala, z udzia\u0142em pacjentek ci\u0119\u017carnych. Podczas warsztat\u00f3w uczestnicy b\u0119d\u0105 mieli mo\u017cliwo\u015b\u0107 zapoznania si\u0119 z technik\u0105 oceny biometrii p\u0142odu, lokalizacji \u0142o\u017cyska oraz ilo\u015bci p\u0142ynu owodniowego. Warsztaty odb\u0119d\u0105 si\u0119 w godzinnych turach: <strong>10:00-11:00, 12:00-13:00 i 13:00-14:00.<\/strong>\n\n\ud83d\udd3bHisteroskopia\n\n<strong>Prowadz\u0105cy:<\/strong> lekarze specjali\u015bci\/rezydenci Uniwersyteckiego Centrum Po\u0142o\u017cnictwa i Ginekologii\n\nSzkolenie pozwalaj\u0105ce na zdobycie i doskonalenie umiej\u0119tno\u015bci w zakresie diagnostyki oraz leczenia zmian wewn\u0105trzmacicznych z wykorzystaniem medium wodnego oraz gazowego. Uczestnicy ucz\u0105 si\u0119 obs\u0142ugi histeroskopu oraz przeprowadzania podstawowych zabieg\u00f3w. Warsztaty odbywaj\u0105 si\u0119 w turach od <strong>10:00-12:00 oraz 14:00-15:00.<\/strong>\n\n\ud83d\udd3bZesp\u00f3\u0142 MRKH: fundacja Bezpestkowe <strong>12:30-13:30<\/strong>\n\n<strong>Prowadz\u0105ce<\/strong>: Agata \u015amia\u0142kowska i Zuzanna Piontke\n\nBezpestkowe to projekt za\u0142o\u017cony w 2018 roku, kt\u00f3rego celem jest nie tylko aktywne wspieranie os\u00f3b z zespo\u0142em Mayera-Rokitansky\u2019ego-K\u00fcstera-Hausera, ale r\u00f3wnie\u017c u\u015bwiadamianie i edukowanie spo\u0142ecze\u0144stwa. Nazwa nawi\u0105zuje do pestki owocu i przyr\u00f3wnania jej do macicy \u2014 owoce pestkowe r\u00f3\u017cni\u0105 si\u0119 od bezpestkowych tylko posiadaniem pestki, kt\u00f3ra przecie\u017c niczego nie definiuje. W 2022 roku Bezpestkowe zosta\u0142y sformalizowane i stanowi\u0105 Fundacj\u0119.\n\n\ud83d\udd3bLaparoskopia\n\n<strong>Prowadz\u0105cy:<\/strong> Adam Hajdaniak\n\nW programie uwzgl\u0119dnione szycie laparoskopowe, zaopatrywanie laparoskopowe torbieli, zaopatrywania kikuta pochwy (poziom podstawowy i zaawansowany).\n\nWarsztaty odbywaj\u0105 si\u0119 w <strong>trzech turach<\/strong> (I tura: <strong>15:00<\/strong>, II tura: <strong>16:00<\/strong>, III tura: <strong>17:00<\/strong>)\n\n&nbsp; --><\/p>\n","protected":false},"excerpt":{"rendered":"<p>25 kwietnia 2026 r. (sobota) &nbsp; 26 kwietnia 2026 r. (niedziela)<\/p>\n","protected":false},"author":1,"featured_media":0,"parent":0,"menu_order":0,"comment_status":"closed","ping_status":"closed","template":"","meta":{"footnotes":""},"class_list":["post-106","page","type-page","status-publish","hentry"],"_links":{"self":[{"href":"https:\/\/konferencje.umw.edu.pl\/intimind\/wp-json\/wp\/v2\/pages\/106","targetHints":{"allow":["GET"]}}],"collection":[{"href":"https:\/\/konferencje.umw.edu.pl\/intimind\/wp-json\/wp\/v2\/pages"}],"about":[{"href":"https:\/\/konferencje.umw.edu.pl\/intimind\/wp-json\/wp\/v2\/types\/page"}],"author":[{"embeddable":true,"href":"https:\/\/konferencje.umw.edu.pl\/intimind\/wp-json\/wp\/v2\/users\/1"}],"replies":[{"embeddable":true,"href":"https:\/\/konferencje.umw.edu.pl\/intimind\/wp-json\/wp\/v2\/comments?post=106"}],"version-history":[{"count":148,"href":"https:\/\/konferencje.umw.edu.pl\/intimind\/wp-json\/wp\/v2\/pages\/106\/revisions"}],"predecessor-version":[{"id":1513,"href":"https:\/\/konferencje.umw.edu.pl\/intimind\/wp-json\/wp\/v2\/pages\/106\/revisions\/1513"}],"wp:attachment":[{"href":"https:\/\/konferencje.umw.edu.pl\/intimind\/wp-json\/wp\/v2\/media?parent=106"}],"curies":[{"name":"wp","href":"https:\/\/api.w.org\/{rel}","templated":true}]}}