{"id":56,"date":"2022-12-19T14:05:36","date_gmt":"2022-12-19T13:05:36","guid":{"rendered":"https:\/\/konferencje.umw.edu.pl\/intimind\/?page_id=56"},"modified":"2026-03-12T09:36:07","modified_gmt":"2026-03-12T08:36:07","slug":"komitet-organizacyjny","status":"publish","type":"page","link":"https:\/\/konferencje.umw.edu.pl\/intimind\/komitet-organizacyjny\/","title":{"rendered":"Komitet organizacyjny"},"content":{"rendered":"<div style=\"flex: 1;\">\n<p>\ud83d\udd3bSKN Seksuologii:<\/p>\n<ul>\n<li>Antonina Trzaskoma,<\/li>\n<li>Dawid Konieczko<\/li>\n<\/ul>\n<p>\ud83d\udd3bSKN Chor\u00f3b Serca:<\/p>\n<ul>\n<li>Julia Soczy\u0144ska,<\/li>\n<li>Kamila Buty\u0144ska<\/li>\n<\/ul>\n<p>\ud83d\udd3bSKN Psychiatrii:<\/p>\n<ul>\n<li>Konrad Chrzanowski,<\/li>\n<li>Dawid Konieczko<\/li>\n<\/ul>\n<p>\ud83d\udd3bSKN Neurologii:<\/p>\n<ul>\n<li>Sylwiusz Kontek<\/li>\n<li>Julia Kostrzewa,<\/li>\n<li>Alicja Parasiewicz,<\/li>\n<li>Patrycja Jagos<\/li>\n<\/ul>\n<p><img loading=\"lazy\" decoding=\"async\" class=\"wp-image-1439 aligncenter\" src=\"https:\/\/konferencje.umw.edu.pl\/intimind\/wp-content\/uploads\/sites\/31\/2025\/04\/IMG_8368-1-267x300.jpeg\" alt=\"\" width=\"500\" height=\"563\" srcset=\"https:\/\/konferencje.umw.edu.pl\/intimind\/wp-content\/uploads\/sites\/31\/2025\/04\/IMG_8368-1-267x300.jpeg 267w, https:\/\/konferencje.umw.edu.pl\/intimind\/wp-content\/uploads\/sites\/31\/2025\/04\/IMG_8368-1-910x1024.jpeg 910w, https:\/\/konferencje.umw.edu.pl\/intimind\/wp-content\/uploads\/sites\/31\/2025\/04\/IMG_8368-1-768x864.jpeg 768w, https:\/\/konferencje.umw.edu.pl\/intimind\/wp-content\/uploads\/sites\/31\/2025\/04\/IMG_8368-1-1365x1536.jpeg 1365w, https:\/\/konferencje.umw.edu.pl\/intimind\/wp-content\/uploads\/sites\/31\/2025\/04\/IMG_8368-1-1820x2048.jpeg 1820w, https:\/\/konferencje.umw.edu.pl\/intimind\/wp-content\/uploads\/sites\/31\/2025\/04\/IMG_8368-1-103x116.jpeg 103w\" sizes=\"auto, (max-width: 500px) 100vw, 500px\" \/><\/p>\n<p>&nbsp;<\/p>\n<\/div>\n","protected":false},"excerpt":{"rendered":"<p>\ud83d\udd3bSKN Seksuologii: Antonina Trzaskoma, Dawid Konieczko \ud83d\udd3bSKN Chor\u00f3b Serca: Julia Soczy\u0144ska, Kamila Buty\u0144ska \ud83d\udd3bSKN Psychiatrii: Konrad Chrzanowski, Dawid Konieczko \ud83d\udd3bSKN Neurologii: Sylwiusz Kontek Julia Kostrzewa, Alicja Parasiewicz, Patrycja Jagos &nbsp;<\/p>\n","protected":false},"author":1,"featured_media":0,"parent":0,"menu_order":0,"comment_status":"closed","ping_status":"closed","template":"","meta":{"footnotes":""},"class_list":["post-56","page","type-page","status-publish","hentry"],"_links":{"self":[{"href":"https:\/\/konferencje.umw.edu.pl\/intimind\/wp-json\/wp\/v2\/pages\/56","targetHints":{"allow":["GET"]}}],"collection":[{"href":"https:\/\/konferencje.umw.edu.pl\/intimind\/wp-json\/wp\/v2\/pages"}],"about":[{"href":"https:\/\/konferencje.umw.edu.pl\/intimind\/wp-json\/wp\/v2\/types\/page"}],"author":[{"embeddable":true,"href":"https:\/\/konferencje.umw.edu.pl\/intimind\/wp-json\/wp\/v2\/users\/1"}],"replies":[{"embeddable":true,"href":"https:\/\/konferencje.umw.edu.pl\/intimind\/wp-json\/wp\/v2\/comments?post=56"}],"version-history":[{"count":41,"href":"https:\/\/konferencje.umw.edu.pl\/intimind\/wp-json\/wp\/v2\/pages\/56\/revisions"}],"predecessor-version":[{"id":1509,"href":"https:\/\/konferencje.umw.edu.pl\/intimind\/wp-json\/wp\/v2\/pages\/56\/revisions\/1509"}],"wp:attachment":[{"href":"https:\/\/konferencje.umw.edu.pl\/intimind\/wp-json\/wp\/v2\/media?parent=56"}],"curies":[{"name":"wp","href":"https:\/\/api.w.org\/{rel}","templated":true}]}}