{"id":233,"date":"2023-01-17T19:54:18","date_gmt":"2023-01-17T18:54:18","guid":{"rendered":"https:\/\/konferencje.umw.edu.pl\/iscms\/?page_id=233"},"modified":"2023-02-03T21:31:50","modified_gmt":"2023-02-03T20:31:50","slug":"about","status":"publish","type":"page","link":"https:\/\/konferencje.umw.edu.pl\/iscms\/front-page\/about\/","title":{"rendered":"About"},"content":{"rendered":"<h2><\/h2>\n<div class=\"x11i5rnm xat24cr x1mh8g0r x1vvkbs xtlvy1s\" style=\"text-align: left\">\n<h3><strong><span style=\"color: #333333\">Rules for the submission of abstracts<\/span><\/strong><\/h3>\n<p><span style=\"color: #333333\">We invite you to submit abstracts for the<strong> \u201eInternational Students\u2019 Conference of Medical<\/strong><\/span><br \/>\n<span style=\"color: #333333\"><strong>Simulation \u2013 Wroc\u0142aw, 2023\u201d<\/strong>. All qualified papers will be presented online at the event on<\/span><br \/>\n<span style=\"color: #333333\">4th of February 2023. Topics of submitted papers should cover the area of medical<\/span><br \/>\n<span style=\"color: #333333\">simulation.<\/span><\/p>\n<p><span style=\"color: #333333\">The abstract should include:<\/span><\/p>\n<p><span style=\"color: #333333\">\u25cf title in English,<\/span><\/p>\n<p><span style=\"color: #333333\">\u25cf name of author(s),<\/span><\/p>\n<p><span style=\"color: #333333\">\u25cf full affiliation of author(s),<\/span><\/p>\n<p><span style=\"color: #333333\">\u25cf degree\/title, first letter of the first name and surname of the supervisor,<\/span><\/p>\n<p><span style=\"color: #333333\">\u25cf name and e-mail of the presenting author(s).<\/span><\/p>\n<p><span style=\"color: #333333\">The abstract should be structured as follows:<\/span><\/p>\n<p><span style=\"color: #333333\">\u25cf introduction,<\/span><\/p>\n<p><span style=\"color: #333333\">\u25cf aim of the research,<\/span><\/p>\n<p><span style=\"color: #333333\">\u25cf material and methods,<\/span><\/p>\n<p><span style=\"color: #333333\">\u25cf results,<\/span><\/p>\n<p><span style=\"color: #333333\">\u25cf discussion and conclusions.<\/span><\/p>\n<p><span style=\"color: #333333\">When using abbreviations, it is necessary to give the full wording the first time they are<\/span><br \/>\n<span style=\"color: #333333\">used. Keywords (3-6) should be given in English, according to the MeSH (Medical Subject<\/span><br \/>\n<span style=\"color: #333333\">Headings Index Medicus) catalogues. Keywords must not be a repetition of the title of the paper.<\/span><br \/>\n<span style=\"color: #333333\">The abstract should be prepared in English.<\/span><br \/>\n<span style=\"color: #333333\">Volume of the abstract:<strong> max. 400 words.<\/strong><\/span><\/p>\n<p><span style=\"color: #333333\">The deadline for abstract submission is<strong> 22 January 2023.<\/strong><\/span><br \/>\n<span style=\"color: #333333\">Authors will be notified of the acceptance of the abstract by <strong>23 January 2023.<\/strong><\/span><\/p>\n<p><span style=\"color: #333333\">The organizers have also prepared a poster session to which you can submit your proposals.<\/span><\/p>\n<h3><span style=\"color: #333333\">Poster (what should it contain?)<\/span><\/h3>\n<p><span style=\"color: #333333\">\u25cf Poster title<\/span><\/p>\n<p><span style=\"color: #333333\">\u25cf Information about the author\/authors (academic title, name, surname, affiliation, email<\/span> <span style=\"color: #333333\">address<\/span><\/p>\n<p><span style=\"color: #333333\">\u25cf A short introduction to the research topic along with a precisely defined aim of the<\/span> <span style=\"color: #333333\">research<\/span><\/p>\n<p><span style=\"color: #333333\">\u25cf Methods<\/span><\/p>\n<p><span style=\"color: #333333\">\u25cf Results<\/span><\/p>\n<p><span style=\"color: #333333\">\u25cf Conclusions<\/span><\/p>\n<p><span style=\"color: #333333\">\u25cf Optional: cited literature (maximum 10 most crucial items)<\/span><\/p>\n<p><span style=\"color: #333333\">\u25cf Recognition of people who contributed to the work<\/span><\/p>\n<p><span style=\"color: #333333\">\u25cf Poster\u2019s format \u2013 A1 (59,4 cm x 84,1 cm) \u2013 vertical or horizontal<\/span><\/p>\n<p><span style=\"color: #333333\">\u25cf Conference logo located in the left upper corner (LOGO\u2019s link) and adjusted in size<\/span><\/p>\n<p><span style=\"color: #333333\">\u25cf Sans-serif font<\/span> <span style=\"color: #333333\">o For the title from 90 to 140 pt.<\/span> <span style=\"color: #333333\">o For headings from 36 to 84 pt.<\/span> <span style=\"color: #333333\">o For text from 18 to 26 pt.<\/span><\/p>\n<p><span style=\"color: #333333\">\u25cf Print (text, figures) minimum 0.5 cm from the edge of the poster.<\/span><\/p>\n<p><span style=\"color: #333333\">The deadline for abstract submission is<strong> 22 January 2023.<\/strong><\/span><\/p>\n<p><span style=\"color: #333333\">Authors will be notified of the acceptance of the abstract by<strong> 23 January 2023.<\/strong><\/span><\/p>\n<\/div>\n<p><img loading=\"lazy\" decoding=\"async\" class=\"size-full wp-image-29 aligncenter\" src=\"https:\/\/konferencje.umw.edu.pl\/iscms\/wp-content\/uploads\/sites\/14\/2023\/01\/logo-projektu.jpg\" alt=\"\" width=\"764\" height=\"70\" srcset=\"https:\/\/konferencje.umw.edu.pl\/iscms\/wp-content\/uploads\/sites\/14\/2023\/01\/logo-projektu.jpg 764w, https:\/\/konferencje.umw.edu.pl\/iscms\/wp-content\/uploads\/sites\/14\/2023\/01\/logo-projektu-300x27.jpg 300w\" sizes=\"auto, (max-width: 764px) 100vw, 764px\" \/><\/p>\n<p>Realizacja zadania w ramach projektu pt. Rozw\u00f3j dydaktyki w Centrum Symulacji Medycznej we Wroc\u0142awiu (POWR.05.03.00-00-0002\/15-00). Projekt wsp\u00f3\u0142finansowany przez Uni\u0119 Europejsk\u0105 ze \u015brodk\u00f3w Europejskiego Funduszu Spo\u0142ecznego w ramach Programu Operacyjnego Wiedza Edukacja Rozw\u00f3j.<\/p>\n","protected":false},"excerpt":{"rendered":"<p>Rules for the submission of abstracts We invite you to submit abstracts for the \u201eInternational Students\u2019 Conference of Medical Simulation \u2013 Wroc\u0142aw, 2023\u201d. All qualified papers will be presented online at the event on 4th of February 2023. Topics of submitted papers should cover the area of medical simulation. The abstract should include: \u25cf title<\/p>\n<div><a class=\"btn-filled btn\" href=\"https:\/\/konferencje.umw.edu.pl\/iscms\/front-page\/about\/\" title=\"About\">Dowiedz si\u0119 wi\u0119cej<\/a><\/div>\n","protected":false},"author":15,"featured_media":0,"parent":7,"menu_order":2,"comment_status":"closed","ping_status":"closed","template":"page-templates\/no-sidebar.php","meta":{"footnotes":""},"class_list":["post-233","page","type-page","status-publish","hentry"],"jetpack_sharing_enabled":true,"_links":{"self":[{"href":"https:\/\/konferencje.umw.edu.pl\/iscms\/wp-json\/wp\/v2\/pages\/233","targetHints":{"allow":["GET"]}}],"collection":[{"href":"https:\/\/konferencje.umw.edu.pl\/iscms\/wp-json\/wp\/v2\/pages"}],"about":[{"href":"https:\/\/konferencje.umw.edu.pl\/iscms\/wp-json\/wp\/v2\/types\/page"}],"author":[{"embeddable":true,"href":"https:\/\/konferencje.umw.edu.pl\/iscms\/wp-json\/wp\/v2\/users\/15"}],"replies":[{"embeddable":true,"href":"https:\/\/konferencje.umw.edu.pl\/iscms\/wp-json\/wp\/v2\/comments?post=233"}],"version-history":[{"count":40,"href":"https:\/\/konferencje.umw.edu.pl\/iscms\/wp-json\/wp\/v2\/pages\/233\/revisions"}],"predecessor-version":[{"id":316,"href":"https:\/\/konferencje.umw.edu.pl\/iscms\/wp-json\/wp\/v2\/pages\/233\/revisions\/316"}],"up":[{"embeddable":true,"href":"https:\/\/konferencje.umw.edu.pl\/iscms\/wp-json\/wp\/v2\/pages\/7"}],"wp:attachment":[{"href":"https:\/\/konferencje.umw.edu.pl\/iscms\/wp-json\/wp\/v2\/media?parent=233"}],"curies":[{"name":"wp","href":"https:\/\/api.w.org\/{rel}","templated":true}]}}