{"id":277,"date":"2023-01-17T20:39:39","date_gmt":"2023-01-17T19:39:39","guid":{"rendered":"https:\/\/konferencje.umw.edu.pl\/iscms\/?page_id=277"},"modified":"2023-02-03T21:42:39","modified_gmt":"2023-02-03T20:42:39","slug":"patronages","status":"publish","type":"page","link":"https:\/\/konferencje.umw.edu.pl\/iscms\/front-page\/patronages\/","title":{"rendered":"PATRONAGES"},"content":{"rendered":"<p><img decoding=\"async\" style=\"width: 100%\" src=\"https:\/\/konferencje.umw.edu.pl\/iscms\/wp-content\/uploads\/sites\/14\/2023\/01\/1st-6.png\" \/><\/p>\n<p style=\"text-align: center\">Realizacja zadania w ramach projektu pt. Rozw\u00f3j dydaktyki w Centrum Symulacji Medycznej we Wroc\u0142awiu (POWR.05.03.00-00-0002\/15-00). Projekt wsp\u00f3\u0142finansowany przez Uni\u0119 Europejsk\u0105 ze \u015brodk\u00f3w Europejskiego Funduszu Spo\u0142ecznego w ramach Programu Operacyjnego Wiedza Edukacja Rozw\u00f3j.<\/p>\n","protected":false},"excerpt":{"rendered":"<p>Realizacja zadania w ramach projektu pt. Rozw\u00f3j dydaktyki w Centrum Symulacji Medycznej we Wroc\u0142awiu (POWR.05.03.00-00-0002\/15-00). Projekt wsp\u00f3\u0142finansowany przez Uni\u0119 Europejsk\u0105 ze \u015brodk\u00f3w Europejskiego Funduszu Spo\u0142ecznego w ramach Programu Operacyjnego Wiedza Edukacja Rozw\u00f3j.<\/p>\n","protected":false},"author":15,"featured_media":0,"parent":7,"menu_order":0,"comment_status":"closed","ping_status":"closed","template":"page-templates\/full-width.php","meta":{"footnotes":""},"class_list":["post-277","page","type-page","status-publish","hentry"],"jetpack_sharing_enabled":true,"_links":{"self":[{"href":"https:\/\/konferencje.umw.edu.pl\/iscms\/wp-json\/wp\/v2\/pages\/277","targetHints":{"allow":["GET"]}}],"collection":[{"href":"https:\/\/konferencje.umw.edu.pl\/iscms\/wp-json\/wp\/v2\/pages"}],"about":[{"href":"https:\/\/konferencje.umw.edu.pl\/iscms\/wp-json\/wp\/v2\/types\/page"}],"author":[{"embeddable":true,"href":"https:\/\/konferencje.umw.edu.pl\/iscms\/wp-json\/wp\/v2\/users\/15"}],"replies":[{"embeddable":true,"href":"https:\/\/konferencje.umw.edu.pl\/iscms\/wp-json\/wp\/v2\/comments?post=277"}],"version-history":[{"count":5,"href":"https:\/\/konferencje.umw.edu.pl\/iscms\/wp-json\/wp\/v2\/pages\/277\/revisions"}],"predecessor-version":[{"id":324,"href":"https:\/\/konferencje.umw.edu.pl\/iscms\/wp-json\/wp\/v2\/pages\/277\/revisions\/324"}],"up":[{"embeddable":true,"href":"https:\/\/konferencje.umw.edu.pl\/iscms\/wp-json\/wp\/v2\/pages\/7"}],"wp:attachment":[{"href":"https:\/\/konferencje.umw.edu.pl\/iscms\/wp-json\/wp\/v2\/media?parent=277"}],"curies":[{"name":"wp","href":"https:\/\/api.w.org\/{rel}","templated":true}]}}