{"id":319,"date":"2023-02-03T21:36:54","date_gmt":"2023-02-03T20:36:54","guid":{"rendered":"https:\/\/konferencje.umw.edu.pl\/iscms\/?page_id=319"},"modified":"2023-02-03T22:11:11","modified_gmt":"2023-02-03T21:11:11","slug":"plan","status":"publish","type":"page","link":"https:\/\/konferencje.umw.edu.pl\/iscms\/front-page\/plan\/","title":{"rendered":"PLAN &amp; RULES"},"content":{"rendered":"<h5><strong>Conference plan:<\/strong><\/h5>\n<h6><span style=\"color: #000000\"><strong>9:00 (am)<br \/>\n<\/strong>Opening &#8211; Organising Committee<\/span><\/h6>\n<h6><span style=\"color: #000000\"><em><strong>9:10<\/strong><\/em><\/span><br \/>\n<span style=\"color: #000000\">Opening lecture (10-15 min)<\/span><\/h6>\n<h6><span style=\"color: #000000\"><em><strong>9:25-9:30<\/strong><\/em><\/span><br \/>\n<span style=\"color: #000000\">Break<\/span><\/h6>\n<h6><span style=\"color: #000000\"><em><strong>9:30 am &#8211; approx. 11:30 am<\/strong><\/em><\/span><br \/>\n<span style=\"color: #000000\">Lecture block (presentations by active participants)<\/span><br \/>\n<span style=\"color: #000000\">&#8211; 10 minute presentations<\/span><br \/>\n<span style=\"color: #000000\">&#8211; 5 minutes questions to the speakers\/discussion<\/span><\/h6>\n<h6>Order of presentation topics:<\/h6>\n<h6><strong>1)<\/strong> Investigation of the effectiveness of educational tools in the implementation of<br \/>\nthoracostomy in the training of health professionals &#8211; pilot study.<\/h6>\n<h6><strong>2)<\/strong> Is it possible for video games to develop surgical skills?<\/h6>\n<h6><strong>3)<\/strong> Key of Survival: New Approach to Train First Aid Skills<\/h6>\n<h6><strong>4)<\/strong> Examining the educational technical and methodological effectiveness of advanced<br \/>\nairway management.<\/h6>\n<h6><strong>5)<\/strong> Psychological safety in healthcare simulation.<\/h6>\n<h6><strong>6)<\/strong> FAST protocol simulation.<\/h6>\n<h6><strong><em>12:00- 12:15<\/em><\/strong><br \/>\nClosing, selection of winner<\/h6>\n<h5><strong>Presentation rules:<\/strong><\/h5>\n<h6><\/h6>\n<h6><strong>1)<\/strong> The presentation should last a maximum of <strong>10 minutes<\/strong> and the discussion <strong>5 minutes<\/strong>.<\/h6>\n<h6><strong>2)<\/strong> If the speech is prolonged, both the presentation and the discussion may be interrupted<\/h6>\n<h6><strong>3)<\/strong> If a topic is finished more quickly, subsequent presentations may be discussed earlier<br \/>\nthan scheduled<\/h6>\n<h6><strong>4)<\/strong> Certificates of active and passive participation will be sent by <strong>e-mail<\/strong> after the conference<\/h6>\n<p>&nbsp;<\/p>\n<p style=\"text-align: center\"><img loading=\"lazy\" decoding=\"async\" class=\"size-full wp-image-29 aligncenter\" src=\"https:\/\/konferencje.umw.edu.pl\/iscms\/wp-content\/uploads\/sites\/14\/2023\/01\/logo-projektu.jpg\" alt=\"\" width=\"764\" height=\"70\" srcset=\"https:\/\/konferencje.umw.edu.pl\/iscms\/wp-content\/uploads\/sites\/14\/2023\/01\/logo-projektu.jpg 764w, https:\/\/konferencje.umw.edu.pl\/iscms\/wp-content\/uploads\/sites\/14\/2023\/01\/logo-projektu-300x27.jpg 300w\" sizes=\"auto, (max-width: 764px) 100vw, 764px\" \/><br \/>\nRealizacja zadania w ramach projektu pt. Rozw\u00f3j dydaktyki w Centrum Symulacji Medycznej we Wroc\u0142awiu (POWR.05.03.00-00-0002\/15-00). Projekt wsp\u00f3\u0142finansowany przez Uni\u0119 Europejsk\u0105 ze \u015brodk\u00f3w Europejskiego Funduszu Spo\u0142ecznego w ramach Programu Operacyjnego Wiedza Edukacja Rozw\u00f3j.<\/p>\n","protected":false},"excerpt":{"rendered":"<p>Conference plan: 9:00 (am) Opening &#8211; Organising Committee 9:10 Opening lecture (10-15 min) 9:25-9:30 Break 9:30 am &#8211; approx. 11:30 am Lecture block (presentations by active participants) &#8211; 10 minute presentations &#8211; 5 minutes questions to the speakers\/discussion Order of presentation topics: 1) Investigation of the effectiveness of educational tools in the implementation of thoracostomy<\/p>\n<div><a class=\"btn-filled btn\" href=\"https:\/\/konferencje.umw.edu.pl\/iscms\/front-page\/plan\/\" title=\"PLAN &amp; RULES\">Dowiedz si\u0119 wi\u0119cej<\/a><\/div>\n","protected":false},"author":15,"featured_media":0,"parent":7,"menu_order":0,"comment_status":"closed","ping_status":"closed","template":"page-templates\/no-sidebar.php","meta":{"footnotes":""},"class_list":["post-319","page","type-page","status-publish","hentry"],"jetpack_sharing_enabled":true,"_links":{"self":[{"href":"https:\/\/konferencje.umw.edu.pl\/iscms\/wp-json\/wp\/v2\/pages\/319","targetHints":{"allow":["GET"]}}],"collection":[{"href":"https:\/\/konferencje.umw.edu.pl\/iscms\/wp-json\/wp\/v2\/pages"}],"about":[{"href":"https:\/\/konferencje.umw.edu.pl\/iscms\/wp-json\/wp\/v2\/types\/page"}],"author":[{"embeddable":true,"href":"https:\/\/konferencje.umw.edu.pl\/iscms\/wp-json\/wp\/v2\/users\/15"}],"replies":[{"embeddable":true,"href":"https:\/\/konferencje.umw.edu.pl\/iscms\/wp-json\/wp\/v2\/comments?post=319"}],"version-history":[{"count":29,"href":"https:\/\/konferencje.umw.edu.pl\/iscms\/wp-json\/wp\/v2\/pages\/319\/revisions"}],"predecessor-version":[{"id":360,"href":"https:\/\/konferencje.umw.edu.pl\/iscms\/wp-json\/wp\/v2\/pages\/319\/revisions\/360"}],"up":[{"embeddable":true,"href":"https:\/\/konferencje.umw.edu.pl\/iscms\/wp-json\/wp\/v2\/pages\/7"}],"wp:attachment":[{"href":"https:\/\/konferencje.umw.edu.pl\/iscms\/wp-json\/wp\/v2\/media?parent=319"}],"curies":[{"name":"wp","href":"https:\/\/api.w.org\/{rel}","templated":true}]}}