{"id":7,"date":"2023-01-14T17:46:49","date_gmt":"2023-01-14T16:46:49","guid":{"rendered":"https:\/\/konferencje.umw.edu.pl\/iscms\/front-page\/"},"modified":"2024-06-21T16:02:37","modified_gmt":"2024-06-21T14:02:37","slug":"front-page","status":"publish","type":"page","link":"https:\/\/konferencje.umw.edu.pl\/iscms\/","title":{"rendered":"ISCMS 2023"},"content":{"rendered":"<h4 class=\"x11i5rnm xat24cr x1mh8g0r x1vvkbs xtlvy1s\" style=\"text-align: center\">We would like to invite you to an international conference in an online format, which is aimed at all medical students, doctors and anyone interested in sharing knowledge, experience and the latest developments in the field of medicine, especially concerning teaching using simulated conditions and student-teacher relations.<\/h4>\n<h4 class=\"x11i5rnm xat24cr x1mh8g0r x1vvkbs xtlvy1s\" style=\"text-align: center\">More information coming soon!<\/h4>\n<h4 class=\"x11i5rnm xat24cr x1mh8g0r x1vvkbs xtlvy1s\" style=\"text-align: center\">See you there<img decoding=\"async\" src=\"https:\/\/static.xx.fbcdn.net\/images\/emoji.php\/v9\/t7d\/1.5\/16\/1f590.png\" alt=\"\ud83d\udd90\" data-cke-saved-src=\"https:\/\/static.xx.fbcdn.net\/images\/emoji.php\/v9\/t7d\/1.5\/16\/1f590.png\" \/><\/h4>\n<h6 style=\"text-align: center\"><span style=\"color: #333333\"><strong>Click to see conference plan:<\/strong><\/span><\/h6>\n<p style=\"text-align: center\"><a href=\"https:\/\/konferencje.umw.edu.pl\/iscms\/front-page\/plan\/\"><img loading=\"lazy\" decoding=\"async\" class=\"aligncenter wp-image-335\" src=\"https:\/\/konferencje.umw.edu.pl\/iscms\/wp-content\/uploads\/sites\/14\/2023\/02\/button-300x70.png\" alt=\"\" width=\"225\" height=\"53\" srcset=\"https:\/\/konferencje.umw.edu.pl\/iscms\/wp-content\/uploads\/sites\/14\/2023\/02\/button-300x70.png 300w, https:\/\/konferencje.umw.edu.pl\/iscms\/wp-content\/uploads\/sites\/14\/2023\/02\/button.png 304w\" sizes=\"auto, (max-width: 225px) 100vw, 225px\" \/><\/a><\/p>\n<p>&nbsp;<\/p>\n<p style=\"text-align: center\"><strong>Thank you for coming!<\/strong><\/p>\n<h6 style=\"text-align: center\">Click to see post-conference Book of Abstracts:<\/h6>\n<h4 style=\"text-align: center\"><strong><a href=\"https:\/\/konferencje.umw.edu.pl\/iscms\/wp-content\/uploads\/sites\/14\/2024\/06\/ISCMS-2023-book-of-abstracts.pdf\">ISCMS 2023 &#8211; Book of Abstracts<\/a><\/strong><\/h4>\n<p><img decoding=\"async\" style=\"width: 150%\" src=\"https:\/\/konferencje.umw.edu.pl\/iscms\/wp-content\/uploads\/sites\/14\/2023\/01\/1st-1.png\" \/><\/p>\n<p style=\"text-align: center\"><img loading=\"lazy\" decoding=\"async\" class=\"size-full wp-image-29 aligncenter\" src=\"https:\/\/konferencje.umw.edu.pl\/iscms\/wp-content\/uploads\/sites\/14\/2023\/01\/logo-projektu.jpg\" alt=\"\" width=\"764\" height=\"70\" srcset=\"https:\/\/konferencje.umw.edu.pl\/iscms\/wp-content\/uploads\/sites\/14\/2023\/01\/logo-projektu.jpg 764w, https:\/\/konferencje.umw.edu.pl\/iscms\/wp-content\/uploads\/sites\/14\/2023\/01\/logo-projektu-300x27.jpg 300w\" sizes=\"auto, (max-width: 764px) 100vw, 764px\" \/><br \/>\nRealizacja zadania w ramach projektu pt. Rozw\u00f3j dydaktyki w Centrum Symulacji Medycznej we Wroc\u0142awiu (POWR.05.03.00-00-0002\/15-00). Projekt wsp\u00f3\u0142finansowany przez Uni\u0119 Europejsk\u0105 ze \u015brodk\u00f3w Europejskiego Funduszu Spo\u0142ecznego w ramach Programu Operacyjnego Wiedza Edukacja Rozw\u00f3j.<\/p>\n","protected":false},"excerpt":{"rendered":"<p>We would like to invite you to an international conference in an online format, which is aimed at all medical students, doctors and anyone interested in sharing knowledge, experience and the latest developments in the field of medicine, especially concerning teaching using simulated conditions and student-teacher relations. More information coming soon! See you there Click<\/p>\n<div><a class=\"btn-filled btn\" href=\"https:\/\/konferencje.umw.edu.pl\/iscms\/\" title=\"ISCMS 2023\">Dowiedz si\u0119 wi\u0119cej<\/a><\/div>\n","protected":false},"author":1,"featured_media":0,"parent":0,"menu_order":0,"comment_status":"closed","ping_status":"closed","template":"page-templates\/full-width.php","meta":{"footnotes":""},"class_list":["post-7","page","type-page","status-publish","hentry"],"jetpack_sharing_enabled":true,"_links":{"self":[{"href":"https:\/\/konferencje.umw.edu.pl\/iscms\/wp-json\/wp\/v2\/pages\/7","targetHints":{"allow":["GET"]}}],"collection":[{"href":"https:\/\/konferencje.umw.edu.pl\/iscms\/wp-json\/wp\/v2\/pages"}],"about":[{"href":"https:\/\/konferencje.umw.edu.pl\/iscms\/wp-json\/wp\/v2\/types\/page"}],"author":[{"embeddable":true,"href":"https:\/\/konferencje.umw.edu.pl\/iscms\/wp-json\/wp\/v2\/users\/1"}],"replies":[{"embeddable":true,"href":"https:\/\/konferencje.umw.edu.pl\/iscms\/wp-json\/wp\/v2\/comments?post=7"}],"version-history":[{"count":135,"href":"https:\/\/konferencje.umw.edu.pl\/iscms\/wp-json\/wp\/v2\/pages\/7\/revisions"}],"predecessor-version":[{"id":407,"href":"https:\/\/konferencje.umw.edu.pl\/iscms\/wp-json\/wp\/v2\/pages\/7\/revisions\/407"}],"wp:attachment":[{"href":"https:\/\/konferencje.umw.edu.pl\/iscms\/wp-json\/wp\/v2\/media?parent=7"}],"curies":[{"name":"wp","href":"https:\/\/api.w.org\/{rel}","templated":true}]}}