{"id":254,"date":"2023-11-17T14:35:07","date_gmt":"2023-11-17T13:35:07","guid":{"rendered":"https:\/\/konferencje.umw.edu.pl\/konferencjacff\/?page_id=254"},"modified":"2026-03-04T08:49:15","modified_gmt":"2026-03-04T07:49:15","slug":"o-konferencji","status":"publish","type":"page","link":"https:\/\/konferencje.umw.edu.pl\/konferencjacff\/o-konferencji\/","title":{"rendered":"O konferencji"},"content":{"rendered":"\n<p>\u201eCHEMIA FIZYCZNA I BIOFIZYKA DLA FARMACJI 2026\u201d<\/p>\n\n\n\n<p>Szanowni Pa\u0144stwo,<br>zbli\u017ca si\u0119 czwarta edycja naszej konferencji \u201eChemia fizyczna i biofizyka dla nauk farmaceutycznych\u201d \u2013 7 maja 2026 r. Serdecznie zapraszam do przedstawienia wynik\u00f3w bada\u0144 i opinii na temat aktualnych, wsp\u00f3\u0142czesnych zastosowa\u0144 metod eksperymentalnych i teoretycznych chemii fizycznej i biofizyki w praktyce i badaniach w obszarze nauk medycznych i farmaceutycznych.<br>W tym roku zajmiemy si\u0119 m.in. szerok\u0105 tematyk\u0105 uk\u0142ad\u00f3w typu solwent &#8211; solwat &#8211; solubilizator- m.in. rozpuszczalno\u015bci\u0105, oraz innymi wa\u017cnymi zagadnieniami zwi\u0105zanymi ze stabilno\u015bci\u0105 oraz stosowaniem roztwor\u00f3w i pokrewnych system\u00f3w w farmacji i medycynie. Konferencja odb\u0119dzie si\u0119 w maju, jednym z najpi\u0119kniejszych miesi\u0119cy na Dolnym \u015al\u0105sku. B\u0119dziemy go\u015bci\u0107 Pa\u0144stwa na Wydziale Farmaceutycznym Uniwersytetu Medycznego we Wroc\u0142awiu. Tegorocznemu wydarzeniu towarzyszy\u0107 b\u0119d\u0105 warsztaty w dniach 4-8 maja 2026 r., dlatego serdecznie zapraszamy do udzia\u0142u i wyg\u0142oszenia tam, po indywidualnym ustaleniu, konkretnego wyk\u0142adu. Konferencja obj\u0119ta jest patronatem czasopisma naukowego \u201ePolimery Medycyny\u201d, kt\u00f3re ch\u0119tnie przyjmie Pa\u0144stwa zg\u0142oszenia dotycz\u0105ce prezentowanych temat\u00f3w oraz nauk makromolekularnych. Jestem przekonany, \u017ce Pa\u0144stwa obecno\u015b\u0107 w t\u0119tni\u0105cym \u017cyciem Wroc\u0142awiu zapewni Pa\u0144stwu zar\u00f3wno doskona\u0142e do\u015bwiadczenie naukowe, jak i chwil\u0119 relaksu. Prosimy o rejestracj\u0119 na poni\u017cszej stronie, aby\u015bmy mogli si\u0119 z Pa\u0144stwem skontaktowa\u0107 w sprawie temat\u00f3w prezentacji i spraw organizacyjnych.<\/p>\n\n\n\n<p><br>Z serdecznymi uk\u0142onami,<\/p>\n\n\n\n<p>prof. dr hab. Witold Musia\u0142.<\/p>\n","protected":false},"excerpt":{"rendered":"<p>\u201eCHEMIA FIZYCZNA I BIOFIZYKA DLA FARMACJI 2026\u201d Szanowni Pa\u0144stwo,zbli\u017ca si\u0119 czwarta edycja naszej konferencji \u201eChemia fizyczna i biofizyka dla nauk farmaceutycznych\u201d \u2013 7 maja 2026 r. Serdecznie zapraszam do przedstawienia wynik\u00f3w bada\u0144 i opinii na temat aktualnych, wsp\u00f3\u0142czesnych zastosowa\u0144 metod eksperymentalnych i teoretycznych chemii fizycznej i biofizyki w praktyce i badaniach w obszarze nauk medycznych<\/p>\n<div><a class=\"btn-filled btn\" href=\"https:\/\/konferencje.umw.edu.pl\/konferencjacff\/o-konferencji\/\" title=\"O konferencji\">Dowiedz si\u0119 wi\u0119cej<\/a><\/div>\n","protected":false},"author":21,"featured_media":0,"parent":0,"menu_order":0,"comment_status":"closed","ping_status":"closed","template":"","meta":{"footnotes":""},"class_list":["post-254","page","type-page","status-publish","hentry"],"_links":{"self":[{"href":"https:\/\/konferencje.umw.edu.pl\/konferencjacff\/wp-json\/wp\/v2\/pages\/254","targetHints":{"allow":["GET"]}}],"collection":[{"href":"https:\/\/konferencje.umw.edu.pl\/konferencjacff\/wp-json\/wp\/v2\/pages"}],"about":[{"href":"https:\/\/konferencje.umw.edu.pl\/konferencjacff\/wp-json\/wp\/v2\/types\/page"}],"author":[{"embeddable":true,"href":"https:\/\/konferencje.umw.edu.pl\/konferencjacff\/wp-json\/wp\/v2\/users\/21"}],"replies":[{"embeddable":true,"href":"https:\/\/konferencje.umw.edu.pl\/konferencjacff\/wp-json\/wp\/v2\/comments?post=254"}],"version-history":[{"count":7,"href":"https:\/\/konferencje.umw.edu.pl\/konferencjacff\/wp-json\/wp\/v2\/pages\/254\/revisions"}],"predecessor-version":[{"id":543,"href":"https:\/\/konferencje.umw.edu.pl\/konferencjacff\/wp-json\/wp\/v2\/pages\/254\/revisions\/543"}],"wp:attachment":[{"href":"https:\/\/konferencje.umw.edu.pl\/konferencjacff\/wp-json\/wp\/v2\/media?parent=254"}],"curies":[{"name":"wp","href":"https:\/\/api.w.org\/{rel}","templated":true}]}}