{"id":309,"date":"2023-12-04T11:13:59","date_gmt":"2023-12-04T10:13:59","guid":{"rendered":"https:\/\/konferencje.umw.edu.pl\/konferencjacff\/?page_id=309"},"modified":"2026-03-03T10:13:48","modified_gmt":"2026-03-03T09:13:48","slug":"abstract-book","status":"publish","type":"page","link":"https:\/\/konferencje.umw.edu.pl\/konferencjacff\/abstract-book\/","title":{"rendered":"book of abstracts"},"content":{"rendered":"<p>Pe\u0142na KSI\u0104\u017bKA ABSTRAKT\u00d3W\u00a0 &#8211; w trakcie opracowania<\/p>\n\n\n<p><\/p>\n","protected":false},"excerpt":{"rendered":"<p>Pe\u0142na KSI\u0104\u017bKA ABSTRAKT\u00d3W\u00a0 &#8211; w trakcie opracowania<\/p>\n","protected":false},"author":21,"featured_media":0,"parent":0,"menu_order":0,"comment_status":"closed","ping_status":"closed","template":"","meta":{"footnotes":""},"class_list":["post-309","page","type-page","status-publish","hentry"],"_links":{"self":[{"href":"https:\/\/konferencje.umw.edu.pl\/konferencjacff\/wp-json\/wp\/v2\/pages\/309","targetHints":{"allow":["GET"]}}],"collection":[{"href":"https:\/\/konferencje.umw.edu.pl\/konferencjacff\/wp-json\/wp\/v2\/pages"}],"about":[{"href":"https:\/\/konferencje.umw.edu.pl\/konferencjacff\/wp-json\/wp\/v2\/types\/page"}],"author":[{"embeddable":true,"href":"https:\/\/konferencje.umw.edu.pl\/konferencjacff\/wp-json\/wp\/v2\/users\/21"}],"replies":[{"embeddable":true,"href":"https:\/\/konferencje.umw.edu.pl\/konferencjacff\/wp-json\/wp\/v2\/comments?post=309"}],"version-history":[{"count":7,"href":"https:\/\/konferencje.umw.edu.pl\/konferencjacff\/wp-json\/wp\/v2\/pages\/309\/revisions"}],"predecessor-version":[{"id":531,"href":"https:\/\/konferencje.umw.edu.pl\/konferencjacff\/wp-json\/wp\/v2\/pages\/309\/revisions\/531"}],"wp:attachment":[{"href":"https:\/\/konferencje.umw.edu.pl\/konferencjacff\/wp-json\/wp\/v2\/media?parent=309"}],"curies":[{"name":"wp","href":"https:\/\/api.w.org\/{rel}","templated":true}]}}