{"id":259,"date":"2023-11-17T14:38:41","date_gmt":"2023-11-17T13:38:41","guid":{"rendered":"https:\/\/konferencje.umw.edu.pl\/konferencjacff2024\/?page_id=259"},"modified":"2024-09-18T13:02:52","modified_gmt":"2024-09-18T11:02:52","slug":"program","status":"publish","type":"page","link":"https:\/\/konferencje.umw.edu.pl\/konferencjacff2024\/program\/","title":{"rendered":"Program"},"content":{"rendered":"<p>Wydarzenie satelitarne konferencji \u201eChemia fizyczna i biofizyka dla nauk farmaceutycznych 2024\u201d \u2013 Panel dyskusyjny ekspert\u00f3w: Mi\u0119dzynarodowa wsp\u00f3\u0142praca naukowa i dydaktyczna \u2013 praktyczne do\u015bwiadczenia z zakresu farmacji i nauk pokrewnych \u2013 26.09.2024, godz. 13.00-15.30.<\/p>\n<p>Satelitary event of \u201cPhysical chemistry and biophysics for pharmaceutical sciences 2024\u201d &#8211; Discussion panel of experts: International cooperation in science and teaching \u2013 the practical experience in the field of pharmacy and allied sciences &#8211; 26.09.2024, 13.00-15.30.<\/p>\n<table  class=\" table table-hover\" width=\"614\">\n<tbody>\n<tr>\n<td width=\"226\"><strong>Godzina\/Hour<\/strong><\/td>\n<td width=\"387\"><strong>Temat\/Topic<\/strong><\/td>\n<\/tr>\n<tr>\n<td colspan=\"2\" width=\"614\"><strong>Dzie\u0144 1 \u2013 26.09.2024 r.<\/strong><\/td>\n<\/tr>\n<tr>\n<td width=\"226\"><strong>13.00-13.10<\/strong><\/td>\n<td width=\"387\">Powitanie\/ Welcome<\/td>\n<\/tr>\n<tr>\n<td width=\"226\">13:10-13:30<\/td>\n<td width=\"387\">Prezentacja panelist\u00f3w\/Presentation of panelists<\/td>\n<\/tr>\n<tr>\n<td width=\"226\">13:30-14:30<\/td>\n<td width=\"387\">Kr\u00f3tkie wypowiedzi panelist\u00f3w na temat aktualnego stanu w dziedzinie wsp\u00f3\u0142pracy mi\u0119dzynarodowej oraz ich osobistej drogi do wsp\u00f3\u0142pracy mi\u0119dzynarodowej.\/Short messages from panelists on the state of the art in the field of international cooperation and personal path to international cooperation<\/td>\n<\/tr>\n<tr>\n<td width=\"226\">14:30-15:00<\/td>\n<td width=\"387\">Dyskusja\/ Discussion<\/td>\n<\/tr>\n<tr>\n<td width=\"226\">15:00-15:30<\/td>\n<td width=\"387\">Pytania i odpowiedzi\/Questions and answers<\/td>\n<\/tr>\n<tr>\n<td colspan=\"2\" width=\"614\"><strong>Dzie\u0144 2 \u2013 27.09.2024 r.<\/strong><\/td>\n<\/tr>\n<tr>\n<td width=\"226\">8:30-17:30<\/td>\n<td width=\"387\">Sesja Posterowa i duskusja\/Posters and discussion<\/td>\n<\/tr>\n<tr>\n<td width=\"226\">9:00-9:10<\/td>\n<td width=\"387\">Powitanie\/Welcome<\/td>\n<\/tr>\n<tr>\n<td colspan=\"2\" width=\"614\"><em>Sesja Nr 1\/Session No 1<\/em><\/td>\n<\/tr>\n<tr>\n<td colspan=\"2\" width=\"614\"><em>Analityka farmaceutyczna i metody fizyczne \/Pharmaceutical analytics and physical methods<\/em><\/td>\n<\/tr>\n<tr>\n<td width=\"226\">9:10-10:10<\/td>\n<td width=\"387\">Wyk\u0142ady pierwszej sesji \/Lectures of the 1<sup>st<\/sup> session<\/td>\n<\/tr>\n<tr>\n<td width=\"226\">10:10-10:20<\/td>\n<td width=\"387\">Dyskusja\/ Discussion<\/td>\n<\/tr>\n<tr>\n<td width=\"226\">10:20-10:40<\/td>\n<td width=\"387\">Przerwa kawowa\/Coffee break<\/td>\n<\/tr>\n<tr>\n<td colspan=\"2\" width=\"614\"><em>Sesja Nr 2\/Session No 2<\/em><\/td>\n<\/tr>\n<tr>\n<td colspan=\"2\" width=\"614\"><strong><em>Polimery i bia\u0142ka w naukach farmaceutycznych\/ Polymers and proteins in pharmaceutical sciences<\/em><\/strong><\/td>\n<\/tr>\n<tr>\n<td width=\"226\">10:40-11:40<\/td>\n<td width=\"387\">Wyk\u0142ady drugiej sesji \/Lectures of the 2<sup>nd<\/sup> session<\/td>\n<\/tr>\n<tr>\n<td width=\"226\">11:40-11:50<\/td>\n<td width=\"387\">Dyskusja\/ Discussion<\/td>\n<\/tr>\n<tr>\n<td width=\"226\">11:50-12:10<\/td>\n<td width=\"387\">Przerwa kawowa\/Coffee break<\/td>\n<\/tr>\n<tr>\n<td colspan=\"2\" width=\"614\"><em>Sesja Nr 3\/Session No 3<\/em><\/td>\n<\/tr>\n<tr>\n<td colspan=\"2\" width=\"614\"><strong><em>Stabilno\u015b\u0107 substancji i produkt\u00f3w leczniczych\/ Stability of pharmaceuticals<\/em><\/strong><\/td>\n<\/tr>\n<tr>\n<td width=\"226\">12:10-13:10<\/td>\n<td width=\"387\">Wyk\u0142ady trzeciej sesji \/Lectures of the 3<sup>rd<\/sup> session<\/td>\n<\/tr>\n<tr>\n<td width=\"226\">13:10-13:20<\/td>\n<td width=\"387\">Dyskusja\/ Discussion<\/td>\n<\/tr>\n<tr>\n<td width=\"226\">13:20-14:30<\/td>\n<td width=\"387\">Przerwa obiadowa\/Lunch break<\/td>\n<\/tr>\n<tr>\n<td colspan=\"2\" width=\"614\"><em>Sesja Nr 4\/Session No 4<\/em><\/td>\n<\/tr>\n<tr>\n<td colspan=\"2\" width=\"614\"><strong><em>Nanocz\u0105stki i mikrocz\u0105stki\/Nanoparticles and microparticles<\/em><\/strong><\/td>\n<\/tr>\n<tr>\n<td width=\"226\">14:30-15:30<\/td>\n<td width=\"387\">Wyk\u0142ady czwartej sesji \/Lectures of the 4<sup>th<\/sup> session<\/td>\n<\/tr>\n<tr>\n<td width=\"226\">15:30-15:40<\/td>\n<td width=\"387\">Dyskusja\/ Discussion<\/td>\n<\/tr>\n<tr>\n<td width=\"226\">15:40-16:00<\/td>\n<td width=\"387\">Przerwa obiadowa\/Lunch break<\/td>\n<\/tr>\n<tr>\n<td colspan=\"2\" width=\"614\"><em>Sesja Nr 5\/Session No 5<\/em><\/td>\n<\/tr>\n<tr>\n<td colspan=\"2\" width=\"614\"><strong><em>Zjawiska na granicy faz w badaniach farmaceutycznych<\/em><\/strong><strong><em>\/<\/em><\/strong><strong><em>Phenomena at the phase boundary in pharmaceutical research<\/em><\/strong><\/td>\n<\/tr>\n<tr>\n<td width=\"226\">16:00-17:00<\/td>\n<td width=\"387\">Wyk\u0142ady czwartej sesji \/Lectures of the 4<sup>th<\/sup> session<\/td>\n<\/tr>\n<tr>\n<td width=\"226\">17:00-17:10<\/td>\n<td width=\"387\">Dyskusja\/ Discussion<\/td>\n<\/tr>\n<tr>\n<td width=\"226\">17:10-17:30<\/td>\n<td width=\"387\">Zamkni\u0119cie konferencji\/Summary of the conference<\/td>\n<\/tr>\n<\/tbody>\n<\/table>\n<p>&nbsp;<\/p>\n<p>Sekcja studencka \u2013 we wsp\u00f3\u0142pracy PTSF, biura Erasmus oraz ISPF<\/p>\n<p>Specjalna studencka sesja posterowa w ramach og\u00f3lnej sesji posterowej<\/p>\n<p>Opiekun: dr Tomasz Urbaniak<\/p>\n<p>Wsp\u00f3\u0142praca: dr Ewa \u017burawska-P\u0142aksej, PTSF, ISPF<\/p>\n","protected":false},"excerpt":{"rendered":"<p>Wydarzenie satelitarne konferencji \u201eChemia fizyczna i biofizyka dla nauk farmaceutycznych 2024\u201d \u2013 Panel dyskusyjny ekspert\u00f3w: Mi\u0119dzynarodowa wsp\u00f3\u0142praca naukowa i dydaktyczna \u2013 praktyczne do\u015bwiadczenia z zakresu farmacji i nauk pokrewnych \u2013 26.09.2024, godz. 13.00-15.30. Satelitary event of \u201cPhysical chemistry and biophysics for pharmaceutical sciences 2024\u201d &#8211; Discussion panel of experts: International cooperation in science and teaching<\/p>\n<div><a class=\"btn-filled btn\" href=\"https:\/\/konferencje.umw.edu.pl\/konferencjacff2024\/program\/\" title=\"Program\">Dowiedz si\u0119 wi\u0119cej<\/a><\/div>\n","protected":false},"author":21,"featured_media":0,"parent":0,"menu_order":0,"comment_status":"closed","ping_status":"closed","template":"","meta":{"footnotes":""},"class_list":["post-259","page","type-page","status-publish","hentry"],"_links":{"self":[{"href":"https:\/\/konferencje.umw.edu.pl\/konferencjacff2024\/wp-json\/wp\/v2\/pages\/259","targetHints":{"allow":["GET"]}}],"collection":[{"href":"https:\/\/konferencje.umw.edu.pl\/konferencjacff2024\/wp-json\/wp\/v2\/pages"}],"about":[{"href":"https:\/\/konferencje.umw.edu.pl\/konferencjacff2024\/wp-json\/wp\/v2\/types\/page"}],"author":[{"embeddable":true,"href":"https:\/\/konferencje.umw.edu.pl\/konferencjacff2024\/wp-json\/wp\/v2\/users\/21"}],"replies":[{"embeddable":true,"href":"https:\/\/konferencje.umw.edu.pl\/konferencjacff2024\/wp-json\/wp\/v2\/comments?post=259"}],"version-history":[{"count":6,"href":"https:\/\/konferencje.umw.edu.pl\/konferencjacff2024\/wp-json\/wp\/v2\/pages\/259\/revisions"}],"predecessor-version":[{"id":389,"href":"https:\/\/konferencje.umw.edu.pl\/konferencjacff2024\/wp-json\/wp\/v2\/pages\/259\/revisions\/389"}],"wp:attachment":[{"href":"https:\/\/konferencje.umw.edu.pl\/konferencjacff2024\/wp-json\/wp\/v2\/media?parent=259"}],"curies":[{"name":"wp","href":"https:\/\/api.w.org\/{rel}","templated":true}]}}