{"id":269,"date":"2023-11-17T21:08:28","date_gmt":"2023-11-17T20:08:28","guid":{"rendered":"https:\/\/konferencje.umw.edu.pl\/konferencjacff2024\/?page_id=269"},"modified":"2024-09-09T14:07:12","modified_gmt":"2024-09-09T12:07:12","slug":"zapisy","status":"publish","type":"page","link":"https:\/\/konferencje.umw.edu.pl\/konferencjacff2024\/zapisy\/","title":{"rendered":"Zg\u0142o\u015b uczestnictwo"},"content":{"rendered":"<p>Zg\u0142oszenia prosimy nadsy\u0142a\u0107 jako dokumenty MSOffice na e-mail:\u00a0<a href=\"mailto:konferencja.cff@umw.edu.pl\">konferencja.cff@umw.edu.pl<\/a><\/p>\n<p><strong>Op\u0142ata konferencyjna:<\/strong> 300 PLN w pierwszym terminie, 400 PLN w drugim terminie, przekazywana na konto nr <b>87 1090 2402 0000 0001 5183 2644 <\/b>\u00a0w dniu wys\u0142ania e-mailem formularza zg\u0142oszeniowego, z dopiskiem \u201eKonferencja CFF, Imi\u0119, Nazwisko\u201d. Nie ma mo\u017cliwo\u015bci zwrotu op\u0142aty konferencyjnej.<\/p>\n<p>&nbsp;<\/p>\n<p>Zg\u0142oszenie na konferencj\u0119:<\/p>\n<p>1. link do zg\u0142oszenia drog\u0105 online dost\u0119pny jest <a href=\"https:\/\/forms.office.com\/e\/d9e0yGZh5t\">tutaj<\/a><\/p>\n<p>(streszczenie wyk\u0142adu lub prezentacji plakatowej, prosimy o przes\u0142anie na e-mail: <a href=\"mailto:konferencja.cff@umw.edu.pl\">konferencja.cff@umw.edu.pl<\/a>)<\/p>\n<p>2. e-mail &#8211; prosimy o przes\u0142anie wype\u0142nionego zg\u0142oszenia oraz streszczenia wyk\u0142adu lub prezentacji plakatowej.<\/p>\n<p><strong>Sesja posterowa b\u0119dzie si\u0119 odbywa\u0142a w formie elektronicznego przekazu na ekranach w zwi\u0105zku z czym prosimy o przesy\u0142anie poster\u00f3w w formacie JPG o wysokiej rozdzielczo\u015bci w orientacji POZIOMEJ (w terminie do 15 wrze\u015bnia 2024 r.).<\/strong><\/p>\n<p>Zamkni\u0119cie zg\u0142osze\u0144: 1 termin 15 lipca 2024 (op\u0142ata 300 PLN), 2 termin 30 sierpnia 2024 (op\u0142ata 400 PLN).<\/p>\n<p><strong>Termin nadsy\u0142ania streszcze\u0144 mija 30 sierpnia 2024.<\/strong><\/p>\n<p>Studenci Uniwersytetu Medycznego we Wroc\u0142awiu mog\u0105 wzi\u0105\u0107 udzia\u0142 w wyk\u0142adach konferencji bezp\u0142atnie, bez pakietu konferencyjnego, pod warunkiem wpisania si\u0119 na list\u0119 obecno\u015bci dla student\u00f3w.<\/p>\n<p><a href=\"https:\/\/konferencje.umw.edu.pl\/konferencjacff2024\/wp-content\/uploads\/sites\/24\/2024\/06\/Formularz-zgloszeniowy-2024.docx\">Formularz-zgloszeniowy-2024<\/a><\/p>\n<p><a href=\"https:\/\/konferencje.umw.edu.pl\/konferencjacff2024\/wp-content\/uploads\/sites\/24\/2024\/06\/Streszczenie-wykladu-lub-prezentacji-plakatowej-2024.docx\">Streszczenie-wykladu-lub-prezentacji-plakatowej-2024<\/a><\/p>\n<p>&nbsp;<\/p>\n<p>Please send your applications as MSOffice documents to the following e-mail address: <a href=\"http:\/\/konferencja.cff@umw.edu.pl\">konferencja.cff@umw.edu.pl<\/a><\/p>\n<p><strong>Conference fee:<\/strong> PLN 300 for the first date, PLN 400.00 for the second date, transferred to <strong>account no. 87 1090 2402 0000 0001 5183 2644<\/strong> on the day of sending the registration form by e-mail, with the note &#8222;CFF Conference, First Name, Surname&#8221;. It is not possible to refund the conference fee.<\/p>\n<p>Application for the conference:<\/p>\n<p>1. The link for registration is <a href=\"https:\/\/forms.office.com\/e\/d9e0yGZh5t\">here<\/a><\/p>\n<p>(summary of the lecture or poster presentation please send to e-mail: <a href=\"http:\/\/konferencja.cff@umw.edu.pl\">konferencja.cff@umw.edu.pl<\/a> )<\/p>\n<p>2. e-mail &#8211; please send a completed application form below and summary of the lecture or poster presentation.<\/p>\n<p>The poster session will be held electronically on screens, so please send posters in high resolution PDF format in HORIZONTAL orientation (by September 15, 2024).<\/p>\n<p><strong>The deadline for the submission of abstracts is the 30th of August 2024.<\/strong><\/p>\n<p>Closing date for applications: 1st deadline: July 15, 2024 (fee: PLN 300), 2nd deadline: August 30, 2024 (fee: PLN 400).<\/p>\n<p>Students and workers of the Medical University of Wroc\u0142aw can attend the conference lectures free of charge, without a conference package, provided they are on the student attendance list.<\/p>\n<p><a href=\"https:\/\/konferencje.umw.edu.pl\/konferencjacff2024\/wp-content\/uploads\/sites\/24\/2024\/06\/Formularz-zgloszeniowy-2024.docx\">Formularz-zgloszeniowy-2024<\/a><\/p>\n<p><a href=\"https:\/\/konferencje.umw.edu.pl\/konferencjacff2024\/wp-content\/uploads\/sites\/24\/2024\/06\/Streszczenie-wykladu-lub-prezentacji-plakatowej-2024.docx\">Streszczenie-wykladu-lub-prezentacji-plakatowej-2024<\/a><\/p>\n","protected":false},"excerpt":{"rendered":"<p>Zg\u0142oszenia prosimy nadsy\u0142a\u0107 jako dokumenty MSOffice na e-mail:\u00a0konferencja.cff@umw.edu.pl Op\u0142ata konferencyjna: 300 PLN w pierwszym terminie, 400 PLN w drugim terminie, przekazywana na konto nr 87 1090 2402 0000 0001 5183 2644 \u00a0w dniu wys\u0142ania e-mailem formularza zg\u0142oszeniowego, z dopiskiem \u201eKonferencja CFF, Imi\u0119, Nazwisko\u201d. Nie ma mo\u017cliwo\u015bci zwrotu op\u0142aty konferencyjnej. &nbsp; Zg\u0142oszenie na konferencj\u0119: 1. link<\/p>\n<div><a class=\"btn-filled btn\" href=\"https:\/\/konferencje.umw.edu.pl\/konferencjacff2024\/zapisy\/\" title=\"Zg\u0142o\u015b uczestnictwo\">Dowiedz si\u0119 wi\u0119cej<\/a><\/div>\n","protected":false},"author":21,"featured_media":0,"parent":0,"menu_order":0,"comment_status":"closed","ping_status":"closed","template":"","meta":{"footnotes":""},"class_list":["post-269","page","type-page","status-publish","hentry"],"_links":{"self":[{"href":"https:\/\/konferencje.umw.edu.pl\/konferencjacff2024\/wp-json\/wp\/v2\/pages\/269","targetHints":{"allow":["GET"]}}],"collection":[{"href":"https:\/\/konferencje.umw.edu.pl\/konferencjacff2024\/wp-json\/wp\/v2\/pages"}],"about":[{"href":"https:\/\/konferencje.umw.edu.pl\/konferencjacff2024\/wp-json\/wp\/v2\/types\/page"}],"author":[{"embeddable":true,"href":"https:\/\/konferencje.umw.edu.pl\/konferencjacff2024\/wp-json\/wp\/v2\/users\/21"}],"replies":[{"embeddable":true,"href":"https:\/\/konferencje.umw.edu.pl\/konferencjacff2024\/wp-json\/wp\/v2\/comments?post=269"}],"version-history":[{"count":18,"href":"https:\/\/konferencje.umw.edu.pl\/konferencjacff2024\/wp-json\/wp\/v2\/pages\/269\/revisions"}],"predecessor-version":[{"id":381,"href":"https:\/\/konferencje.umw.edu.pl\/konferencjacff2024\/wp-json\/wp\/v2\/pages\/269\/revisions\/381"}],"wp:attachment":[{"href":"https:\/\/konferencje.umw.edu.pl\/konferencjacff2024\/wp-json\/wp\/v2\/media?parent=269"}],"curies":[{"name":"wp","href":"https:\/\/api.w.org\/{rel}","templated":true}]}}