{"id":309,"date":"2023-12-04T11:13:59","date_gmt":"2023-12-04T10:13:59","guid":{"rendered":"https:\/\/konferencje.umw.edu.pl\/konferencjacff2024\/?page_id=309"},"modified":"2024-09-30T09:29:46","modified_gmt":"2024-09-30T07:29:46","slug":"abstract-book","status":"publish","type":"page","link":"https:\/\/konferencje.umw.edu.pl\/konferencjacff2024\/abstract-book\/","title":{"rendered":"CONFERENCE ABSTRACTS"},"content":{"rendered":"<p>Pe\u0142na KSI\u0104\u017bKA ABSTRAKT\u00d3W dost\u0119pna jest <a href=\"https:\/\/konferencje.umw.edu.pl\/konferencjacff2024\/wp-content\/uploads\/sites\/24\/2024\/09\/abstract-book-2024-ONLINE-1.pdf\">TUTAJ<\/a><\/p>\n","protected":false},"excerpt":{"rendered":"<p>Pe\u0142na KSI\u0104\u017bKA ABSTRAKT\u00d3W dost\u0119pna jest TUTAJ<\/p>\n","protected":false},"author":21,"featured_media":0,"parent":0,"menu_order":0,"comment_status":"closed","ping_status":"closed","template":"","meta":{"footnotes":""},"class_list":["post-309","page","type-page","status-publish","hentry"],"_links":{"self":[{"href":"https:\/\/konferencje.umw.edu.pl\/konferencjacff2024\/wp-json\/wp\/v2\/pages\/309","targetHints":{"allow":["GET"]}}],"collection":[{"href":"https:\/\/konferencje.umw.edu.pl\/konferencjacff2024\/wp-json\/wp\/v2\/pages"}],"about":[{"href":"https:\/\/konferencje.umw.edu.pl\/konferencjacff2024\/wp-json\/wp\/v2\/types\/page"}],"author":[{"embeddable":true,"href":"https:\/\/konferencje.umw.edu.pl\/konferencjacff2024\/wp-json\/wp\/v2\/users\/21"}],"replies":[{"embeddable":true,"href":"https:\/\/konferencje.umw.edu.pl\/konferencjacff2024\/wp-json\/wp\/v2\/comments?post=309"}],"version-history":[{"count":7,"href":"https:\/\/konferencje.umw.edu.pl\/konferencjacff2024\/wp-json\/wp\/v2\/pages\/309\/revisions"}],"predecessor-version":[{"id":393,"href":"https:\/\/konferencje.umw.edu.pl\/konferencjacff2024\/wp-json\/wp\/v2\/pages\/309\/revisions\/393"}],"wp:attachment":[{"href":"https:\/\/konferencje.umw.edu.pl\/konferencjacff2024\/wp-json\/wp\/v2\/media?parent=309"}],"curies":[{"name":"wp","href":"https:\/\/api.w.org\/{rel}","templated":true}]}}