{"id":320,"date":"2024-01-29T10:28:55","date_gmt":"2024-01-29T09:28:55","guid":{"rendered":"https:\/\/konferencje.umw.edu.pl\/konferencjacff2024\/?page_id=320"},"modified":"2024-06-07T13:02:40","modified_gmt":"2024-06-07T11:02:40","slug":"reportaz","status":"publish","type":"page","link":"https:\/\/konferencje.umw.edu.pl\/konferencjacff2024\/reportaz\/","title":{"rendered":"REPORTA\u017b"},"content":{"rendered":"<p>Reporta\u017c z konferencji z roku 2023 dost\u0119pny jest <a href=\"https:\/\/youtu.be\/OSl48Q401NE\">tutaj<\/a><\/p>\n","protected":false},"excerpt":{"rendered":"<p>Reporta\u017c z konferencji z roku 2023 dost\u0119pny jest tutaj<\/p>\n","protected":false},"author":21,"featured_media":0,"parent":0,"menu_order":0,"comment_status":"closed","ping_status":"closed","template":"","meta":{"footnotes":""},"class_list":["post-320","page","type-page","status-publish","hentry"],"_links":{"self":[{"href":"https:\/\/konferencje.umw.edu.pl\/konferencjacff2024\/wp-json\/wp\/v2\/pages\/320","targetHints":{"allow":["GET"]}}],"collection":[{"href":"https:\/\/konferencje.umw.edu.pl\/konferencjacff2024\/wp-json\/wp\/v2\/pages"}],"about":[{"href":"https:\/\/konferencje.umw.edu.pl\/konferencjacff2024\/wp-json\/wp\/v2\/types\/page"}],"author":[{"embeddable":true,"href":"https:\/\/konferencje.umw.edu.pl\/konferencjacff2024\/wp-json\/wp\/v2\/users\/21"}],"replies":[{"embeddable":true,"href":"https:\/\/konferencje.umw.edu.pl\/konferencjacff2024\/wp-json\/wp\/v2\/comments?post=320"}],"version-history":[{"count":2,"href":"https:\/\/konferencje.umw.edu.pl\/konferencjacff2024\/wp-json\/wp\/v2\/pages\/320\/revisions"}],"predecessor-version":[{"id":354,"href":"https:\/\/konferencje.umw.edu.pl\/konferencjacff2024\/wp-json\/wp\/v2\/pages\/320\/revisions\/354"}],"wp:attachment":[{"href":"https:\/\/konferencje.umw.edu.pl\/konferencjacff2024\/wp-json\/wp\/v2\/media?parent=320"}],"curies":[{"name":"wp","href":"https:\/\/api.w.org\/{rel}","templated":true}]}}