{"id":254,"date":"2023-11-17T14:35:07","date_gmt":"2023-11-17T13:35:07","guid":{"rendered":"https:\/\/konferencje.umw.edu.pl\/konferencjacff2025eng\/?page_id=254"},"modified":"2025-07-22T14:26:43","modified_gmt":"2025-07-22T12:26:43","slug":"o-konferencji","status":"publish","type":"page","link":"https:\/\/konferencje.umw.edu.pl\/konferencjacff2025eng\/o-konferencji\/","title":{"rendered":"O konferencji"},"content":{"rendered":"\n<p>\u201eCHEMIA FIZYCZNA I BIOFIZYKA DLA FARMACJI 2025\u201d<\/p>\n\n\n\n<p>Serdecznie zapraszamy Pa\u0144stwa do udzia\u0142u w konferencji naukowej \u201eChemia fizyczna i biofizyka dla farmacji 2025\u201d. Celem konferencji jest umo\u017cliwienie badaczom, w tym doktorantom oraz studentom, dyskusji nt. najnowszych, wa\u017cnych osi\u0105gni\u0119\u0107 badawczych w dziedzinie chemii fizycznej i biofizyki w zastosowaniach medycznych i farmaceutycznych. Tematyka spotkania obejmuje m.in. budow\u0119 i dynamik\u0119 makrokoleku\u0142 i biomakromoleku\u0142, oddzia\u0142ywania mi\u0119dzycz\u0105steczkowe, metody do\u015bwiadczalne i teoretyczne w badaniach fizykochemicznych i farmaceutycznych polimer\u00f3w pochodzenia naturalnego i syntetycznego. Kontekst konferencji dotyczy bada\u0144 i rozwoju nowych lek\u00f3w i ich no\u015bnik\u00f3w, oraz projektowanie nowych urz\u0105dze\u0144 i wyrob\u00f3w medycznych, odpowiednich metod syntezy, analizy i aplikacji.<\/p>\n\n\n\n<p>Uczestnicy mog\u0105 przedstawia\u0107 wyniki swoich bada\u0144 w formie wyk\u0142ad\u00f3w lub poster\u00f3w. O formie prezentacji b\u0119dzie decydowa\u0107 deklaracja Uczestnika a tak\u017ce kolejno\u015b\u0107 zg\u0142osze\u0144 i rekomendacja Komitetu Naukowego konferencji. Streszczenia wyk\u0142ad\u00f3w oraz prezentacji plakatowych zostan\u0105 zamieszczone w materia\u0142ach konferencyjnych. Wyk\u0142ady konferencyjne odbywaj\u0105 si\u0119 w j\u0119zyku angielskim, plakaty przygotowywane s\u0105 w j\u0119zyku angielskim, streszczenia konferencyjne przygotowywane s\u0105 w j\u0119zyku angielskim.<\/p>\n\n\n\n<p>Konferencja zlokalizowana jest w kampusie Uniwersytetu Medycznego we Wroc\u0142awiu, przy ul. Borowskiej, w centralnej cz\u0119\u015bci miasta, skomunikowanej z malowniczym sercem wroc\u0142awskiego Starego Miasta.<\/p>\n\n\n\n<p><strong>Wa\u017cne informacje dotycz\u0105ce rejestracji:<\/strong><\/p>\n\n\n\n<figure class=\"wp-block-table\"><table  class=\"has-fixed-layout table table-hover\" ><tbody><tr><td class=\"has-text-align-center\" data-align=\"center\"><strong>Terminy<\/strong><\/td><td class=\"has-text-align-center\" data-align=\"center\"><strong>Data<\/strong><\/td><td class=\"has-text-align-center\" data-align=\"center\"><strong>Kwota<\/strong><\/td><\/tr><tr><td class=\"has-text-align-center\" data-align=\"center\">Termin rejestracji i op\u0142aty \u201eearly-bird\u201d<\/td><td class=\"has-text-align-center\" data-align=\"center\">15.10.2025<\/td><td class=\"has-text-align-center\" data-align=\"center\">300,- PLN<\/td><\/tr><tr><td class=\"has-text-align-center\" data-align=\"center\">Termin nadsy\u0142ania abstrakt\u00f3w<\/td><td class=\"has-text-align-center\" data-align=\"center\">30.10.2025<\/td><td class=\"has-text-align-center\" data-align=\"center\">&#8211;<\/td><\/tr><tr><td class=\"has-text-align-center\" data-align=\"center\">Termin op\u0142aty \u2013 uroczysta kolacja<\/td><td class=\"has-text-align-center\" data-align=\"center\">15.10.2025<\/td><td class=\"has-text-align-center\" data-align=\"center\">90,- PLN<\/td><\/tr><tr><td class=\"has-text-align-center\" data-align=\"center\">Termin rejestracji i op\u0142aty \u201estandard\u201d<\/td><td class=\"has-text-align-center\" data-align=\"center\">30.11.2025<\/td><td class=\"has-text-align-center\" data-align=\"center\">400,- PLN<\/td><\/tr><\/tbody><\/table><\/figure>\n\n\n\n<p><strong>Publikacja w czasopi\u015bmie naukowym \u201ePolymers in Medicine\u201d<\/strong><\/p>\n\n\n\n<p>Uczestnik\u00f3w konferencji serdecznie zapraszamy do publikacji, w j\u0119zyku angielskim, swoich niepublikowanych wcze\u015bniej manuskrypt\u00f3w, opartych na wyst\u0105pieniach zaprezentowanych na naszej konferencji, w formie pe\u0142nych artyku\u0142\u00f3w w czasopi\u015bmie Polymers in Medicine\/Polimery w Medycynie [ISSN 0370-0747 (print), ISSN 2451-2699 (online), obowi\u0105zuj\u0105ca punktacja MNiSW = 70 punkt\u00f3w, druk bezp\u0142atny, link do czasopisma: https:\/\/polimery.umw.edu.pl\/en\/home\/]. Wszystkie artyku\u0142y b\u0119d\u0105 recenzowane zgodnie ze standardow\u0105 procedur\u0105 obowi\u0105zuj\u0105c\u0105 w czasopi\u015bmie. Przesy\u0142aj\u0105c prac\u0119 prosimy o informacj\u0119, \u017ce temat by\u0142 prezentowany na konferencji \u201eChemia fizyczna i biofizyka dla farmacji 2025\u201d. Termin nadsy\u0142ania manuskrypt\u00f3w up\u0142ywa 30 pa\u017adziernika 2025 (numer drugi czasopisma w 2025) lub 31 marca 2026 (numer pierwszy czasopisma w 2026) \u2013 op\u0142ata konferencyjna upowa\u017cnia do opublikowania dw\u00f3ch artyku\u0142\u00f3w przez jednego uczestnika konferencji jako pierwszego autora lub autora korespondencyjnego.<\/p>\n\n\n\n<p><strong>Atrakcje dodatkowe<\/strong><\/p>\n\n\n\n<p>Ch\u0119tni, po trudach obrad i dyskusji naukowych, na pewno znajd\u0105 tu dla siebie co\u015b ciekawego. W okresie przed\u015bwi\u0105tecznym dzia\u0142a s\u0142ynny Jarmark Bo\u017conarodzeniowy, mo\u017cna zwiedzi\u0107 kilka znakomitych muze\u00f3w oraz galerii sztuki nowoczesnej, w tym Muzeum Narodowe ze znakomitymi zbiorami sztuki europejskiej ora \u015bredniowiecznej, s\u0142yn\u0105c\u0105 na ca\u0142y \u015bwiat Panoram\u0119 Rac\u0142awick\u0105, jedyne w Polsce Muzeum Architektury oraz Muzeum Farmacji, mieszcz\u0105ce si\u0119 w kamienicy w kt\u00f3rej by\u0142a najstarsza apteka na terenach obecnej Polski. Do zobaczenia w pi\u0119knym i malowniczym Wroc\u0142awiu!<\/p>\n\n\n\n<p>W imieniu Komitetu Naukowego i Komitetu Organizacyjnego, prof. dr hab. Witold Musia\u0142<\/p>\n\n\n\n<p><\/p>\n\n\n\n<p>\u2018PHYSICAL CHEMISTRY AND BIOPHYSICS FOR PHARMACY 2025\u2019<\/p>\n\n\n\n<p><strong>About the conference<\/strong><\/p>\n\n\n\n<p>You are cordially invited to participate in the scientific conference \u2018Physical Chemistry and Biophysics for Pharmacy 2025\u2019. The aim of the conference is to give researchers, including PhD students and undergraduates, the opportunity to discuss the latest important research developments in physical chemistry and biophysics for medical and pharmaceutical applications. Topics covered include the structure and dynamics of macromolecules and biomacromolecules, intermolecular interactions, experimental and theoretical methods in physicochemical and pharmaceutical research on polymers of natural and synthetic origin. The context of the conference is concerned with the research and development of new drugs and their carriers, and the design of new medical devices and appliances, relevant methods of synthesis, analysis and application.<\/p>\n\n\n\n<p>Participants can present their research results in the form of lectures or posters. The form of presentation will be decided by the Participant&#8217;s declaration, as well as the order of submissions and the recommendation of the Scientific Committee of the conference. Abstracts of lectures and poster presentations will be included in the conference materials. Conference lectures are held in English, posters are prepared in English, conference abstracts are prepared in English.<\/p>\n\n\n\n<p>The conference is located at the campus of the Medical University of Wroc\u0142aw, Borowska Street, in the central part of the city, connected to the picturesque heart of Wroc\u0142aw&#8217;s Old Town.<\/p>\n\n\n\n<p><strong>Important registration information:<\/strong><\/p>\n\n\n\n<figure class=\"wp-block-table\"><table  class=\"has-fixed-layout table table-hover\" ><tbody><tr><td class=\"has-text-align-center\" data-align=\"center\"><strong>Deadlines<\/strong><\/td><td class=\"has-text-align-center\" data-align=\"center\"><strong>Date<\/strong><\/td><td class=\"has-text-align-center\" data-align=\"center\"><strong>Amount<\/strong><\/td><\/tr><tr><td class=\"has-text-align-center\" data-align=\"center\">Deadline for registration and \u2018early-bird\u2019 fee<\/td><td class=\"has-text-align-center\" data-align=\"center\">15.10.2025<\/td><td class=\"has-text-align-center\" data-align=\"center\">300,- PLN<\/td><\/tr><tr><td class=\"has-text-align-center\" data-align=\"center\">Deadline for abstract submission<\/td><td class=\"has-text-align-center\" data-align=\"center\">30.10.2025<\/td><td class=\"has-text-align-center\" data-align=\"center\">&#8211;<\/td><\/tr><tr><td class=\"has-text-align-center\" data-align=\"center\">Deadline for fee-gala dinner<\/td><td class=\"has-text-align-center\" data-align=\"center\">15.10.2025<\/td><td class=\"has-text-align-center\" data-align=\"center\">90,- PLN<\/td><\/tr><tr><td class=\"has-text-align-center\" data-align=\"center\">Deadline for registration and \u2018standard\u2019 fee<\/td><td class=\"has-text-align-center\" data-align=\"center\">30.11.2025<\/td><td class=\"has-text-align-center\" data-align=\"center\">400,- PLN<\/td><\/tr><\/tbody><\/table><\/figure>\n\n\n\n<p><strong>Publication in the scientific journal \u2018Polymers in Medicine\u2019<\/strong><\/p>\n\n\n\n<p>Conference participants are cordially invited to publish, in English, their previously unpublished manuscripts, based on the presentations given at our conference, as full articles in the journal Polymers in Medicine\/Polymers in Medicine [ISSN 0370-0747 (print), ISSN 2451-2699 (online), valid MNiSW score = 70 points, free printing, link to the journal: https:\/\/polimery.umw.edu.pl\/en\/home\/]. All articles will be reviewed according to the journal&#8217;s standard procedure. When submitting a paper, please indicate that the topic has been presented at the conference \u201cPhysical Chemistry and Biophysics for Pharmacy\u201d. The deadline for manuscripts is 30 October 2025 (journal issue two in 2025) or 31 March 2026 (journal issue one in 2026) &#8211; the conference fee entitles one conference participant to publish two articles as first author or corresponding author.<\/p>\n\n\n\n<p><strong>Additional attractions<\/strong><\/p>\n\n\n\n<p>Those wishing to relax after the strain of deliberations and scientific discussions will certainly find something of interest. In the run-up to Christmas, there is the famous Christmas Market, several outstanding museums and modern art galleries, including the National Museum with its superb collection of European and medieval art, the world-famous Panorama of Rac\u0142awice, Poland&#8217;s only Museum of Architecture, and the Museum of Pharmacy, located in a building that once housed the oldest pharmacy in what is now Poland. See you in beautiful and picturesque Wroc\u0142aw!<\/p>\n\n\n\n<p>On behalf of the Scientific Committee and the Organizing Committee, Prof. Witold Musia\u0142<\/p>\n","protected":false},"excerpt":{"rendered":"<p>\u201eCHEMIA FIZYCZNA I BIOFIZYKA DLA FARMACJI 2025\u201d Serdecznie zapraszamy Pa\u0144stwa do udzia\u0142u w konferencji naukowej \u201eChemia fizyczna i biofizyka dla farmacji 2025\u201d. Celem konferencji jest umo\u017cliwienie badaczom, w tym doktorantom oraz studentom, dyskusji nt. najnowszych, wa\u017cnych osi\u0105gni\u0119\u0107 badawczych w dziedzinie chemii fizycznej i biofizyki w zastosowaniach medycznych i farmaceutycznych. Tematyka spotkania obejmuje m.in. budow\u0119 i<\/p>\n<div><a class=\"btn-filled btn\" href=\"https:\/\/konferencje.umw.edu.pl\/konferencjacff2025eng\/o-konferencji\/\" title=\"O konferencji\">Dowiedz si\u0119 wi\u0119cej<\/a><\/div>\n","protected":false},"author":21,"featured_media":0,"parent":0,"menu_order":0,"comment_status":"closed","ping_status":"closed","template":"","meta":{"footnotes":""},"class_list":["post-254","page","type-page","status-publish","hentry"],"_links":{"self":[{"href":"https:\/\/konferencje.umw.edu.pl\/konferencjacff2025eng\/wp-json\/wp\/v2\/pages\/254","targetHints":{"allow":["GET"]}}],"collection":[{"href":"https:\/\/konferencje.umw.edu.pl\/konferencjacff2025eng\/wp-json\/wp\/v2\/pages"}],"about":[{"href":"https:\/\/konferencje.umw.edu.pl\/konferencjacff2025eng\/wp-json\/wp\/v2\/types\/page"}],"author":[{"embeddable":true,"href":"https:\/\/konferencje.umw.edu.pl\/konferencjacff2025eng\/wp-json\/wp\/v2\/users\/21"}],"replies":[{"embeddable":true,"href":"https:\/\/konferencje.umw.edu.pl\/konferencjacff2025eng\/wp-json\/wp\/v2\/comments?post=254"}],"version-history":[{"count":5,"href":"https:\/\/konferencje.umw.edu.pl\/konferencjacff2025eng\/wp-json\/wp\/v2\/pages\/254\/revisions"}],"predecessor-version":[{"id":404,"href":"https:\/\/konferencje.umw.edu.pl\/konferencjacff2025eng\/wp-json\/wp\/v2\/pages\/254\/revisions\/404"}],"wp:attachment":[{"href":"https:\/\/konferencje.umw.edu.pl\/konferencjacff2025eng\/wp-json\/wp\/v2\/media?parent=254"}],"curies":[{"name":"wp","href":"https:\/\/api.w.org\/{rel}","templated":true}]}}