{"id":269,"date":"2023-11-17T21:08:28","date_gmt":"2023-11-17T20:08:28","guid":{"rendered":"https:\/\/konferencje.umw.edu.pl\/konferencjacff2025eng\/?page_id=269"},"modified":"2025-08-01T11:20:59","modified_gmt":"2025-08-01T09:20:59","slug":"zapisy","status":"publish","type":"page","link":"https:\/\/konferencje.umw.edu.pl\/konferencjacff2025eng\/zapisy\/","title":{"rendered":"Zg\u0142o\u015b uczestnictwo"},"content":{"rendered":"\n<p>Zg\u0142oszenia prosimy nadsy\u0142a\u0107 jako dokumenty MSOffice na e-mail:&nbsp;<a href=\"mailto:konferencja.cff@umw.edu.pl\">konferencja.cff@umw.edu.pl<\/a><\/p>\n\n\n\n<p><strong>Op\u0142ata konferencyjna:<\/strong> 300 PLN w pierwszym terminie, 400 PLN w drugim terminie, przekazywana na konto nr <b>48 1090 2402 0000 0001 6310 4164 <\/b>&nbsp;w dniu wys\u0142ania e-mailem formularza zg\u0142oszeniowego, z dopiskiem \u201eKonferencja CFF, Imi\u0119, Nazwisko\u201d. Nie ma mo\u017cliwo\u015bci zwrotu op\u0142aty konferencyjnej. Op\u0142ata za uczestnictwo w uroczystej kolacji w dniu 4 grudnia 2025 r. &#8211; 90 PLN do 15 pa\u017adziernika 2025 r.<\/p>\n\n\n\n<p>&nbsp;<\/p>\n\n\n\n<p>Zg\u0142oszenie na konferencj\u0119:<\/p>\n\n\n\n<p>1. link do zg\u0142oszenia drog\u0105 online dost\u0119pny jest <a href=\"https:\/\/forms.office.com\/e\/JyHNteiQub\">tutaj<\/a><\/p>\n\n\n\n<p>(streszczenie wyk\u0142adu lub prezentacji plakatowej, prosimy o przes\u0142anie na e-mail: <a href=\"mailto:konferencja.cff@umw.edu.pl\">konferencja.cff@umw.edu.pl<\/a>)<\/p>\n\n\n\n<p>2. e-mail &#8211; prosimy o przes\u0142anie wype\u0142nionego zg\u0142oszenia oraz streszczenia wyk\u0142adu lub prezentacji plakatowej.<\/p>\n\n\n\n<p><strong><s>Sesja posterowa b\u0119dzie si\u0119 odbywa\u0142a w formie elektronicznego przekazu na ekranach w zwi\u0105zku z czym prosimy o przesy\u0142anie poster\u00f3w w formacie JPG o wysokiej rozdzielczo\u015bci w orientacji POZIOMEJ (w terminie do 30 pa\u017adziernika 2025 r.).<\/s><\/strong><\/p>\n\n\n\n<p>Zamkni\u0119cie zg\u0142osze\u0144: 1 termin &#8222;early-bird&#8221; 15 pa\u017adziernika 2025 (op\u0142ata 300 PLN), 2 termin &#8222;standard&#8221; 30 listopada 2025 (op\u0142ata 400 PLN).<\/p>\n\n\n\n<p><strong>Termin nadsy\u0142ania streszcze\u0144 mija 30 pa\u017adziernika 2025.<\/strong><\/p>\n\n\n\n<p><\/p>\n\n\n\n<p><a href=\"https:\/\/konferencje.umw.edu.pl\/konferencjacff2025eng\/wp-content\/uploads\/sites\/37\/2024\/06\/Formularz-zgloszeniowy-2024.docx\">Formularz-zgloszeniowy-2025<\/a><\/p>\n\n\n\n<p><a href=\"https:\/\/konferencje.umw.edu.pl\/konferencjacff2025eng\/wp-content\/uploads\/sites\/37\/2024\/06\/Streszczenie-wykladu-lub-prezentacji-plakatowej-2024.docx\">Streszczenie-wykladu-lub-prezentacji-plakatowej-2025<\/a><\/p>\n\n\n\n<p>&nbsp;<\/p>\n\n\n\n<p>Please send your applications as MSOffice documents to the following e-mail address: <a href=\"http:\/\/konferencja.cff@umw.edu.pl\">konferencja.cff@umw.edu.pl<\/a><\/p>\n\n\n\n<p><strong>Conference fee:<\/strong> PLN 300 for the first date &#8222;early-bird&#8221;, PLN 400.00 for the second date &#8222;standard&#8221;, transferred to <strong>account no. 48 1090 2402 0000 0001 6310 4164<\/strong> on the day of sending the registration form by e-mail, with the note &#8222;CFF Conference, First Name, Surname&#8221;. It is not possible to refund the conference fee. Fee for participation in the gala dinner on December 4, 2025 \u2013 PLN 90 until October 15, 2025.<\/p>\n\n\n\n<p>Application for the conference:<\/p>\n\n\n\n<p>1. The link for registration is <a href=\"https:\/\/forms.office.com\/e\/JyHNteiQub\">here<\/a><\/p>\n\n\n\n<p>(summary of the lecture or poster presentation please send to e-mail: <a href=\"http:\/\/konferencja.cff@umw.edu.pl\">konferencja.cff@umw.edu.pl<\/a> )<\/p>\n\n\n\n<p>2. e-mail &#8211; please send a completed application form below and summary of the lecture or poster presentation.<\/p>\n\n\n\n<p><s>The poster session will be held electronically on screens, so please send posters in high resolution PDF format in HORIZONTAL orientation (by September 15, 2024).<\/s><\/p>\n\n\n\n<p><strong>The deadline for the submission of abstracts is the 30th of October 2025.<\/strong><\/p>\n\n\n\n<p>Closing date for applications: 1st deadline &#8222;early &#8211; bird&#8221;: Octover 15, 2025 (fee: PLN 300), 2nd deadline &#8222;standard&#8221;: November 30, 2025 (fee: PLN 400).<\/p>\n\n\n\n<p><\/p>\n\n\n\n<p><a href=\"https:\/\/konferencje.umw.edu.pl\/konferencjacff2025eng\/wp-content\/uploads\/sites\/37\/2024\/06\/Formularz-zgloszeniowy-2024.docx\">Formularz-zgloszeniowy-2025<\/a><\/p>\n\n\n\n<p><a href=\"https:\/\/konferencje.umw.edu.pl\/konferencjacff2025eng\/wp-content\/uploads\/sites\/37\/2024\/06\/Streszczenie-wykladu-lub-prezentacji-plakatowej-2024.docx\">Streszczenie-wykladu-lub-prezentacji-plakatowej-2025<\/a><\/p>\n","protected":false},"excerpt":{"rendered":"<p>Zg\u0142oszenia prosimy nadsy\u0142a\u0107 jako dokumenty MSOffice na e-mail:&nbsp;konferencja.cff@umw.edu.pl Op\u0142ata konferencyjna: 300 PLN w pierwszym terminie, 400 PLN w drugim terminie, przekazywana na konto nr 48 1090 2402 0000 0001 6310 4164 &nbsp;w dniu wys\u0142ania e-mailem formularza zg\u0142oszeniowego, z dopiskiem \u201eKonferencja CFF, Imi\u0119, Nazwisko\u201d. Nie ma mo\u017cliwo\u015bci zwrotu op\u0142aty konferencyjnej. Op\u0142ata za uczestnictwo w uroczystej kolacji<\/p>\n<div><a class=\"btn-filled btn\" href=\"https:\/\/konferencje.umw.edu.pl\/konferencjacff2025eng\/zapisy\/\" title=\"Zg\u0142o\u015b uczestnictwo\">Dowiedz si\u0119 wi\u0119cej<\/a><\/div>\n","protected":false},"author":21,"featured_media":0,"parent":0,"menu_order":0,"comment_status":"closed","ping_status":"closed","template":"","meta":{"footnotes":""},"class_list":["post-269","page","type-page","status-publish","hentry"],"_links":{"self":[{"href":"https:\/\/konferencje.umw.edu.pl\/konferencjacff2025eng\/wp-json\/wp\/v2\/pages\/269","targetHints":{"allow":["GET"]}}],"collection":[{"href":"https:\/\/konferencje.umw.edu.pl\/konferencjacff2025eng\/wp-json\/wp\/v2\/pages"}],"about":[{"href":"https:\/\/konferencje.umw.edu.pl\/konferencjacff2025eng\/wp-json\/wp\/v2\/types\/page"}],"author":[{"embeddable":true,"href":"https:\/\/konferencje.umw.edu.pl\/konferencjacff2025eng\/wp-json\/wp\/v2\/users\/21"}],"replies":[{"embeddable":true,"href":"https:\/\/konferencje.umw.edu.pl\/konferencjacff2025eng\/wp-json\/wp\/v2\/comments?post=269"}],"version-history":[{"count":20,"href":"https:\/\/konferencje.umw.edu.pl\/konferencjacff2025eng\/wp-json\/wp\/v2\/pages\/269\/revisions"}],"predecessor-version":[{"id":453,"href":"https:\/\/konferencje.umw.edu.pl\/konferencjacff2025eng\/wp-json\/wp\/v2\/pages\/269\/revisions\/453"}],"wp:attachment":[{"href":"https:\/\/konferencje.umw.edu.pl\/konferencjacff2025eng\/wp-json\/wp\/v2\/media?parent=269"}],"curies":[{"name":"wp","href":"https:\/\/api.w.org\/{rel}","templated":true}]}}