{"id":1037,"date":"2025-09-12T13:02:54","date_gmt":"2025-09-12T11:02:54","guid":{"rendered":"https:\/\/konferencje.umw.edu.pl\/medtech\/?page_id=1037"},"modified":"2025-09-22T13:27:31","modified_gmt":"2025-09-22T11:27:31","slug":"powercast","status":"publish","type":"page","link":"https:\/\/konferencje.umw.edu.pl\/medtech\/powercast\/","title":{"rendered":"POWERCAST"},"content":{"rendered":"<p><iframe loading=\"lazy\" title=\"POWERCAST: Wystarczy 6 sekund, by odkry\u0107 symptomy choroby Alzheimera. Dr El\u017cbieta Trypka, prof. UMW\" width=\"1140\" height=\"641\" src=\"https:\/\/www.youtube.com\/embed\/aq746HAlNRs?list=PLyCyuKEydkC3HnNdwp2ABpam-cWwLeaPB\" frameborder=\"0\" allow=\"accelerometer; autoplay; clipboard-write; encrypted-media; gyroscope; picture-in-picture; web-share\" referrerpolicy=\"strict-origin-when-cross-origin\" allowfullscreen><\/iframe><\/p>\n<p>&nbsp;<\/p>\n<p><iframe loading=\"lazy\" title=\"POWERCAST: MedTech czy TechMed? Zmierzy\u0107 mo\u017cna wszystko pytanie czy warto? dr Agnieszka Siennicka\" width=\"1140\" height=\"641\" src=\"https:\/\/www.youtube.com\/embed\/TQWok56M7XY?list=PLyCyuKEydkC3HnNdwp2ABpam-cWwLeaPB\" frameborder=\"0\" allow=\"accelerometer; autoplay; clipboard-write; encrypted-media; gyroscope; picture-in-picture; web-share\" referrerpolicy=\"strict-origin-when-cross-origin\" allowfullscreen><\/iframe><\/p>\n<p><iframe loading=\"lazy\" title=\"POWERCAST: Farmaceuci wchodz\u0105 do gry. Game changer w systemie ochrony zdrowia? dr Artur Owczarek\" width=\"1140\" height=\"641\" src=\"https:\/\/www.youtube.com\/embed\/wIvo-NGqq58?list=PLyCyuKEydkC3HnNdwp2ABpam-cWwLeaPB\" frameborder=\"0\" allow=\"accelerometer; autoplay; clipboard-write; encrypted-media; gyroscope; picture-in-picture; web-share\" referrerpolicy=\"strict-origin-when-cross-origin\" allowfullscreen><\/iframe><\/p>\n<p>&nbsp;<\/p>\n<p><iframe loading=\"lazy\" title=\"POWERCAST: Kid Aid - ta aplikacja pozwala uratowa\u0107 tysi\u0105ce dzieci dr Kamila Ludwikowska\" width=\"1140\" height=\"641\" src=\"https:\/\/www.youtube.com\/embed\/kL75F83SLyA?list=PLyCyuKEydkC3HnNdwp2ABpam-cWwLeaPB\" frameborder=\"0\" allow=\"accelerometer; autoplay; clipboard-write; encrypted-media; gyroscope; picture-in-picture; web-share\" referrerpolicy=\"strict-origin-when-cross-origin\" allowfullscreen><\/iframe><\/p>\n<p><iframe loading=\"lazy\" title=\"POWERCAST: AI w medycynie - Jakiej kadry potrzebuj\u0105 szpitale przysz\u0142o\u015bci? prof. Robert Zymli\u0144ski\" width=\"1140\" height=\"641\" src=\"https:\/\/www.youtube.com\/embed\/A_pY6VM-Zj4?list=PLyCyuKEydkC3HnNdwp2ABpam-cWwLeaPB\" frameborder=\"0\" allow=\"accelerometer; autoplay; clipboard-write; encrypted-media; gyroscope; picture-in-picture; web-share\" referrerpolicy=\"strict-origin-when-cross-origin\" allowfullscreen><\/iframe><\/p>\n<p>&nbsp;<\/p>\n","protected":false},"excerpt":{"rendered":"<p>&nbsp; &nbsp; &nbsp;<\/p>\n","protected":false},"author":21,"featured_media":0,"parent":0,"menu_order":0,"comment_status":"closed","ping_status":"closed","template":"page-templates\/full-width.php","meta":{"footnotes":""},"class_list":["post-1037","page","type-page","status-publish","hentry"],"_links":{"self":[{"href":"https:\/\/konferencje.umw.edu.pl\/medtech\/wp-json\/wp\/v2\/pages\/1037","targetHints":{"allow":["GET"]}}],"collection":[{"href":"https:\/\/konferencje.umw.edu.pl\/medtech\/wp-json\/wp\/v2\/pages"}],"about":[{"href":"https:\/\/konferencje.umw.edu.pl\/medtech\/wp-json\/wp\/v2\/types\/page"}],"author":[{"embeddable":true,"href":"https:\/\/konferencje.umw.edu.pl\/medtech\/wp-json\/wp\/v2\/users\/21"}],"replies":[{"embeddable":true,"href":"https:\/\/konferencje.umw.edu.pl\/medtech\/wp-json\/wp\/v2\/comments?post=1037"}],"version-history":[{"count":12,"href":"https:\/\/konferencje.umw.edu.pl\/medtech\/wp-json\/wp\/v2\/pages\/1037\/revisions"}],"predecessor-version":[{"id":1058,"href":"https:\/\/konferencje.umw.edu.pl\/medtech\/wp-json\/wp\/v2\/pages\/1037\/revisions\/1058"}],"wp:attachment":[{"href":"https:\/\/konferencje.umw.edu.pl\/medtech\/wp-json\/wp\/v2\/media?parent=1037"}],"curies":[{"name":"wp","href":"https:\/\/api.w.org\/{rel}","templated":true}]}}