{"id":106,"date":"2023-01-04T10:39:22","date_gmt":"2023-01-04T09:39:22","guid":{"rendered":"https:\/\/konferencje.umw.edu.pl\/medtech\/?page_id=106"},"modified":"2025-11-24T13:41:50","modified_gmt":"2025-11-24T12:41:50","slug":"program","status":"publish","type":"page","link":"https:\/\/konferencje.umw.edu.pl\/medtech\/program\/","title":{"rendered":"Program"},"content":{"rendered":"<h2 style=\"text-align: center\">27 listopada 2025 r.<br \/>\n(czwartek)<\/h2>\n<p>&nbsp;<\/p>\n<table  class=\" table table-hover\" style=\"font-weight: 400;height: 2467px\" width=\"661\">\n<tbody>\n<tr>\n<td style=\"text-align: right\" width=\"103\"><strong><u>7.30 \u2013 9.00<\/u><\/strong><\/td>\n<td style=\"text-align: left\" width=\"558\">Rejestracja uczestnik\u00f3w<\/td>\n<\/tr>\n<tr>\n<td style=\"text-align: right\" width=\"103\"><strong><u>9.00 \u2013 9.15<\/u><\/strong><\/td>\n<td style=\"text-align: left\" width=\"558\">Rozpocz\u0119cie konferencji i przywitanie go\u015bci<\/td>\n<\/tr>\n<tr>\n<td style=\"text-align: right\" width=\"103\"><strong><u>9.15 \u2013 9.30<\/u><\/strong><\/td>\n<td style=\"text-align: left\" width=\"558\"><strong>POWERSPEECH<br \/>\n<\/strong>dr Tomasz Maciejewski (Podsekretarz Stanu w Ministerstwie Zdrowia)<\/td>\n<\/tr>\n<tr>\n<td style=\"text-align: right\" width=\"103\"><strong><u>9.30-9.40<\/u><\/strong><\/td>\n<td style=\"text-align: left\" width=\"558\"><strong>PITCH<br \/>\n<\/strong>KIDAID (<a href=\"https:\/\/kid-aid.pl\/\">https:\/\/kid-aid.pl\/<\/a>)<br \/>\nTeori\u0119 przek\u0142adamy na praktyk\u0119, w ramach k0nferencji prezentowane b\u0119d\u0105 wdro\u017cenia realizowane przez pracownik\u00f3w Uniwersytetu Medycznego we Wroc\u0142awiu.<\/td>\n<\/tr>\n<tr>\n<td style=\"text-align: right\" width=\"103\"><strong><u>9.40 \u2013 10.20<\/u><\/strong><\/td>\n<td style=\"text-align: left\" width=\"558\"><strong>PANEL I \u2013 NIEZB\u0118DNE KOMPETENCJE I WYZWANIA DLA KSZTA\u0141CENIA W DOBIE REWOLUCJI MEDTECH<br \/>\n<\/strong>Czego powinni\u015bmy uczy\u0107 i czego wymaga\u0107 od pracownik\u00f3w ochrony zdrowia, by\u202fefektywnie wdra\u017cali innowacje i korzystali z nich zgodnie z najlepszymi praktykami?<br \/>\nJak ich do tego przygotowa\u0107 na etapie kszta\u0142cenia?<\/p>\n<p><strong style=\"font-family: inherit;font-size: inherit\">Prowadz\u0105cy:<\/strong><\/p>\n<p><span style=\"font-family: inherit;font-size: inherit\">dr hab, Robert Zymli\u0144ski prof. UMW, Dziekan Wydzia\u0142u Lekarskiego Uniwersytetu Medycznego we Wroc\u0142awiu<\/span><\/p>\n<p style=\"text-align: left\"><strong>Paneli\u015bci:<\/strong><\/p>\n<ul>\n<li style=\"text-align: left\">Bartosz Borucki, CEO at Smarter Diagnostics<\/li>\n<li style=\"text-align: left\">prof. Leszek Szenborn, Kierownik Kliniki Pediatrii i Chor\u00f3b Infekcyjnych USK we Wroc\u0142awiu<\/li>\n<li style=\"text-align: left\">Katarzyna Hein-Peters, Za\u0142o\u017cycielka Abante Scientific<\/li>\n<li>dr Mateusz Palczewski, Infermedica, kierownik zespo\u0142u walidacji klinicznej<\/li>\n<li style=\"text-align: left\">prof. Agnieszka Zimmermann, Prorektor ds. Kszta\u0142cenia Gda\u0144ski Uniwersytet Medyczny<\/li>\n<li>dr Agnieszka Zd\u0119ba-Mozo\u0142a, Zast\u0119pca Dyrektora ds. Personalnych i Jako\u015bci, Uniwersytecki Szpital Kliniczny we Wroc\u0142awiu<\/li>\n<\/ul>\n<\/td>\n<\/tr>\n<tr>\n<td style=\"text-align: right\" width=\"103\"><strong><u>10.20 \u2013 10.30<\/u><\/strong><\/td>\n<td style=\"text-align: left\" width=\"558\"><strong>PITCH<br \/>\n<\/strong>LEKRAPORT (<a href=\"https:\/\/lekraport.umw.edu.pl\/\">https:\/\/lekraport.umw.edu.pl\/<\/a>)<br \/>\nTeori\u0119 przek\u0142adamy na praktyk\u0119, w ramach k0nferencji prezentowane b\u0119d\u0105 wdro\u017cenia realizowane przez pracownik\u00f3w Uniwersytetu Medycznego we Wroc\u0142awiu.<\/td>\n<\/tr>\n<tr>\n<td style=\"text-align: right\" width=\"103\"><strong><u>10.30 \u2013 11.10<\/u><\/strong><\/td>\n<td style=\"text-align: left\" width=\"558\"><strong>PANEL II \u2013 RAPORTY I RANKINGI WDRO\u017bE\u0143 MEDTECH: PRAWDA CZY FIKCJA?<br \/>\n<\/strong>Raporty maj\u0105 po kilkaset stron, na kt\u00f3rych rokrocznie prezentowane s\u0105 liczne inicjatywy w obszarze medtech. Kapitu\u0142y przyznaj\u0105 nagrody, firmy obwieszczaj\u0105 sukcesy. Czy to naprawd\u0119 dzia\u0142a? Z ilu z tych innowacji na co dzie\u0144 korzysta pacjent?<\/p>\n<p><strong style=\"font-family: inherit;font-size: inherit\">Prowadz\u0105cy:<\/strong><\/p>\n<p>Jakub Chwie\u0107ko, za\u0142o\u017cyciel i CEO Medical Innovation Institute w Warszawie<\/p>\n<p style=\"text-align: left\"><strong>Paneli\u015bci:<\/strong><\/p>\n<ul>\n<li style=\"text-align: left\">\u00a0Les\u0142aw Skibi\u0144ski, Product Development Director Medidesk<\/li>\n<li style=\"text-align: left\">Karolina T\u0105del, Zast\u0119pca Dyrektora Departamentu e-zdrowie w Ministerstwie Zdrowia<\/li>\n<li style=\"text-align: left\">Paulina Muszy\u0144ska,\u00a0 Szefowa Startup Wroc\u0142aw, ARAW<\/li>\n<li style=\"text-align: left\">Jakub Sojka, Dyrektor Centrum Transferu Technologii, Uniwersytet Medyczny we Wroc\u0142awiu<\/li>\n<li style=\"text-align: left\">Aleksandra Grajkowska, Digital &amp; Innovation Head, Novartis Polska Sp. z o.o.<\/li>\n<\/ul>\n<\/td>\n<\/tr>\n<tr>\n<td style=\"text-align: right\" width=\"103\"><strong><u>11.10 \u2013 11.40<\/u><\/strong><\/td>\n<td style=\"text-align: left\" width=\"558\"><strong>Przerwa kawowa<\/strong><strong>\u202f<\/strong><\/td>\n<\/tr>\n<tr>\n<td style=\"text-align: right\" width=\"103\"><strong><u>11.40 \u2013 12.20<\/u><\/strong><\/td>\n<td style=\"text-align: left\" width=\"558\"><strong>PANEL III \u2013 AKTUALNE KONTROWERSJE I WYZWANIA ETYCZNE MEDTECHu &#8211; CZEGO MUSIMY SI\u0118 BA\u0106 I JAK TEGO UNIKN\u0104\u0106<br \/>\n<\/strong>Ucyfrowienie medycyny rykoszetem rozszerzy\u0142o zasi\u0119gi i mo\u017cliwo\u015bci w zakresie dezinformacji w obszarze wiedzy o zdrowiu. Automatyzacja procedur zaczyna wkracza\u0107 w obszary, kt\u00f3re wymagaj\u0105 wsparcia (np. ze wzgl\u0119du na niedobory kadrowe), ale jednocze\u015bnie wydaj\u0105 si\u0119 by\u0107 szczeg\u00f3lnie wra\u017cliwe (tj. zdrowie psychiczne). Te i inne kontrowersyjne w\u0105tki b\u0119d\u0105 dyskutowane w gronie specjalist\u00f3w.<\/p>\n<p><strong style=\"font-family: inherit;font-size: inherit\">Prowadz\u0105cy:<\/strong><\/p>\n<p>Micha\u0142 Karbowiak, Zeccer\/RST Lift-Off Startup Accelerator<\/p>\n<p><strong>Paneli\u015bci:<\/strong><\/p>\n<ul>\n<li style=\"text-align: left\">dr Renata Wallner prof. UMW, Katedra Psychiatrii<\/li>\n<li style=\"text-align: left\">Marcin Brysiak, AI &amp; Data Science, KPMG w Polsce<\/li>\n<li style=\"text-align: left\">dr hab. Karina Stasiuk-Krajewska, prof. Uniwersytetu SWPS, Uniwersytet SWPS, CEDMO<\/li>\n<li style=\"text-align: left\">Maja Herman, Prezeska Polskiego Towarzystwa Medi\u00f3w Medycznych<\/li>\n<li>dr Agnieszka Siennicka, Prodziekan d.s. Rozwoju WNoZ, Uniwersytet Medyczny we Wroc\u0142awiu, Wydzia\u0142 Nauk o Zdrowiu, Zak\u0142ad Innowacji w Ochronie Zdrowia<\/li>\n<\/ul>\n<\/td>\n<\/tr>\n<tr>\n<td style=\"text-align: right\" width=\"103\"><strong><u>12.20 \u2013 12.30<\/u><\/strong><\/td>\n<td style=\"text-align: left\" width=\"558\"><strong>PITCH<br \/>\n<\/strong>VIVID MID (<a href=\"https:\/\/vividmind.health\/\">https:\/\/vividmind.health\/<\/a>)<br \/>\nTeori\u0119 przek\u0142adamy na praktyk\u0119, w ramach k0nferencji prezentowane b\u0119d\u0105 wdro\u017cenia realizowane przez pracownik\u00f3w Uniwersytetu Medycznego we Wroc\u0142awiu.<\/td>\n<\/tr>\n<tr>\n<td style=\"text-align: right\" width=\"103\"><strong><u>12.30 \u2013 13.10<\/u><\/strong><\/td>\n<td style=\"text-align: left\" width=\"558\"><strong>STREFA STARTUP\u00d3W<br \/>\n<\/strong>Trendy w innowacjach MEDTech \u2013 refleksja po targach CES<\/p>\n<p><strong style=\"font-family: inherit;font-size: inherit\">Prezentacja startup\u00f3w<\/strong><\/p>\n<p><a href=\"https:\/\/www.nutrix.tech\/\">https:\/\/www.nutrix.tech\/<\/a><br \/>\n<a href=\"https:\/\/www.stethome.com\/pl\">https:\/\/www.stethome.com\/pl<\/a><\/p>\n<p><strong style=\"font-family: inherit;font-size: inherit\">Sesja Q&amp;A<\/strong><strong style=\"font-family: inherit;font-size: inherit\">\u202f<\/strong><\/td>\n<\/tr>\n<tr>\n<td style=\"text-align: right\" width=\"103\"><strong><u>13.10 \u2013 13.20<\/u><\/strong><\/td>\n<td style=\"text-align: left\" width=\"558\"><strong>Zako\u0144czenie Konferencji<\/strong><\/td>\n<\/tr>\n<tr>\n<td style=\"text-align: right\" width=\"103\"><strong><u>13.20 \u2013 14.10<\/u><\/strong><\/td>\n<td style=\"text-align: left\" width=\"558\"><strong>LUNCH + NETWORKING <\/strong><\/td>\n<\/tr>\n<tr>\n<td style=\"text-align: right\" width=\"103\"><strong><u>13.40-14.30<\/u><\/strong><\/td>\n<td style=\"text-align: left\" width=\"558\"><strong>WARSZTATY<br \/>\n<\/strong><strong>Benefits of InnoSurvey \u00ae <\/strong><strong>for healthcare organizations<\/strong><\/td>\n<\/tr>\n<tr>\n<td style=\"text-align: right\" width=\"103\"><strong><u>14.40-15.30<\/u><\/strong><\/td>\n<td style=\"text-align: left\" width=\"558\"><strong>WARSZTATY<br \/>\n<\/strong><strong>AI narz\u0119dzie w r\u0119kach pracy lekarza.<br \/>\n<\/strong><strong>Jak analizowa\u0107 informacje otrzymane od AI?<\/strong><\/td>\n<\/tr>\n<\/tbody>\n<\/table>\n<p>&nbsp;<\/p>\n<p style=\"text-align: center\"><a href=\"https:\/\/konferencje.umw.edu.pl\/medtech\/warsztaty\/\"><img loading=\"lazy\" decoding=\"async\" class=\"size-medium wp-image-1072 aligncenter\" src=\"https:\/\/konferencje.umw.edu.pl\/medtech\/wp-content\/uploads\/sites\/23\/2025\/10\/MEDTECH-WARSZTATY-PRZYCISK-300x100.png\" alt=\"\" width=\"300\" height=\"100\" srcset=\"https:\/\/konferencje.umw.edu.pl\/medtech\/wp-content\/uploads\/sites\/23\/2025\/10\/MEDTECH-WARSZTATY-PRZYCISK-300x100.png 300w, https:\/\/konferencje.umw.edu.pl\/medtech\/wp-content\/uploads\/sites\/23\/2025\/10\/MEDTECH-WARSZTATY-PRZYCISK-228x76.png 228w, https:\/\/konferencje.umw.edu.pl\/medtech\/wp-content\/uploads\/sites\/23\/2025\/10\/MEDTECH-WARSZTATY-PRZYCISK.png 600w\" sizes=\"auto, (max-width: 300px) 100vw, 300px\" \/><\/a><span style=\"font-family: 'Unica One'\">dowiedz si\u0119 wi\u0119cej<\/span><\/p>\n<p>&nbsp;<\/p>\n<p>&nbsp;<\/p>\n<p>Strefa EXPO. Organizatorzy przewiduj\u0105 mo\u017cliwo\u015b\u0107 wystawienia stoiska firm i instytucji. Zainteresowanych prosimy o kontakt medtech@umw.edu.pl.<\/p>\n","protected":false},"excerpt":{"rendered":"<p>27 listopada 2025 r. (czwartek) &nbsp; 7.30 \u2013 9.00 Rejestracja uczestnik\u00f3w 9.00 \u2013 9.15 Rozpocz\u0119cie konferencji i przywitanie go\u015bci 9.15 \u2013 9.30 POWERSPEECH dr Tomasz Maciejewski (Podsekretarz Stanu w Ministerstwie Zdrowia) 9.30-9.40 PITCH KIDAID (https:\/\/kid-aid.pl\/) Teori\u0119 przek\u0142adamy na praktyk\u0119, w ramach k0nferencji prezentowane b\u0119d\u0105 wdro\u017cenia realizowane przez pracownik\u00f3w Uniwersytetu Medycznego we Wroc\u0142awiu. 9.40 \u2013 10.20<\/p>\n<div><a class=\"btn-filled btn\" href=\"https:\/\/konferencje.umw.edu.pl\/medtech\/program\/\" title=\"Program\">Dowiedz si\u0119 wi\u0119cej<\/a><\/div>\n","protected":false},"author":1,"featured_media":0,"parent":0,"menu_order":0,"comment_status":"closed","ping_status":"closed","template":"","meta":{"footnotes":""},"class_list":["post-106","page","type-page","status-publish","hentry"],"_links":{"self":[{"href":"https:\/\/konferencje.umw.edu.pl\/medtech\/wp-json\/wp\/v2\/pages\/106","targetHints":{"allow":["GET"]}}],"collection":[{"href":"https:\/\/konferencje.umw.edu.pl\/medtech\/wp-json\/wp\/v2\/pages"}],"about":[{"href":"https:\/\/konferencje.umw.edu.pl\/medtech\/wp-json\/wp\/v2\/types\/page"}],"author":[{"embeddable":true,"href":"https:\/\/konferencje.umw.edu.pl\/medtech\/wp-json\/wp\/v2\/users\/1"}],"replies":[{"embeddable":true,"href":"https:\/\/konferencje.umw.edu.pl\/medtech\/wp-json\/wp\/v2\/comments?post=106"}],"version-history":[{"count":199,"href":"https:\/\/konferencje.umw.edu.pl\/medtech\/wp-json\/wp\/v2\/pages\/106\/revisions"}],"predecessor-version":[{"id":1070,"href":"https:\/\/konferencje.umw.edu.pl\/medtech\/wp-json\/wp\/v2\/pages\/106\/revisions\/1070"}],"wp:attachment":[{"href":"https:\/\/konferencje.umw.edu.pl\/medtech\/wp-json\/wp\/v2\/media?parent=106"}],"curies":[{"name":"wp","href":"https:\/\/api.w.org\/{rel}","templated":true}]}}