{"id":1074,"date":"2025-10-27T12:10:24","date_gmt":"2025-10-27T11:10:24","guid":{"rendered":"https:\/\/konferencje.umw.edu.pl\/medtech\/?page_id=1074"},"modified":"2025-10-27T12:10:24","modified_gmt":"2025-10-27T11:10:24","slug":"warsztaty","status":"publish","type":"page","link":"https:\/\/konferencje.umw.edu.pl\/medtech\/warsztaty\/","title":{"rendered":"Warsztaty"},"content":{"rendered":"<p><strong>Warsztaty: Innosurvey<\/strong><\/p>\n<p>Warsztat polega\u0107 b\u0119dzie na prezentacji metody oceny potencja\u0142u w zakresie wdra\u017cania innowacji w r\u00f3\u017cnorodnych instytucjach w oparciu o wykorzystanie opatentowanej, dedykowanej metody diagnostycznej (https:\/\/innovation360.com\/innovation-assessment\/) s\u0142u\u017c\u0105cej identyfikacji zdolno\u015bci skutecznego wprowadzania innowacji, kt\u00f3ra obejmuje serie pog\u0142\u0119bionych, ustrukturyzowanych wywiad\u00f3w z pracownikami organizacji, przez certyfikowanego audytora, z pomiarem ponad 60 kluczowych zdolno\u015bci (np. do\u015bwiadczenie, warto\u015bci, proces i organizacja, zdolno\u015bci uczenia si\u0119, relacja z rynkiem, otwarto\u015b\u0107).<br \/>\nRejestracja <a href=\"https:\/\/app.evenea.pl\/event\/innosurvey\/\">TUTAJ<\/a><\/p>\n<p><strong>Warsztaty: AI narz\u0119dzie w r\u0119kach pracy lekarza. Jak analizowa\u0107 informacje otrzymane od AI z wykorzystaniem bada\u0144 klinicznych<\/strong><\/p>\n<p>Sztuczna inteligencja w praktyce klinicznej \u2013 jak korzysta\u0107 m\u0105drze i bezpiecznie.<strong><br \/>\n<\/strong>Kr\u00f3tki, interaktywny warsztat dla lekarzy i student\u00f3w medycyny po\u015bwi\u0119cony praktycznemu wykorzystaniu narz\u0119dzi AI w codziennej pracy klinicznej. Prowadz\u0105cy, na konkretnych przyk\u0142adach przypadk\u00f3w medycznych, poka\u017c\u0105, jak rozumie\u0107 dzia\u0142anie modeli sztucznej inteligencji, jak z nich korzysta\u0107 w spos\u00f3b \u015bwiadomy i etyczny, a tak\u017ce jak rozpoznawa\u0107 ich ograniczenia. Uczestnicy naucz\u0105 si\u0119 ocenia\u0107 wiarygodno\u015b\u0107 wynik\u00f3w generowanych przez AI i integrowa\u0107 je z procesem diagnostycznym i decyzyjnym lekarza.<br \/>\nRejestracja <a href=\"https:\/\/app.evenea.pl\/event\/medtech-warsztaty-ai\/\">TUTAJ<\/a><\/p>\n<p>Wst\u0119p wolny (liczba miejsc ograniczona \u2013 obowi\u0105zuje rejestracja)<\/p>\n","protected":false},"excerpt":{"rendered":"<p>Warsztaty: Innosurvey Warsztat polega\u0107 b\u0119dzie na prezentacji metody oceny potencja\u0142u w zakresie wdra\u017cania innowacji w r\u00f3\u017cnorodnych instytucjach w oparciu o wykorzystanie opatentowanej, dedykowanej metody diagnostycznej (https:\/\/innovation360.com\/innovation-assessment\/) s\u0142u\u017c\u0105cej identyfikacji zdolno\u015bci skutecznego wprowadzania innowacji, kt\u00f3ra obejmuje serie pog\u0142\u0119bionych, ustrukturyzowanych wywiad\u00f3w z pracownikami organizacji, przez certyfikowanego audytora, z pomiarem ponad 60 kluczowych zdolno\u015bci (np. do\u015bwiadczenie, warto\u015bci, proces i<\/p>\n<div><a class=\"btn-filled btn\" href=\"https:\/\/konferencje.umw.edu.pl\/medtech\/warsztaty\/\" title=\"Warsztaty\">Dowiedz si\u0119 wi\u0119cej<\/a><\/div>\n","protected":false},"author":21,"featured_media":0,"parent":0,"menu_order":0,"comment_status":"closed","ping_status":"closed","template":"","meta":{"footnotes":""},"class_list":["post-1074","page","type-page","status-publish","hentry"],"_links":{"self":[{"href":"https:\/\/konferencje.umw.edu.pl\/medtech\/wp-json\/wp\/v2\/pages\/1074","targetHints":{"allow":["GET"]}}],"collection":[{"href":"https:\/\/konferencje.umw.edu.pl\/medtech\/wp-json\/wp\/v2\/pages"}],"about":[{"href":"https:\/\/konferencje.umw.edu.pl\/medtech\/wp-json\/wp\/v2\/types\/page"}],"author":[{"embeddable":true,"href":"https:\/\/konferencje.umw.edu.pl\/medtech\/wp-json\/wp\/v2\/users\/21"}],"replies":[{"embeddable":true,"href":"https:\/\/konferencje.umw.edu.pl\/medtech\/wp-json\/wp\/v2\/comments?post=1074"}],"version-history":[{"count":1,"href":"https:\/\/konferencje.umw.edu.pl\/medtech\/wp-json\/wp\/v2\/pages\/1074\/revisions"}],"predecessor-version":[{"id":1077,"href":"https:\/\/konferencje.umw.edu.pl\/medtech\/wp-json\/wp\/v2\/pages\/1074\/revisions\/1077"}],"wp:attachment":[{"href":"https:\/\/konferencje.umw.edu.pl\/medtech\/wp-json\/wp\/v2\/media?parent=1074"}],"curies":[{"name":"wp","href":"https:\/\/api.w.org\/{rel}","templated":true}]}}