{"id":164,"date":"2023-01-04T12:13:48","date_gmt":"2023-01-04T11:13:48","guid":{"rendered":"https:\/\/konferencje.umw.edu.pl\/medtech\/?page_id=164"},"modified":"2025-11-21T11:06:24","modified_gmt":"2025-11-21T10:06:24","slug":"komitet-naukowy","status":"publish","type":"page","link":"https:\/\/konferencje.umw.edu.pl\/medtech\/komitet-naukowy\/","title":{"rendered":"Komitet naukowy"},"content":{"rendered":"<div style=\"color: black;flex: 1\">\n<p style=\"text-align: center\"><img loading=\"lazy\" decoding=\"async\" class=\"alignnone size-medium wp-image-1178 aligncenter\" src=\"https:\/\/konferencje.umw.edu.pl\/medtech\/wp-content\/uploads\/sites\/23\/2025\/11\/ZYMLINSKI-300x297.png\" alt=\"\" width=\"300\" height=\"297\" srcset=\"https:\/\/konferencje.umw.edu.pl\/medtech\/wp-content\/uploads\/sites\/23\/2025\/11\/ZYMLINSKI-300x297.png 300w, https:\/\/konferencje.umw.edu.pl\/medtech\/wp-content\/uploads\/sites\/23\/2025\/11\/ZYMLINSKI-150x150.png 150w, https:\/\/konferencje.umw.edu.pl\/medtech\/wp-content\/uploads\/sites\/23\/2025\/11\/ZYMLINSKI-117x116.png 117w, https:\/\/konferencje.umw.edu.pl\/medtech\/wp-content\/uploads\/sites\/23\/2025\/11\/ZYMLINSKI.png 612w\" sizes=\"auto, (max-width: 300px) 100vw, 300px\" \/><\/p>\n<p style=\"text-align: center\"><span style=\"font-size: 24px;font-family: 'Unica One'\">dr hab. Robert Zymli\u0144ski, prof. UMW<\/span><br \/>\n<span style=\"font-family: 'Share Tech Mono';font-size: 14px\">Dziekan Wydzia\u0142u Lekarskiego Uniwersytetu Medycznego we Wroc\u0142awiu<\/span><\/p>\n<\/div>\n<p>&nbsp;<\/p>\n<div style=\"color: black;flex: 1\">\n<p style=\"text-align: center\"><img loading=\"lazy\" decoding=\"async\" class=\"size-medium wp-image-1159 aligncenter\" src=\"https:\/\/konferencje.umw.edu.pl\/medtech\/wp-content\/uploads\/sites\/23\/2025\/11\/TADEL-300x297.png\" alt=\"\" width=\"300\" height=\"297\" srcset=\"https:\/\/konferencje.umw.edu.pl\/medtech\/wp-content\/uploads\/sites\/23\/2025\/11\/TADEL-300x297.png 300w, https:\/\/konferencje.umw.edu.pl\/medtech\/wp-content\/uploads\/sites\/23\/2025\/11\/TADEL-150x150.png 150w, https:\/\/konferencje.umw.edu.pl\/medtech\/wp-content\/uploads\/sites\/23\/2025\/11\/TADEL-117x116.png 117w, https:\/\/konferencje.umw.edu.pl\/medtech\/wp-content\/uploads\/sites\/23\/2025\/11\/TADEL.png 612w\" sizes=\"auto, (max-width: 300px) 100vw, 300px\" \/><\/p>\n<p style=\"text-align: center\"><span style=\"font-size: 24px;font-family: 'Unica One'\">Karolina T\u0105del<\/span><br \/>\n<span style=\"font-size: 14px;font-family: 'Share Tech Mono'\">Zast\u0119pca Dyrektora Departamentu e-zdrowie w Ministerstwie Zdrowia<\/span><\/p>\n<\/div>\n<p>&nbsp;<\/p>\n<div style=\"color: black;flex: 1\">\n<img loading=\"lazy\" decoding=\"async\" class=\"alignnone size-medium wp-image-1179 aligncenter\" src=\"https:\/\/konferencje.umw.edu.pl\/medtech\/wp-content\/uploads\/sites\/23\/2025\/11\/SIENNICKA-300x297.png\" alt=\"\" width=\"300\" height=\"297\" srcset=\"https:\/\/konferencje.umw.edu.pl\/medtech\/wp-content\/uploads\/sites\/23\/2025\/11\/SIENNICKA-300x297.png 300w, https:\/\/konferencje.umw.edu.pl\/medtech\/wp-content\/uploads\/sites\/23\/2025\/11\/SIENNICKA-150x150.png 150w, https:\/\/konferencje.umw.edu.pl\/medtech\/wp-content\/uploads\/sites\/23\/2025\/11\/SIENNICKA-117x116.png 117w, https:\/\/konferencje.umw.edu.pl\/medtech\/wp-content\/uploads\/sites\/23\/2025\/11\/SIENNICKA.png 612w\" sizes=\"auto, (max-width: 300px) 100vw, 300px\" \/><\/p>\n<p style=\"text-align: center\"><span style=\"font-family: 'Unica One';font-size: 24px\">Dr Agnieszka Siennicka<\/span><br \/>\n<span style=\"font-family: 'Share Tech Mono';font-size: 14px\">Prodziekan d.s. Rozwoju WNoZ, Uniwersytet Medyczny we Wroc\u0142awiu<\/span><br \/>\n<span style=\"font-family: 'Unica One';font-size: 24px\"><span style=\"font-size: 14px;font-family: 'Share Tech Mono'\">Wydzia\u0142 Nauk o Zdrowiu, Zak\u0142ad Innowacji w Ochronie Zdrowia<\/span><br \/>\n<\/span><\/p>\n<\/div>\n<p>&nbsp;<\/p>\n<div style=\"color: black;flex: 1\">\n<p style=\"text-align: center\"><img loading=\"lazy\" decoding=\"async\" class=\"size-medium wp-image-1246 aligncenter\" src=\"https:\/\/konferencje.umw.edu.pl\/medtech\/wp-content\/uploads\/sites\/23\/2025\/11\/LUDWIKOWSKA-300x297.png\" alt=\"\" width=\"300\" height=\"297\" srcset=\"https:\/\/konferencje.umw.edu.pl\/medtech\/wp-content\/uploads\/sites\/23\/2025\/11\/LUDWIKOWSKA-300x297.png 300w, https:\/\/konferencje.umw.edu.pl\/medtech\/wp-content\/uploads\/sites\/23\/2025\/11\/LUDWIKOWSKA-150x150.png 150w, https:\/\/konferencje.umw.edu.pl\/medtech\/wp-content\/uploads\/sites\/23\/2025\/11\/LUDWIKOWSKA-117x116.png 117w, https:\/\/konferencje.umw.edu.pl\/medtech\/wp-content\/uploads\/sites\/23\/2025\/11\/LUDWIKOWSKA.png 612w\" sizes=\"auto, (max-width: 300px) 100vw, 300px\" \/><\/p>\n<p style=\"text-align: center\"><span style=\"font-family: 'Unica One';font-size: 24px\">Dr Kamila Ludwikowska<\/span><br \/>\n<span style=\"font-family: 'Share Tech Mono';font-size: 14px\">Adiunkt w Klinice Pediatrii i Chor\u00f3b Infekcyjnych UMW,<\/span><br \/>\n<span style=\"font-family: 'Share Tech Mono';font-size: 14px\">Zast\u0119pca kierownika Kliniki Pediatrii i Chor\u00f3b Infekcyjnych USK,<br \/>\n<\/span><span style=\"font-family: 'Unica One';font-size: 24px\"><span style=\"font-family: 'Share Tech Mono';font-size: 14px\">Medical lead w Kid AID<\/span><br \/>\n<\/span><\/p>\n<\/div>\n<p>&nbsp;<\/p>\n<div style=\"color: black;flex: 1\">\n<p style=\"text-align: center\"><img loading=\"lazy\" decoding=\"async\" class=\"size-medium wp-image-1161 aligncenter\" src=\"https:\/\/konferencje.umw.edu.pl\/medtech\/wp-content\/uploads\/sites\/23\/2025\/11\/SOJKA-300x297.png\" alt=\"\" width=\"300\" height=\"297\" srcset=\"https:\/\/konferencje.umw.edu.pl\/medtech\/wp-content\/uploads\/sites\/23\/2025\/11\/SOJKA-300x297.png 300w, https:\/\/konferencje.umw.edu.pl\/medtech\/wp-content\/uploads\/sites\/23\/2025\/11\/SOJKA-150x150.png 150w, https:\/\/konferencje.umw.edu.pl\/medtech\/wp-content\/uploads\/sites\/23\/2025\/11\/SOJKA-117x116.png 117w, https:\/\/konferencje.umw.edu.pl\/medtech\/wp-content\/uploads\/sites\/23\/2025\/11\/SOJKA.png 612w\" sizes=\"auto, (max-width: 300px) 100vw, 300px\" \/><\/p>\n<p style=\"text-align: center\"><span style=\"font-size: 24px;font-family: 'Unica One'\">jakub sojka<\/span><br \/>\n<span style=\"font-family: 'Share Tech Mono';font-size: 14px\">Dyrektor Centrum Transferu Technologii, Uniwersytet Medyczny we Wroc\u0142awiu<\/span><\/p>\n<\/div>\n<p>&nbsp;<\/p>\n","protected":false},"excerpt":{"rendered":"<p>dr hab. Robert Zymli\u0144ski, prof. UMW Dziekan Wydzia\u0142u Lekarskiego Uniwersytetu Medycznego we Wroc\u0142awiu &nbsp; Karolina T\u0105del Zast\u0119pca Dyrektora Departamentu e-zdrowie w Ministerstwie Zdrowia &nbsp; Dr Agnieszka Siennicka Prodziekan d.s. Rozwoju WNoZ, Uniwersytet Medyczny we Wroc\u0142awiu Wydzia\u0142 Nauk o Zdrowiu, Zak\u0142ad Innowacji w Ochronie Zdrowia &nbsp; Dr Kamila Ludwikowska Adiunkt w Klinice Pediatrii i Chor\u00f3b Infekcyjnych<\/p>\n<div><a class=\"btn-filled btn\" href=\"https:\/\/konferencje.umw.edu.pl\/medtech\/komitet-naukowy\/\" title=\"Komitet naukowy\">Dowiedz si\u0119 wi\u0119cej<\/a><\/div>\n","protected":false},"author":1,"featured_media":0,"parent":0,"menu_order":0,"comment_status":"closed","ping_status":"closed","template":"","meta":{"footnotes":""},"class_list":["post-164","page","type-page","status-publish","hentry"],"_links":{"self":[{"href":"https:\/\/konferencje.umw.edu.pl\/medtech\/wp-json\/wp\/v2\/pages\/164","targetHints":{"allow":["GET"]}}],"collection":[{"href":"https:\/\/konferencje.umw.edu.pl\/medtech\/wp-json\/wp\/v2\/pages"}],"about":[{"href":"https:\/\/konferencje.umw.edu.pl\/medtech\/wp-json\/wp\/v2\/types\/page"}],"author":[{"embeddable":true,"href":"https:\/\/konferencje.umw.edu.pl\/medtech\/wp-json\/wp\/v2\/users\/1"}],"replies":[{"embeddable":true,"href":"https:\/\/konferencje.umw.edu.pl\/medtech\/wp-json\/wp\/v2\/comments?post=164"}],"version-history":[{"count":35,"href":"https:\/\/konferencje.umw.edu.pl\/medtech\/wp-json\/wp\/v2\/pages\/164\/revisions"}],"predecessor-version":[{"id":1252,"href":"https:\/\/konferencje.umw.edu.pl\/medtech\/wp-json\/wp\/v2\/pages\/164\/revisions\/1252"}],"wp:attachment":[{"href":"https:\/\/konferencje.umw.edu.pl\/medtech\/wp-json\/wp\/v2\/media?parent=164"}],"curies":[{"name":"wp","href":"https:\/\/api.w.org\/{rel}","templated":true}]}}