{"id":538,"date":"2023-03-06T07:29:00","date_gmt":"2023-03-06T06:29:00","guid":{"rendered":"https:\/\/konferencje.umw.edu.pl\/medtech\/?page_id=538"},"modified":"2025-03-31T08:54:57","modified_gmt":"2025-03-31T06:54:57","slug":"informacje-dla-sponsorow","status":"publish","type":"page","link":"https:\/\/konferencje.umw.edu.pl\/medtech\/informacje-dla-sponsorow\/","title":{"rendered":"Informacja dla sponsor\u00f3w"},"content":{"rendered":"<div style=\"color: black\">\n<p>\u015awiat wok\u00f3\u0142 nas zmienia si\u0119 z dnia na dzie\u0144. Zmienia si\u0119 tak\u017ce system ochrony zdrowia. Technologia przysz\u0142o\u015bci powoli wkracza do naszych szpitali. To na uczelniach medycznych spoczywa odpowiedzialno\u015b\u0107 za odpowiednie przygotowanie kadr medycznych do czekaj\u0105cych nas wyzwa\u0144.<\/p>\n<p>Uniwersytet Medyczny we Wroc\u0142awiu, pod patronatem Konferencji Rektor\u00f3w Akademickich Uczelni Medycznych, rozpoczyna dyskusj\u0119 o tym na ile jeste\u015bmy na czekaj\u0105ce nas zmiany przygotowani.<\/p>\n<p>27 &#8211; 28 listopada 2025 r. na Wydziale Farmaceutycznym Uniwersytetu Medycznego we Wroc\u0142awiu przy ul. Borowskiej 211 odb\u0119dzie si\u0119 konferencja: <strong>&#8222;MedTech czy TechMed? Driven by AI&#8221;<\/strong><\/p>\n<p>Uprzejmie zapraszamy do udzia\u0142u w tym wydarzeniu oraz prosimy o wsparcie finansowe w pokryciu koszt\u00f3w organizacji konferencji.<\/p>\n<p>Przewidujemy udzia\u0142 oko\u0142o 250 os\u00f3b.<\/p>\n<p>Planujemy panelowe dyskusje i wsp\u00f3ln\u0105 debat\u0119 odno\u015bnie nowych standard\u00f3w kszta\u0142cenia w zawodach medycznych, wykorzystania nowych technologii i innowacyjnych sposob\u00f3w nauczania oraz w\u0142a\u015bciwej komunikacji\u00a0 gwarantuj\u0105cych odpowiedni\u0105 jako\u015b\u0107 edukacji student\u00f3w.<\/p>\n<p>Planowana przez nas konferencja b\u0119dzie wydarzeniem dla naszego \u015brodowiska niezwykle istotnym. Zach\u0119camy Pa\u0144stwa do zaanga\u017cowanie w nie i tym samym wzi\u0119cia udzia\u0142u w procesie zmian, kt\u00f3re b\u0119d\u0105 mia\u0142y kluczowe znaczenie dla systemu ochrony zdrowia.<\/p>\n<p>Przewidujemy zr\u00f3\u017cnicowan\u0105 mo\u017cliwo\u015b\u0107 zaanga\u017cowania. Zainteresowanych udzia\u0142em, przygotowaniem stanowiska prosimy o kontakt pod adresem: medtech@umw.edu.pl<\/p>\n<p>Oferta sponsorska <a href=\"https:\/\/konferencje.umw.edu.pl\/medtech\/wp-content\/uploads\/sites\/23\/2025\/03\/new-MedTech-2025-oferta.pdf\">TUTAJ<\/a><\/p>\n<\/div>\n","protected":false},"excerpt":{"rendered":"<p>\u015awiat wok\u00f3\u0142 nas zmienia si\u0119 z dnia na dzie\u0144. Zmienia si\u0119 tak\u017ce system ochrony zdrowia. Technologia przysz\u0142o\u015bci powoli wkracza do naszych szpitali. To na uczelniach medycznych spoczywa odpowiedzialno\u015b\u0107 za odpowiednie przygotowanie kadr medycznych do czekaj\u0105cych nas wyzwa\u0144. Uniwersytet Medyczny we Wroc\u0142awiu, pod patronatem Konferencji Rektor\u00f3w Akademickich Uczelni Medycznych, rozpoczyna dyskusj\u0119 o tym na ile jeste\u015bmy<\/p>\n<div><a class=\"btn-filled btn\" href=\"https:\/\/konferencje.umw.edu.pl\/medtech\/informacje-dla-sponsorow\/\" title=\"Informacja dla sponsor\u00f3w\">Dowiedz si\u0119 wi\u0119cej<\/a><\/div>\n","protected":false},"author":1,"featured_media":0,"parent":0,"menu_order":0,"comment_status":"closed","ping_status":"closed","template":"","meta":{"footnotes":""},"class_list":["post-538","page","type-page","status-publish","hentry"],"_links":{"self":[{"href":"https:\/\/konferencje.umw.edu.pl\/medtech\/wp-json\/wp\/v2\/pages\/538","targetHints":{"allow":["GET"]}}],"collection":[{"href":"https:\/\/konferencje.umw.edu.pl\/medtech\/wp-json\/wp\/v2\/pages"}],"about":[{"href":"https:\/\/konferencje.umw.edu.pl\/medtech\/wp-json\/wp\/v2\/types\/page"}],"author":[{"embeddable":true,"href":"https:\/\/konferencje.umw.edu.pl\/medtech\/wp-json\/wp\/v2\/users\/1"}],"replies":[{"embeddable":true,"href":"https:\/\/konferencje.umw.edu.pl\/medtech\/wp-json\/wp\/v2\/comments?post=538"}],"version-history":[{"count":9,"href":"https:\/\/konferencje.umw.edu.pl\/medtech\/wp-json\/wp\/v2\/pages\/538\/revisions"}],"predecessor-version":[{"id":951,"href":"https:\/\/konferencje.umw.edu.pl\/medtech\/wp-json\/wp\/v2\/pages\/538\/revisions\/951"}],"wp:attachment":[{"href":"https:\/\/konferencje.umw.edu.pl\/medtech\/wp-json\/wp\/v2\/media?parent=538"}],"curies":[{"name":"wp","href":"https:\/\/api.w.org\/{rel}","templated":true}]}}