{"id":56,"date":"2022-12-19T14:05:36","date_gmt":"2022-12-19T13:05:36","guid":{"rendered":"https:\/\/konferencje.umw.edu.pl\/medtech\/?page_id=56"},"modified":"2025-11-20T09:35:25","modified_gmt":"2025-11-20T08:35:25","slug":"komitet-organizacyjny","status":"publish","type":"page","link":"https:\/\/konferencje.umw.edu.pl\/medtech\/komitet-organizacyjny\/","title":{"rendered":"Komitet organizacyjny"},"content":{"rendered":"<div style=\"color: black;flex: 1\">\n<p style=\"text-align: center\"><span style=\"font-family: helvetica\">Konferencja organizowana przez:<\/span><\/p>\n<p style=\"text-align: center\"><span style=\"font-family: 'Unica One';font-size: 20px;color: #000080\">Uniwersytet Medyczny we Wroc\u0142awiu <\/span><br \/>\n<span style=\"font-family: 'Unica One';font-size: 20px;color: #000080\">Uniwersytecki Szpital Kliniczny <\/span><br \/>\n<span style=\"font-family: 'Unica One';font-size: 20px;color: #000080\">przy wsp\u00f3\u0142pracy z Fundacj\u0105 Uniwersytetu Medycznego<\/span><\/p>\n<p style=\"text-align: center\"><span style=\"font-family: helvetica\">Sk\u0142ad komitetu organizacyjnego:<\/span><\/p>\n<p style=\"text-align: center\"><span style=\"font-size: 15px;font-family: 'Share Tech Mono'\">dr hab. Robert Zymli\u0144ski, prof. UMW<\/span><\/p>\n<p style=\"text-align: center\"><span style=\"font-size: 15px;font-family: 'Share Tech Mono'\">dr Agnieszka Siennicka<\/span><\/p>\n<p style=\"text-align: center\"><span style=\"font-size: 15px;font-family: 'Share Tech Mono'\">Tomasz Szpikowski<\/span><\/p>\n<p style=\"text-align: center\"><span style=\"font-size: 15px;font-family: 'Share Tech Mono'\">Stefan Augustyn<\/span><\/p>\n<p style=\"text-align: center\"><span style=\"font-size: 15px;font-family: 'Share Tech Mono'\">Monika Maziak<\/span><\/p>\n<p style=\"text-align: center\"><span style=\"font-size: 15px;font-family: 'Share Tech Mono'\">Monika Kowalska<\/span><\/p>\n<p style=\"text-align: center\"><span style=\"font-size: 15px;font-family: 'Share Tech Mono'\">Pawe\u0142 Szcze\u015bniak<\/span><\/p>\n<p style=\"text-align: center\"><span style=\"font-size: 15px;font-family: 'Share Tech Mono'\">Zuzanna Piekarska-Opara<\/span><\/p>\n<p style=\"text-align: center\"><span style=\"font-family: 'Share Tech Mono';font-size: 15px\">Aneta Bawiec<\/span><\/p>\n<\/div>\n<div style=\"flex: 1 1 0%;text-align: center\"><img loading=\"lazy\" decoding=\"async\" class=\"wp-image-1215 aligncenter\" src=\"https:\/\/konferencje.umw.edu.pl\/medtech\/wp-content\/uploads\/sites\/23\/2025\/11\/MEDTECH_MADRE-GLOWY-1-300x200.png\" alt=\"\" width=\"408\" height=\"272\" srcset=\"https:\/\/konferencje.umw.edu.pl\/medtech\/wp-content\/uploads\/sites\/23\/2025\/11\/MEDTECH_MADRE-GLOWY-1-300x200.png 300w, https:\/\/konferencje.umw.edu.pl\/medtech\/wp-content\/uploads\/sites\/23\/2025\/11\/MEDTECH_MADRE-GLOWY-1-1024x683.png 1024w, https:\/\/konferencje.umw.edu.pl\/medtech\/wp-content\/uploads\/sites\/23\/2025\/11\/MEDTECH_MADRE-GLOWY-1-768x512.png 768w, https:\/\/konferencje.umw.edu.pl\/medtech\/wp-content\/uploads\/sites\/23\/2025\/11\/MEDTECH_MADRE-GLOWY-1-174x116.png 174w, https:\/\/konferencje.umw.edu.pl\/medtech\/wp-content\/uploads\/sites\/23\/2025\/11\/MEDTECH_MADRE-GLOWY-1.png 1536w\" sizes=\"auto, (max-width: 408px) 100vw, 408px\" \/><\/div>\n","protected":false},"excerpt":{"rendered":"<p>Konferencja organizowana przez: Uniwersytet Medyczny we Wroc\u0142awiu Uniwersytecki Szpital Kliniczny przy wsp\u00f3\u0142pracy z Fundacj\u0105 Uniwersytetu Medycznego Sk\u0142ad komitetu organizacyjnego: dr hab. Robert Zymli\u0144ski, prof. UMW dr Agnieszka Siennicka Tomasz Szpikowski Stefan Augustyn Monika Maziak Monika Kowalska Pawe\u0142 Szcze\u015bniak Zuzanna Piekarska-Opara Aneta Bawiec<\/p>\n","protected":false},"author":1,"featured_media":0,"parent":0,"menu_order":0,"comment_status":"closed","ping_status":"closed","template":"","meta":{"footnotes":""},"class_list":["post-56","page","type-page","status-publish","hentry"],"_links":{"self":[{"href":"https:\/\/konferencje.umw.edu.pl\/medtech\/wp-json\/wp\/v2\/pages\/56","targetHints":{"allow":["GET"]}}],"collection":[{"href":"https:\/\/konferencje.umw.edu.pl\/medtech\/wp-json\/wp\/v2\/pages"}],"about":[{"href":"https:\/\/konferencje.umw.edu.pl\/medtech\/wp-json\/wp\/v2\/types\/page"}],"author":[{"embeddable":true,"href":"https:\/\/konferencje.umw.edu.pl\/medtech\/wp-json\/wp\/v2\/users\/1"}],"replies":[{"embeddable":true,"href":"https:\/\/konferencje.umw.edu.pl\/medtech\/wp-json\/wp\/v2\/comments?post=56"}],"version-history":[{"count":41,"href":"https:\/\/konferencje.umw.edu.pl\/medtech\/wp-json\/wp\/v2\/pages\/56\/revisions"}],"predecessor-version":[{"id":1227,"href":"https:\/\/konferencje.umw.edu.pl\/medtech\/wp-json\/wp\/v2\/pages\/56\/revisions\/1227"}],"wp:attachment":[{"href":"https:\/\/konferencje.umw.edu.pl\/medtech\/wp-json\/wp\/v2\/media?parent=56"}],"curies":[{"name":"wp","href":"https:\/\/api.w.org\/{rel}","templated":true}]}}