{"id":177,"date":"2022-08-05T12:22:29","date_gmt":"2022-08-05T10:22:29","guid":{"rendered":"https:\/\/konferencje.umw.edu.pl\/meetupinlab\/?page_id=177"},"modified":"2022-08-05T12:24:31","modified_gmt":"2022-08-05T10:24:31","slug":"committees","status":"publish","type":"page","link":"https:\/\/konferencje.umw.edu.pl\/meetupinlab\/committees\/","title":{"rendered":"Committees"},"content":{"rendered":"<p><strong>Members of Organizing Committee<\/strong><\/p>\n<p>dr Helena Moreira<br \/>\ndr hab. Ewa Barg<br \/>\nmgr Anna Radajewska<br \/>\nDorota B\u0119ben<br \/>\nOliwia Siwiela<br \/>\nAdrian Le\u015bnia\u0144ski<br \/>\nMonika Birska<br \/>\nKrystian Mazurkiewicz<br \/>\n\u0141ukasz Gadek<br \/>\nInez Czu\u0142owska<br \/>\nKamil Rodak<br \/>\nBeata Gajewska<br \/>\nPaulina Nowak<br \/>\nKatarzyna Wer<br \/>\nUrszula Szwedowicz<br \/>\nKarolina Imie\u0142owska<br \/>\nMagdalena Iskra<br \/>\nJulia Maj<br \/>\nKasia Siekaniec<br \/>\nAnita Fro\u0144<br \/>\nKarol Zag\u00f3rski<br \/>\nAdriana Za\u0142\u0119czna<br \/>\nKarolina K\u0119dzierska<br \/>\nPaulina B\u0142o\u0144ska<\/p>\n","protected":false},"excerpt":{"rendered":"<p>Members of Organizing Committee dr Helena Moreira dr hab. Ewa Barg mgr Anna Radajewska Dorota B\u0119ben Oliwia Siwiela Adrian Le\u015bnia\u0144ski Monika Birska Krystian Mazurkiewicz \u0141ukasz Gadek Inez Czu\u0142owska Kamil Rodak Beata Gajewska Paulina Nowak Katarzyna Wer Urszula Szwedowicz Karolina Imie\u0142owska Magdalena Iskra Julia Maj Kasia Siekaniec Anita Fro\u0144 Karol Zag\u00f3rski Adriana Za\u0142\u0119czna Karolina K\u0119dzierska Paulina<\/p>\n<div><a class=\"btn-filled btn\" href=\"https:\/\/konferencje.umw.edu.pl\/meetupinlab\/committees\/\" title=\"Committees\">Dowiedz si\u0119 wi\u0119cej<\/a><\/div>\n","protected":false},"author":10,"featured_media":0,"parent":0,"menu_order":0,"comment_status":"closed","ping_status":"closed","template":"","meta":{"footnotes":""},"class_list":["post-177","page","type-page","status-publish","hentry"],"_links":{"self":[{"href":"https:\/\/konferencje.umw.edu.pl\/meetupinlab\/wp-json\/wp\/v2\/pages\/177","targetHints":{"allow":["GET"]}}],"collection":[{"href":"https:\/\/konferencje.umw.edu.pl\/meetupinlab\/wp-json\/wp\/v2\/pages"}],"about":[{"href":"https:\/\/konferencje.umw.edu.pl\/meetupinlab\/wp-json\/wp\/v2\/types\/page"}],"author":[{"embeddable":true,"href":"https:\/\/konferencje.umw.edu.pl\/meetupinlab\/wp-json\/wp\/v2\/users\/10"}],"replies":[{"embeddable":true,"href":"https:\/\/konferencje.umw.edu.pl\/meetupinlab\/wp-json\/wp\/v2\/comments?post=177"}],"version-history":[{"count":4,"href":"https:\/\/konferencje.umw.edu.pl\/meetupinlab\/wp-json\/wp\/v2\/pages\/177\/revisions"}],"predecessor-version":[{"id":184,"href":"https:\/\/konferencje.umw.edu.pl\/meetupinlab\/wp-json\/wp\/v2\/pages\/177\/revisions\/184"}],"wp:attachment":[{"href":"https:\/\/konferencje.umw.edu.pl\/meetupinlab\/wp-json\/wp\/v2\/media?parent=177"}],"curies":[{"name":"wp","href":"https:\/\/api.w.org\/{rel}","templated":true}]}}