{"id":185,"date":"2022-08-05T13:25:20","date_gmt":"2022-08-05T11:25:20","guid":{"rendered":"https:\/\/konferencje.umw.edu.pl\/meetupinlab\/?page_id=185"},"modified":"2022-08-05T13:25:20","modified_gmt":"2022-08-05T11:25:20","slug":"registration","status":"publish","type":"page","link":"https:\/\/konferencje.umw.edu.pl\/meetupinlab\/registration\/","title":{"rendered":"Registration"},"content":{"rendered":"<p><a href=\"https:\/\/docs.google.com\/forms\/d\/e\/1FAIpQLSdt3HWK4frWlopmNYgUpC-Ig1TvtCiiFCh__PmD40IrFASYEQ\/viewform\" target=\"_blank\" rel=\"noopener\">Registration form<\/a><\/p>\n<p>Please read the conference details <a href=\"https:\/\/drive.google.com\/file\/d\/1ljTBwGwVUBc7mlGOhBf9vtltWRumB3Xn\/view?fbclid=IwAR0hbkIUA1bGAI1AgOX8t6O95yd71l7VjuYsc6lCMNXOuY5pB-sRT2oWyVQ\">here<\/a>. Here you can also find payment details for participation.<\/p>\n<p><strong>Registration schedule:<\/strong><br \/>\nSubmission\/registration \u2014&gt; <strong>opens 28.07.2022<\/strong><br \/>\nSubmission\/registration \u2014&gt; <strong>closes 5.09.2022<\/strong><br \/>\nPayment deadline \u2014&gt; <strong>5.09.2022<\/strong><\/p>\n<p><strong>Payment details:<\/strong><br \/>\nOnly bank transfer is accepted.<\/p>\n<p>Account holder: Uniwersytet Medyczny im. Piast\u00f3w \u015al\u0105skich we Wroc\u0142awiu<br \/>\nAddress: Wybrze\u017ce L. Pasteura 1, 50-367 Wroc\u0142aw<br \/>\nSWIFT: WBKPPLPP<br \/>\nBank: Santander Bank Polska S.A. 4 Oddzia\u0142 we Wroc\u0142awiu<br \/>\nAccount number: PL35 1500 1793 1217 9000 9997 0000<br \/>\nTitle: Name_Surname_Meetupinlab_student\/PhD\/Researcher (if you are a student or an employee of UMW add UMW at the end of the title).<br \/>\nConference sponsors: Meetupinlab_COMPANY<\/p>\n","protected":false},"excerpt":{"rendered":"<p>Registration form Please read the conference details here. Here you can also find payment details for participation. Registration schedule: Submission\/registration \u2014&gt; opens 28.07.2022 Submission\/registration \u2014&gt; closes 5.09.2022 Payment deadline \u2014&gt; 5.09.2022 Payment details: Only bank transfer is accepted. Account holder: Uniwersytet Medyczny im. Piast\u00f3w \u015al\u0105skich we Wroc\u0142awiu Address: Wybrze\u017ce L. Pasteura 1, 50-367 Wroc\u0142aw SWIFT:<\/p>\n<div><a class=\"btn-filled btn\" href=\"https:\/\/konferencje.umw.edu.pl\/meetupinlab\/registration\/\" title=\"Registration\">Dowiedz si\u0119 wi\u0119cej<\/a><\/div>\n","protected":false},"author":10,"featured_media":0,"parent":0,"menu_order":0,"comment_status":"closed","ping_status":"closed","template":"","meta":{"footnotes":""},"class_list":["post-185","page","type-page","status-publish","hentry"],"_links":{"self":[{"href":"https:\/\/konferencje.umw.edu.pl\/meetupinlab\/wp-json\/wp\/v2\/pages\/185","targetHints":{"allow":["GET"]}}],"collection":[{"href":"https:\/\/konferencje.umw.edu.pl\/meetupinlab\/wp-json\/wp\/v2\/pages"}],"about":[{"href":"https:\/\/konferencje.umw.edu.pl\/meetupinlab\/wp-json\/wp\/v2\/types\/page"}],"author":[{"embeddable":true,"href":"https:\/\/konferencje.umw.edu.pl\/meetupinlab\/wp-json\/wp\/v2\/users\/10"}],"replies":[{"embeddable":true,"href":"https:\/\/konferencje.umw.edu.pl\/meetupinlab\/wp-json\/wp\/v2\/comments?post=185"}],"version-history":[{"count":3,"href":"https:\/\/konferencje.umw.edu.pl\/meetupinlab\/wp-json\/wp\/v2\/pages\/185\/revisions"}],"predecessor-version":[{"id":198,"href":"https:\/\/konferencje.umw.edu.pl\/meetupinlab\/wp-json\/wp\/v2\/pages\/185\/revisions\/198"}],"wp:attachment":[{"href":"https:\/\/konferencje.umw.edu.pl\/meetupinlab\/wp-json\/wp\/v2\/media?parent=185"}],"curies":[{"name":"wp","href":"https:\/\/api.w.org\/{rel}","templated":true}]}}