{"id":6,"date":"2018-10-13T12:44:47","date_gmt":"2018-10-13T10:44:47","guid":{"rendered":"https:\/\/www.konferencje.umed.wroc.pl\/mentoring\/?page_id=6"},"modified":"2019-01-17T07:33:48","modified_gmt":"2019-01-17T06:33:48","slug":"prelegenci","status":"publish","type":"page","link":"https:\/\/konferencje.umw.edu.pl\/mentoring\/prelegenci\/","title":{"rendered":"Prelegenci"},"content":{"rendered":"<style>\n.col-md-8 {\nwidth: 80%;\n}\n<\/style>\n<p><a href=\"https:\/\/konferencje.umw.edu.pl\/mentoring\/wp-content\/uploads\/sites\/4\/2018\/11\/Ruth-Dudek-Wicher-1.jpg\"><img loading=\"lazy\" decoding=\"async\" class=\"wp-image-143 size-full alignleft\" src=\"https:\/\/konferencje.umw.edu.pl\/mentoring\/wp-content\/uploads\/sites\/4\/2018\/11\/Ruth-Dudek-Wicher-1.jpg\" alt=\"\" width=\"300\" height=\"300\" srcset=\"https:\/\/konferencje.umw.edu.pl\/mentoring\/wp-content\/uploads\/sites\/4\/2018\/11\/Ruth-Dudek-Wicher-1.jpg 300w, https:\/\/konferencje.umw.edu.pl\/mentoring\/wp-content\/uploads\/sites\/4\/2018\/11\/Ruth-Dudek-Wicher-1-150x150.jpg 150w\" sizes=\"auto, (max-width: 300px) 100vw, 300px\" \/><\/a>Ruth Dudek-Wicher &#8211; farmaceutka i doktorantka w <span style=\"font-family: Calibri, serif;\">Katedrze i Zak\u0142adzie Mikrobiologii Farmaceutycznej i Parazytologii Wydzia\u0142u Farmaceutycznego z o. Analityki Medycznej<\/span> Uniwersytetu Medycznego we Wroc\u0142awiu, zwyci\u0119\u017cczyni polskiej edycji FAMELab oraz laureatka plebiscytu 30 kreatywnych wroc\u0142awian. Doceniona za prosty i przyst\u0119pny spos\u00f3b przedstawiania wiedzy, bardzo dobrze dobrane i wykorzystane rekwizyty, swobod\u0119 wypowiedzi, taktowne poczucie humoru oraz dystans do siebie.<\/p>\n<p><a name=\"_GoBack\"><\/a>Warsztat FameLab w terenie b\u0119dzie stanowi\u0142 bardzo praktyczne wsparcie dla os\u00f3b, kt\u00f3re maj\u0105 komunikowa\u0107 kwestie zwi\u0105zane z nauk\u0105. Poza podpowiedzi\u0105 jak to robi\u0107, b\u0119d\u0105 te\u017c praktyce przygotowywa\u0107 historie a kilkoro uczzestnik\u00f3w zaprezentuje je przed kamer\u0105, by p\u00f3\u017aniej wsp\u00f3lnie z grup\u0105 oceni\u0107 mocne i s\u0142absze strony wyst\u0105pie\u0144. Szkolenie przygotowywane jest we wsp\u00f3\u0142pracy z Centrum Nauki Kopernik.<\/p>\n<p>&nbsp;<\/p>\n<p><a href=\"https:\/\/konferencje.umw.edu.pl\/mentoring\/wp-content\/uploads\/sites\/4\/2018\/11\/Grzegorz-Dzik-1.jpg\"><img loading=\"lazy\" decoding=\"async\" class=\"wp-image-140 size-full alignright\" src=\"https:\/\/konferencje.umw.edu.pl\/mentoring\/wp-content\/uploads\/sites\/4\/2018\/11\/Grzegorz-Dzik-1.jpg\" alt=\"\" width=\"300\" height=\"300\" srcset=\"https:\/\/konferencje.umw.edu.pl\/mentoring\/wp-content\/uploads\/sites\/4\/2018\/11\/Grzegorz-Dzik-1.jpg 300w, https:\/\/konferencje.umw.edu.pl\/mentoring\/wp-content\/uploads\/sites\/4\/2018\/11\/Grzegorz-Dzik-1-150x150.jpg 150w\" sizes=\"auto, (max-width: 300px) 100vw, 300px\" \/><\/a><a name=\"_GoBack\"><\/a> Grzegorz Dzik &#8211; Liderowanie &#8211; blaski i cienie<\/p>\n<p>Prezes Grupy Impel S.A., od 2012 roku Przewodnicz\u0105cy Rady Zachodniej Izby Gospodarczej \u2013 Pracodawcy i Przedsi\u0119biorcy, organizacji zrzeszaj\u0105cej dolno\u015bl\u0105skich przedsi\u0119biorc\u00f3w, fundatora Nagrody Gospodarczej Dolno\u015bl\u0105ski Gryf. Blisko 10 lat pe\u0142ni\u0105cy funkcj\u0119 Konsula Honorowego Ukrainy. Dzia\u0142acz spo\u0142eczny i charytatywny. Przewodnicz\u0105cy Rady Fundacji \u201eNa ratunek dzieciom z chorob\u0105 nowotworow\u0105&#8221;, z kt\u00f3rej dzia\u0142alno\u015bci\u0105 zwi\u0105zany jest od roku 1998. Inicjator budowy kliniki dla dzieci \u201ePrzyl\u0105dek Nadziei&#8221;. Od kilkunastu lat aktywnie dzia\u0142aj\u0105cy w Radzie Spo\u0142ecznej Uniwersyteckiego Szpitala Klinicznego we Wroc\u0142awiu.<\/p>\n<p>&nbsp;<\/p>\n<p>&nbsp;<\/p>\n<p><a href=\"https:\/\/konferencje.umw.edu.pl\/mentoring\/wp-content\/uploads\/sites\/4\/2018\/11\/Pawe\u0142-Go\u0142\u0119bski-1.jpg\"><img loading=\"lazy\" decoding=\"async\" class=\"size-full wp-image-142 alignleft\" src=\"https:\/\/konferencje.umw.edu.pl\/mentoring\/wp-content\/uploads\/sites\/4\/2018\/11\/Pawe\u0142-Go\u0142\u0119bski-1.jpg\" alt=\"\" width=\"300\" height=\"300\" srcset=\"https:\/\/konferencje.umw.edu.pl\/mentoring\/wp-content\/uploads\/sites\/4\/2018\/11\/Pawe\u0142-Go\u0142\u0119bski-1.jpg 300w, https:\/\/konferencje.umw.edu.pl\/mentoring\/wp-content\/uploads\/sites\/4\/2018\/11\/Pawe\u0142-Go\u0142\u0119bski-1-150x150.jpg 150w\" sizes=\"auto, (max-width: 300px) 100vw, 300px\" \/><\/a><a href=\"https:\/\/konferencje.umw.edu.pl\/mentoring\/wp-content\/uploads\/sites\/4\/2018\/11\/Pawe\u0142-Go\u0142\u0119bski.jpg\"><img loading=\"lazy\" decoding=\"async\" class=\"alignnone wp-image-136\" src=\"https:\/\/konferencje.umw.edu.pl\/mentoring\/wp-content\/uploads\/sites\/4\/2018\/11\/Pawe\u0142-Go\u0142\u0119bski-1024x683.jpg\" alt=\"\" width=\"448\" height=\"299\" \/><\/a><a name=\"_GoBack\"><\/a> Pawe\u0142 Go\u0142\u0119bski &#8211; Czy nukelotydy s\u0105 monomerami kwas\u00f3w nukleinowych i czy kom\u00f3rki haploidalne maj\u0105 zdolno\u015b\u0107 fagocytowania? Rzecz o tym jak s\u0142owami porwa\u0107 t\u0142umy.<\/p>\n<p>Dziennikarz, konferansjer. Od 20 lat pracuje w mediach we Wroc\u0142awiu. W ci\u0105gu 10 lat sta\u0142 si\u0119 jednym z najcz\u0119\u015bciej wybieranych konferansjer\u00f3w. Pracowa\u0142 przy najwi\u0119kszych imprezach w Polsce: EURO 2012, Mistrzostwach \u015awiata w siatk\u00f3wce i Europy w pi\u0142ce r\u0119cznej, ESK 2016, World Games 2017. Prowadz\u0105cy i re\u017cyser <span style=\"color: #0000ff;\"><u><a href=\"https:\/\/www.facebook.com\/events\/884501165080643\/\" target=\"_blank\" rel=\"noopener\">Sylwester 2018: Wroc\u0142aw Respect<\/a><\/u><\/span>.<\/p>\n<p>&nbsp;<\/p>\n<p>&nbsp;<\/p>\n<p>&nbsp;<\/p>\n<p><a href=\"https:\/\/konferencje.umw.edu.pl\/mentoring\/wp-content\/uploads\/sites\/4\/2018\/11\/Malgorzata-Ma\u0142odobra-Mazur-1.jpg\"><img loading=\"lazy\" decoding=\"async\" class=\"wp-image-141 size-full alignright\" src=\"https:\/\/konferencje.umw.edu.pl\/mentoring\/wp-content\/uploads\/sites\/4\/2018\/11\/Malgorzata-Ma\u0142odobra-Mazur-1.jpg\" alt=\"\" width=\"300\" height=\"300\" srcset=\"https:\/\/konferencje.umw.edu.pl\/mentoring\/wp-content\/uploads\/sites\/4\/2018\/11\/Malgorzata-Ma\u0142odobra-Mazur-1.jpg 300w, https:\/\/konferencje.umw.edu.pl\/mentoring\/wp-content\/uploads\/sites\/4\/2018\/11\/Malgorzata-Ma\u0142odobra-Mazur-1-150x150.jpg 150w\" sizes=\"auto, (max-width: 300px) 100vw, 300px\" \/><\/a>dr Ma\u0142gorzata Ma\u0142odobra-Mazur<br \/>\nAdiunkt w Zak\u0142adzie Technik Molekularnych, Uniwersytet Medyczny we Wroc\u0142awiu<br \/>\nSpecjalista ds. Genetyki w Genomtec S.A.<br \/>\nTytu\u0142 wyst\u0105pienia: Od idei po sukces, czyli jak wykorzysta\u0107 badania naukowe w biznesie.<br \/>\n1.Przedstawienia drogi, jak\u0105 naukowiec musi pokona\u0107, by mo\u017cliwa by\u0142a komercjalizacja bada\u0144 naukowych. W pierwszej kolejno\u015bci skupi\u0119 uwag\u0119 na:<br \/>\n&#8211; wyborze przedmiotu bada\u0144, kt\u00f3re da si\u0119 komercjalizowa\u0107,<br \/>\n&#8211; potrzebie rynkowej,<br \/>\n&#8211; op\u0142acalno\u015bci rynkowej.<br \/>\n2. Gdzie szuka\u0107 pomocy finansowej i nie tylko: Anio\u0142owie biznesu, CVs, pieni\u0105dze pa\u0144stwowe.<br \/>\n3. PR<br \/>\n4. Na jakie aspekty nale\u017cy zwr\u00f3ci\u0107 uwag\u0119 przy promocji pomys\u0142u\/ produktu.<br \/>\n5. Wa\u017cna w\u0142asno\u015b\u0107 intelektualna!<br \/>\n6. Cechy charaktery charakteryzuj\u0105ce naukowca z sukcesem.<br \/>\n7. \u0141\u0105czenie \u017cycia prywatnego z rozwojem biznesu.<br \/>\nMiejsce sala wideokonferencyjna CNIM III pi\u0119tro<br \/>\nTermin 30.11.2018<br \/>\nGodzina 10.00<\/p>\n<p>&nbsp;<\/p>\n<p>&nbsp;<\/p>\n<p>&nbsp;<\/p>\n<p>&nbsp;<\/p>\n","protected":false},"excerpt":{"rendered":"<p>Ruth Dudek-Wicher &#8211; farmaceutka i doktorantka w Katedrze i Zak\u0142adzie Mikrobiologii Farmaceutycznej i Parazytologii Wydzia\u0142u Farmaceutycznego z o. Analityki Medycznej Uniwersytetu Medycznego we Wroc\u0142awiu, zwyci\u0119\u017cczyni polskiej edycji FAMELab oraz laureatka plebiscytu 30 kreatywnych wroc\u0142awian. Doceniona za prosty i przyst\u0119pny spos\u00f3b przedstawiania wiedzy, bardzo dobrze dobrane i wykorzystane rekwizyty, swobod\u0119 wypowiedzi, taktowne poczucie humoru oraz dystans<\/p>\n<div><a class=\"btn-filled btn\" href=\"https:\/\/konferencje.umw.edu.pl\/mentoring\/prelegenci\/\" title=\"Prelegenci\">Dowiedz si\u0119 wi\u0119cej<\/a><\/div>\n","protected":false},"author":1,"featured_media":0,"parent":0,"menu_order":0,"comment_status":"closed","ping_status":"closed","template":"","meta":{"footnotes":""},"class_list":["post-6","page","type-page","status-publish","hentry"],"_links":{"self":[{"href":"https:\/\/konferencje.umw.edu.pl\/mentoring\/wp-json\/wp\/v2\/pages\/6","targetHints":{"allow":["GET"]}}],"collection":[{"href":"https:\/\/konferencje.umw.edu.pl\/mentoring\/wp-json\/wp\/v2\/pages"}],"about":[{"href":"https:\/\/konferencje.umw.edu.pl\/mentoring\/wp-json\/wp\/v2\/types\/page"}],"author":[{"embeddable":true,"href":"https:\/\/konferencje.umw.edu.pl\/mentoring\/wp-json\/wp\/v2\/users\/1"}],"replies":[{"embeddable":true,"href":"https:\/\/konferencje.umw.edu.pl\/mentoring\/wp-json\/wp\/v2\/comments?post=6"}],"version-history":[{"count":19,"href":"https:\/\/konferencje.umw.edu.pl\/mentoring\/wp-json\/wp\/v2\/pages\/6\/revisions"}],"predecessor-version":[{"id":134,"href":"https:\/\/konferencje.umw.edu.pl\/mentoring\/wp-json\/wp\/v2\/pages\/6\/revisions\/134"}],"wp:attachment":[{"href":"https:\/\/konferencje.umw.edu.pl\/mentoring\/wp-json\/wp\/v2\/media?parent=6"}],"curies":[{"name":"wp","href":"https:\/\/api.w.org\/{rel}","templated":true}]}}