{"id":106,"date":"2023-01-04T10:39:22","date_gmt":"2023-01-04T09:39:22","guid":{"rendered":"https:\/\/konferencje.umw.edu.pl\/nowoczesnaedukacja\/?page_id=106"},"modified":"2023-04-19T21:02:57","modified_gmt":"2023-04-19T19:02:57","slug":"program","status":"publish","type":"page","link":"https:\/\/konferencje.umw.edu.pl\/nowoczesnaedukacja\/program\/","title":{"rendered":"Program"},"content":{"rendered":"<h2 style=\"text-align: center\">21 kwietnia 2023 r.<br \/>\n(pi\u0105tek)<\/h2>\n<table  class=\" table table-hover\" >\n<tbody>\n<tr>\n<td><strong><u>07.30 \u2013 8.30 <\/u><\/strong><\/td>\n<td><strong><u>Rejestracja uczestnik\u00f3w<\/u><\/strong><\/td>\n<\/tr>\n<tr>\n<td><strong><u>8.30<\/u><\/strong><\/td>\n<td><strong><u>Rozpocz\u0119cie konferencji<\/u><\/strong><\/p>\n<p><strong><u>Przywitanie go\u015bci<\/u><\/strong><\/td>\n<\/tr>\n<tr>\n<td><strong><u>8.45 \u2013 10.00<\/u><\/strong><\/td>\n<td><strong><u>Panel I<\/u><\/strong><\/p>\n<p><strong><u>Standaryzacja procesu kszta\u0142cenia \u2013 moderator prof. Leszek Doma\u0144ski<\/u><\/strong><\/p>\n<p>1. Piotr Bromber &#8211; Wiceminister Zdrowia <strong>keynote speaker<\/strong><\/p>\n<p>2. prof. Bo\u017cena Czarkowska-P\u0105czek Przewodnicz\u0105ca Zespo\u0142u nauk medycznych i nauk o zdrowiu PKA<\/p>\n<p>3. prof. Janusz Mory\u015b &#8211; Przewodnicz\u0105cy UKJKKL<\/p>\n<p>4. dr Grzegorz Wrona &#8211; Sekretarz NRL<\/p>\n<p>5. prof. Kamil Torres &#8211; reprezentant KRAUM w zespole MZ<\/p>\n<p>6. dr hab. Anna Mania &#8211; Prodziekan Wydzia\u0142u Lekarskiego Uniwersytet Medyczny w Poznaniu<\/p>\n<p>7. Damian Durys &#8211; Przedstawiciel student\u00f3w Pomorski Uniwersytet Medyczny w Szczecinie<\/p>\n<p><strong>Speaker: Paulina Gumowska \u2013 redaktor naczelna Rynku Zdrowia<\/strong><\/td>\n<\/tr>\n<tr>\n<td><strong><u>10.00 \u2013 10.10<\/u><\/strong><\/td>\n<td><strong><u>Przerwa techniczna<\/u><\/strong><\/td>\n<\/tr>\n<tr>\n<td><strong><u>10.10-11.10 <\/u><\/strong><\/td>\n<td><strong><u>Panel II<\/u><\/strong><\/p>\n<p><strong><u>\u00a0Edukacja interprofesjonalna \u2013 moderuje prof. Janusz Janczukowicz Uniwersytet Medyczny w \u0141odzi<\/u><\/strong><\/p>\n<p><strong>Keynote speaker Prof. Lilian Azzopardi (prezydent Europejskiego Stowarzyszenia Wydzia\u0142\u00f3w Farmacji- EAFP) \/ Chair Elect of the Colleges of Pharmacy Network &#8211; International Pharmaceutical Federation<\/strong><\/p>\n<p><strong>Paneli\u015bci:<\/strong><\/p>\n<p>1.\u00a0\u00a0\u00a0\u00a0 <strong>dr hab. Agnieszka Skowron prof. UJ<\/strong> &#8211; Uniwersytet Jagiello\u0144ski &#8211; Collegium Medicum, przewodnicz\u0105ca Og\u00f3lnopolskiej Sekcji Opieki Farmaceutycznej PTFarm., cz\u0142onek Pharmaceutical Care Network Europe<\/p>\n<p>2.\u00a0\u00a0\u00a0\u00a0 <strong>prof. Dorota Kila\u0144ska\u00a0 <\/strong>\u2013 Uniwersytet Medyczny w \u0141odzi, prezes Florencja Fundacja Na Rzecz Upowszechniania Cyfryzacji I Rozwoju Standard\u00f3w Opieki<\/p>\n<p>3.\u00a0\u00a0\u00a0\u00a0 <strong>prof. Mariola G\u0142owacka\u00a0 \u2013 <\/strong>Przewodnicz\u0105c\u0105 Krajowej Rady Akredytacyjnej Szk\u00f3\u0142 Piel\u0119gniarek i Po\u0142o\u017cnych<\/p>\n<p>4.\u00a0\u00a0\u00a0\u00a0 <strong>mgr Jerzy Jasku\u0142a <\/strong>\u2013 Uniwersytet Jagiello\u0144ski &#8211; Collegium Medicum, konsultant w Wydziale Zdrowia i Polityki Spo\u0142ecznej UMK<\/p>\n<p>5.\u00a0\u00a0\u00a0\u00a0 <strong>Pawe\u0142 Czudaj \u2013 <\/strong>student Uniwersytet Medyczny im. K. Marcinkowskiego w Poznaniu , przedstawiciel Komisji Wy\u017cszego Szkolnictwa Medycznego<\/p>\n<p><strong>Speaker: Krzysztof Jakubiak mZdrowie<\/strong><\/td>\n<\/tr>\n<tr>\n<td><strong><u>11.10-11.30<\/u><\/strong><\/td>\n<td><strong><u>Przerwa kawowa<\/u><\/strong><\/td>\n<\/tr>\n<tr>\n<td><strong><u>11.30 \u2013 12.30<\/u><\/strong><\/td>\n<td><strong><u>Panel III<\/u><\/strong><\/p>\n<p><strong><u>\u201eNowoczesna edukacja\u201d moderuje dr hab. Robert Zymli\u0144ski, Uniwersytet Medyczny we Wroc\u0142awiu<\/u><\/strong><\/p>\n<p><strong><u>Keynote speaker : &#8211; prof. Katarzyna Czabanowska\u00a0 z Uniwersytetu z Maastricht on-line<\/u><\/strong><\/p>\n<p><strong><u>Paneli\u015bci:<\/u><\/strong><\/p>\n<p>1.\u00a0\u00a0\u00a0\u00a0 <strong>dr hab. Andrzej Cacko, <\/strong>kierownik zak\u0142adu Informatyki Medycznej i Telemedycyny, Warszawski Uniwersytet Medyczny<\/p>\n<p>2.\u00a0\u00a0\u00a0\u00a0 <strong>dr hab. Agnieszka Zimmermann, prof. uczelni \u2013 <\/strong>Prorektor ds. jako\u015bci kszta\u0142cenia, Gda\u0144ski Uniwersytet Medyczny<\/p>\n<p><strong>3.\u00a0\u00a0\u00a0\u00a0 <\/strong><strong>dr in\u017c. Klaudia Proniewska, <\/strong>z-ca Dyrektora Centrum Medycyny Cyfrowej i Robotyki, Uniwersytet Jagiello\u0144ski \u2013 Collegium Medicum<\/p>\n<p><strong>4.\u00a0\u00a0\u00a0\u00a0 <\/strong><strong>prof. Ma\u0142gorzata Kotwicka \u2013 <\/strong>Prorektor ds. dydaktyki, Uniwersytet Medyczny im. K. Marcinkowskiego w Poznaniu<\/p>\n<p><strong>5.\u00a0\u00a0\u00a0\u00a0 <\/strong><strong>Bernadetta Nowak \u2013 <\/strong>przedstawicielka student\u00f3w UMW<\/p>\n<p><strong>Speaker: Marzena Sygut-Mirek redaktor prowadz\u0105ca: Kurier Medyczny\/Mened\u017cer Zdrowia\/Termedia<\/strong><\/td>\n<\/tr>\n<tr>\n<td><strong><u>12.30-12.40<\/u><\/strong><\/td>\n<td><strong><u>Przerwa techniczna<\/u><\/strong><\/td>\n<\/tr>\n<tr>\n<td><strong><u>12.40 \u2013 13.40<\/u><\/strong><\/td>\n<td><strong><u>Panel IV<\/u><\/strong><\/p>\n<p><strong><u>Komunikacja z pacjentem moderuje prof. Kamil Torres, Uniwersytet Medyczny w Lublinie<\/u><\/strong><\/p>\n<p><strong><u>Keynote speaker: dr Grzegorz Cebula, prof. UJ, Dyrektor Centrum Innowacji Edukacji Medycznej, Uniwersytet Jagiello\u0144ski &#8211; Collegium Medicum<\/u><\/strong><\/p>\n<p><strong><u>Paneli\u015bci:<\/u><\/strong><\/p>\n<p><strong>1.\u00a0\u00a0\u00a0\u00a0 <\/strong><strong>prof. Zbigniew Izdebski, <\/strong>Uniwersytet Zielonog\u00f3rski, Uniwersytet Warszawski<\/p>\n<p>2.\u00a0\u00a0\u00a0\u00a0 <strong>dr hab. Anna Ko\u0142cz, <\/strong>Pe\u0142nomocnik Rektora ds. Jako\u015bci Kszta\u0142cenia, Uniwersytet Medyczny im. Piast\u00f3w \u015al\u0105skich we Wroc\u0142awiu<\/p>\n<p>3.\u00a0\u00a0\u00a0\u00a0 <strong>dr Antonina Doroszewska, <\/strong>kierownik Studium Komunikacji Medycznej, Warszawski Uniwersytet Medyczny<\/p>\n<p><strong>4.\u00a0\u00a0\u00a0\u00a0 <\/strong><strong>mgr Maria Libura,<\/strong> Uniwersytet Warmi\u0144sko-Mazurski w Olsztynie &#8211; Collegium Medicum, wiceprezes Polskiego Towarzystwa Komunikacji Medycznej, cz\u0142onek Rady Ekspert\u00f3w przy Rzeczniku Praw Pacjenta<\/p>\n<p><strong>5.\u00a0\u00a0\u00a0\u00a0 <\/strong><strong>dr Magdalena Horode\u0144ska, <\/strong>Pracownia Symulacji dla Bezpiecze\u0144stwa Pacjenta, Uniwersytet Medyczny w Lublinie<\/p>\n<p><strong>6.\u00a0\u00a0\u00a0\u00a0 <\/strong><strong>\u017baneta Zawadzka <\/strong>\u2013 przedstawicielka student\u00f3w Uniwersytetu Medycznego w Lublinie<\/p>\n<p><strong>Speaker: Bartosz Kwiatek Polsat News<\/strong><\/td>\n<\/tr>\n<tr>\n<td><strong><u>13.40 \u2013 14.15 <\/u><\/strong><\/td>\n<td><strong>Podsumowanie i zako\u0144czenie konferencji<\/strong><\/p>\n<p>Wyst\u0105pienie przewodnicz\u0105cej zespo\u0142u ds. opracowania rekomendacji w kszta\u0142ceniu\u00a0na kierunkach medycznych \u2013 dr hab. Agnieszki Zimmermann, prof. uczelni &#8211; Gda\u0144ski Uniwersytet Medyczny<\/td>\n<\/tr>\n<tr>\n<td><strong><u>14.15 \u2013 15.00<\/u><\/strong><\/td>\n<td><strong><u>Lunch<\/u><\/strong><\/td>\n<\/tr>\n<tr>\n<td><strong><u>15.00 \u2013 16.30<\/u><\/strong><\/td>\n<td><strong><u>Prace grup roboczych<\/u><\/strong><\/td>\n<\/tr>\n<tr>\n<td><strong><u>\u00a0<\/u><\/strong><\/td>\n<td><strong><u>I. GRUPA G\u0141\u00d3WNA \u2013 REKOMENDACJE KRAUM ODNO\u015aNIE KSZTA\u0141CENIA W ZAWODACH MEDYCZNYCH\u00a0<\/u><\/strong><\/p>\n<p>Sala narad parter<\/p>\n<p>1. dr hab. Agnieszka Zimmermann, prof. uczelni \u2013 Gda\u0144ski Uniwersytet Medyczny \u2013 KOORDYNATOR<br \/>\n2. dr Grzegorz Cebula, prof. UJ \u2013 Uniwersytet Jagiello\u0144ski Collegium Medicum<br \/>\n3. prof. dr hab. Aneta Cymbaluk-P\u0142oska \u2013 Pomorski Uniwersytet Medyczny w Szczecinie<br \/>\n4. prof. Tomasz Francuz \u2013 \u015al\u0105ski Uniwersytet Medyczny w Katowicach<br \/>\n5. dr hab. Magdalena Gibas-Dorna, prof. UZ \u2013 Collegium Medicum Uniwersytet Zielonog\u00f3rski<br \/>\n6. dr hab. Janusz Godlewski, prof.UWM \u2013 Collegium Medicum Uniwersytet Warmi\u0144sko-Mazurski<br \/>\n7. prof. Irina Kowalska \u2013 Uniwersytet Medyczny w Bia\u0142ymstoku<br \/>\n8. prof. Joanna Makowska \u2013 Uniwersytet Medyczny w \u0141odzi<br \/>\n9. dr hab. Anna Mania \u2013 Uniwersytet Medyczny im .K.Marcinkowskiego w Poznaniu<br \/>\n10. prof. Micha\u0142 M\u0105czewski \u2013 Centrum Medyczne Kszta\u0142cenia Podyplomowego<br \/>\n11. prof. Aneta Nitsch-Osuch \u2013 Warszawski Uniwersytet Medyczny<br \/>\n12. dr hab. Anita Olczak, prof. UMK \u2013 Collegium Medicum w Bydgoszczy Uniwersytet Miko\u0142aja Kopernika w Toruniu<br \/>\n13. prof. Agnieszka Piwowar \u2013 Uniwersytet Medyczny im. Piast\u00f3w \u015al\u0105skich we Wroc\u0142awiu<br \/>\n14. prof. Kamil Torres \u2013 Uniwersytet Medyczny w Lublinie<br \/>\n15. dr hab. Agata Wawrzyniak, prof. UR \u2013 Kolegium Nauk Medycznych Uniwersytet Rzeszowski<br \/>\n16. dr Przemys\u0142aw Wolak \u2013 Collegium Medicum Uniwersytet Jana Kochanowskiego w Kielcach<br \/>\n17. Agata Andrzejczyk \u2013 Przedstawicielka Student\u00f3w, Przewodnicz\u0105ca Komisji Wy\u017cszego Szkolnictwa Medycznego<\/td>\n<\/tr>\n<tr>\n<td><strong><u>\u00a0<\/u><\/strong><\/td>\n<td><strong><u>II. Informatyzacja procesu dydaktycznego<\/u><\/strong><\/p>\n<p>Sala S2<\/p>\n<ol>\n<li>prof. Adrian Chabowski \u2013 Uniwersytet Medyczny w Bia\u0142ymstoku \u2013 KOORDYNATOR<\/li>\n<li>mgr Magdalena Sochacka \u2013 Uniwersytet Medyczny w Bia\u0142ymstoku<\/li>\n<li>dr hab. Jacek Sie\u0144ko \u2013 Warszawski Uniwersytet Medyczny<\/li>\n<li>mgr Patryk Gawor \u2013 Uniwersytet Medyczny im. K. Marcinkowskiego w Poznaniu<\/li>\n<li>mgr Nadia Majewska \u2013 Uniwersytet Medyczny im. K. Marcinkowskiego w Poznaniu<\/li>\n<li>dr hab. Micha\u0142a Karlik \u2013 Uniwersytet Medyczny im. K. Marcinkowskiego w Poznaniu<\/li>\n<li>dr Pawe\u0142 Gaw\u0142owski \u2013 Uniwersytet Medyczny we Wroc\u0142awiu<\/li>\n<li>mgr Mariusz Koral \u2013 Uniwersytet Medyczny we Wroc\u0142awiu<\/li>\n<li>dr Bart\u0142omiej Krazi\u0144ski &#8211; Uniwersytet Warmi\u0144sko-Mazurski w Olsztynie &#8211; Collegium Medicum<\/li>\n<li>dr hab. Pawe\u0142 Zalewski Uniwersytet Miko\u0142aja Kopernika w Toruniu &#8211; Collegium Medicum<\/li>\n<li>dr hab. Marcin Wi\u015bniewski, prof. UMK Uniwersytet Miko\u0142aja Kopernika w Toruniu &#8211; Collegium Medicum<\/li>\n<li>dr hab. Agnieszka Dro\u017adzik Pomorski Uniwersytet Medyczny w Szczecinie<\/li>\n<li>dr R\u00f3\u017ca Po\u017aniak-Balicka &#8211; Uniwersytet Zielonog\u00f3rski &#8211; Collegium Medicum<\/li>\n<li>mgr in\u017c. Angela Piasta &#8211; Uniwersytet Zielonog\u00f3rski &#8211; Collegium Medicum<\/li>\n<\/ol>\n<p>&nbsp;<\/td>\n<\/tr>\n<tr>\n<td><strong><u>\u00a0<\/u><\/strong><\/td>\n<td><strong><u>III. Kompetencje dydaktyczne<\/u><\/strong><\/p>\n<p>Sala W4<\/p>\n<p>1. prof. Marek Kuch \u2013 Warszawski Uniwersytet Medyczny \u2013 KOORDYNATOR<br \/>\n2. dr Antonina Doroszewska \u2013 Warszawski Uniwersytet Medyczny<br \/>\n3. prof. Maria K\u00f3zka \u2013 Uniwersytet Jagiello\u0144ski &#8211; Collegium Medicum<br \/>\n4. prof. Janusz Janczukowicz &#8211; Uniwersytet Medyczny w \u0141odzi<br \/>\n5. dr hab. Agnieszka Zimmermann, prof. uczelni \u2013 Gda\u0144ski Uniwersytet Medyczny<br \/>\n6. prof. Leszek Doma\u0144ski \u2013 Pomorski Uniwersytet Medyczny w Szczecinie<br \/>\n7. lek. Agata Stalmach-Przygoda \u2013 Uniwersytet Jagiello\u0144ski &#8211; Collegium Medicum<br \/>\n8. dr Pawe\u0142 \u017bebryk \u2013 Uniwersytet Medyczny im. K. Marcinkowskiego w Poznaniu<br \/>\n9. dr hab. Magdalena Sobieska \u2013 Uniwersytet Medyczny im. K. Marcinkowskiego w Poznaniu<br \/>\n10. Katarzyna Tadaszak-Malinowska \u2013 Uniwersytet Medyczny we Wroc\u0142awiu<br \/>\n11. prof. dr hab. W\u0142odzimierz \u0141uczy\u0144ski &#8211; Uniwersytet Medyczny w Bia\u0142ymstoku<br \/>\n12. dr Tomasz Kucmin \u2013 Uniwersytet Medyczny w Lublinie<br \/>\n13. dr Katarzyna Zaborowska &#8211; Sapeta &#8211; Uniwersytet Warmi\u0144sko-Mazurski w Olsztynie &#8211; Collegium Medicum<br \/>\n14. dr hab. Janusz Godlewski, prof. UWM &#8211; Uniwersytet Warmi\u0144sko-Mazurski w Olsztynie &#8211; Collegium Medicum<br \/>\n15. dr hab. Aldona Katarzyna Jankowska, prof. UMK Uniwersytet Miko\u0142aja Kopernika w Toruniu &#8211; Collegium Medicum<br \/>\n16. dr hab. Krzysztof Tojek, prof. UMK, Uniwersytet Miko\u0142aja Kopernika w Toruniu &#8211; Collegium Medicum<br \/>\n17. dr Katarzyna Bia\u0142czyk Uniwersytet Miko\u0142aja Kopernika w Toruniu &#8211; Collegium Medicum<br \/>\n18. dr Magdalena Szwed Uniwersytet Miko\u0142aja Kopernika w Toruniu &#8211; Collegium Medicum<br \/>\n19. dr Patrycja Marciniak- St\u0119pak \u2013 Uniwersytet Medyczny w Poznaniu<br \/>\n20. dr hab. Agnieszka Zi\u00f3\u0142kowska, prof. UZ &#8211; Uniwersytet Zielonog\u00f3rski &#8211; Collegium Medicum<\/p>\n<p>&nbsp;<\/td>\n<\/tr>\n<tr>\n<td><strong><u>\u00a0<\/u><\/strong><\/td>\n<td><strong><u>IV.\u00a0 Procedury jako\u015bci kszta\u0142cenia<\/u><\/strong><\/p>\n<p>Sala W3<\/p>\n<p>1. prof. Ma\u0142gorzata Kotwicka \u2013 Uniwersytet Medyczny w Poznaniu \u2013 KOORDYNATOR<br \/>\n2. dr. hab. Anna Ko\u0142cz \u2013 Uniwersytet Medyczny we Wroc\u0142awiu<br \/>\n3. dr hab. Agnieszka Skowro\u0144ska, prof. uczelni \u2013 Uniwersytet Warmi\u0144sko-Mazurski w Olsztynie \u2013 Collegium Medicum<br \/>\n4. dr hab. Agnieszka Zimmermann, prof. uczelni \u2013 Gda\u0144ski Uniwersytet Medyczny<br \/>\n5. dr hab. Jakub Kenig, prof. UJ \u2013 Uniwersytet Jagiello\u0144ski \u2013 Collegium Medicum<br \/>\n6. dr hab. Piotr Dziechciarz \u2013 Warszawski Uniwersytet Medyczny<br \/>\n7. dr hab. Agnieszka Gniadek, prof. UJ \u2013 Uniwersytet Jagiello\u0144ski \u2013 Collegium Medicum<br \/>\n8. lek. Konrad Jab\u0142o\u0144ski \u2013 Uniwersytet Jagiello\u0144ski \u2013 Collegium Medicum<br \/>\n9. dr hab. Mateusz Cybulski \u2013 Uniwersytet Medyczny w Bia\u0142ymstoku<br \/>\n10. mgr Iwona Janus \u2013 Uniwersytet Medyczny we Wroc\u0142awiu<br \/>\n11. dr Ewa Lepiarczyk \u2013 Uniwersytet Warmi\u0144sko-Mazurski w Olsztynie \u2013 Collegium Medicum<br \/>\n12. lek. \u0141ukasz Jaskiewicz \u2013 Uniwersytet Warmi\u0144sko-Mazurski w Olsztynie \u2013 Collegium Medicum<br \/>\n13. Beata Buraczy\u0144ska-Andrzejewska \u2013 Uniwersytet Medyczny w Poznaniu<br \/>\n14. dr Magdalena Weber-Rajek Uniwersytet Miko\u0142aja Kopernika w Toruniu \u2013 Collegium Medicum<br \/>\n15. dr Piotr Michalski Uniwersytet Miko\u0142aja Kopernika w Toruniu \u2013 Collegium Medicum<br \/>\n16. prof. Pawe\u0142 Zago\u017cd\u017con &#8211; Gda\u0144ski Uniwersytet Medyczny<br \/>\n17. dr hab. Magdalena Izdebska, prof. UMK Uniwersytet Miko\u0142aja Kopernika w Toruniu \u2013 Collegium Medicum<br \/>\n18. dr hab. Natalia Ukleja- Soko\u0142owska Uniwersytet Miko\u0142aja Kopernika w Toruniu \u2013 Collegium Medicum<br \/>\n19. dr hab. Edyta Paczkowska \u2013 Pomorski Uniwersytet Medyczny w Szczecinie<br \/>\n20. Piotr Stachowiak Uniwersytet Medyczny w Poznaniu<br \/>\n21. dr hab. Magdalena Gibas Dorna \u2013 Uniwersytet Zielonog\u00f3rski \u2013 Collegium Medicum<br \/>\n22. dr R\u00f3\u017ca Po\u017aniak-Balicka \u2013 Uniwersytet Zielonog\u00f3rski \u2013 Collegium Medicum<\/p>\n<p>&nbsp;<\/p>\n<p><strong>Program Konferencji z przyczyn niezale\u017cnych od organizator\u00f3w mo\u017ce ulec zmianie.<\/strong><\/p>\n<p><a href=\"https:\/\/konferencje.umw.edu.pl\/nowoczesnaedukacja\/wp-content\/uploads\/sites\/15\/2023\/04\/Program-konferencji-2.pdf\">Program konferencji<\/a><\/td>\n<\/tr>\n<\/tbody>\n<\/table>\n<p>&nbsp;<\/p>\n<p>&nbsp;<\/p>\n","protected":false},"excerpt":{"rendered":"<p>21 kwietnia 2023 r. (pi\u0105tek) 07.30 \u2013 8.30 Rejestracja uczestnik\u00f3w 8.30 Rozpocz\u0119cie konferencji Przywitanie go\u015bci 8.45 \u2013 10.00 Panel I Standaryzacja procesu kszta\u0142cenia \u2013 moderator prof. Leszek Doma\u0144ski 1. Piotr Bromber &#8211; Wiceminister Zdrowia keynote speaker 2. prof. Bo\u017cena Czarkowska-P\u0105czek Przewodnicz\u0105ca Zespo\u0142u nauk medycznych i nauk o zdrowiu PKA 3. prof. Janusz Mory\u015b &#8211; Przewodnicz\u0105cy<\/p>\n<div><a class=\"btn-filled btn\" href=\"https:\/\/konferencje.umw.edu.pl\/nowoczesnaedukacja\/program\/\" title=\"Program\">Dowiedz si\u0119 wi\u0119cej<\/a><\/div>\n","protected":false},"author":1,"featured_media":0,"parent":0,"menu_order":0,"comment_status":"closed","ping_status":"closed","template":"","meta":{"footnotes":""},"class_list":["post-106","page","type-page","status-publish","hentry"],"_links":{"self":[{"href":"https:\/\/konferencje.umw.edu.pl\/nowoczesnaedukacja\/wp-json\/wp\/v2\/pages\/106","targetHints":{"allow":["GET"]}}],"collection":[{"href":"https:\/\/konferencje.umw.edu.pl\/nowoczesnaedukacja\/wp-json\/wp\/v2\/pages"}],"about":[{"href":"https:\/\/konferencje.umw.edu.pl\/nowoczesnaedukacja\/wp-json\/wp\/v2\/types\/page"}],"author":[{"embeddable":true,"href":"https:\/\/konferencje.umw.edu.pl\/nowoczesnaedukacja\/wp-json\/wp\/v2\/users\/1"}],"replies":[{"embeddable":true,"href":"https:\/\/konferencje.umw.edu.pl\/nowoczesnaedukacja\/wp-json\/wp\/v2\/comments?post=106"}],"version-history":[{"count":109,"href":"https:\/\/konferencje.umw.edu.pl\/nowoczesnaedukacja\/wp-json\/wp\/v2\/pages\/106\/revisions"}],"predecessor-version":[{"id":713,"href":"https:\/\/konferencje.umw.edu.pl\/nowoczesnaedukacja\/wp-json\/wp\/v2\/pages\/106\/revisions\/713"}],"wp:attachment":[{"href":"https:\/\/konferencje.umw.edu.pl\/nowoczesnaedukacja\/wp-json\/wp\/v2\/media?parent=106"}],"curies":[{"name":"wp","href":"https:\/\/api.w.org\/{rel}","templated":true}]}}