{"id":164,"date":"2023-01-04T12:13:48","date_gmt":"2023-01-04T11:13:48","guid":{"rendered":"https:\/\/konferencje.umw.edu.pl\/nowoczesnaedukacja\/?page_id=164"},"modified":"2023-03-28T19:30:36","modified_gmt":"2023-03-28T17:30:36","slug":"komitet-naukowy","status":"publish","type":"page","link":"https:\/\/konferencje.umw.edu.pl\/nowoczesnaedukacja\/komitet-naukowy\/","title":{"rendered":"Komitet naukowy"},"content":{"rendered":"<div style=\"color: black;flex: 1\">\n<p>Pracom przewodniczy\u00a0prof. Agnieszka Piwowar<\/p>\n<ul>\n<li>prof. dr hab. Aneta Cymbaluk-P\u0142oska \u2013 Pomorski Uniwersytet Medyczny w Szczecinie<\/li>\n<li>Prof. dr hab. Zbigniew Gaciong \u2013 Warszawski Uniwersytet Medyczny<\/li>\n<li>Prof. dr hab. Janusz Janczukowicz \u2013Uniwersytet Medyczny w \u0141odzi<\/li>\n<li>Prof. dr hab. Ma\u0142gorzata Kotwicka \u2013 Uniwersytet Medyczny w Poznaniu<\/li>\n<li>Prof. dr hab. Irina Kowalska \u2013 Uniwersytet Medyczny w Bia\u0142ymstoku<\/li>\n<li>Prof. dr hab. Maciej Ma\u0142ecki \u2013 Uniwersytet Jagiello\u0144ski \u2013 Collegium Medicum<\/li>\n<li>Dr hab. Anita Olczak, prof. UMK \u2013 Collegium Medicum w Bydgoszczy, Uniwersytet Miko\u0142aja Kopernika w Toruniu<\/li>\n<li>Prof. dr hab. Agnieszka Piekie\u0142ko-Witkowska \u2013 Centrum Medyczne Kszta\u0142cenia Podyplomowego<\/li>\n<li>Prof. dr hab. Agnieszka Piwowar \u2013 Uniwersytet Medyczny im. Piast\u00f3w \u015al\u0105skich we Wroc\u0142awiu<\/li>\n<li>Dr R\u00f3\u017ca Po\u017aniak-Balicka \u2013 Collegium Medicum, Uniwersytet Zielonog\u00f3rski<\/li>\n<li>Prof. dr hab. Adam Reich \u2013 Kolegium Nauk Medycznych, Uniwersytet Rzeszowski<\/li>\n<li>Prof. dr hab. Agnieszka Skowro\u0144ska \u2013 Collegium Medicum, Uniwersytet Warmi\u0144sko-Mazurski<\/li>\n<li>Prof. dr hab. Jerzy Stojko \u2013 \u015al\u0105ski Uniwersytet Medyczny w Katowicach<\/li>\n<li>Prof. dr hab. Kamil Torres \u2013 Uniwersytet Medyczny w Lublinie<\/li>\n<li>Dr Przemys\u0142aw Wolak \u2013 Uniwersytet Jana Kochanowskiego w Kielcach<\/li>\n<li>Dr hab. Agnieszka Zimmermann, prof. uczelni \u2013 Gda\u0144ski Uniwersytet Medyczny<\/li>\n<li>Dr hab. Robert Zymli\u0144ski \u2013 Uniwersytet Medyczny im. Piast\u00f3w \u015al\u0105skich we Wroc\u0142awiu<\/li>\n<\/ul>\n<\/div>\n<div style=\"flex: 1;margin-left: 50px;margin-top: 50px\"><img loading=\"lazy\" decoding=\"async\" class=\"wp-image-500 size-medium aligncenter\" src=\"https:\/\/konferencje.umw.edu.pl\/nowoczesnaedukacja\/wp-content\/uploads\/sites\/15\/2023\/03\/komitet-naukowy-300x293.png\" alt=\"Komitet naukowy\" width=\"300\" height=\"293\" srcset=\"https:\/\/konferencje.umw.edu.pl\/nowoczesnaedukacja\/wp-content\/uploads\/sites\/15\/2023\/03\/komitet-naukowy-300x293.png 300w, https:\/\/konferencje.umw.edu.pl\/nowoczesnaedukacja\/wp-content\/uploads\/sites\/15\/2023\/03\/komitet-naukowy-768x750.png 768w, https:\/\/konferencje.umw.edu.pl\/nowoczesnaedukacja\/wp-content\/uploads\/sites\/15\/2023\/03\/komitet-naukowy.png 814w\" sizes=\"auto, (max-width: 300px) 100vw, 300px\" \/><\/div>\n","protected":false},"excerpt":{"rendered":"<p>Pracom przewodniczy\u00a0prof. Agnieszka Piwowar prof. dr hab. Aneta Cymbaluk-P\u0142oska \u2013 Pomorski Uniwersytet Medyczny w Szczecinie Prof. dr hab. Zbigniew Gaciong \u2013 Warszawski Uniwersytet Medyczny Prof. dr hab. Janusz Janczukowicz \u2013Uniwersytet Medyczny w \u0141odzi Prof. dr hab. Ma\u0142gorzata Kotwicka \u2013 Uniwersytet Medyczny w Poznaniu Prof. dr hab. Irina Kowalska \u2013 Uniwersytet Medyczny w Bia\u0142ymstoku Prof. dr<\/p>\n<div><a class=\"btn-filled btn\" href=\"https:\/\/konferencje.umw.edu.pl\/nowoczesnaedukacja\/komitet-naukowy\/\" title=\"Komitet naukowy\">Dowiedz si\u0119 wi\u0119cej<\/a><\/div>\n","protected":false},"author":1,"featured_media":0,"parent":0,"menu_order":0,"comment_status":"closed","ping_status":"closed","template":"","meta":{"footnotes":""},"class_list":["post-164","page","type-page","status-publish","hentry"],"_links":{"self":[{"href":"https:\/\/konferencje.umw.edu.pl\/nowoczesnaedukacja\/wp-json\/wp\/v2\/pages\/164","targetHints":{"allow":["GET"]}}],"collection":[{"href":"https:\/\/konferencje.umw.edu.pl\/nowoczesnaedukacja\/wp-json\/wp\/v2\/pages"}],"about":[{"href":"https:\/\/konferencje.umw.edu.pl\/nowoczesnaedukacja\/wp-json\/wp\/v2\/types\/page"}],"author":[{"embeddable":true,"href":"https:\/\/konferencje.umw.edu.pl\/nowoczesnaedukacja\/wp-json\/wp\/v2\/users\/1"}],"replies":[{"embeddable":true,"href":"https:\/\/konferencje.umw.edu.pl\/nowoczesnaedukacja\/wp-json\/wp\/v2\/comments?post=164"}],"version-history":[{"count":19,"href":"https:\/\/konferencje.umw.edu.pl\/nowoczesnaedukacja\/wp-json\/wp\/v2\/pages\/164\/revisions"}],"predecessor-version":[{"id":652,"href":"https:\/\/konferencje.umw.edu.pl\/nowoczesnaedukacja\/wp-json\/wp\/v2\/pages\/164\/revisions\/652"}],"wp:attachment":[{"href":"https:\/\/konferencje.umw.edu.pl\/nowoczesnaedukacja\/wp-json\/wp\/v2\/media?parent=164"}],"curies":[{"name":"wp","href":"https:\/\/api.w.org\/{rel}","templated":true}]}}