{"id":300,"date":"2023-01-13T08:45:34","date_gmt":"2023-01-13T07:45:34","guid":{"rendered":"https:\/\/konferencje.umw.edu.pl\/nowoczesnaedukacja\/?page_id=300"},"modified":"2023-03-29T18:43:50","modified_gmt":"2023-03-29T16:43:50","slug":"o-konferencji","status":"publish","type":"page","link":"https:\/\/konferencje.umw.edu.pl\/nowoczesnaedukacja\/o-konferencji\/","title":{"rendered":"O konferencji"},"content":{"rendered":"<div style=\"color: black\">\n<p><strong>Kto b\u0119dzie nas leczy\u0142?<\/strong><\/p>\n<p>Odpowied\u017a na to pytanie jest najwa\u017cniejszym wyzwaniem systemu ochrony zdrowia. Jest te\u017c zadaniem, przed kt\u00f3rym stoi \u015brodowisko akademickie w Polsce. Jak przygotowa\u0107 pracownik\u00f3w ochrony zdrowia do pracy w nieprzewidywalnym i nieustannie zmieniaj\u0105cym si\u0119 otoczeniu? W jakie kluczowe kompetencje musz\u0105 by\u0107 wyposa\u017ceni? Jak zbalansowa\u0107 potrzeby ilo\u015bciowe i jako\u015bciowe?<\/p>\n<p><strong>Poszukuj\u0105c odpowiedzi na te kluczowe pytania Konferencja Rektor\u00f3w Akademickich Uczelni Medycznych (KRAUM) zaprasza wszystkich na konferencj\u0119 pn. \u201eNowoczesna edukacja medyczna odpowiedzi\u0105 na potrzeby zdrowotne spo\u0142ecze\u0144stwa&#8221;, kt\u00f3ra odb\u0119dzie si\u0119 21 kwietnia 2023 roku na Uniwersytecie Medycznym we Wroc\u0142awiu.<\/strong><\/p>\n<p>Liczymy na to, \u017ce przedstawiciele wszystkich \u015brodowisk zaanga\u017cowanych w rozwi\u0105zywanie problemu kadrowego w systemie ochrony zdrowia \u2013 przedstawiciele Ministerstwa Zdrowia, Ministerstwa Edukacji i Nauki, \u015brodowisko akademickie, przedstawiciele izb, towarzystw, organizacji pacjenckich, wezm\u0105 udzia\u0142 w tym wa\u017cnym dla systemu wydarzeniu.<\/p>\n<p>Poruszana tematyka dotyczy\u0107 b\u0119dzie standard\u00f3w kszta\u0142cenia, udzia\u0142u nowych technologii, interdyscyplinarno\u015bci kluczowej dla dobrego funkcjonowania systemu a tak\u017ce wyzwa\u0144 zwi\u0105zanych z komunikacj\u0105. Podsumowaniem \u00a0konferencji b\u0119d\u0105 Rekomendacje przygotowane przez KRAUM.<\/p>\n<p>Udzia\u0142 w konferencji jest bezp\u0142atny.<\/p>\n<p><strong>Konferencja obj\u0119ta zosta\u0142a patronatem honorowym Ministerstwa Zdrowia, Ministerstwa Edukacji i Nauki oraz Polskiej Komisji Akredytacyjnej.<\/strong><\/p>\n<p>W razie pyta\u0144 prosimy o kontakt email: konferencjakraum@umw.edu.pl<\/p>\n<p><img loading=\"lazy\" decoding=\"async\" class=\"size-medium wp-image-512 aligncenter\" src=\"https:\/\/konferencje.umw.edu.pl\/nowoczesnaedukacja\/wp-content\/uploads\/sites\/15\/2023\/03\/o-konferencji_mniejsze-300x293.png\" alt=\"O konferencji\" width=\"300\" height=\"293\" srcset=\"https:\/\/konferencje.umw.edu.pl\/nowoczesnaedukacja\/wp-content\/uploads\/sites\/15\/2023\/03\/o-konferencji_mniejsze-300x293.png 300w, https:\/\/konferencje.umw.edu.pl\/nowoczesnaedukacja\/wp-content\/uploads\/sites\/15\/2023\/03\/o-konferencji_mniejsze.png 410w\" sizes=\"auto, (max-width: 300px) 100vw, 300px\" \/><\/p>\n<\/div>\n","protected":false},"excerpt":{"rendered":"<p>Kto b\u0119dzie nas leczy\u0142? Odpowied\u017a na to pytanie jest najwa\u017cniejszym wyzwaniem systemu ochrony zdrowia. Jest te\u017c zadaniem, przed kt\u00f3rym stoi \u015brodowisko akademickie w Polsce. Jak przygotowa\u0107 pracownik\u00f3w ochrony zdrowia do pracy w nieprzewidywalnym i nieustannie zmieniaj\u0105cym si\u0119 otoczeniu? W jakie kluczowe kompetencje musz\u0105 by\u0107 wyposa\u017ceni? Jak zbalansowa\u0107 potrzeby ilo\u015bciowe i jako\u015bciowe? Poszukuj\u0105c odpowiedzi na te<\/p>\n<div><a class=\"btn-filled btn\" href=\"https:\/\/konferencje.umw.edu.pl\/nowoczesnaedukacja\/o-konferencji\/\" title=\"O konferencji\">Dowiedz si\u0119 wi\u0119cej<\/a><\/div>\n","protected":false},"author":1,"featured_media":0,"parent":0,"menu_order":0,"comment_status":"closed","ping_status":"closed","template":"","meta":{"footnotes":""},"class_list":["post-300","page","type-page","status-publish","hentry"],"_links":{"self":[{"href":"https:\/\/konferencje.umw.edu.pl\/nowoczesnaedukacja\/wp-json\/wp\/v2\/pages\/300","targetHints":{"allow":["GET"]}}],"collection":[{"href":"https:\/\/konferencje.umw.edu.pl\/nowoczesnaedukacja\/wp-json\/wp\/v2\/pages"}],"about":[{"href":"https:\/\/konferencje.umw.edu.pl\/nowoczesnaedukacja\/wp-json\/wp\/v2\/types\/page"}],"author":[{"embeddable":true,"href":"https:\/\/konferencje.umw.edu.pl\/nowoczesnaedukacja\/wp-json\/wp\/v2\/users\/1"}],"replies":[{"embeddable":true,"href":"https:\/\/konferencje.umw.edu.pl\/nowoczesnaedukacja\/wp-json\/wp\/v2\/comments?post=300"}],"version-history":[{"count":14,"href":"https:\/\/konferencje.umw.edu.pl\/nowoczesnaedukacja\/wp-json\/wp\/v2\/pages\/300\/revisions"}],"predecessor-version":[{"id":660,"href":"https:\/\/konferencje.umw.edu.pl\/nowoczesnaedukacja\/wp-json\/wp\/v2\/pages\/300\/revisions\/660"}],"wp:attachment":[{"href":"https:\/\/konferencje.umw.edu.pl\/nowoczesnaedukacja\/wp-json\/wp\/v2\/media?parent=300"}],"curies":[{"name":"wp","href":"https:\/\/api.w.org\/{rel}","templated":true}]}}