{"id":534,"date":"2023-03-06T07:20:49","date_gmt":"2023-03-06T06:20:49","guid":{"rendered":"https:\/\/konferencje.umw.edu.pl\/nowoczesnaedukacja\/?page_id=534"},"modified":"2023-03-29T19:37:53","modified_gmt":"2023-03-29T17:37:53","slug":"zespol-do-spraw-rekomendacji","status":"publish","type":"page","link":"https:\/\/konferencje.umw.edu.pl\/nowoczesnaedukacja\/zespol-do-spraw-rekomendacji\/","title":{"rendered":"Zesp\u00f3\u0142 do spraw rekomendacji"},"content":{"rendered":"<div style=\"color: black\">\n<p>Sk\u0142ad zespo\u0142u ds. rekomendacji:<\/p>\n<\/div>\n<p>1. dr hab. Agnieszka Zimmermann, prof. uczelni \u2013 Gda\u0144ski Uniwersytet Medyczny \u2013 KOORDYNATOR<br \/>\n2. dr Grzegorz Cebula, prof. UJ \u2013 Uniwersytet Jagiello\u0144ski Collegium Medicum<br \/>\n3. prof. dr hab. Aneta Cymbaluk-P\u0142oska \u2013 Pomorski Uniwersytet Medyczny w Szczecinie<br \/>\n4. prof. Tomasz Francuz \u2013 \u015al\u0105ski Uniwersytet Medyczny w Katowicach<br \/>\n5. dr hab. Magdalena Gibas-Dorna, prof. UZ \u2013 Collegium Medicum Uniwersytet Zielonog\u00f3rski<br \/>\n6. dr hab. Janusz Godlewski, prof.UWM \u2013 Collegium Medicum Uniwersytet Warmi\u0144sko-Mazurski<br \/>\n7. prof. Irina Kowalska \u2013 Uniwersytet Medyczny w Bia\u0142ymstoku<br \/>\n8. prof. Joanna Makowska \u2013 Uniwersytet Medyczny w \u0141odzi<br \/>\n9. dr hab. Anna Mania \u2013 Uniwersytet Medyczny im .K.Marcinkowskiego w Poznaniu<br \/>\n10. prof. Micha\u0142 M\u0105czewski \u2013 Centrum Medyczne Kszta\u0142cenia Podyplomowego<br \/>\n11. prof. Aneta Nitsch-Osuch \u2013 Warszawski Uniwersytet Medyczny<br \/>\n12. dr hab. Anita Olczak, prof. UMK \u2013 Collegium Medicum w Bydgoszczy Uniwersytet Miko\u0142aja Kopernika w Toruniu<br \/>\n13. prof. Agnieszka Piwowar \u2013 Uniwersytet Medyczny im. Piast\u00f3w \u015al\u0105skich we Wroc\u0142awiu<br \/>\n14. prof. Kamil Torres \u2013 Uniwersytet Medyczny w Lublinie<br \/>\n15. dr hab. Agata Wawrzyniak, prof. UR \u2013 Kolegium Nauk Medycznych Uniwersytet Rzeszowski<br \/>\n16. dr Przemys\u0142aw Wolak \u2013 Collegium Medicum Uniwersytet Jana Kochanowskiego w Kielcach<br \/>\n17. Agata Andrzejczyk \u2013 Przedstawicielka Student\u00f3w, Przewodnicz\u0105ca Komisji Wy\u017cszego Szkolnictwa Medycznego<\/p>\n","protected":false},"excerpt":{"rendered":"<p>Sk\u0142ad zespo\u0142u ds. rekomendacji: 1. dr hab. Agnieszka Zimmermann, prof. uczelni \u2013 Gda\u0144ski Uniwersytet Medyczny \u2013 KOORDYNATOR 2. dr Grzegorz Cebula, prof. UJ \u2013 Uniwersytet Jagiello\u0144ski Collegium Medicum 3. prof. dr hab. Aneta Cymbaluk-P\u0142oska \u2013 Pomorski Uniwersytet Medyczny w Szczecinie 4. prof. Tomasz Francuz \u2013 \u015al\u0105ski Uniwersytet Medyczny w Katowicach 5. dr hab. Magdalena Gibas-Dorna,<\/p>\n<div><a class=\"btn-filled btn\" href=\"https:\/\/konferencje.umw.edu.pl\/nowoczesnaedukacja\/zespol-do-spraw-rekomendacji\/\" title=\"Zesp\u00f3\u0142 do spraw rekomendacji\">Dowiedz si\u0119 wi\u0119cej<\/a><\/div>\n","protected":false},"author":1,"featured_media":0,"parent":0,"menu_order":0,"comment_status":"closed","ping_status":"closed","template":"","meta":{"footnotes":""},"class_list":["post-534","page","type-page","status-publish","hentry"],"_links":{"self":[{"href":"https:\/\/konferencje.umw.edu.pl\/nowoczesnaedukacja\/wp-json\/wp\/v2\/pages\/534","targetHints":{"allow":["GET"]}}],"collection":[{"href":"https:\/\/konferencje.umw.edu.pl\/nowoczesnaedukacja\/wp-json\/wp\/v2\/pages"}],"about":[{"href":"https:\/\/konferencje.umw.edu.pl\/nowoczesnaedukacja\/wp-json\/wp\/v2\/types\/page"}],"author":[{"embeddable":true,"href":"https:\/\/konferencje.umw.edu.pl\/nowoczesnaedukacja\/wp-json\/wp\/v2\/users\/1"}],"replies":[{"embeddable":true,"href":"https:\/\/konferencje.umw.edu.pl\/nowoczesnaedukacja\/wp-json\/wp\/v2\/comments?post=534"}],"version-history":[{"count":9,"href":"https:\/\/konferencje.umw.edu.pl\/nowoczesnaedukacja\/wp-json\/wp\/v2\/pages\/534\/revisions"}],"predecessor-version":[{"id":668,"href":"https:\/\/konferencje.umw.edu.pl\/nowoczesnaedukacja\/wp-json\/wp\/v2\/pages\/534\/revisions\/668"}],"wp:attachment":[{"href":"https:\/\/konferencje.umw.edu.pl\/nowoczesnaedukacja\/wp-json\/wp\/v2\/media?parent=534"}],"curies":[{"name":"wp","href":"https:\/\/api.w.org\/{rel}","templated":true}]}}