{"id":106,"date":"2023-01-04T10:39:22","date_gmt":"2023-01-04T09:39:22","guid":{"rendered":"https:\/\/konferencje.umw.edu.pl\/nowoczesnaedukacja2025\/?page_id=106"},"modified":"2025-05-21T09:41:04","modified_gmt":"2025-05-21T07:41:04","slug":"program","status":"publish","type":"page","link":"https:\/\/konferencje.umw.edu.pl\/nowoczesnaedukacja2025\/program\/","title":{"rendered":"Program"},"content":{"rendered":"<h2 style=\"text-align: center\">22-23 maja 2025 r.<br \/>\n(czwartek &#8211; pi\u0105tek)<\/h2>\n<p><strong>Dzie\u0144 1: 22.05.2025<br \/>\n<\/strong><strong>Edukacja zdrowotna w praktyce: innowacje i wyzwania w kszta\u0142ceniu przysz\u0142ych kadr medycznych.<\/strong><\/p>\n<table  class=\" table table-hover\" style=\"height: 1906px\" width=\"744\">\n<tbody>\n<tr>\n<td><strong><u>8.00 \u2013 9.00 <\/u><\/strong><\/td>\n<td><strong><u>Rejestracja uczestnik\u00f3w<\/u><\/strong><\/td>\n<\/tr>\n<tr>\n<td><strong><u>9.00 \u2013 9.30<\/u><\/strong><\/td>\n<td><strong><u>Rozpocz\u0119cie konferencji i p<\/u><\/strong><strong><u>rzywitanie go\u015bci<\/u><\/strong><\/td>\n<\/tr>\n<tr>\n<td><strong><u>9.35 \u2013 9.55<\/u><\/strong><\/td>\n<td><strong><u>Panel I\u00a0 EDUKACJA ZDROWOTNA cz. I<\/u><\/strong><\/p>\n<p><strong>Edukacja zdrowotna \u2013 oczekiwania \u015brodowiska<br \/>\ni ustawodawcy. <\/strong><\/p>\n<p><strong>Prelegent:<br \/>\n<\/strong><strong>dr Beata Ma\u0142ecka-Libera<br \/>\nSenator RP, przewodnicz\u0105ca Senackiej Komisji Zdrowia<\/strong><\/td>\n<\/tr>\n<tr>\n<td><strong><u>10.00 \u2013 10.20<\/u><\/strong><\/td>\n<td><strong>Edukacja zdrowotna \u2013 co program nam powie?\u00a0 <\/strong><\/p>\n<p><strong>Prelegent:<br \/>\n<\/strong><\/p>\n<p><strong>prof. dr hab. Zbigniew Izdebski<br \/>\nUniwersytet Zielonog\u00f3rski, Uniwersytet Warszawski, koordynator Zespo\u0142u Ekspert\u00f3w ds. Edukacji Zdrowotnej\u00a0<\/strong><\/td>\n<\/tr>\n<tr>\n<td><strong><u>10.25-10.45<\/u><\/strong><\/td>\n<td><strong>Edukacja zdrowotna \u2013 mo\u017cliwo\u015bci i wyzwania.<\/strong><\/p>\n<p><strong>Prelegent:<br \/>\n<\/strong><strong>prof. dr hab. Agnieszka Mastalerz-Migas<br \/>\nUniwersytet Medyczny we Wroc\u0142awiu<br \/>\n<\/strong><strong>koordynator Zespo\u0142u Ekspert\u00f3w ds. Edukacji Zdrowotnej<\/strong><\/td>\n<\/tr>\n<tr>\n<td><strong><u>10.50-11.20<\/u><\/strong><\/td>\n<td><strong><u>Przerwa kawowa<\/u><\/strong><\/td>\n<\/tr>\n<tr>\n<td><strong><u>11.20 \u2013 11.40<\/u><\/strong><\/td>\n<td><strong><u>Panel II\u00a0 EDUKACJA ZDROWOTNA cz. II<\/u><\/strong><\/p>\n<p><strong>NabieraMYodwagi okiem ekspert\u00f3w &#8211; czyli jakie dzia\u0142ania edukacyjne mo\u017cemy podj\u0105\u0107?<\/strong><\/p>\n<p><strong>Prelegent:<br \/>\n<\/strong><strong>prof. dr hab. Marzena Dominiak<br \/>\n<\/strong><strong>Uniwersytet Medyczny we Wroc\u0142awiu<\/strong><\/td>\n<\/tr>\n<tr>\n<td><strong><u>11.45-12.05<\/u><\/strong><\/td>\n<td><strong>Zdrowie publiczne \u2013 marnowany potencja\u0142?<br \/>\n\u015acie\u017cka kariery absolwenta zdrowia publicznego.<\/strong><strong>Prelegent:<br \/>\ndr hab. Grzegorz Dziubanek, prof. \u015aUM<br \/>\n\u015al\u0105ski Uniwersytet Medyczny<\/strong><\/td>\n<\/tr>\n<tr>\n<td><strong><u>12.10 \u2013 12.30<\/u><\/strong><\/td>\n<td><strong>Strategie radzenia sobie z sytuacjami stresowymi,<br \/>\na dobrostan uczni\u00f3w i student\u00f3w.<\/strong><strong>Prelegent:<br \/>\n<\/strong><strong style=\"font-family: inherit;font-size: inherit\">prof. dr hab. B\u0142a\u017cej Misiak<br \/>\n<\/strong><strong>Uniwersytet Medyczny we Wroc\u0142awiu <\/strong><\/td>\n<\/tr>\n<tr>\n<td><strong><u>12.35 \u2013 13.35 <\/u><\/strong><\/td>\n<td><strong>PANEL DYSKUSYJNY \/ DEBATA<br \/>\n<\/strong><strong>Edukacja zdrowotna oczami najwa\u017cniejszych odbiorc\u00f3w.<\/strong><strong>Prowadz\u0105cy:<br \/>\ndr hab. \u0141ukasz Rypicz, prof. UMW<\/strong><strong><br \/>\n<\/strong><strong> Uniwersytet Medyczny we Wroc\u0142awiu<\/strong><strong>Paneli\u015bci:<\/strong><\/p>\n<p><strong>1<\/strong>. <strong>prof. dr hab. Dorota Zozuli\u0144ska <\/strong>&#8211; <strong>Zi\u00f3\u0142kiewicz<br \/>\nUniwersytet Medyczny w Poznaniu<\/strong><\/p>\n<p><strong>2. dr Pawe\u0142 Sowa<br \/>\nUniwersytet Medyczny w Bi<\/strong><strong style=\"font-family: inherit;font-size: inherit\">a\u0142ymstoku<\/strong><\/p>\n<p><strong style=\"font-family: inherit;font-size: inherit\">3. mgr Ewa Skrzywanek<br \/>\n<\/strong><strong>Dolno\u015bl\u0105ska Kurator O\u015bwiaty<\/strong><\/p>\n<p><strong>4. mgr Leszek Duszy\u0144ski<br \/>\nDyrektor VII LO we Wroc\u0142awiu<\/strong><\/p>\n<p><strong>5. ucze\u0144<\/strong> <strong>VII LO we Wroc\u0142awiu<\/strong><\/p>\n<p><strong style=\"font-family: inherit;font-size: inherit\">6. <\/strong><strong style=\"font-family: inherit;font-size: inherit\">mgr Ro<\/strong><strong>bert Wr\u00f3bel<br \/>\nDyrektor II LO w Wa\u0142brzychu<\/strong><\/p>\n<p><strong>7. ucze\u0144 II LO w Wa\u0142brzychu \u00a0<\/strong><\/td>\n<\/tr>\n<tr>\n<td><strong><u>13.35 \u2013 14.35<\/u><\/strong><\/td>\n<td><strong>Lunch<\/strong><\/td>\n<\/tr>\n<tr>\n<td><strong><u>14.35 \u2013 15.35<\/u><\/strong><\/td>\n<td><strong>WARSZTATY: Transkulturowa opieka medyczna<br \/>\n<\/strong><em>(obowi\u0105zuj\u0105 wcze\u015bniejsze zapisy, maks. 20 os\u00f3b)<\/em><strong>dr Marta Kordyzon <\/strong><br \/>\n<strong>Collegium Medicum Uniwersytet Jana Kochanowskiego w Kielcach<\/strong><\/td>\n<\/tr>\n<tr>\n<td><\/td>\n<td><\/td>\n<\/tr>\n<\/tbody>\n<\/table>\n<p>&nbsp;<\/p>\n<p><strong>Dzie\u0144 2: 23.05.2025<br \/>\n<\/strong><strong>Edukacja medyczna i humanizacja &#8211; tera\u017aniejszo\u015b\u0107 i przysz\u0142o\u015b\u0107, gdzie jeste\u015bmy i dok\u0105d zmierzamy<\/strong><\/p>\n<p><strong><u>Panel I\u00a0 EDUKACJA<\/u><\/strong><\/p>\n<p>8.00 &#8211; 9.00 <strong><u>Rejestracja uczestnik\u00f3w<\/u><\/strong><\/p>\n<table  class=\" table table-hover\" style=\"height: 1906px\" width=\"744\">\n<tbody>\n<tr>\n<td><strong><u>9.00 \u2013 9.20 <\/u><\/strong><\/td>\n<td><strong>Autonomia dydaktyczna uczelni medycznych<\/strong><\/p>\n<p><strong>Prelegent:<br \/>\n<\/strong><strong>prof. dr hab. Agnieszka Zimmermann <\/strong><br \/>\n<strong>Gda\u0144ski Uniwersytet Medyczny<\/strong><\/td>\n<\/tr>\n<tr>\n<td><strong><u>9.25 \u2013 9.45<\/u><\/strong><\/td>\n<td><strong>Jak skutecznie uczy\u0107 komunikacji w zespo\u0142ach interprofesjonalnych?<\/strong><\/p>\n<p><strong>Prelegent:<br \/>\n<\/strong><strong>mgr Agnieszka \u017beromska-Michniewicz<br \/>\n<\/strong><strong>Collegium Medicum Uniwersytet Zielonog\u00f3rski<\/strong><\/td>\n<\/tr>\n<tr>\n<td><strong><u>9.50 \u2013 10.10<\/u><\/strong><\/td>\n<td><strong><u>Kompetencje spo\u0142eczne &#8211; jak uczy\u0107, jak weryfikowa\u0107?<\/u><\/strong><\/p>\n<p><strong>Prelegent:<br \/>\n<\/strong><strong>dr Grzegorz Cebula, prof. UJ<\/strong><br \/>\n<strong>Collegium Medicum Uniwersytet Jagiello\u0144ski<\/strong><\/td>\n<\/tr>\n<tr>\n<td><strong><u>10.15 \u2013 11.15<\/u><\/strong><\/td>\n<td><strong>PANEL DYSKUSYJNY \/ DEBATA<br \/>\n<\/strong><strong><strong>Dydaktyk to brzmi dumnie \u2013 wyzwania i perspektywy.<\/strong><\/strong><strong>Prowadz\u0105cy:<\/strong><br \/>\n<strong>prof. dr hab. Agnieszka Piwowar<br \/>\nUniwersytet Medyczny we Wroc\u0142awiu<\/strong><strong>prof. dr hab. Agnieszka Zimmermann<br \/>\nGda\u0144ski Uniwersytet <\/strong><strong>Medyczny <\/strong><\/p>\n<p><strong>Paneli\u015bci:<\/strong><br \/>\n<strong>1. dr hab. Magdalena Gibas-Dorna, <\/strong><strong>prof. UZ<br \/>\nCollegium Medicum Uniwersytet Zielonog\u00f3rski<\/strong><\/p>\n<p><strong>2. prof. dr hab. Ma\u0142gorzata Kotwicka<br \/>\nUniwersytet Medyczny w Poznaniu<\/strong><\/p>\n<p><strong>3. prof. dr hab. Adrian Chabowski<br \/>\n<\/strong><strong>Uniwersytet Medyczny w Bia\u0142ymstoku<\/strong><\/p>\n<p><strong>4. dr hab. Aleksandra Wilk<br \/>\nPomorski Uniwersytet Medyczny<\/strong><\/p>\n<p><strong>5. mgr Przemys\u0142aw J\u0119drusik<br \/>\n\u015al\u0105ski Uniwersytet Medyczny<\/strong><\/p>\n<p><strong>6. dr Anna Kocurek<br \/>\nCollegium Medicum Uniwersytet Jagiello\u0144ski<\/strong><\/p>\n<p><strong>7. dr Janusz Janczukowicz, prof. UM w \u0141odzi<br \/>\n<\/strong><strong>Uniwersytet Medyczny w \u0141odzi (materia\u0142 nagrany)<\/strong><\/td>\n<\/tr>\n<tr>\n<td><strong><u>11.20-11.50<\/u><\/strong><\/td>\n<td><strong><u>Przerwa kawowa<\/u><\/strong><\/td>\n<\/tr>\n<tr>\n<td><strong><u>11.50-12.10<\/u><\/strong><\/td>\n<td><strong><u>Panel II\u00a0 HUMANIZACJA <\/u><\/strong><\/p>\n<p><strong>Protok\u00f3\u0142 empatia.<\/strong><strong> Trudne rozmowy w praktyce lekarskiej.<\/strong><\/p>\n<p><strong>Prelegent:<br \/>\n<\/strong><strong>dr hab. Aldona Jankowska, prof. UMK<\/strong><br \/>\n<strong>Collegium Medicum Uniwersytet Miko\u0142aja Kopernika w Toruniu<\/strong><\/td>\n<\/tr>\n<tr>\n<td><strong><u>12.15 \u2013 12.35<\/u><\/strong><\/td>\n<td><strong>W trosce o godno\u015b\u0107 pacjenta geriatrycznego &#8211; j<\/strong><strong>ak humanizowa\u0107 medycyn\u0119<br \/>\nw obliczu starzej\u0105cego si\u0119 spo\u0142ecze\u0144stwa?<br \/>\n<\/strong><br \/>\n<strong>Prelegent:<br \/>\n<\/strong><strong style=\"font-family: inherit;font-size: inherit\">prof. dr hab. Wojciech Leppert<br \/>\n<\/strong><strong>Collegium Medicum Uniwersytet Zielonog\u00f3rski<\/strong><\/td>\n<\/tr>\n<tr>\n<td><strong><u>12.40-13.00<\/u><\/strong><\/td>\n<td><strong>Holistyczne podej\u015bcie do chorego<\/strong><strong> \u2013 piel\u0119gniarka jako opiekun fizyczny, psychiczny i emocjonalny.<\/strong><\/p>\n<p><strong>Prelegent:<br \/>\n<\/strong><strong>prof. dr hab. Izabella Uchmanowicz<br \/>\n<\/strong><strong>Uniwersytet Medyczny we Wroc\u0142awiu<\/strong><\/td>\n<\/tr>\n<tr>\n<td><\/td>\n<td><\/td>\n<\/tr>\n<tr>\n<td><strong><strong><u>13.05 \u2013 14.05<\/u><\/strong><\/strong><\/td>\n<td><strong>PANEL DYSKUSYJNY \/ DEBATA<\/strong><\/p>\n<p><strong>Empatia i humanizacja &#8211; jak uczy\u0107, jak ocenia\u0107? <\/strong><\/p>\n<p><strong>Prowadz\u0105cy:<br \/>\n<\/strong><strong>dr hab. Robert Zymli\u0144ski,\u00a0<\/strong><strong>prof. UMW<br \/>\nUniwersytet Medyczny we Wroc\u0142awiu<\/strong><\/p>\n<p><strong>Paneli\u015bci:<\/strong><\/p>\n<p>&nbsp;<\/p>\n<p><strong>1. dr Dorota R\u0119bak<\/strong><br \/>\n<strong>Collegium Medicum Uniwersytet Jana Kochanowskiego w Kielcach<\/strong><\/p>\n<p><strong>2. dr hab. Bart\u0142omiej Sta\u0144czykiewicz, prof. UMW<\/strong><br \/>\n<strong>Uniwersytet Medyczny we Wroc\u0142awiu<\/strong><\/p>\n<p><strong>3. dr \u0141ukasz Ma\u0142ecki<br \/>\nCollegium Medicum Uniwersytet Jagiello\u0144ski<\/strong><\/p>\n<p><strong>4. mgr Agnieszka \u017beromska-Michniewicz<br \/>\nCollegium Medicum Uniwersytet Zielonog\u00f3rski<\/strong><\/p>\n<p><strong>5. dr hab. Magdalena B\u0142a\u017cek<\/strong>, <strong>prof.<\/strong> <strong>GUMed<br \/>\nGda\u0144ski Uniwersytet Medyczny<\/strong><\/p>\n<p><strong>5. mgr Ma\u0142gorzata Grochocka<\/strong>,<strong><br \/>\nPrzewodnicz\u0105ca Doktoranckiego Forum Uczelni Medycznych<\/strong><\/td>\n<\/tr>\n<tr>\n<td><strong><u>14.05 \u2013 15.05<\/u><\/strong><\/td>\n<td><strong><u>Zako\u0144czenie konferencji i lunch<\/u><\/strong><\/td>\n<\/tr>\n<tr>\n<td><\/td>\n<td><\/td>\n<\/tr>\n<\/tbody>\n<\/table>\n<p>&nbsp;<\/p>\n","protected":false},"excerpt":{"rendered":"<p>22-23 maja 2025 r. (czwartek &#8211; pi\u0105tek) Dzie\u0144 1: 22.05.2025 Edukacja zdrowotna w praktyce: innowacje i wyzwania w kszta\u0142ceniu przysz\u0142ych kadr medycznych. 8.00 \u2013 9.00 Rejestracja uczestnik\u00f3w 9.00 \u2013 9.30 Rozpocz\u0119cie konferencji i przywitanie go\u015bci 9.35 \u2013 9.55 Panel I\u00a0 EDUKACJA ZDROWOTNA cz. I Edukacja zdrowotna \u2013 oczekiwania \u015brodowiska i ustawodawcy. Prelegent: dr Beata Ma\u0142ecka-Libera<\/p>\n<div><a class=\"btn-filled btn\" href=\"https:\/\/konferencje.umw.edu.pl\/nowoczesnaedukacja2025\/program\/\" title=\"Program\">Dowiedz si\u0119 wi\u0119cej<\/a><\/div>\n","protected":false},"author":1,"featured_media":0,"parent":0,"menu_order":0,"comment_status":"closed","ping_status":"closed","template":"","meta":{"footnotes":""},"class_list":["post-106","page","type-page","status-publish","hentry"],"_links":{"self":[{"href":"https:\/\/konferencje.umw.edu.pl\/nowoczesnaedukacja2025\/wp-json\/wp\/v2\/pages\/106","targetHints":{"allow":["GET"]}}],"collection":[{"href":"https:\/\/konferencje.umw.edu.pl\/nowoczesnaedukacja2025\/wp-json\/wp\/v2\/pages"}],"about":[{"href":"https:\/\/konferencje.umw.edu.pl\/nowoczesnaedukacja2025\/wp-json\/wp\/v2\/types\/page"}],"author":[{"embeddable":true,"href":"https:\/\/konferencje.umw.edu.pl\/nowoczesnaedukacja2025\/wp-json\/wp\/v2\/users\/1"}],"replies":[{"embeddable":true,"href":"https:\/\/konferencje.umw.edu.pl\/nowoczesnaedukacja2025\/wp-json\/wp\/v2\/comments?post=106"}],"version-history":[{"count":196,"href":"https:\/\/konferencje.umw.edu.pl\/nowoczesnaedukacja2025\/wp-json\/wp\/v2\/pages\/106\/revisions"}],"predecessor-version":[{"id":914,"href":"https:\/\/konferencje.umw.edu.pl\/nowoczesnaedukacja2025\/wp-json\/wp\/v2\/pages\/106\/revisions\/914"}],"wp:attachment":[{"href":"https:\/\/konferencje.umw.edu.pl\/nowoczesnaedukacja2025\/wp-json\/wp\/v2\/media?parent=106"}],"curies":[{"name":"wp","href":"https:\/\/api.w.org\/{rel}","templated":true}]}}