{"id":164,"date":"2023-01-04T12:13:48","date_gmt":"2023-01-04T11:13:48","guid":{"rendered":"https:\/\/konferencje.umw.edu.pl\/nowoczesnaedukacja2025\/?page_id=164"},"modified":"2025-05-21T09:46:07","modified_gmt":"2025-05-21T07:46:07","slug":"komitet-naukowy","status":"publish","type":"page","link":"https:\/\/konferencje.umw.edu.pl\/nowoczesnaedukacja2025\/komitet-naukowy\/","title":{"rendered":"Komitet naukowy"},"content":{"rendered":"<div style=\"color: black;flex: 1\">\n<p>Pracom przewodniczy prof. dr hab. Agnieszka Piwowar &#8211;\u00a0 Uniwersytet Medyczny im. Piast\u00f3w \u015al\u0105skich we Wroc\u0142awiu<\/p>\n<ul>\n<li>Prof. dr hab. Agnieszka Zimmermann \u2013 Gda\u0144ski Uniwersytet Medyczny (Zast\u0119pca przewodnicz\u0105cej)<\/li>\n<li>Prof. dr hab. Violetta Dziedziejko \u2013 Pomorski Uniwersytet Medyczny w Szczecinie<\/li>\n<li>Dr hab. Bogumi\u0142a Kupcewicz, prof. UMK \u2013 Collegium Medicum im. L. Rydygiera w Bydgoszczy, Uniwersytet Miko\u0142aja Kopernika w Toruniu<\/li>\n<li>Prof. dr hab. Marek Kuch \u2013 Warszawski Uniwersytet Medyczny<\/li>\n<li>Prof. dr hab. Marzenna Zieli\u0144ska \u2013Uniwersytet Medyczny w \u0141odzi<\/li>\n<li>Prof. dr hab. Dorota Zozuli\u0144ska-Zi\u00f3\u0142kiewicz \u2013 Uniwersytet Medyczny w Poznaniu<\/li>\n<li>Prof. dr hab. Adrian Chabowski \u2013 Uniwersytet Medyczny w Bia\u0142ymstoku<\/li>\n<li>Prof. dr hab. Grzegorz Kope\u0107 \u2013 Uniwersytet Jagiello\u0144ski \u2013 Collegium Medicum<\/li>\n<li>Dr hab. Magdalena Gibas-Dorna, prof. UZ \u2013 Collegium Medicum, Uniwersytet Zielonog\u00f3rski<\/li>\n<li>Dr hab. Rafa\u0142 Podg\u00f3rski, prof. UR \u2013 Kolegium Nauk Medycznych, Uniwersytet Rzeszowski<\/li>\n<li>Dr hab. Agnieszka Skowro\u0144ska, prof. UWM \u2013 Collegium Medicum, Uniwersytet Warmi\u0144sko-Mazurski<\/li>\n<li>Prof. dr hab. Jerzy Stojko \u2013 \u015al\u0105ski Uniwersytet Medyczny w Katowicach<\/li>\n<li>Prof. dr hab. Kamil Torres \u2013 Uniwersytet Medyczny w Lublinie<\/li>\n<li>Prof. dr hab. Gra\u017cyna Nowak-Starz \u2013 Collegium Medicum, Uniwersytet Jana Kochanowskiego w Kielcach<\/li>\n<\/ul>\n<\/div>\n<div style=\"flex: 1;margin-left: 50px;margin-top: 50px\"><img loading=\"lazy\" decoding=\"async\" class=\"wp-image-500 size-medium aligncenter\" src=\"https:\/\/konferencje.umw.edu.pl\/nowoczesnaedukacja2025\/wp-content\/uploads\/sites\/34\/2023\/03\/komitet-naukowy-300x293.png\" alt=\"Komitet naukowy\" width=\"300\" height=\"293\" srcset=\"https:\/\/konferencje.umw.edu.pl\/nowoczesnaedukacja2025\/wp-content\/uploads\/sites\/34\/2023\/03\/komitet-naukowy-300x293.png 300w, https:\/\/konferencje.umw.edu.pl\/nowoczesnaedukacja2025\/wp-content\/uploads\/sites\/34\/2023\/03\/komitet-naukowy-768x750.png 768w, https:\/\/konferencje.umw.edu.pl\/nowoczesnaedukacja2025\/wp-content\/uploads\/sites\/34\/2023\/03\/komitet-naukowy.png 814w\" sizes=\"auto, (max-width: 300px) 100vw, 300px\" \/><\/div>\n","protected":false},"excerpt":{"rendered":"<p>Pracom przewodniczy prof. dr hab. Agnieszka Piwowar &#8211;\u00a0 Uniwersytet Medyczny im. Piast\u00f3w \u015al\u0105skich we Wroc\u0142awiu Prof. dr hab. Agnieszka Zimmermann \u2013 Gda\u0144ski Uniwersytet Medyczny (Zast\u0119pca przewodnicz\u0105cej) Prof. dr hab. Violetta Dziedziejko \u2013 Pomorski Uniwersytet Medyczny w Szczecinie Dr hab. Bogumi\u0142a Kupcewicz, prof. UMK \u2013 Collegium Medicum im. L. Rydygiera w Bydgoszczy, Uniwersytet Miko\u0142aja Kopernika w<\/p>\n<div><a class=\"btn-filled btn\" href=\"https:\/\/konferencje.umw.edu.pl\/nowoczesnaedukacja2025\/komitet-naukowy\/\" title=\"Komitet naukowy\">Dowiedz si\u0119 wi\u0119cej<\/a><\/div>\n","protected":false},"author":1,"featured_media":0,"parent":0,"menu_order":0,"comment_status":"closed","ping_status":"closed","template":"","meta":{"footnotes":""},"class_list":["post-164","page","type-page","status-publish","hentry"],"_links":{"self":[{"href":"https:\/\/konferencje.umw.edu.pl\/nowoczesnaedukacja2025\/wp-json\/wp\/v2\/pages\/164","targetHints":{"allow":["GET"]}}],"collection":[{"href":"https:\/\/konferencje.umw.edu.pl\/nowoczesnaedukacja2025\/wp-json\/wp\/v2\/pages"}],"about":[{"href":"https:\/\/konferencje.umw.edu.pl\/nowoczesnaedukacja2025\/wp-json\/wp\/v2\/types\/page"}],"author":[{"embeddable":true,"href":"https:\/\/konferencje.umw.edu.pl\/nowoczesnaedukacja2025\/wp-json\/wp\/v2\/users\/1"}],"replies":[{"embeddable":true,"href":"https:\/\/konferencje.umw.edu.pl\/nowoczesnaedukacja2025\/wp-json\/wp\/v2\/comments?post=164"}],"version-history":[{"count":25,"href":"https:\/\/konferencje.umw.edu.pl\/nowoczesnaedukacja2025\/wp-json\/wp\/v2\/pages\/164\/revisions"}],"predecessor-version":[{"id":915,"href":"https:\/\/konferencje.umw.edu.pl\/nowoczesnaedukacja2025\/wp-json\/wp\/v2\/pages\/164\/revisions\/915"}],"wp:attachment":[{"href":"https:\/\/konferencje.umw.edu.pl\/nowoczesnaedukacja2025\/wp-json\/wp\/v2\/media?parent=164"}],"curies":[{"name":"wp","href":"https:\/\/api.w.org\/{rel}","templated":true}]}}